{"id":2503,"date":"2021-08-02T14:35:25","date_gmt":"2021-08-02T12:35:25","guid":{"rendered":"https:\/\/www.hsu-hh.de\/mrp\/?page_id=2503"},"modified":"2021-08-02T18:23:57","modified_gmt":"2021-08-02T16:23:57","slug":"forschungsfelder","status":"publish","type":"page","link":"https:\/\/www.hsu-hh.de\/mrp\/forschungsfelder","title":{"rendered":"Forschungsfelder"},"content":{"rendered":"<hr \/>\n<div><img decoding=\"async\" class=\"aligncenter  wp-image-1433\" src=\"https:\/\/www.hsu-hh.de\/mrp\/wp-content\/uploads\/sites\/505\/2021\/08\/Forschungsfelder.png\" width=\"500\" \/><\/p>\n<hr \/>\n<\/div>\n<h3>Nachhaltige Produktentwicklung<\/h3>\n<p style=\"text-align: justify\">Am MRP forschen wir an Prozessen, Methoden und Tools, die eine nachhaltige Produktentwicklung unterst\u00fctzen. Nachhaltigkeit, oder auch Zukunftsf\u00e4higkeit, besteht aus einer \u00f6kologischen, sozialen und \u00f6konomischen Ebene. Die Zielkonflikte auf diesen drei Ebenen gilt es so zu entschl\u00fcsseln, sodass bestehende, sowie neue Produkte und Gesch\u00e4ftsmodelle einen positiven Beitrag zu einer globalen nachhaltigen Entwicklung leisten. \u00a0 <a href=\"https:\/\/www.hsu-hh.de\/mrp\/ff-nachhaltige-produktentwicklung\">&lt;mehr&#8230;&gt;<\/a><\/p>\n<h3>Product Intelligence<\/h3>\n<p style=\"text-align: justify\">Die Rahmenbedingungen f\u00fcr die Produktentwicklung \u00e4ndern sich fortlaufend, sodass spezifische Fragestellungen neu beantwortet werden m\u00fcssen. Im Forschungsfeld Product Intelligence werden daher neue analytische F\u00e4higkeiten und datenbasierte Methoden erforscht, die sowohl Produkte als auch deren Entwicklungsprozesse verbessern. <a href=\"https:\/\/www.hsu-hh.de\/mrp\/ff-product-intelligence\">&lt;mehr&#8230;&gt;<\/a><\/p>\n<h3>Modellbildung und Validierung<\/h3>\n<p style=\"text-align: justify\">Der Forschungsbereich Modellbildung und Validierung hat seinen Schwerpunkt in der Identifikation dynamischer, thermischer und tribologischer Wirkmechanismen auf Produktebene, verbunden mit Prognosen zur Betriebs- und Dauerfestigkeit. Grundlage hierf\u00fcr bilden klassisch experimentelle und numerische Analysen, die durch Entwicklung neuer und anwendungsorientierter Messverfahren erg\u00e4nzt werden. Als Forschungsgegenst\u00e4nde stehen Fahrwerkskomponenten aus Elastomeren, Luftfahrt-Strukturbauteile und Komponenten aus der Endoprothetik im Fokus. <a href=\"https:\/\/www.hsu-hh.de\/mrp\/ff-modellbildung-und-validierung\">&lt;mehr&#8230;&gt;<\/a><\/p>\n<h3>Process Intelligence<\/h3>\n<p style=\"text-align: justify\">Das Forschungsfeld Process Intelligence setzt sich mit der Auswertung von Prozessdaten mit Hilfe der Methoden des Data Science auseinander, die zur Optimierung von Wertsch\u00f6pfungsprozessen in Produktentwicklungen beitragen. <a href=\"https:\/\/www.hsu-hh.de\/mrp\/ff-process-intelligence\">&lt;mehr&#8230;&gt;<\/a><\/p>\n<h3>Agile Produktentwicklung<\/h3>\n<p style=\"text-align: justify\">Dieser Forschungsbereich deckt die agile Produktentwicklung als Teil der fr\u00fchzeitigen Produktbeeinflussung ab. Unter agiler Produktentwicklung verstehen wir hierbei Mindset, Werte und Methoden, die Flexibilit\u00e4t in der Produktentwicklung erm\u00f6glichen und f\u00f6rdern, um in einer zunehmend komplexen und unsicheren Welt, Produktentwicklungsakitivt\u00e4ten zielgerichtet und kundenorientiert zu lenken. Im Fokus stehen die methodische und organisatorische Harmonisierung und Weiterentwicklung bestehender und agiler Strukturen zur Entwicklung physischer Produkte und Systeme.\u00a0 <a href=\"https:\/\/www.hsu-hh.de\/mrp\/ff-agile-produktentwicklung\">&lt;mehr&#8230;&gt;<\/a><\/p>\n<h3>Human Centered Interaction Design<\/h3>\n<p style=\"text-align: justify\">Der Bereich HCID besch\u00e4ftigt sich mit der nutzerzentrierten Gestaltung interaktiver technischer Applikationen und Systemen, wie bspw. Business Apps, digitale Assistenten oder virtuelle\/augmentierte Realit\u00e4ten. Im Vordergrund steht die pr\u00e4skriptive Entwicklung innovativer Artefakte, vornehmlich umgesetzt in Form prototypischer Software f\u00fcr die Konzeption betrieblicher Informationssysteme. Handlungsleitend sind Strategien und Methoden der gestaltungsorientierten Designwissenschaft aus den Bereichen Informatik, Produktentwicklung und Ingenieurwesen. <a href=\"https:\/\/www.hsu-hh.de\/mrp\/ff-human-centered-interaction-design\">&lt;mehr&#8230;&gt;<\/a><\/p>\n","protected":false},"excerpt":{"rendered":"<p>Nachhaltige Produktentwicklung Am MRP forschen wir an Prozessen, Methoden und Tools, die eine nachhaltige Produktentwicklung unterst\u00fctzen. Nachhaltigkeit, oder auch Zukunftsf\u00e4higkeit, besteht aus einer \u00f6kologischen, sozialen und \u00f6konomischen Ebene. Die Zielkonflikte [&hellip;]<\/p>\n","protected":false},"author":33,"featured_media":0,"parent":0,"menu_order":0,"comment_status":"closed","ping_status":"closed","template":"","meta":{"footnotes":""},"categories":[4,225],"tags":[],"class_list":["post-2503","page","type-page","status-publish","hentry","category-forschung","category-forschungsfelder"],"_links":{"self":[{"href":"https:\/\/www.hsu-hh.de\/mrp\/wp-json\/wp\/v2\/pages\/2503","targetHints":{"allow":["GET"]}}],"collection":[{"href":"https:\/\/www.hsu-hh.de\/mrp\/wp-json\/wp\/v2\/pages"}],"about":[{"href":"https:\/\/www.hsu-hh.de\/mrp\/wp-json\/wp\/v2\/types\/page"}],"author":[{"embeddable":true,"href":"https:\/\/www.hsu-hh.de\/mrp\/wp-json\/wp\/v2\/users\/33"}],"replies":[{"embeddable":true,"href":"https:\/\/www.hsu-hh.de\/mrp\/wp-json\/wp\/v2\/comments?post=2503"}],"version-history":[{"count":12,"href":"https:\/\/www.hsu-hh.de\/mrp\/wp-json\/wp\/v2\/pages\/2503\/revisions"}],"predecessor-version":[{"id":2616,"href":"https:\/\/www.hsu-hh.de\/mrp\/wp-json\/wp\/v2\/pages\/2503\/revisions\/2616"}],"wp:attachment":[{"href":"https:\/\/www.hsu-hh.de\/mrp\/wp-json\/wp\/v2\/media?parent=2503"}],"wp:term":[{"taxonomy":"category","embeddable":true,"href":"https:\/\/www.hsu-hh.de\/mrp\/wp-json\/wp\/v2\/categories?post=2503"},{"taxonomy":"post_tag","embeddable":true,"href":"https:\/\/www.hsu-hh.de\/mrp\/wp-json\/wp\/v2\/tags?post=2503"}],"curies":[{"name":"wp","href":"https:\/\/api.w.org\/{rel}","templated":true}]}}