{"id":2425,"date":"2021-05-04T09:37:58","date_gmt":"2021-05-04T07:37:58","guid":{"rendered":"https:\/\/www.hsu-hh.de\/mrp\/?page_id=2425"},"modified":"2021-05-06T10:16:25","modified_gmt":"2021-05-06T08:16:25","slug":"ausgruendungen","status":"publish","type":"page","link":"https:\/\/www.hsu-hh.de\/mrp\/ausgruendungen","title":{"rendered":"Ausgr\u00fcndungen"},"content":{"rendered":"\n<p><\/p>\n\n\n<p><img decoding=\"async\" class=\"\" src=\"https:\/\/www.hsu-hh.de\/mrp\/wp-content\/uploads\/sites\/505\/2021\/05\/PANDA_logo_black.png\" width=\"200\" \/><\/p>\n<p><a href=\"https:\/\/panda.technology\" rel='nofollow'>PANDA<\/a> bietet einen Baukasten zur Optimierung von Maschinen mit K\u00fcnstlicher Intelligenz &#8211; vom Sensor, der Digitalisierung, der IT bis hin zu einer breiten Auswahl an Algorithmen f\u00fcr verschiedene Anwendungen wie automatisierten EOL-Kontrollen mittels Maschine Vision und Fehler-Ursachen Mining. PANDA hat hierf\u00fcr ein Open Source Framework entwickelt, das die Kombination von unterschiedlichen Datenquellen f\u00fcr Machine Learning erlaubt. Bilder, Spektogramme, Kennlinien, akustische Signale, Zeitreihen, statistische Stichproben und semantische Informationen lassen sich so gemeinsam auswerten, um Anomalien zu erkennen und Zusammenh\u00e4nge zu verstehen.<\/p>\n<p>\u00a0<\/p>\n<p>\u00a0<\/p>\n<p><b><img decoding=\"async\" class=\"\" src=\"https:\/\/www.hsu-hh.de\/mrp\/wp-content\/uploads\/sites\/505\/2021\/05\/Revent_Logo.png\" width=\"200\" \/><br \/><\/b><br \/><a href=\"https:\/\/www.rvnt.io\" rel='nofollow'>Revent<\/a> optimiert industrielle Produktprozesse mit Hilfe eventbasierter Workflow Technologien. Kern der Unternehmung ist eine Low-Code Kollaborationsplattform zur nutzerzentrierten Abbildung von kooperativen Arbeitsabl\u00e4ufen. Die Plattform erweitert den Enterprise App Gedanken und \u00fcberf\u00fchrt das Paradigma der Conversational Workflows von der Forschung in die Praxis: Prozessabl\u00e4ufe werden \u00fcber Aktionen und Events als interaktive Konversationen zwischen beteiligten Nutzern modelliert. Die Aktionen dienen dabei als Tr\u00e4ger von beliebigen Inhalten (Fachapplikationen). Um systemunabh\u00e4ngig und -\u00fcbergreifend arbeiten zu k\u00f6nnen, agiert die Plattform als verbindender Layer \u00fcber der bestehenden IT-Landschaft und integriert Daten \u00fcber CRUD-Operatoren.<\/p>","protected":false},"excerpt":{"rendered":"<p>PANDA bietet einen Baukasten zur Optimierung von Maschinen mit K\u00fcnstlicher Intelligenz &#8211; vom Sensor, der Digitalisierung, der IT bis hin zu einer breiten Auswahl an Algorithmen f\u00fcr verschiedene Anwendungen wie [&hellip;]<\/p>\n","protected":false},"author":33,"featured_media":0,"parent":0,"menu_order":0,"comment_status":"closed","ping_status":"closed","template":"","meta":{"footnotes":""},"categories":[4],"tags":[],"class_list":["post-2425","page","type-page","status-publish","hentry","category-forschung"],"_links":{"self":[{"href":"https:\/\/www.hsu-hh.de\/mrp\/wp-json\/wp\/v2\/pages\/2425","targetHints":{"allow":["GET"]}}],"collection":[{"href":"https:\/\/www.hsu-hh.de\/mrp\/wp-json\/wp\/v2\/pages"}],"about":[{"href":"https:\/\/www.hsu-hh.de\/mrp\/wp-json\/wp\/v2\/types\/page"}],"author":[{"embeddable":true,"href":"https:\/\/www.hsu-hh.de\/mrp\/wp-json\/wp\/v2\/users\/33"}],"replies":[{"embeddable":true,"href":"https:\/\/www.hsu-hh.de\/mrp\/wp-json\/wp\/v2\/comments?post=2425"}],"version-history":[{"count":9,"href":"https:\/\/www.hsu-hh.de\/mrp\/wp-json\/wp\/v2\/pages\/2425\/revisions"}],"predecessor-version":[{"id":2455,"href":"https:\/\/www.hsu-hh.de\/mrp\/wp-json\/wp\/v2\/pages\/2425\/revisions\/2455"}],"wp:attachment":[{"href":"https:\/\/www.hsu-hh.de\/mrp\/wp-json\/wp\/v2\/media?parent=2425"}],"wp:term":[{"taxonomy":"category","embeddable":true,"href":"https:\/\/www.hsu-hh.de\/mrp\/wp-json\/wp\/v2\/categories?post=2425"},{"taxonomy":"post_tag","embeddable":true,"href":"https:\/\/www.hsu-hh.de\/mrp\/wp-json\/wp\/v2\/tags?post=2425"}],"curies":[{"name":"wp","href":"https:\/\/api.w.org\/{rel}","templated":true}]}}