{"id":2407,"date":"2021-05-04T07:31:20","date_gmt":"2021-05-04T05:31:20","guid":{"rendered":"https:\/\/www.hsu-hh.de\/mrp\/?page_id=2407"},"modified":"2021-05-04T12:47:30","modified_gmt":"2021-05-04T10:47:30","slug":"univ-prof-dr-ing-frank-mantwill","status":"publish","type":"page","link":"https:\/\/www.hsu-hh.de\/mrp\/en\/univ-prof-dr-ing-frank-mantwill","title":{"rendered":"Univ.-Prof. Dr.-Ing. Frank Mantwill"},"content":{"rendered":"<div class=\"ansprechparter-container\">\n<div class=\"row ansprechpartner-item ansprechparter-header\">\n<div class=\"col-xs-8 col-lg-12\" style=\"margin-bottom: 30px\"><\/div>\n<div class=\"col-md-4 col-lg-3 col-xs-4 ansprechpartner-item floatright img-circle center-block\" style=\"margin-bottom: 30px\">\n<div class=\"img-responsive-wrapper\"><img loading=\"lazy\" decoding=\"async\" class=\"alignnone wp-image-149\" src=\"https:\/\/www.hsu-hh.de\/mrp\/wp-content\/uploads\/sites\/505\/2017\/11\/mantwill-200x300.jpg\" alt=\"Frank Mantwill\" width=\"128\" height=\"192\" srcset=\"https:\/\/www.hsu-hh.de\/mrp\/wp-content\/uploads\/sites\/505\/2017\/11\/mantwill-200x300.jpg 200w, https:\/\/www.hsu-hh.de\/mrp\/wp-content\/uploads\/sites\/505\/2017\/11\/mantwill-768x1152.jpg 768w, https:\/\/www.hsu-hh.de\/mrp\/wp-content\/uploads\/sites\/505\/2017\/11\/mantwill-682x1024.jpg 682w, https:\/\/www.hsu-hh.de\/mrp\/wp-content\/uploads\/sites\/505\/2017\/11\/mantwill.jpg 1181w\" sizes=\"auto, (max-width: 128px) 100vw, 128px\" \/><\/div>\n<\/div>\n<div class=\"col-md-12 col-lg-3 col-xs-12 ansprechpartner-item kontakt floatright\" style=\"margin-bottom: 30px\">\n<div class=\"row\">\n<div class=\"col-xs-12 col-sm-6 col-lg-12\">\n<div class=\"row\">\n<div class=\"col-xs-12 col-lg-4 row-text bold\">Room:<\/div>\n<div class=\"col-xs-12 col-lg-8 row-text\">1317<\/div>\n<\/div>\n<\/div>\n<div class=\"col-xs-12 col-sm-6 col-lg-12\">\n<div class=\"row\">\n<div class=\"col-xs-12 col-lg-4 row-text bold\">Tel.:<\/div>\n<div class=\"col-xs-12 col-lg-8 row-text\">+49-40-6541-2730<\/div>\n<\/div>\n<\/div>\n<div class=\"col-xs-12 col-sm-6 col-lg-12\">\n<div class=\"row\">\n<div class=\"col-xs-12 col-lg-4 row-text bold\">Fax:<\/div>\n<div class=\"col-xs-12 col-lg-8 row-text\">+49-40-6541-3745<\/div>\n<\/div>\n<\/div>\n<div class=\"col-xs-12 col-sm-6 col-lg-12\">\n<div class=\"row\">\n<div class=\"col-xs-12 col-md-12 row-text bold\">Email:<\/div>\n<div class=\"col-xs-12 col-md-12 row-text\"><a href=\"mailto:frank.mantwill@hsu-hh.de\" rel='nofollow'>frank.mantwill@hsu-hh.de<\/a><\/div>\n<\/div>\n<\/div>\n<\/div>\n<\/div>\n<div class=\"col-md-6 col-lg-3 col-xs-12 ansprechpartner-item anschrift floatright\">\n<div class=\"row-headline\">Visitor address<\/div>\n<div class=\"row-text\">Helmut-Schmidt-University<\/div>\n<div class=\"row-text\">Building H1<\/div>\n<div class=\"row-text\">Holstenhofweg 85<\/div>\n<div class=\"row-text\">22043 Hamburg<\/div>\n<\/div>\n<div class=\"col-md-6 col-lg-3 col-xs-12 ansprechpartner-item anschrift floatright\">\n<div class=\"row-headline\">Postal address<\/div>\n<div class=\"row-text\">Helmut-Schmidt-Universit\u00e4t<\/div>\n<div class=\"row-text\">Fakult\u00e4t f\u00fcr Maschinenbau<\/div>\n<div class=\"row-text\">Maschinenelemente und<br \/>\nRechnergest\u00fctzte Produktentwicklung<\/div>\n<div class=\"row-text\">Postfach 70 08 22<\/div>\n<div class=\"row-text\">22008 Hamburg<\/div>\n<\/div>\n<\/div>\n<div class=\"clearfix\"><\/div>\n<\/div>\n<div class=\"clearfix\"><\/div>\n<div class=\"clearfix\"><\/div>\n<p class=\"clearfix\">Prof. Dr.-Ing. Frank Mantwill has been head of the Professorship of Machine Elements and Computer Aided Product Design (MRP) at Helmut Schmidt University (HSU) in Hamburg since 2004. He studied mechanical engineering at RWTH Aachen and received his doctorate in 1992 from TUHH in the field of computer aided design and knowledge based information systems. From 1992 to 2003, Frank Mantwill held leading positions in the field of product and process design in both development and production in industry. Most recently, he was in charge of production planning for car bodies at a German automotive manufacturer in the premium segment.<\/p>\n<div class=\"clearfix\">\n<p>Since 2010, Prof. Mantwill has chaired the VDI GPP FB7 advisory board Product Development and Mechatronics and is involved in several technical committees. A relevant part is the technical committee 701, which revises the standard VDI2221, design of technical products and systems &#8211; model of product design. He is a representative from the field of science in the presidium of the DWT, a member of the WiGeP (Scientific Society for Product Development) as well as the Design Society. Furthermore, Professor Mantwill is on the advisory board of the congress digital factory and the VDI conference DES=ING.<\/p>\n<hr>\n<p>Member of WiGeP<br \/>\n<a href=\"http:\/\/www.wigep.de\/\" rel='nofollow'><img loading=\"lazy\" decoding=\"async\" class=\"alignnone wp-image-141\" src=\"https:\/\/www.hsu-hh.de\/mrp\/wp-content\/uploads\/sites\/505\/2017\/11\/mantwill-wigep-300x85.png\" alt=\"WiGeP\" width=\"219\" height=\"62\" srcset=\"https:\/\/www.hsu-hh.de\/mrp\/wp-content\/uploads\/sites\/505\/2017\/11\/mantwill-wigep-300x85.png 300w, https:\/\/www.hsu-hh.de\/mrp\/wp-content\/uploads\/sites\/505\/2017\/11\/mantwill-wigep.png 350w\" sizes=\"auto, (max-width: 219px) 100vw, 219px\" \/><\/a><\/p>\n<hr>\n<p>Member of Design Society<br \/>\n<a href=\"http:\/\/www.designsociety.org\/\" rel='nofollow'><img loading=\"lazy\" decoding=\"async\" class=\"alignnone size-medium wp-image-143\" src=\"https:\/\/www.hsu-hh.de\/mrp\/wp-content\/uploads\/sites\/505\/2017\/11\/mantwill-Design-Society-300x33.png\" alt=\"Design Society\" width=\"300\" height=\"33\" srcset=\"https:\/\/www.hsu-hh.de\/mrp\/wp-content\/uploads\/sites\/505\/2017\/11\/mantwill-Design-Society-300x33.png 300w, https:\/\/www.hsu-hh.de\/mrp\/wp-content\/uploads\/sites\/505\/2017\/11\/mantwill-Design-Society-768x85.png 768w, https:\/\/www.hsu-hh.de\/mrp\/wp-content\/uploads\/sites\/505\/2017\/11\/mantwill-Design-Society.png 770w\" sizes=\"auto, (max-width: 300px) 100vw, 300px\" \/><\/a><\/p>\n<hr>\n<p>Member of VDI<br \/>\n<a href=\"http:\/\/www.vdi.de\/\" rel='nofollow'><img loading=\"lazy\" decoding=\"async\" class=\"alignnone size-full wp-image-144\" src=\"https:\/\/www.hsu-hh.de\/mrp\/wp-content\/uploads\/sites\/505\/2017\/11\/mantwill-VDI.gif\" alt=\"VDI\" width=\"80\" height=\"70\"><\/a><\/p>\n<hr>\n<p>Member of Rotary<br \/>\n<a href=\"http:\/\/www.rotary.de\/\" rel='nofollow'><img loading=\"lazy\" decoding=\"async\" class=\"alignnone wp-image-145\" src=\"https:\/\/www.hsu-hh.de\/mrp\/wp-content\/uploads\/sites\/505\/2017\/11\/mantwill-Rotary-300x300.jpg\" alt=\"Rotary\" width=\"74\" height=\"74\" srcset=\"https:\/\/www.hsu-hh.de\/mrp\/wp-content\/uploads\/sites\/505\/2017\/11\/mantwill-Rotary-300x300.jpg 300w, https:\/\/www.hsu-hh.de\/mrp\/wp-content\/uploads\/sites\/505\/2017\/11\/mantwill-Rotary-150x150.jpg 150w, https:\/\/www.hsu-hh.de\/mrp\/wp-content\/uploads\/sites\/505\/2017\/11\/mantwill-Rotary-100x100.jpg 100w, https:\/\/www.hsu-hh.de\/mrp\/wp-content\/uploads\/sites\/505\/2017\/11\/mantwill-Rotary.jpg 378w\" sizes=\"auto, (max-width: 74px) 100vw, 74px\" \/><\/a><\/p>\n<\/div>\n","protected":false},"excerpt":{"rendered":"<p>Room: 1317 Tel.: +49-40-6541-2730 Fax: +49-40-6541-3745 Email: frank.mantwill@hsu-hh.de Visitor address Helmut-Schmidt-University Building H1 Holstenhofweg 85 22043 Hamburg Postal address Helmut-Schmidt-Universit\u00e4t Fakult\u00e4t f\u00fcr Maschinenbau Maschinenelemente und Rechnergest\u00fctzte Produktentwicklung Postfach 70 08 [&hellip;]<\/p>\n","protected":false},"author":33,"featured_media":0,"parent":0,"menu_order":0,"comment_status":"closed","ping_status":"closed","template":"","meta":{"footnotes":""},"categories":[7],"tags":[],"class_list":["post-2407","page","type-page","status-publish","hentry","category-research"],"_links":{"self":[{"href":"https:\/\/www.hsu-hh.de\/mrp\/wp-json\/wp\/v2\/pages\/2407","targetHints":{"allow":["GET"]}}],"collection":[{"href":"https:\/\/www.hsu-hh.de\/mrp\/wp-json\/wp\/v2\/pages"}],"about":[{"href":"https:\/\/www.hsu-hh.de\/mrp\/wp-json\/wp\/v2\/types\/page"}],"author":[{"embeddable":true,"href":"https:\/\/www.hsu-hh.de\/mrp\/wp-json\/wp\/v2\/users\/33"}],"replies":[{"embeddable":true,"href":"https:\/\/www.hsu-hh.de\/mrp\/wp-json\/wp\/v2\/comments?post=2407"}],"version-history":[{"count":4,"href":"https:\/\/www.hsu-hh.de\/mrp\/wp-json\/wp\/v2\/pages\/2407\/revisions"}],"predecessor-version":[{"id":2431,"href":"https:\/\/www.hsu-hh.de\/mrp\/wp-json\/wp\/v2\/pages\/2407\/revisions\/2431"}],"wp:attachment":[{"href":"https:\/\/www.hsu-hh.de\/mrp\/wp-json\/wp\/v2\/media?parent=2407"}],"wp:term":[{"taxonomy":"category","embeddable":true,"href":"https:\/\/www.hsu-hh.de\/mrp\/wp-json\/wp\/v2\/categories?post=2407"},{"taxonomy":"post_tag","embeddable":true,"href":"https:\/\/www.hsu-hh.de\/mrp\/wp-json\/wp\/v2\/tags?post=2407"}],"curies":[{"name":"wp","href":"https:\/\/api.w.org\/{rel}","templated":true}]}}