{"id":206,"date":"2017-11-14T14:08:58","date_gmt":"2017-11-14T13:08:58","guid":{"rendered":"https:\/\/www.hsu-hh.de\/mrp\/?page_id=206"},"modified":"2024-12-03T10:03:30","modified_gmt":"2024-12-03T09:03:30","slug":"frankmantwill","status":"publish","type":"page","link":"https:\/\/www.hsu-hh.de\/mrp\/team\/frankmantwill","title":{"rendered":"Univ.-Prof. Dr.-Ing. Frank Mantwill"},"content":{"rendered":"\n<div class=\"wp-block-columns is-layout-flex wp-container-core-columns-is-layout-9d6595d7 wp-block-columns-is-layout-flex\">\n<div class=\"wp-block-column is-layout-flow wp-block-column-is-layout-flow\" style=\"flex-basis:15%\">\n<p class=\"has-small-font-size\"><strong>Postanschrift:<\/strong><br>Helmut-Schmidt-Universit\u00e4t<br>Fakult\u00e4t f\u00fcr Maschinenbau<br>Postfach 70 08 22<br>22008 Hamburg<\/p>\n<\/div>\n\n\n\n<div class=\"wp-block-column is-layout-flow wp-block-column-is-layout-flow\" style=\"flex-basis:15%\">\n<p class=\"has-small-font-size\"><strong>Besucheranschrift:<\/strong><br>Helmut-Schmidt-Universit\u00e4t<br>Geb\u00e4ude H01<br>Holstenhofweg 85<br>22043 Hamburg<\/p>\n<\/div>\n\n\n\n<div class=\"wp-block-column is-layout-flow wp-block-column-is-layout-flow\">\n<div class=\"wp-block-columns is-layout-flex wp-container-core-columns-is-layout-9d6595d7 wp-block-columns-is-layout-flex\">\n<div class=\"wp-block-column is-layout-flow wp-block-column-is-layout-flow\">\n<p class=\"has-small-font-size\"><strong>Raum:<\/strong> 1317<br><strong>Telefon:<\/strong> +49406541-2730<br><strong>Fax:<\/strong> +49406541-3745<br><strong>E-Mail:<\/strong> frank.mantwill@hsu-hh.de<\/p>\n<\/div>\n<\/div>\n<\/div>\n\n\n\n<div class=\"wp-block-column is-layout-flow wp-block-column-is-layout-flow\">\n<figure class=\"wp-block-image size-medium is-resized is-style-rounded\"><img loading=\"lazy\" decoding=\"async\" width=\"233\" height=\"300\" src=\"https:\/\/www.hsu-hh.de\/mrp\/wp-content\/uploads\/sites\/505\/2019\/12\/Mantwill-233x300.jpg\" data-credit=\"Frank Mantwill\" alt=\"\" class=\"wp-image-1350\" style=\"width:84px\" srcset=\"https:\/\/www.hsu-hh.de\/mrp\/wp-content\/uploads\/sites\/505\/2019\/12\/Mantwill-233x300.jpg 233w, https:\/\/www.hsu-hh.de\/mrp\/wp-content\/uploads\/sites\/505\/2019\/12\/Mantwill-768x987.jpg 768w, https:\/\/www.hsu-hh.de\/mrp\/wp-content\/uploads\/sites\/505\/2019\/12\/Mantwill-797x1024.jpg 797w, https:\/\/www.hsu-hh.de\/mrp\/wp-content\/uploads\/sites\/505\/2019\/12\/Mantwill.jpg 827w\" sizes=\"auto, (max-width: 233px) 100vw, 233px\" \/><\/figure>\n<\/div>\n<\/div>\n\n\n<p class=\"clearfix\"><abbr title=\"Professor\">Prof.<\/abbr> <abbr title=\"Doktor\">Dr.<\/abbr>&#8211;<abbr title=\"Ingenieur\">Ing.<\/abbr> Frank Mantwill ist seit 2004 Leiter der Professur f\u00fcr Maschinenelemente und Rechnergest\u00fctzte Produktentwicklung (MRP) an der Helmut- Schmidt-Universit\u00e4t in Hamburg (<abbr title=\"Helmut Schmidt Universit\u00e4t\">HSU<\/abbr>). Er studierte an der RWTH Aachen Maschinenbau und wurde 1992 an der TUHH auf dem Gebiet der rechnergest\u00fctzten Konstruktion promoviert. Von 1992 bis 2003 war Frank Mantwill auf dem Gebiet der Produkt- und Prozessentwicklung sowohl in der Entwicklung als auch in der Produktion in der Industrie leitend t\u00e4tig. Zuletzt leitete er die Fertigungsplanung Karosserie bei einem deutschen Automobilbauer im Premiumsegment.<\/p>\n<div class=\"clearfix\">\n<p>Seit 2010 sitzt <abbr title=\"Professor\">Prof.<\/abbr> Mantwill dem VDI-Fachbeirat \u201eProduktentwicklung und Mechatronik\u201c vor und arbeitet in mehreren Fachaussch\u00fcssen mit. Von aktueller Bedeutung ist der Fachausschuss 701, der die VDI-Richtlinie 2221 \u00fcberarbeitet. Er ist Vertreter aus dem Bereich Wissenschaft im Pr\u00e4sidium des DWT, Mitglied \u00a0in der WiGeP (Wissenschaftliche Gesellschaft f\u00fcr Produktentwicklung) sowie der Design Society. Des Weiteren ist Professor Mantwill in dem Fachbeirat des Fachkongresses DIGITALE FABRIK und der VDI-Tagung DES=ING.<\/p>\n<hr \/>\n<p>Mitglied in der WiGeP<br \/><a href=\"http:\/\/www.wigep.de\/\" rel='nofollow'><img loading=\"lazy\" decoding=\"async\" class=\"alignnone wp-image-141\" src=\"https:\/\/www.hsu-hh.de\/mrp\/wp-content\/uploads\/sites\/505\/2017\/11\/mantwill-wigep-300x85.png\" alt=\"WiGeP\" width=\"219\" height=\"62\" srcset=\"https:\/\/www.hsu-hh.de\/mrp\/wp-content\/uploads\/sites\/505\/2017\/11\/mantwill-wigep-300x85.png 300w, https:\/\/www.hsu-hh.de\/mrp\/wp-content\/uploads\/sites\/505\/2017\/11\/mantwill-wigep.png 350w\" sizes=\"auto, (max-width: 219px) 100vw, 219px\" \/><\/a><\/p>\n<hr \/>\n<p>Mitglied in der Design Society<br \/><a href=\"http:\/\/www.designsociety.org\/\" rel='nofollow'><img loading=\"lazy\" decoding=\"async\" class=\"alignnone size-medium wp-image-143\" src=\"https:\/\/www.hsu-hh.de\/mrp\/wp-content\/uploads\/sites\/505\/2017\/11\/mantwill-Design-Society-300x33.png\" alt=\"Design Society\" width=\"300\" height=\"33\" srcset=\"https:\/\/www.hsu-hh.de\/mrp\/wp-content\/uploads\/sites\/505\/2017\/11\/mantwill-Design-Society-300x33.png 300w, https:\/\/www.hsu-hh.de\/mrp\/wp-content\/uploads\/sites\/505\/2017\/11\/mantwill-Design-Society-768x85.png 768w, https:\/\/www.hsu-hh.de\/mrp\/wp-content\/uploads\/sites\/505\/2017\/11\/mantwill-Design-Society.png 770w\" sizes=\"auto, (max-width: 300px) 100vw, 300px\" \/><\/a><\/p>\n<hr \/>\n<p>Mitglied im VDI<br \/><a href=\"http:\/\/www.vdi.de\/\" rel='nofollow'><img loading=\"lazy\" decoding=\"async\" class=\"alignnone size-full wp-image-144\" src=\"https:\/\/www.hsu-hh.de\/mrp\/wp-content\/uploads\/sites\/505\/2017\/11\/mantwill-VDI.gif\" alt=\"VDI\" width=\"80\" height=\"70\" \/><\/a><\/p>\n<hr \/>\n<p>Mitglied im Rotary<br \/><a href=\"http:\/\/www.rotary.de\/\" rel='nofollow'><img loading=\"lazy\" decoding=\"async\" class=\"alignnone wp-image-145\" src=\"https:\/\/www.hsu-hh.de\/mrp\/wp-content\/uploads\/sites\/505\/2017\/11\/mantwill-Rotary-300x300.jpg\" alt=\"Rotary\" width=\"74\" height=\"74\" srcset=\"https:\/\/www.hsu-hh.de\/mrp\/wp-content\/uploads\/sites\/505\/2017\/11\/mantwill-Rotary-300x300.jpg 300w, https:\/\/www.hsu-hh.de\/mrp\/wp-content\/uploads\/sites\/505\/2017\/11\/mantwill-Rotary-150x150.jpg 150w, https:\/\/www.hsu-hh.de\/mrp\/wp-content\/uploads\/sites\/505\/2017\/11\/mantwill-Rotary-100x100.jpg 100w, https:\/\/www.hsu-hh.de\/mrp\/wp-content\/uploads\/sites\/505\/2017\/11\/mantwill-Rotary.jpg 378w\" sizes=\"auto, (max-width: 74px) 100vw, 74px\" \/><\/a><\/p>\n<\/div>\n<p><!-- \/wp:post-content --><\/p>","protected":false},"excerpt":{"rendered":"<p>Postanschrift:Helmut-Schmidt-Universit\u00e4tFakult\u00e4t f\u00fcr MaschinenbauPostfach 70 08 2222008 Hamburg Besucheranschrift:Helmut-Schmidt-Universit\u00e4tGeb\u00e4ude H01Holstenhofweg 8522043 Hamburg Raum: 1317Telefon: +49406541-2730Fax: +49406541-3745E-Mail: frank.mantwill@hsu-hh.de Prof. Dr.&#8211;Ing. Frank Mantwill ist seit 2004 Leiter der Professur f\u00fcr Maschinenelemente und Rechnergest\u00fctzte [&hellip;]<\/p>\n","protected":false},"author":33,"featured_media":0,"parent":133,"menu_order":0,"comment_status":"closed","ping_status":"closed","template":"","meta":{"footnotes":""},"categories":[46],"tags":[],"class_list":["post-206","page","type-page","status-publish","hentry","category-mitarbeiter"],"_links":{"self":[{"href":"https:\/\/www.hsu-hh.de\/mrp\/wp-json\/wp\/v2\/pages\/206","targetHints":{"allow":["GET"]}}],"collection":[{"href":"https:\/\/www.hsu-hh.de\/mrp\/wp-json\/wp\/v2\/pages"}],"about":[{"href":"https:\/\/www.hsu-hh.de\/mrp\/wp-json\/wp\/v2\/types\/page"}],"author":[{"embeddable":true,"href":"https:\/\/www.hsu-hh.de\/mrp\/wp-json\/wp\/v2\/users\/33"}],"replies":[{"embeddable":true,"href":"https:\/\/www.hsu-hh.de\/mrp\/wp-json\/wp\/v2\/comments?post=206"}],"version-history":[{"count":32,"href":"https:\/\/www.hsu-hh.de\/mrp\/wp-json\/wp\/v2\/pages\/206\/revisions"}],"predecessor-version":[{"id":3189,"href":"https:\/\/www.hsu-hh.de\/mrp\/wp-json\/wp\/v2\/pages\/206\/revisions\/3189"}],"up":[{"embeddable":true,"href":"https:\/\/www.hsu-hh.de\/mrp\/wp-json\/wp\/v2\/pages\/133"}],"wp:attachment":[{"href":"https:\/\/www.hsu-hh.de\/mrp\/wp-json\/wp\/v2\/media?parent=206"}],"wp:term":[{"taxonomy":"category","embeddable":true,"href":"https:\/\/www.hsu-hh.de\/mrp\/wp-json\/wp\/v2\/categories?post=206"},{"taxonomy":"post_tag","embeddable":true,"href":"https:\/\/www.hsu-hh.de\/mrp\/wp-json\/wp\/v2\/tags?post=206"}],"curies":[{"name":"wp","href":"https:\/\/api.w.org\/{rel}","templated":true}]}}