{"id":1700,"date":"2021-03-25T13:21:21","date_gmt":"2021-03-25T12:21:21","guid":{"rendered":"https:\/\/www.hsu-hh.de\/mrp\/?page_id=1700"},"modified":"2021-03-25T13:21:21","modified_gmt":"2021-03-25T12:21:21","slug":"dipl-ing-jens-nuppnau","status":"publish","type":"page","link":"https:\/\/www.hsu-hh.de\/mrp\/dipl-ing-jens-nuppnau","title":{"rendered":"Dipl.-Ing. Jens Nuppnau"},"content":{"rendered":"<div class=\"clearfix\"><\/div>\n<div class=\"ansprechparter-container\">\n<div class=\"row ansprechpartner-item ansprechparter-header\">\n<div class=\"col-xs-8 col-lg-12\" style=\"margin-bottom: 30px\">\n<div class=\"mobile-small\"><\/div>\n<\/div>\n<div class=\"col-md-4 col-lg-3 col-xs-4 ansprechpartner-item floatright img-circle center-block\" style=\"margin-bottom: 30px\">\n<div class=\"img-responsive-wrapper\">\n<p><img loading=\"lazy\" decoding=\"async\" class=\"wp-image-632 \" src=\"\/wp-content\/themes\/hsu\/img\/dummy\/dummy_ansprechpartner.png\" alt=\"Christian Vorwerk\" data-credit=\"Christian Vorwerk\" width=\"163\" height=\"206\"><\/p>\n<\/div>\n<\/div>\n<div class=\"col-md-12 col-lg-3 col-xs-12 ansprechpartner-item kontakt floatright\" style=\"margin-bottom: 30px\">\n<div class=\"row\">\n<div class=\"col-xs-12 col-sm-6 col-lg-12\">\n<div class=\"row\">\n<div class=\"col-xs-12 col-lg-4 row-text bold\">Raum:<\/div>\n<div class=\"col-xs-12 col-lg-8 row-text\">1320<\/div>\n<\/div>\n<\/div>\n<div class=\"col-xs-12 col-sm-6 col-lg-12\">\n<div class=\"row\">\n<div class=\"col-xs-12 col-lg-4 row-text bold\">Telefon:<\/div>\n<div class=\"col-xs-12 col-lg-8 row-text\">(040) 6541-3679<\/div>\n<div class=\"col-xs-12 col-lg-4 row-text bold\"><\/div>\n<div class=\"col-xs-12 col-lg-8 row-text\">(040) 6541-2283<\/div>\n<\/div>\n<\/div>\n<div class=\"col-xs-12 col-sm-6 col-lg-12\">\n<div class=\"row\">\n<div class=\"col-xs-12 col-lg-4 row-text bold\">Fax:<\/div>\n<div class=\"col-xs-12 col-lg-8 row-text\">(040) 6541-3745<\/div>\n<\/div>\n<\/div>\n<div class=\"col-xs-12 col-sm-6 col-lg-12\">\n<div class=\"row\">\n<div class=\"col-xs-12 col-lg-20 row-text\">jens.nuppnau@hsu-hh.de<\/div>\n<\/div>\n<\/div>\n<\/div>\n<\/div>\n<div class=\"col-md-6 col-lg-3 col-xs-12 ansprechpartner-item anschrift floatright\">\n<div class=\"row-headline\">Besucheranschrift<\/div>\n<div class=\"row-text\">Helmut-Schmidt-Universit\u00e4t<\/div>\n<div class=\"row-text\">Geb\u00e4ude H1<\/div>\n<div class=\"row-text\">Holstenhofweg 85<\/div>\n<div class=\"row-text\">22043 Hamburg<\/div>\n<\/div>\n<div class=\"col-md-6 col-lg-3 col-xs-12 ansprechpartner-item anschrift floatright\">\n<div class=\"row-headline\">Postanschrift<\/div>\n<div class=\"row-text\">Helmut-Schmidt-Universit\u00e4t<\/div>\n<div class=\"row-text\">Fakult\u00e4t f\u00fcr Maschinenbau<\/div>\n<div class=\"row-text\">Postfach 70 08 22<\/div>\n<div class=\"row-text\">22008 Hamburg<\/div>\n<\/div>\n<\/div>\n<\/div>\n<div class=\"clearfix\"><\/div>\n<p>&nbsp;<\/p>\n<h3>T\u00e4tigkeiten<\/h3>\n<p>Herr Nuppnau ist als wissenschaftlicher Mitarbeiter am MRP t\u00e4tig.<\/p>\n<p>Im Rahmen der Forschung besch\u00e4ftigt sich Herr Nuppnau mit<\/p>\n<p>&#8211; Experimenteller Betriebsfestigkeitsanalyse,<br \/>\n&#8211; Numerischer Simulation elastischer, reibungsbehafteter Systeme und<br \/>\n&#8211; der Betreuung des Betriebs des servo-hydraulischen Versuchsfelds<\/p>\n<p>In der Lehre engagiert sich Herr Nuppnau im Fach Maschinenelemente.<\/p>\n<h3>Projekte<\/h3>\n<p>Im Rahmen von Forschungskooperationen werden nachfolgende Forschungsprojekte bearbeitet:<\/p>\n<p>&#8211; Betriebsfestigkeitsuntersuchungen von Luftfedern<br \/>\n&#8211; Einfluss der Rohrsteifigkeit von Luftfahrzeug-Zug-Druck-Stangen auf die Rollreibung in den angeschlossenen Lagereinheiten<br \/>\n&#8211; Dauerfestigkeits- und Rissfortschrittsuntersuchungen an Luftfahrzeug-Zug-Druck-Stangen.<br \/>\n&#8211; Numerische Simulation des Schwingungsverhaltens nasslaufenden Lamellenkupplungen<\/p>\n<h3>Ver\u00f6ffentlichungen<\/h3>\n<div id=\"category_content_Yvp4q8sw\" class=\"hsu_category archive-page\"><div class=\"clearfix\"><\/div><div class=\"entry-content\"><p><strong> Schroeder,S., Uhler, M., Schonhoff, M., Nees, T.A., Wonerow, T., Nuppnau, J., Mantwill, F., Kretzer, J.P. <\/strong> (2023) In vitro wear behavior of knee implants at different load levels: The Impact of the <abbr title=\"fssdfdfs\">test<\/abbr> fluid. Lubricants 2023, 11, 474. (doi.org\/10.3390\/lubricants11110474)<\/p>\n<\/div><div class=\"clearfix\"><\/div><div class=\"entry-content\"><p><strong> Uhler, M.; Schonhoff, M.; Nees, T.A.; Wonerow, T.;  Nuppnau, J.; Mantwill, F.; Kretzer, J.P.; Schroeder, S. <\/strong> Rheological Behavior of Different Bovine Calf Sera before, during and after Biomechanical Testing. Lubricants 2022, 10, 224. (https:\/\/doi.org\/10.3390\/lubricants10090224)<\/p>\n<\/div><div class=\"clearfix\"><\/div><div class=\"entry-content\"><p><strong> Wonerow, T.; Uhler, M.; Nuppnau, J.; Kretzer, J.P.; Mantwill, F.<\/strong> Rheological Behavior of Bovine Calf Serum. Materials 2021, 14, 2538. (https:\/\/doi.org\/10.3390\/ma14102538)<\/p>\n<\/div><\/div>\n<h3>Studentische Arbeiten&#8220; class=&#8220;out<\/h3>\n<p>&nbsp;<\/p>\n<div id=\"category_content_To6dwMx2\" class=\"hsu_category archive-page\"><\/div>\n<p>&nbsp;<\/p>\n","protected":false},"excerpt":{"rendered":"<p>Raum: 1320 Telefon: (040) 6541-3679 (040) 6541-2283 Fax: (040) 6541-3745 jens.nuppnau@hsu-hh.de Besucheranschrift Helmut-Schmidt-Universit\u00e4t Geb\u00e4ude H1 Holstenhofweg 85 22043 Hamburg Postanschrift Helmut-Schmidt-Universit\u00e4t Fakult\u00e4t f\u00fcr Maschinenbau Postfach 70 08 22 22008 Hamburg [&hellip;]<\/p>\n","protected":false},"author":1199,"featured_media":0,"parent":0,"menu_order":0,"comment_status":"closed","ping_status":"closed","template":"","meta":{"footnotes":""},"categories":[4],"tags":[],"class_list":["post-1700","page","type-page","status-publish","hentry","category-forschung"],"_links":{"self":[{"href":"https:\/\/www.hsu-hh.de\/mrp\/wp-json\/wp\/v2\/pages\/1700","targetHints":{"allow":["GET"]}}],"collection":[{"href":"https:\/\/www.hsu-hh.de\/mrp\/wp-json\/wp\/v2\/pages"}],"about":[{"href":"https:\/\/www.hsu-hh.de\/mrp\/wp-json\/wp\/v2\/types\/page"}],"author":[{"embeddable":true,"href":"https:\/\/www.hsu-hh.de\/mrp\/wp-json\/wp\/v2\/users\/1199"}],"replies":[{"embeddable":true,"href":"https:\/\/www.hsu-hh.de\/mrp\/wp-json\/wp\/v2\/comments?post=1700"}],"version-history":[{"count":9,"href":"https:\/\/www.hsu-hh.de\/mrp\/wp-json\/wp\/v2\/pages\/1700\/revisions"}],"predecessor-version":[{"id":1709,"href":"https:\/\/www.hsu-hh.de\/mrp\/wp-json\/wp\/v2\/pages\/1700\/revisions\/1709"}],"wp:attachment":[{"href":"https:\/\/www.hsu-hh.de\/mrp\/wp-json\/wp\/v2\/media?parent=1700"}],"wp:term":[{"taxonomy":"category","embeddable":true,"href":"https:\/\/www.hsu-hh.de\/mrp\/wp-json\/wp\/v2\/categories?post=1700"},{"taxonomy":"post_tag","embeddable":true,"href":"https:\/\/www.hsu-hh.de\/mrp\/wp-json\/wp\/v2\/tags?post=1700"}],"curies":[{"name":"wp","href":"https:\/\/api.w.org\/{rel}","templated":true}]}}