{"id":1614,"date":"2021-03-24T13:19:32","date_gmt":"2021-03-24T12:19:32","guid":{"rendered":"https:\/\/www.hsu-hh.de\/mrp\/?page_id=1614"},"modified":"2025-02-25T09:47:27","modified_gmt":"2025-02-25T08:47:27","slug":"m-sc-wilke-willems","status":"publish","type":"page","link":"https:\/\/www.hsu-hh.de\/mrp\/m-sc-wilke-willems","title":{"rendered":"M.Sc. Wilke Willems"},"content":{"rendered":"<div class=\"clearfix\"><\/div>\n<div class=\"ansprechparter-container\">\n<div class=\"row ansprechpartner-item ansprechparter-header\">\n<div class=\"col-xs-8 col-lg-12\" style=\"margin-bottom: 30px\">\n<div class=\"mobile-small\"><\/div>\n<\/div>\n<div class=\"col-md-4 col-lg-3 col-xs-4 ansprechpartner-item floatright img-circle center-block\" style=\"margin-bottom: 30px\">\n<div class=\"img-responsive-wrapper\">\n<p><img loading=\"lazy\" decoding=\"async\" class=\"wp-image-632 \" src=\"https:\/\/www.hsu-hh.de\/mrp\/wp-content\/uploads\/sites\/505\/2021\/03\/Willems-Wilke.jpg\" alt=\"Christian Vorwerk\" data-credit=\"Christian Vorwerk\" width=\"163\" height=\"206\"><\/p>\n<\/div>\n<\/div>\n<div class=\"col-md-12 col-lg-3 col-xs-12 ansprechpartner-item kontakt floatright\" style=\"margin-bottom: 30px\">\n<div class=\"row\">\n<div class=\"col-xs-12 col-sm-6 col-lg-12\">\n<div class=\"row\">\n<div class=\"col-xs-12 col-lg-4 row-text bold\">Raum:<\/div>\n<div class=\"col-xs-12 col-lg-8 row-text\">1362<\/div>\n<\/div>\n<\/div>\n<div class=\"col-xs-12 col-sm-6 col-lg-12\">\n<div class=\"row\">\n<div class=\"col-xs-12 col-lg-4 row-text bold\">Telefon:<\/div>\n<div class=\"col-xs-12 col-lg-8 row-text\">(040) 6541-2864<\/div>\n<\/div>\n<\/div>\n<div class=\"col-xs-12 col-sm-6 col-lg-12\">\n<div class=\"row\">\n<div class=\"col-xs-12 col-lg-4 row-text bold\">Fax:<\/div>\n<div class=\"col-xs-12 col-lg-8 row-text\">(040) 6541-3745<\/div>\n<\/div>\n<\/div>\n<div class=\"col-xs-12 col-sm-6 col-lg-12\">\n<div class=\"row\">\n<div class=\"col-xs-12 col-lg-20 row-text\">wilke.willems@hsu-hh.de<\/div>\n<\/div>\n<\/div>\n<\/div>\n<\/div>\n<div class=\"col-md-6 col-lg-3 col-xs-12 ansprechpartner-item anschrift floatright\">\n<div class=\"row-headline\">Besucheranschrift<\/div>\n<div class=\"row-text\">Helmut-Schmidt-Universit\u00e4t<\/div>\n<div class=\"row-text\">Geb\u00e4ude H1<\/div>\n<div class=\"row-text\">Holstenhofweg 85<\/div>\n<div class=\"row-text\">22043 Hamburg<\/div>\n<\/div>\n<div class=\"col-md-6 col-lg-3 col-xs-12 ansprechpartner-item anschrift floatright\">\n<div class=\"row-headline\">Postanschrift<\/div>\n<div class=\"row-text\">Helmut-Schmidt-Universit\u00e4t<\/div>\n<div class=\"row-text\">Fakult\u00e4t f\u00fcr Maschinenbau<\/div>\n<div class=\"row-text\">Postfach 70 08 22<\/div>\n<div class=\"row-text\">22008 Hamburg<\/div>\n<\/div>\n<\/div>\n<\/div>\n<div class=\"clearfix\"><\/div>\n<p>&nbsp;<\/p>\n<h3>T\u00e4tigkeiten<\/h3>\n<p>\u201eEine Wirtschaftsweise, die in einer begrenzten Welt mit endlichen Ressourcen auf stetes Wachstum setzt, ist nicht nachhaltig. Es gilt neu zu verhandeln, was den Wohlstand der Menschen \u00fcbermorgen ausmacht. Daf\u00fcr brauchen wir neue Begriffe und Konzepte, die ausdr\u00fccken, was wir k\u00fcnftig wichtig finden. Planetenzerst\u00f6rung darf nicht mehr Wachstum hei\u00dfen. Reine Geldvermehrung nicht l\u00e4nger Wertsch\u00f6pfung.\u201c<br \/>\n\t\t\t\tMaja G\u00f6pel | \u00d6konomin<\/p>\n<p>Innerhalb meiner Forschung am MRP besch\u00e4ftige ich mich mit der Frage, wie man die Produktentwickelnden dabei unterst\u00fctzen kann, Nachhaltigere Entscheidungen zutreffen. Daf\u00fcr stelle ich ein Zielsystem auf, welches die Nachhaltigkeit m\u00f6glichst umfassend beschreibt. \u00dcber Abh\u00e4ngigkeiten innerhalb des Zielsystems k\u00f6nnen Problemverschiebungen aufgedeckt werden und durch das Treffen der \u201eRichtigen\u201c Entscheidungen vermieden werden. Die Ergebnisse sollen \u00fcber eine eigens geschaffene Open-Source-Community zug\u00e4nglich gemacht und diskutieret werden. So wird sowohl die Komplexit\u00e4t der Nachhaltigkeit in der Produktentwicklung beherrschbarer als auch die Interoperabilit\u00e4t zwischen den einzelnen Konzepten der Nachhaltigkeit und der Entwicklung gesteigert.<\/p>\n<h3>Forschung<\/h3>\n<h3>Ver\u00f6ffentlichungen<\/h3>\n<div id=\"category_content_H1N5Q1F3\" class=\"hsu_category archive-page\"><div class=\"clearfix\"><\/div><div class=\"entry-content\"><p><strong> Willems, W.; Demke, N.; Rusch, F.; Mantwill, F. <\/strong> (2024). Semantic interoperability in the model-based decomposition of sustainability requirements in the early phase of product development. LCIC 2024 &#8211; 4th Life Cycle Innovation Conference. https:\/\/fslci.org\/lcic\/lcic2024\/lcic2024-posters\/semantic-interoperability-in-the-model-based-decomposition-of-sustainability-requirements-in-the-early-phase-of-product-development\/<\/p>\n<\/div><div class=\"clearfix\"><\/div><div class=\"entry-content\"><p><strong> Rusch, F.; Demke, N.; Willems, W.; Mantwill, F. <\/strong> (2024). Context-based Derivation of Holistic Sustainability Requirements in the Early Phase of Product Development. Procedia CIRP Volume 122, 2024, Pages 306-311.<\/p>\n<\/div><div class=\"clearfix\"><\/div><div class=\"entry-content\"><p><strong> Rusch, F.; Willems, W.; Demke, N.; Mantwill, F. <\/strong> (2024). Linking Product Development\u2019s and Society\u2019s View on Sustainability to Enhance the Contextual Derivation and Validation of Requirements. IFAC-PapersOnLine Volume 58, Issue 19, 2024, Pages 1198-1203.<\/p>\n<\/div><div class=\"clearfix\"><\/div><div class=\"entry-content\"><p><strong>Willems, W.; Demke, N.; Mantwill, F.<\/strong> Nachhaltigkeit in der fr\u00fchen Phase der Produktentwicklung. In: Springer, Nachhaltige Industrie, Ausgabe 4\/2022.<\/p>\n<\/div><div class=\"clearfix\"><\/div><div class=\"entry-content\"><p><strong>Willems, W.; Demke, N.; Mantwill, F.<\/strong> Meta-Review zur nachhaltigen Produktbeeinflussung in der fr\u00fchen Phase des Produktentstehungsprozesses. Researchgate, Res10.13140\/RG.2.2.15820.69762 (2022).<\/p>\n<\/div><\/div>\n<h3>Studentische Arbeiten&#8220; <\/p>\n<p>&nbsp;<\/p>\n<div id=\"category_content_bVvMqu1a\" class=\"hsu_category archive-page\"><div class=\"clearfix\"><\/div><div class=\"entry-content\"><p><a href=\"https:\/\/www.hsu-hh.de\/mrp\/wp-content\/uploads\/sites\/505\/2021\/07\/Erstellen-eines-Matlab-Skripts-welches-die-oekologischen-Auswirkungen-eines-Produktes-anhand-von-Probas-Daten-berechnet.pdf\">Erstellen eines Matlab-Skripts welches die \u00f6kologischen Auswirkungen eines Produktes anhand von Probas Daten berechnet<\/a><\/p>\n<\/div><div class=\"clearfix\"><\/div><div class=\"entry-content\"><p><a href=\"https:\/\/www.hsu-hh.de\/mrp\/wp-content\/uploads\/sites\/505\/2021\/07\/Ableiten-von-Handlungsempfehlungen-fuer-die-Produktentwicklung-aus-den-Sustainable-Development-Goals-der-Vereinten-Nationen.pdf\">Ableiten von Handlungsempfehlungen f\u00fcr die Produktentwicklung aus den Sustainable Development Goals der Vereinten Nationen<\/a><\/p>\n<\/div><\/div>\n<p>&nbsp;<\/p>\n","protected":false},"excerpt":{"rendered":"<p>Raum: 1362 Telefon: (040) 6541-2864 Fax: (040) 6541-3745 wilke.willems@hsu-hh.de Besucheranschrift Helmut-Schmidt-Universit\u00e4t Geb\u00e4ude H1 Holstenhofweg 85 22043 Hamburg Postanschrift Helmut-Schmidt-Universit\u00e4t Fakult\u00e4t f\u00fcr Maschinenbau Postfach 70 08 22 22008 Hamburg &nbsp; T\u00e4tigkeiten [&hellip;]<\/p>\n","protected":false},"author":1199,"featured_media":0,"parent":0,"menu_order":0,"comment_status":"closed","ping_status":"closed","template":"","meta":{"footnotes":""},"categories":[4],"tags":[],"class_list":["post-1614","page","type-page","status-publish","hentry","category-forschung"],"_links":{"self":[{"href":"https:\/\/www.hsu-hh.de\/mrp\/wp-json\/wp\/v2\/pages\/1614","targetHints":{"allow":["GET"]}}],"collection":[{"href":"https:\/\/www.hsu-hh.de\/mrp\/wp-json\/wp\/v2\/pages"}],"about":[{"href":"https:\/\/www.hsu-hh.de\/mrp\/wp-json\/wp\/v2\/types\/page"}],"author":[{"embeddable":true,"href":"https:\/\/www.hsu-hh.de\/mrp\/wp-json\/wp\/v2\/users\/1199"}],"replies":[{"embeddable":true,"href":"https:\/\/www.hsu-hh.de\/mrp\/wp-json\/wp\/v2\/comments?post=1614"}],"version-history":[{"count":9,"href":"https:\/\/www.hsu-hh.de\/mrp\/wp-json\/wp\/v2\/pages\/1614\/revisions"}],"predecessor-version":[{"id":3215,"href":"https:\/\/www.hsu-hh.de\/mrp\/wp-json\/wp\/v2\/pages\/1614\/revisions\/3215"}],"wp:attachment":[{"href":"https:\/\/www.hsu-hh.de\/mrp\/wp-json\/wp\/v2\/media?parent=1614"}],"wp:term":[{"taxonomy":"category","embeddable":true,"href":"https:\/\/www.hsu-hh.de\/mrp\/wp-json\/wp\/v2\/categories?post=1614"},{"taxonomy":"post_tag","embeddable":true,"href":"https:\/\/www.hsu-hh.de\/mrp\/wp-json\/wp\/v2\/tags?post=1614"}],"curies":[{"name":"wp","href":"https:\/\/api.w.org\/{rel}","templated":true}]}}