{"id":1604,"date":"2021-03-24T12:17:53","date_gmt":"2021-03-24T11:17:53","guid":{"rendered":"https:\/\/www.hsu-hh.de\/mrp\/?page_id=1604"},"modified":"2023-11-06T15:36:58","modified_gmt":"2023-11-06T14:36:58","slug":"m-sc-marcel-skoglund","status":"publish","type":"page","link":"https:\/\/www.hsu-hh.de\/mrp\/m-sc-marcel-skoglund","title":{"rendered":"M.Sc. Marcel Skoglund"},"content":{"rendered":"<div class=\"clearfix\"><\/div>\n<div class=\"ansprechparter-container\">\n<div class=\"row ansprechpartner-item ansprechparter-header\">\n<div class=\"col-xs-8 col-lg-12\" style=\"margin-bottom: 30px\">\n<div class=\"mobile-small\"><\/div>\n<\/div>\n<div class=\"col-md-4 col-lg-3 col-xs-4 ansprechpartner-item floatright img-circle center-block\" style=\"margin-bottom: 30px\">\n<div class=\"img-responsive-wrapper\">\n<p><img loading=\"lazy\" decoding=\"async\" class=\"wp-image-632 \" src=\"https:\/\/www.hsu-hh.de\/mrp\/wp-content\/uploads\/sites\/505\/2023\/11\/230707_Picture_Marcel.jpeg\" alt=\"Christian Vorwerk\" data-credit=\"Christian Vorwerk\" width=\"163\" height=\"206\"><\/p>\n<\/div>\n<\/div>\n<div class=\"col-md-12 col-lg-3 col-xs-12 ansprechpartner-item kontakt floatright\" style=\"margin-bottom: 30px\">\n<div class=\"row\">\n<div class=\"col-xs-12 col-sm-6 col-lg-12\">\n<div class=\"row\">\n<div class=\"col-xs-12 col-lg-4 row-text bold\">Raum:<\/div>\n<div class=\"col-xs-12 col-lg-8 row-text\">0002<\/div>\n<\/div>\n<\/div>\n<div class=\"col-xs-12 col-sm-6 col-lg-12\">\n<div class=\"row\">\n<div class=\"col-xs-12 col-lg-4 row-text bold\">Telefon:<\/div>\n<div class=\"col-xs-12 col-lg-8 row-text\">(040) 6541-3708<\/div>\n<\/div>\n<\/div>\n<div class=\"col-xs-12 col-sm-6 col-lg-12\">\n<div class=\"row\">\n<div class=\"col-xs-12 col-lg-4 row-text bold\">Fax:<\/div>\n<div class=\"col-xs-12 col-lg-8 row-text\">(040) 6541-3745<\/div>\n<\/div>\n<\/div>\n<div class=\"col-xs-12 col-sm-6 col-lg-12\">\n<div class=\"row\">\n<div class=\"col-xs-12 col-lg-20 row-text\">marcel.skoglund@hsu-hh.de<\/div>\n<\/div>\n<\/div>\n<\/div>\n<\/div>\n<div class=\"col-md-6 col-lg-3 col-xs-12 ansprechpartner-item anschrift floatright\">\n<div class=\"row-headline\">Besucheranschrift<\/div>\n<div class=\"row-text\">Helmut-Schmidt-Universit\u00e4t<\/div>\n<div class=\"row-text\">Geb\u00e4ude H6<\/div>\n<div class=\"row-text\">Holstenhofweg 85<\/div>\n<div class=\"row-text\">22043 Hamburg<\/div>\n<\/div>\n<div class=\"col-md-6 col-lg-3 col-xs-12 ansprechpartner-item anschrift floatright\">\n<div class=\"row-headline\">Postanschrift<\/div>\n<div class=\"row-text\">Helmut-Schmidt-Universit\u00e4t<\/div>\n<div class=\"row-text\">Fakult\u00e4t f\u00fcr Maschinenbau<\/div>\n<div class=\"row-text\">Postfach 70 08 22<\/div>\n<div class=\"row-text\">22008 Hamburg<\/div>\n<\/div>\n<\/div>\n<\/div>\n<div class=\"clearfix\"><\/div>\n<p>&nbsp;<\/p>\n<h3>T\u00e4tigkeiten<\/h3>\n<p>Herr Skoglund ist als Wissenschaftlicher Mitarbeiter am MRP t\u00e4tig.<\/p>\n<p>Er besch\u00e4ftigt sich mit Lebensdaueruntersuchungen an Luftfedern.<\/p>\n<h3>Projekte<\/h3>\n<p>Der Forschungsschwerpunkt von Herrn Skoglund ist die Methodenentwicklung zur Lebensdauervorhersage von Axiallageluftfedern<\/p>\n<h3>Ver\u00f6ffentlichungen<\/h3>\n<div id=\"category_content_zgoMnXIa\" class=\"hsu_category archive-page\"><div class=\"clearfix\"><\/div><div class=\"entry-content\"><p><strong> Lips, M.; Breitenbach, S.; Schmidt, P.; Mantwill, F. <\/strong> (2023) Walkkr\u00e4fte an Axialb\u00e4lgen von Rollbalg-Luftfedern. In: Tagungsband Ilmenauer Federntag. Ilmenau: Verlag ISLE, <abbr title=\"International Standard Book Number\">ISBN<\/abbr>: 978-3-948595-09-8, 2023.<\/p>\n<\/div><div class=\"clearfix\"><\/div><div class=\"entry-content\"><p><strong>Breitenbach, S.; Lips, M.; Mantwill, F.<\/strong> (2021) Methoden zur Auslegung adsorbensgef\u00fcllter Luftfedern und zur Lebensdauervorhersage von Axialb\u00e4lgen. In: Tagungsband Ilmenauer Federntag. Ilmenau: Verlag ISLE, ISBN: 978-3-948595-05-0, 2021<\/p>\n<\/div><\/div>\n<h3>Studentische Arbeiten&#8220; class=&#8220;out<\/h3>\n<p>&nbsp;<\/p>\n<div id=\"category_content_UqFftfpS\" class=\"hsu_category archive-page\"><\/div>\n<p>&nbsp;<\/p>\n","protected":false},"excerpt":{"rendered":"<p>Raum: 0002 Telefon: (040) 6541-3708 Fax: (040) 6541-3745 marcel.skoglund@hsu-hh.de Besucheranschrift Helmut-Schmidt-Universit\u00e4t Geb\u00e4ude H6 Holstenhofweg 85 22043 Hamburg Postanschrift Helmut-Schmidt-Universit\u00e4t Fakult\u00e4t f\u00fcr Maschinenbau Postfach 70 08 22 22008 Hamburg &nbsp; T\u00e4tigkeiten [&hellip;]<\/p>\n","protected":false},"author":1199,"featured_media":0,"parent":0,"menu_order":0,"comment_status":"closed","ping_status":"closed","template":"","meta":{"footnotes":""},"categories":[4],"tags":[],"class_list":["post-1604","page","type-page","status-publish","hentry","category-forschung"],"_links":{"self":[{"href":"https:\/\/www.hsu-hh.de\/mrp\/wp-json\/wp\/v2\/pages\/1604","targetHints":{"allow":["GET"]}}],"collection":[{"href":"https:\/\/www.hsu-hh.de\/mrp\/wp-json\/wp\/v2\/pages"}],"about":[{"href":"https:\/\/www.hsu-hh.de\/mrp\/wp-json\/wp\/v2\/types\/page"}],"author":[{"embeddable":true,"href":"https:\/\/www.hsu-hh.de\/mrp\/wp-json\/wp\/v2\/users\/1199"}],"replies":[{"embeddable":true,"href":"https:\/\/www.hsu-hh.de\/mrp\/wp-json\/wp\/v2\/comments?post=1604"}],"version-history":[{"count":15,"href":"https:\/\/www.hsu-hh.de\/mrp\/wp-json\/wp\/v2\/pages\/1604\/revisions"}],"predecessor-version":[{"id":2927,"href":"https:\/\/www.hsu-hh.de\/mrp\/wp-json\/wp\/v2\/pages\/1604\/revisions\/2927"}],"wp:attachment":[{"href":"https:\/\/www.hsu-hh.de\/mrp\/wp-json\/wp\/v2\/media?parent=1604"}],"wp:term":[{"taxonomy":"category","embeddable":true,"href":"https:\/\/www.hsu-hh.de\/mrp\/wp-json\/wp\/v2\/categories?post=1604"},{"taxonomy":"post_tag","embeddable":true,"href":"https:\/\/www.hsu-hh.de\/mrp\/wp-json\/wp\/v2\/tags?post=1604"}],"curies":[{"name":"wp","href":"https:\/\/api.w.org\/{rel}","templated":true}]}}