{"id":1580,"date":"2021-03-23T20:14:05","date_gmt":"2021-03-23T19:14:05","guid":{"rendered":"https:\/\/www.hsu-hh.de\/mrp\/?page_id=1580"},"modified":"2022-07-06T08:47:41","modified_gmt":"2022-07-06T06:47:41","slug":"m-sc-thorsten-schmidt","status":"publish","type":"page","link":"https:\/\/www.hsu-hh.de\/mrp\/m-sc-thorsten-schmidt","title":{"rendered":"M.Sc. Thorsten Schmidt"},"content":{"rendered":"<div class=\"clearfix\"><\/div>\n<div class=\"ansprechparter-container\">\n<div class=\"row ansprechpartner-item ansprechparter-header\">\n<div class=\"col-xs-8 col-lg-12\" style=\"margin-bottom: 30px\">\n<div class=\"mobile-small\"><\/div>\n<\/div>\n<div class=\"col-md-4 col-lg-3 col-xs-4 ansprechpartner-item floatright img-circle center-block\" style=\"margin-bottom: 30px\">\n<div class=\"img-responsive-wrapper\">\n<p><img loading=\"lazy\" decoding=\"async\" class=\"wp-image-632 \" src=\"https:\/\/www.hsu-hh.de\/mrp\/wp-content\/uploads\/sites\/505\/2021\/03\/Thorsten-Schmidt-scaled.jpg\" alt=\"Christian Vorwerk\" data-credit=\"Christian Vorwerk\" width=\"163\" height=\"206\"><\/p>\n<\/div>\n<\/div>\n<div class=\"col-md-12 col-lg-3 col-xs-12 ansprechpartner-item kontakt floatright\" style=\"margin-bottom: 30px\">\n<div class=\"row\">\n<div class=\"col-xs-12 col-sm-6 col-lg-12\">\n<div class=\"row\">\n<div class=\"col-xs-12 col-lg-4 row-text bold\">Raum:<\/div>\n<div class=\"col-xs-12 col-lg-8 row-text\">1319<\/div>\n<\/div>\n<\/div>\n<div class=\"col-xs-12 col-sm-6 col-lg-12\">\n<div class=\"row\">\n<div class=\"col-xs-12 col-lg-4 row-text bold\">Telefon:<\/div>\n<div class=\"col-xs-12 col-lg-8 row-text\">(040) 6541-3794<\/div>\n<\/div>\n<\/div>\n<div class=\"col-xs-12 col-sm-6 col-lg-12\">\n<div class=\"row\">\n<div class=\"col-xs-12 col-lg-4 row-text bold\">Fax:<\/div>\n<div class=\"col-xs-12 col-lg-8 row-text\">(040) 6541-3745<\/div>\n<\/div>\n<\/div>\n<div class=\"col-xs-12 col-sm-6 col-lg-12\">\n<div class=\"row\">\n<div class=\"col-xs-12 col-lg-20 row-text\">thorsten.schmidt@hsu-hh.de<\/div>\n<\/div>\n<\/div>\n<\/div>\n<\/div>\n<div class=\"col-md-6 col-lg-3 col-xs-12 ansprechpartner-item anschrift floatright\">\n<div class=\"row-headline\">Besucheranschrift<\/div>\n<div class=\"row-text\">Helmut-Schmidt-Universit\u00e4t<\/div>\n<div class=\"row-text\">Geb\u00e4ude H1<\/div>\n<div class=\"row-text\">Holstenhofweg 85<\/div>\n<div class=\"row-text\">22043 Hamburg<\/div>\n<\/div>\n<div class=\"col-md-6 col-lg-3 col-xs-12 ansprechpartner-item anschrift floatright\">\n<div class=\"row-headline\">Postanschrift<\/div>\n<div class=\"row-text\">Helmut-Schmidt-Universit\u00e4t<\/div>\n<div class=\"row-text\">Fakult\u00e4t f\u00fcr Maschinenbau<\/div>\n<div class=\"row-text\">Postfach 70 08 22<\/div>\n<div class=\"row-text\">22008 Hamburg<\/div>\n<\/div>\n<\/div>\n<\/div>\n<div class=\"clearfix\"><\/div>\n<p>&nbsp;<\/p>\n<h3>T\u00e4tigkeiten<\/h3>\n<p>Herr Schmidt arbeitet als Wissenschaftlicher Mitarbeiter am MRP.<\/p>\n<p>Im Bereich der Forschung besch\u00e4ftigt er sich mit Aufgabenstellungen aus den Bereichen:<\/p>\n<p>&#8211; Analyse und Auswertung von Produktdaten<br \/>\n&#8211; Bauteilfamilienspezifische Aufl\u00f6sung von St\u00fccklisten zu Teileverwendungsnachweis und Varianzg\u00fcltigkeiten<br \/>\n&#8211; Einsatz von Machine Learning und Regressionsmodellen in der Planung hochvarianter Produkte<\/p>\n<p>Weiterhin engagiert sich Herr Schmidt im Bereich der Lehre im Fach Digitale Transformation in der Produktentwicklung<\/p>\n<h3>Projekte<\/h3>\n<p>Drittmittelprojekt: \u201eEntwicklung neuartiger Gesch\u00e4ftsprozesse und Analysemethoden zur systematischen Unterst\u00fctzung der Produktdokumentation in der fr\u00fchen Phase der Produktentwicklung&#8220;\u200b<\/p>\n<h3>Ver\u00f6ffentlichungen<\/h3>\n<div id=\"category_content_8zbopmf7\" class=\"hsu_category archive-page\"><div class=\"clearfix\"><\/div><div class=\"entry-content\">\n<p><strong>Schmidt, T.; Winger, F.; Roth, D.; Kreimeyer, M.; Mantwill, F.<\/strong> (2025). Formalizing Constraint-Based Configuration of Variant-Rich Products through Dependency Modeling using Multiple-Domain Matrices. In: DS 141: Proceedings of the 27th International DSM Conference (DSM 2025), Eds: Ali A. Yassine, Christopher Langner, Matthias Kreimeyer, Tyson R. Browning, Steven D. Eppinger, Hoboken, NJ, USA, pp. 99-108. (https:\/\/doi.org\/10.35199\/dsm2025.11).<\/p>\n\n\n\n<p><\/p>\n<\/div><div class=\"clearfix\"><\/div><div class=\"entry-content\">\n<p><strong>Schmidt, T.; Marbach, S.; Mantwill, F.<\/strong> (2025). Efficient product portfolio optimization with SAT-based association rule mining using Apriori algorithm.\u00a0In: Proceedings of the Design Society,\u00a0Volume 5 (ICED 2025), Cambridge University Press, Dallas, TX, USA, pp. 1455\u20131464. (https:\/\/doi.org\/10.1017\/pds.2025<a href=\"https:\/\/doi.org\/10.1017\/pds.2025.10159\" rel='nofollow'>.<\/a>10159).<\/p>\n\n\n\n<p><\/p>\n<\/div><div class=\"clearfix\"><\/div><div class=\"entry-content\">\n<p><strong>Schmidt, T.; Demke, N.; Mantwill, F.<\/strong> (2025). Rekonfiguration variantenreicher Produkte &#8211; Industrielle Update-Fabriken in der automobilen Kreislaufwirtschaft. wt Werkstattstechnik online (WTO), <abbr title=\"Band\">Bd.<\/abbr> 115, Heft 6, VDI Verein Deutscher Ingenieure, pp. 526-534. (https:\/\/doi.org\/10.37544\/1436-4980-2025-06-160).<\/p>\n\n\n\n<p><\/p>\n<\/div><div class=\"clearfix\"><\/div><div class=\"entry-content\">\n<p><strong>Schmidt, T.; K\u00f6hler, M.; Winger, F.; Roth, D.; Kreimeyer, M.; Mantwill, F.<\/strong> (2025). Hochdimensionales Clustering von Konfigurationen als Beitrag einer Kundensegmentanalyse in der Automobilindustrie; High-Dimensional Clustering of Configurations Towards a Customer Segment Analysis in Automotive Industry. In Conference Proceedings: Stuttgarter Symposium f\u00fcr Produktentwicklung SSP 2025, Hg.: Katharina H\u00f6lzle, Matthias Kreimeyer, Daniel Roth, Thomas Maier, Oliver Riedel, Stuttgart, 21. Mai 2025. (https:\/\/doi.org\/10.18419\/opus-16366).<\/p>\n<\/div><div class=\"clearfix\"><\/div><div class=\"entry-content\">\n<p><strong>Schmidt, T.; Demke, N.; Marbach, S.; Tichla, F.; Frischen, C.; Mantwill, F.<\/strong> (2025). Synthetische Variantenmodellierung f\u00fcr eine integrierte Produktionsplanung. Zeitschrift f\u00fcr wirtschaftlichen Fabrikbetrieb (ZWF), Vol. 120, No. 3, Walter de Gruyter <abbr title=\"Gesellschaft mit beschr\u00e4nkter Haftung\">GmbH<\/abbr>, Berlin\/Boston, Germany, pp. 128-132. (https:\/\/doi.org\/10.1515\/zwf-2024-0138).<\/p>\n<\/div><div class=\"clearfix\"><\/div><div class=\"entry-content\">\n<p><strong>Rusch, F.R.; Ihlow, V.M.J.; Schmidt, T.; Mantwill, F.<\/strong> (2025). Context is all you need &#8211; Enhancing contextual awareness on sustainability requirements in product development using natural language processing. Procedia CIRP, Vol. 135, pp. 1052-1057, ISSN 2212-8271. (https:\/\/doi.org\/10.1016\/j.procir.2024.12.107).<\/p>\n\n\n\n<p><\/p>\n<\/div><div class=\"clearfix\"><\/div><div class=\"entry-content\"><p><strong> Schmidt, T.; Marbach, S.; Mantwill, F. <\/strong> (2024). Generation of Rule-Based Variance Schemes Towards a Data-Driven Development of High-Variant Product Portfolios. In: DS 134: Proceedings of the 26th International DSM Conference (DSM 2024), Harold (Mike) Stowe; Christopher Langner; Matthias Kreimeyer; Tyson R. Browning; Steven D. Eppinger; Ali A. Yassine (Eds.), Stuttgart, Germany, pp. 79-88. (https:\/\/doi.org\/10.35199\/dsm2024.09).<\/p>\n<\/div><div class=\"clearfix\"><\/div><div class=\"entry-content\"><p><strong> Schmidt, T.; Mantwill, F. <\/strong> (2024). Management of Rule-Based Product Portfolios with High Variance: A Systematic Literature Review. In: Proceedings of the Design Society, Volume 4 (DESIGN 2024), Cambridge University Press, pp. 755-764. (https:\/\/doi.org\/10.1017\/pds.2024.78).<\/p>\n<\/div><\/div><div class=\"col-xs-12 col-md-3 col-md-push-4\"><span class=\"link no-arrow\"><button class=\"categorymore hsu_btn\" id=\"8zbopmf7\"  data-category=\"Startseite\" data-categoryid=\"161\" data-posts_per_page=\"8\" data-order=\"DESC\" data-paged=\"2\" data-more_posts=\"1\" data-noexcerpt=\"1\" data-noimg=\"1\" data-nometa=\"1\" data-notitle=\"1\" data-uid=\"8zbopmf7\">Mehr Beitr\u00e4ge<\/button><\/span><\/div><div class=\"clearfix\"><\/div>\n<h3>Studentische Arbeiten&#8220; class=&#8220;out<\/h3>\n<p>&nbsp;<\/p>\n<div id=\"category_content_zDhSjqcc\" class=\"hsu_category archive-page\"><div class=\"clearfix\"><\/div><div class=\"entry-content\"><p><a href=\"https:\/\/www.hsu-hh.de\/mrp\/wp-content\/uploads\/sites\/505\/2022\/07\/3_Aushang_StudentischeArbeit_RecommenderSystemeClustering_TS.pdf\">Einsatz von Empfehlungssystemen im Umfeld der hochvarianten Produktverschl\u00fcsselung am Beispiel der Automobilindustrie<\/a><\/p>\n<\/div><div class=\"clearfix\"><\/div><div class=\"entry-content\"><p><a href=\"https:\/\/www.hsu-hh.de\/mrp\/wp-content\/uploads\/sites\/505\/2022\/07\/2_Aushang_StudentischeArbeit_NatuerlicheSpracheBildgebung_TS.pdf\">Untersuchung des Einsatzes von textverarbeitenden und bildgebenden Verfahren zur Unterst\u00fctzung der Konstruktionsabsicht in der fr\u00fchen Phase<\/a><\/p>\n<\/div><div class=\"clearfix\"><\/div><div class=\"entry-content\"><p><a href=\"https:\/\/www.hsu-hh.de\/mrp\/wp-content\/uploads\/sites\/505\/2022\/07\/1_Aushang_StudentischeArbeit_KlassifikationBilderkennung_TS.pdf\">Vertiefung bestehender Ans\u00e4tze zur Objekterkennung 3-dimensionaler Bauteile mithilfe von Bilderkennungsverfahren und Klassifikationsmethoden<br \/>\n<\/a><\/p>\n<\/div><\/div>\n<p>&nbsp;<\/p>\n","protected":false},"excerpt":{"rendered":"<p>Raum: 1319 Telefon: (040) 6541-3794 Fax: (040) 6541-3745 thorsten.schmidt@hsu-hh.de Besucheranschrift Helmut-Schmidt-Universit\u00e4t Geb\u00e4ude H1 Holstenhofweg 85 22043 Hamburg Postanschrift Helmut-Schmidt-Universit\u00e4t Fakult\u00e4t f\u00fcr Maschinenbau Postfach 70 08 22 22008 Hamburg &nbsp; T\u00e4tigkeiten [&hellip;]<\/p>\n","protected":false},"author":1199,"featured_media":0,"parent":0,"menu_order":0,"comment_status":"closed","ping_status":"closed","template":"","meta":{"footnotes":""},"categories":[4],"tags":[],"class_list":["post-1580","page","type-page","status-publish","hentry","category-forschung"],"_links":{"self":[{"href":"https:\/\/www.hsu-hh.de\/mrp\/wp-json\/wp\/v2\/pages\/1580","targetHints":{"allow":["GET"]}}],"collection":[{"href":"https:\/\/www.hsu-hh.de\/mrp\/wp-json\/wp\/v2\/pages"}],"about":[{"href":"https:\/\/www.hsu-hh.de\/mrp\/wp-json\/wp\/v2\/types\/page"}],"author":[{"embeddable":true,"href":"https:\/\/www.hsu-hh.de\/mrp\/wp-json\/wp\/v2\/users\/1199"}],"replies":[{"embeddable":true,"href":"https:\/\/www.hsu-hh.de\/mrp\/wp-json\/wp\/v2\/comments?post=1580"}],"version-history":[{"count":8,"href":"https:\/\/www.hsu-hh.de\/mrp\/wp-json\/wp\/v2\/pages\/1580\/revisions"}],"predecessor-version":[{"id":2765,"href":"https:\/\/www.hsu-hh.de\/mrp\/wp-json\/wp\/v2\/pages\/1580\/revisions\/2765"}],"wp:attachment":[{"href":"https:\/\/www.hsu-hh.de\/mrp\/wp-json\/wp\/v2\/media?parent=1580"}],"wp:term":[{"taxonomy":"category","embeddable":true,"href":"https:\/\/www.hsu-hh.de\/mrp\/wp-json\/wp\/v2\/categories?post=1580"},{"taxonomy":"post_tag","embeddable":true,"href":"https:\/\/www.hsu-hh.de\/mrp\/wp-json\/wp\/v2\/tags?post=1580"}],"curies":[{"name":"wp","href":"https:\/\/api.w.org\/{rel}","templated":true}]}}