{"id":1273,"date":"2019-12-12T19:16:55","date_gmt":"2019-12-12T18:16:55","guid":{"rendered":"https:\/\/www.hsu-hh.de\/mrp\/?page_id=1273"},"modified":"2024-12-03T09:06:07","modified_gmt":"2024-12-03T08:06:07","slug":"__christian-vorwerk","status":"publish","type":"page","link":"https:\/\/www.hsu-hh.de\/mrp\/__christian-vorwerk","title":{"rendered":"Dipl.-Ing. Christian Vorwerk"},"content":{"rendered":"\n<div class=\"wp-block-columns is-layout-flex wp-container-core-columns-is-layout-9d6595d7 wp-block-columns-is-layout-flex\">\n<div class=\"wp-block-column is-layout-flow wp-block-column-is-layout-flow\" style=\"flex-basis:15%\">\n<p class=\"has-small-font-size\"><strong>Postanschrift:<\/strong><br>Helmut-Schmidt-Universit\u00e4t<br>Fakult\u00e4t f\u00fcr Maschinenbau<br>Postfach 70 08 22<br>22008 Hamburg<\/p>\n<\/div>\n\n\n\n<div class=\"wp-block-column is-layout-flow wp-block-column-is-layout-flow\" style=\"flex-basis:15%\">\n<p class=\"has-small-font-size\"><strong>Besucheranschrift:<\/strong><br>Helmut-Schmidt-Universit\u00e4t<br>Geb\u00e4ude H01<br>Holstenhofweg 85<br>22043 Hamburg<\/p>\n<\/div>\n\n\n\n<div class=\"wp-block-column is-layout-flow wp-block-column-is-layout-flow\">\n<div class=\"wp-block-columns is-layout-flex wp-container-core-columns-is-layout-9d6595d7 wp-block-columns-is-layout-flex\">\n<div class=\"wp-block-column is-layout-flow wp-block-column-is-layout-flow\">\n<p class=\"has-small-font-size\"><strong>Raum:<\/strong> 1320<br><strong>Telefon:<\/strong> +49406541-3601<br><strong>Fax:<\/strong> +49406541-3745<br><strong>E-Mail:<\/strong> christian.vorwerk@hsu-hh.de<\/p>\n<\/div>\n<\/div>\n<\/div>\n\n\n\n<div class=\"wp-block-column is-layout-flow wp-block-column-is-layout-flow\">\n<figure class=\"wp-block-image size-medium is-resized is-style-rounded\"><img loading=\"lazy\" decoding=\"async\" width=\"225\" height=\"300\" src=\"https:\/\/www.hsu-hh.de\/mrp\/wp-content\/uploads\/sites\/505\/2019\/12\/DSC_0091-1-225x300.jpg\" data-credit=\"Dipl.-Ing. Christian Vorwerk\" alt=\"\" class=\"wp-image-1305\" style=\"object-fit:cover;width:84px;height:auto\" srcset=\"https:\/\/www.hsu-hh.de\/mrp\/wp-content\/uploads\/sites\/505\/2019\/12\/DSC_0091-1-225x300.jpg 225w, https:\/\/www.hsu-hh.de\/mrp\/wp-content\/uploads\/sites\/505\/2019\/12\/DSC_0091-1-768x1024.jpg 768w, https:\/\/www.hsu-hh.de\/mrp\/wp-content\/uploads\/sites\/505\/2019\/12\/DSC_0091-1.jpg 1350w\" sizes=\"auto, (max-width: 225px) 100vw, 225px\" \/><\/figure>\n<\/div>\n<\/div>\n\n\n\n<h2 class=\"wp-block-heading\"><br>T\u00e4tigkeiten<\/h2>\n\n\n\n<p>Herr Vorwerk ist als Oberingenieur am MRP t\u00e4tig.<br><br>Im Rahmen der Forschung besch\u00e4ftigt Herr Vorwerk sich mit<\/p>\n\n\n\n<ul class=\"wp-block-list\">\n<li>der Entwicklung von analogen Messsystemen,<\/li>\n\n\n\n<li>der digitalen Datenverarbeitung und<\/li>\n\n\n\n<li>Hybriden Filtersystemen in Multiratensystemen.<\/li>\n<\/ul>\n\n\n\n<p><br>Herr Vorwerk engagiert sich in der Lehre in den F\u00e4chern Maschinenelemente und Methodik der Entwicklung.<br><\/p>\n\n\n\n<h2 class=\"wp-block-heading\"><br>Projekte<\/h2>\n\n\n\n<p>Im Rahmen von Forschungskooperationen wurden nachfolgende Forschungsprojekte bearbeitet:<\/p>\n\n\n\n<ul class=\"wp-block-list\">\n<li>Entwicklung von Echtzeitmesssystemen zur Prozessanalyse<\/li>\n\n\n\n<li>Entwicklung hochaufl\u00f6sender magnetinduktiver Seilpr\u00fcfger\u00e4te<\/li>\n\n\n\n<li>Algorithmierung von analogen Filtern in Sallen-Key-Strukturen<\/li>\n\n\n\n<li>Berechnungsverfahren zur numerischen Nullstellenberechnung von Polynomen<\/li>\n\n\n\n<li>Numerische Intervallrechnung mit garantierter Genauigkeit<\/li>\n<\/ul>\n\n\n\n<h2 class=\"wp-block-heading\"><br>Ver\u00f6ffentlichungen<\/h2>\n\n\n<div id=\"category_content_rpGb8OZt\" class=\"hsu_category archive-page\"><div class=\"clearfix\"><\/div><div class=\"entry-content\"><!-- wp:paragraph -->\n<p><strong>Malessa, P.; Vorwerk, C.; Winter, S.; Traub, S.<\/strong> Combining Vision and MRT &#8211; The future of rope inspection In: Proceedings of the OIPEEC and ISRD Conference 17-20 March 2026, S.157-168. Madrid, 2026<\/p>\n<!-- \/wp:paragraph --><\/div><div class=\"clearfix\"><\/div><div class=\"entry-content\"><strong> Vorwerk, C.; Messmer, S.; Winter, S.<\/strong> Multisensor concept for wire rope analysis. In: Proceedings of the OIPEEC and ISRD Conference 27-30 September 2022, S.375-393. Stuttgart: University, 2022<\/div><div class=\"clearfix\"><\/div><div class=\"entry-content\"><strong>Vorwerk, C.; Mantwill, F.<\/strong> Strahlungsfreier R\u00f6ntgenblick &#8211; Hochaufl\u00f6sende zerst\u00f6rungsfreie Pr\u00fcfung von Stahlseilen. In: Technische Logistik &#8211; Hebezeuge F\u00f6rdermittel 62 (2022) 11-12, S. 32-34<\/div><div class=\"clearfix\"><\/div><div class=\"entry-content\"><strong>Weber, M.; Schr\u00f6ppel, M.; Vorwerk, C.; Wehking K.-H.<\/strong> Monofunktionale autonome Transporteinheiten 2\/2 &#8211; Doppelkufensystem schafft bis zu 1000kg. In: Hebezeuge und F\u00f6rdermittel 52 (2012) 3, S. 80-82<\/div><div class=\"clearfix\"><\/div><div class=\"entry-content\"><strong>Weber, M.; Schr\u00f6ppel, M.; Vorwerk, C.<\/strong> Automatisierung &#8211; Artikel im festen Griff. In: Logistik heute 33 (2011) 4, S. 52-53<\/div><\/div><div class=\"clearfix\"><\/div><div class=\"col-xs-12 col-md-3 col-md-push-4\"><span class=\"link no-arrow\"><button class=\"gcategorymore hsu_btn\" id=\"rpGb8OZt\"  data-catID=\"76\" data-postsPerPage=\"5\" data-order=\"DESC\" data-paged=\"2\" data-more_posts=\"1\" data-postcontent=\"1\" data-currentPostId=\"1273\" data-uid=\"rpGb8OZt\" data-ajax=\"true\" >Mehr Beitr\u00e4ge<\/button><\/span><\/div><div class=\"clearfix\"><\/div>\n\n\n<h2 class=\"wp-block-heading\"><br>Studentische Arbeiten<\/h2>\n\n\n<div id=\"category_content_nC1Ofa2k\" class=\"hsu_category archive-page\"><\/div><div class=\"clearfix\"><\/div>","protected":false},"excerpt":{"rendered":"<p>Postanschrift:Helmut-Schmidt-Universit\u00e4tFakult\u00e4t f\u00fcr MaschinenbauPostfach 70 08 2222008 Hamburg Besucheranschrift:Helmut-Schmidt-Universit\u00e4tGeb\u00e4ude H01Holstenhofweg 8522043 Hamburg Raum: 1320Telefon: +49406541-3601Fax: +49406541-3745E-Mail: christian.vorwerk@hsu-hh.de T\u00e4tigkeiten Herr Vorwerk ist als Oberingenieur am MRP t\u00e4tig. Im Rahmen der Forschung besch\u00e4ftigt [&hellip;]<\/p>\n","protected":false},"author":1199,"featured_media":0,"parent":0,"menu_order":0,"comment_status":"closed","ping_status":"closed","template":"","meta":{"footnotes":""},"categories":[4],"tags":[],"class_list":["post-1273","page","type-page","status-publish","hentry","category-forschung"],"_links":{"self":[{"href":"https:\/\/www.hsu-hh.de\/mrp\/wp-json\/wp\/v2\/pages\/1273","targetHints":{"allow":["GET"]}}],"collection":[{"href":"https:\/\/www.hsu-hh.de\/mrp\/wp-json\/wp\/v2\/pages"}],"about":[{"href":"https:\/\/www.hsu-hh.de\/mrp\/wp-json\/wp\/v2\/types\/page"}],"author":[{"embeddable":true,"href":"https:\/\/www.hsu-hh.de\/mrp\/wp-json\/wp\/v2\/users\/1199"}],"replies":[{"embeddable":true,"href":"https:\/\/www.hsu-hh.de\/mrp\/wp-json\/wp\/v2\/comments?post=1273"}],"version-history":[{"count":45,"href":"https:\/\/www.hsu-hh.de\/mrp\/wp-json\/wp\/v2\/pages\/1273\/revisions"}],"predecessor-version":[{"id":3174,"href":"https:\/\/www.hsu-hh.de\/mrp\/wp-json\/wp\/v2\/pages\/1273\/revisions\/3174"}],"wp:attachment":[{"href":"https:\/\/www.hsu-hh.de\/mrp\/wp-json\/wp\/v2\/media?parent=1273"}],"wp:term":[{"taxonomy":"category","embeddable":true,"href":"https:\/\/www.hsu-hh.de\/mrp\/wp-json\/wp\/v2\/categories?post=1273"},{"taxonomy":"post_tag","embeddable":true,"href":"https:\/\/www.hsu-hh.de\/mrp\/wp-json\/wp\/v2\/tags?post=1273"}],"curies":[{"name":"wp","href":"https:\/\/api.w.org\/{rel}","templated":true}]}}