{"id":73,"date":"2017-07-03T15:52:08","date_gmt":"2017-07-03T13:52:08","guid":{"rendered":"https:\/\/www.hsu-hh.de\/vorlage\/?page_id=73"},"modified":"2025-12-05T10:31:24","modified_gmt":"2025-12-05T09:31:24","slug":"startseite","status":"publish","type":"page","link":"https:\/\/www.hsu-hh.de\/monecon\/","title":{"rendered":""},"content":{"rendered":"<p>Willkommen auf der Seite der Professur f\u00fcr Volkswirtschaftslehre, <abbr title=\"insbesondere\">insb.<\/abbr> Monet\u00e4re \u00d6konomik. \/ Welcome to the internet pages of the Chair of Monetary Economics.<\/p>\n\n\n<p>Informationen zu Lehrveranstaltungen werden auf der ILIAS Plattform zur Verf\u00fcgung gestellt. \/ For information on courses, please visit the ILIAS platform.<\/p>\n","protected":false},"excerpt":{"rendered":"<p>Willkommen auf der Seite der Professur f\u00fcr Volkswirtschaftslehre, insb. Monet\u00e4re \u00d6konomik. \/ Welcome to the internet pages of the Chair of Monetary Economics. Informationen zu Lehrveranstaltungen werden auf der ILIAS [&hellip;]<\/p>\n","protected":false},"author":1,"featured_media":0,"parent":0,"menu_order":0,"comment_status":"closed","ping_status":"closed","template":"","meta":{"footnotes":""},"categories":[35],"tags":[],"class_list":["post-73","page","type-page","status-publish","hentry","category-startseite"],"_links":{"self":[{"href":"https:\/\/www.hsu-hh.de\/monecon\/wp-json\/wp\/v2\/pages\/73","targetHints":{"allow":["GET"]}}],"collection":[{"href":"https:\/\/www.hsu-hh.de\/monecon\/wp-json\/wp\/v2\/pages"}],"about":[{"href":"https:\/\/www.hsu-hh.de\/monecon\/wp-json\/wp\/v2\/types\/page"}],"author":[{"embeddable":true,"href":"https:\/\/www.hsu-hh.de\/monecon\/wp-json\/wp\/v2\/users\/1"}],"replies":[{"embeddable":true,"href":"https:\/\/www.hsu-hh.de\/monecon\/wp-json\/wp\/v2\/comments?post=73"}],"version-history":[{"count":195,"href":"https:\/\/www.hsu-hh.de\/monecon\/wp-json\/wp\/v2\/pages\/73\/revisions"}],"predecessor-version":[{"id":1432,"href":"https:\/\/www.hsu-hh.de\/monecon\/wp-json\/wp\/v2\/pages\/73\/revisions\/1432"}],"wp:attachment":[{"href":"https:\/\/www.hsu-hh.de\/monecon\/wp-json\/wp\/v2\/media?parent=73"}],"wp:term":[{"taxonomy":"category","embeddable":true,"href":"https:\/\/www.hsu-hh.de\/monecon\/wp-json\/wp\/v2\/categories?post=73"},{"taxonomy":"post_tag","embeddable":true,"href":"https:\/\/www.hsu-hh.de\/monecon\/wp-json\/wp\/v2\/tags?post=73"}],"curies":[{"name":"wp","href":"https:\/\/api.w.org\/{rel}","templated":true}]}}