{"id":73,"date":"2017-07-03T15:52:08","date_gmt":"2017-07-03T13:52:08","guid":{"rendered":"https:\/\/www.hsu-hh.de\/vorlage\/?page_id=73"},"modified":"2025-02-12T09:04:37","modified_gmt":"2025-02-12T08:04:37","slug":"startseite","status":"publish","type":"page","link":"https:\/\/www.hsu-hh.de\/mittelbau\/","title":{"rendered":"Mittelbaukonvent"},"content":{"rendered":"\n<h2 class=\"wp-block-heading\"><img loading=\"lazy\" decoding=\"async\" class=\"wp-image-240 aligncenter\" src=\"https:\/\/www.hsu-hh.de\/mittelbau\/wp-content\/uploads\/sites\/825\/2019\/11\/Logo-Konvent-300x228.png\" alt=\"cc\" width=\"316\" height=\"240\" data-credit=\"mm\" srcset=\"https:\/\/www.hsu-hh.de\/mittelbau\/wp-content\/uploads\/sites\/825\/2019\/11\/Logo-Konvent-300x228.png 300w, https:\/\/www.hsu-hh.de\/mittelbau\/wp-content\/uploads\/sites\/825\/2019\/11\/Logo-Konvent-768x585.png 768w, https:\/\/www.hsu-hh.de\/mittelbau\/wp-content\/uploads\/sites\/825\/2019\/11\/Logo-Konvent-1024x780.png 1024w, https:\/\/www.hsu-hh.de\/mittelbau\/wp-content\/uploads\/sites\/825\/2019\/11\/Logo-Konvent.png 1304w\" sizes=\"auto, (max-width: 316px) 100vw, 316px\" \/><\/h2>\n\n\n\n<h2 class=\"wp-block-heading\"><em>WIR F\u00dcR EUCH<\/em><\/h2>\n\n\n\n<p>Der Konvent der wissenschaftlichen Mitarbeiter*innen der Helmut-Schmidt-Universit\u00e4t vertritt die Interessen und Anliegen der Gesamtheit der wissenschaftlichen Mitarbeiter*innen (<abbr title=\"Wissenschaftlicher Mitarbeiter\">WMA<\/abbr>).<\/p>\n\n\n\n<p>Wir wollen die Arbeits- und Besch\u00e4ftigungsbedingungen f\u00fcr den Mittelbau an der <abbr title=\"Helmut Schmidt Universit\u00e4t\">HSU<\/abbr> so gestalten, dass Leistungsbereitschaft und vorhandenes Potential voll ausgesch\u00f6pft werden und erfolgreiche Karrierewege innerhalb wie au\u00dferhalb des universit\u00e4ren Umfeldes geebnet werden.<\/p>\n\n\n\n<figure class=\"wp-block-image size-large is-resized\"><img loading=\"lazy\" decoding=\"async\" width=\"1024\" height=\"534\" src=\"https:\/\/www.hsu-hh.de\/mittelbau\/wp-content\/uploads\/sites\/825\/2024\/10\/Mittelbaukonvent-Organigramm-Neu-1024x534.png\" data-credit=\"Marie Schweim\" alt=\"\" class=\"wp-image-317\" style=\"width:830px;height:433px\" srcset=\"https:\/\/www.hsu-hh.de\/mittelbau\/wp-content\/uploads\/sites\/825\/2024\/10\/Mittelbaukonvent-Organigramm-Neu-1024x534.png 1024w, https:\/\/www.hsu-hh.de\/mittelbau\/wp-content\/uploads\/sites\/825\/2024\/10\/Mittelbaukonvent-Organigramm-Neu-300x156.png 300w, https:\/\/www.hsu-hh.de\/mittelbau\/wp-content\/uploads\/sites\/825\/2024\/10\/Mittelbaukonvent-Organigramm-Neu-768x400.png 768w, https:\/\/www.hsu-hh.de\/mittelbau\/wp-content\/uploads\/sites\/825\/2024\/10\/Mittelbaukonvent-Organigramm-Neu-1536x801.png 1536w, https:\/\/www.hsu-hh.de\/mittelbau\/wp-content\/uploads\/sites\/825\/2024\/10\/Mittelbaukonvent-Organigramm-Neu-2048x1068.png 2048w, https:\/\/www.hsu-hh.de\/mittelbau\/wp-content\/uploads\/sites\/825\/2024\/10\/Mittelbaukonvent-Organigramm-Neu-1100x574.png 1100w\" sizes=\"auto, (max-width: 1024px) 100vw, 1024px\" \/><figcaption class=\"wp-element-caption\">Organigramm &#8211; Mittelbaukonvent<\/figcaption><\/figure>\n\n\n\n<h2 class=\"wp-block-heading\"><em><strong>WER WIR SIND<\/strong><\/em><\/h2>\n\n\n\n<p>Mitglieder des Konventes sind die in den Fakult\u00e4ten gew\u00e4hlten <abbr title=\"Wissenschaftlicher Mitarbeiter\">WMA<\/abbr>-Vertreter*innen f\u00fcr Senat und Fakult\u00e4tsrat, aber auch die Senatsausschussmitglieder sind genauso wie alle anderen <abbr title=\"Wissenschaftlicher Mitarbeiter\">WMA<\/abbr> unserer Universit\u00e4t zu den Sitzungen des Mittelbaukonvents immer am 1. Donnerstag im Monat eingeladen.<\/p>\n\n\n\n<p>Der Vorsitz des Konvents besteht aus einer*m gew\u00e4hlten Sprecher*in und mindestens einer Stellvertretung. Aktuell vertreten Marie Schweim (<abbr title=\"Elektrotechnik\">ET<\/abbr>) und Jan Schiller (<abbr title=\"Geistes- und Sozialwissenschaften\">GeiSo<\/abbr>) deine Interessen. Wenn du sie erreichen m\u00f6chtest, schreibe einfach eine Email an <a href=\"mailto:mittelbau@hsu-hh.de\" rel='nofollow'>mittelbau@hsu-hh.de<\/a> oder <\/p>\n\n\n\n<p><\/p>\n\n\n\n<h2 class=\"wp-block-heading\"><em><strong>WAS WIR F\u00dcR DICH TUN<br><\/strong><\/em><\/h2>\n\n\n\n<p>Der Konvent tagt jeden ersten Donnerstag im Monat. Wir besprechen aktuelle Themen und Probleme, entwickeln L\u00f6sungsans\u00e4tze und pr\u00fcfen die Umsetzung \u00fcber die entsprechenden Gremien oder im direkten Austausch mit der Universit\u00e4tsleitung und der Verwaltung.<\/p>\n\n\n\n<p>Wenn Du ein Thema hast, dem wir uns annehmen sollen, lass es uns wissen, indem Du uns einfach pers\u00f6nlich ansprichst oder uns eine E-Mail an <a href=\"mailto:mittelbau@hsu-hh.de\" rel='nofollow'>mittelbau@hsu-hh.de<\/a> schickst. <\/p>\n\n\n\n<p>Dar\u00fcber hinaus gibt es einmal im Jahr in der Regel am ersten Donnerstag im November eine (hybride) Vollversammlung, zu der wir Euch alle einladen und bei der wir uns zu aktuellen Themen austauschen.<\/p>\n\n\n\n<p>Dar\u00fcber hinaus sammeln wir n\u00fctzliche Informationen f\u00fcr alle <abbr title=\"Wissenschaftlicher Mitarbeiter\">WMA<\/abbr> an er der <abbr title=\"Helmut Schmidt Universit\u00e4t\">HSU<\/abbr> \u00fcber MS Teams in <a href=\"https:\/\/teams.microsoft.com\/l\/team\/19%3AHr6rfhafSN_1pNdxfcEiB1_kc4uk7y7tgJX_FW04fmI1%40thread.tacv2\/conversations?groupId=c0ee7703-157c-478b-8653-59a09a624932&amp;tenantId=5832f73f-b0fa-45a0-80d9-7e32bd7fa822\" rel='nofollow'>Mittelbau an der <abbr title=\"Helmut Schmidt Universit\u00e4t\">HSU<\/abbr> | Allgemein | Microsoft Teams<\/a>, zu dem alle <abbr title=\"Wissenschaftlicher Mitarbeiter\">WMA<\/abbr> bei Einstellung hinzugef\u00fcgt werden. <\/p>\n","protected":false},"excerpt":{"rendered":"<p>WIR F\u00dcR EUCH Der Konvent der wissenschaftlichen Mitarbeiter*innen der Helmut-Schmidt-Universit\u00e4t vertritt die Interessen und Anliegen der Gesamtheit der wissenschaftlichen Mitarbeiter*innen (WMA). Wir wollen die Arbeits- und Besch\u00e4ftigungsbedingungen f\u00fcr den Mittelbau [&hellip;]<\/p>\n","protected":false},"author":26,"featured_media":240,"parent":0,"menu_order":0,"comment_status":"closed","ping_status":"closed","template":"","meta":{"footnotes":""},"categories":[35],"tags":[],"class_list":["post-73","page","type-page","status-publish","has-post-thumbnail","hentry","category-startseite"],"_links":{"self":[{"href":"https:\/\/www.hsu-hh.de\/mittelbau\/wp-json\/wp\/v2\/pages\/73","targetHints":{"allow":["GET"]}}],"collection":[{"href":"https:\/\/www.hsu-hh.de\/mittelbau\/wp-json\/wp\/v2\/pages"}],"about":[{"href":"https:\/\/www.hsu-hh.de\/mittelbau\/wp-json\/wp\/v2\/types\/page"}],"author":[{"embeddable":true,"href":"https:\/\/www.hsu-hh.de\/mittelbau\/wp-json\/wp\/v2\/users\/26"}],"replies":[{"embeddable":true,"href":"https:\/\/www.hsu-hh.de\/mittelbau\/wp-json\/wp\/v2\/comments?post=73"}],"version-history":[{"count":77,"href":"https:\/\/www.hsu-hh.de\/mittelbau\/wp-json\/wp\/v2\/pages\/73\/revisions"}],"predecessor-version":[{"id":335,"href":"https:\/\/www.hsu-hh.de\/mittelbau\/wp-json\/wp\/v2\/pages\/73\/revisions\/335"}],"wp:featuredmedia":[{"embeddable":true,"href":"https:\/\/www.hsu-hh.de\/mittelbau\/wp-json\/wp\/v2\/media\/240"}],"wp:attachment":[{"href":"https:\/\/www.hsu-hh.de\/mittelbau\/wp-json\/wp\/v2\/media?parent=73"}],"wp:term":[{"taxonomy":"category","embeddable":true,"href":"https:\/\/www.hsu-hh.de\/mittelbau\/wp-json\/wp\/v2\/categories?post=73"},{"taxonomy":"post_tag","embeddable":true,"href":"https:\/\/www.hsu-hh.de\/mittelbau\/wp-json\/wp\/v2\/tags?post=73"}],"curies":[{"name":"wp","href":"https:\/\/api.w.org\/{rel}","templated":true}]}}