{"id":73,"date":"2017-07-03T15:52:08","date_gmt":"2017-07-03T13:52:08","guid":{"rendered":"https:\/\/www.hsu-hh.de\/vorlage\/?page_id=73"},"modified":"2021-11-11T11:50:26","modified_gmt":"2021-11-11T10:50:26","slug":"startseite","status":"publish","type":"page","link":"https:\/\/www.hsu-hh.de\/mittelalter\/","title":{"rendered":"Professur"},"content":{"rendered":"\n<figure class=\"wp-block-image size-full is-resized\"><img loading=\"lazy\" decoding=\"async\" src=\"https:\/\/www.hsu-hh.de\/mittelalter\/wp-content\/uploads\/sites\/715\/2021\/09\/grafik-1.png\" data-credit=\"\" alt=\"\" class=\"wp-image-113\" width=\"538\" height=\"137\" srcset=\"https:\/\/www.hsu-hh.de\/mittelalter\/wp-content\/uploads\/sites\/715\/2021\/09\/grafik-1.png 400w, https:\/\/www.hsu-hh.de\/mittelalter\/wp-content\/uploads\/sites\/715\/2021\/09\/grafik-1-300x77.png 300w\" sizes=\"auto, (max-width: 538px) 100vw, 538px\" \/><\/figure>\n\n\n\n<p>(Menschen im Mittelalter, Kollage von Bildern aus Verona, L\u00fcneburg, L\u00fcbeck, Graz; <br>Aufnahme: Professor Dr. Stephan Selzer)<\/p>\n\n\n\n<p><\/p>\n\n\n\n<h2 class=\"wp-block-heading\">Herzlich Willkommen auf den Seiten der Professur f\u00fcr Mittelalterliche Geschichte!<\/h2>\n\n\n\n<p>Wenn in der Sprache des Alltags unhaltbare Zust\u00e4nde jeglicher Art bezeichnet werden sollen, wird h\u00e4ufig die Chiffre von den &#8222;mittelalterlichen Zust\u00e4nden&#8220; bem\u00fcht. Dieser Begriff besitzt eine Geschichte, die in der Zeit der Aufkl\u00e4rung beginnt. Seitdem dient die Epoche des Mittelalters als dunkler Hintergrund, vor dem sich die Zust\u00e4nde und Errungenschaften der Moderne umso heller abheben. Doch gerade in den letzten Jahren hat sich dieses dunkle Mittelalterbild auch mit helleren Farben gemischt. Besitzt das Mittelalter doch offenbar f\u00fcr eine noch immer wachsende Festkultur die Faszination des Phantastischen und den Reiz einer derb-prallen Lebensfreude.<\/p>\n\n\n\n<p>Durchaus aber hat dieses &#8222;entzweite Mittelalterbild&#8220; (O.G. Oexle) mit dem Charakter der Epoche zu tun. Das Mittelalter ist die Vorgeschichte unserer Gegenwart, zu der sie hinf\u00fchrt und die sie erkl\u00e4rt. Und nat\u00fcrlich ist das Mittelalter auch ganz konkret in unserer eigenen Lebenswelt pr\u00e4sent &#8211; in Institutionen, Festen und Namen von St\u00e4dten, Stra\u00dfen und Menschen, aber nat\u00fcrlich auch in materiellen \u00dcberresten. Doch ist es gerade auch die Andersartigkeit der mittelalterlichen Welt, die von der Forschung in den letzten Jahrzehnten deutlicher herausgestellt worden ist. Denn die Spielregeln in Politik und sozialem Handeln waren im Mittelalter zuweilen ganz anders als diejenigen, die wir aus der europ\u00e4ischen Moderne kennen. Und weil es auch diese immer neu wahrzunehmen gilt, sind auch die Bilder vom Mittelalter stetem Wandel ausgesetzt, deren je eigene Entschl\u00fcsselung wichtige Einsichten \u00fcber die Zeit ihrer Entstehung vermittelt.<\/p>\n\n\n\n<p>Ganz anders sind in diesem Teilfach aber auch die Quellen und ihre \u00dcberlieferung. Was auf manchen Studierenden zun\u00e4chst abschreckend wirken mag, macht aber gerade die besondere Erkenntnischance des Teilfaches aus. Denn wer sich auf Veranstaltungen zur mittelalterlichen Geschichte einl\u00e4sst, wird sowohl ein methodisches Handwerkszeug erlernen, das auch beim Studium anderer Epochen und Kulturen n\u00fctzlich sein wird, als auch eine moderne Medi\u00e4vistik kennenlernen, die interdisziplin\u00e4r arbeitet und in europ\u00e4ischen Zusammenh\u00e4ngen argumentiert.<\/p>\n\n\n\n<p><\/p>\n\n\n\n<p><\/p>\n","protected":false},"excerpt":{"rendered":"<p>(Menschen im Mittelalter, Kollage von Bildern aus Verona, L\u00fcneburg, L\u00fcbeck, Graz; Aufnahme: Professor Dr. Stephan Selzer) Herzlich Willkommen auf den Seiten der Professur f\u00fcr Mittelalterliche Geschichte! Wenn in der Sprache [&hellip;]<\/p>\n","protected":false},"author":1,"featured_media":0,"parent":0,"menu_order":0,"comment_status":"closed","ping_status":"closed","template":"","meta":{"footnotes":""},"categories":[35],"tags":[],"class_list":["post-73","page","type-page","status-publish","hentry","category-professur"],"_links":{"self":[{"href":"https:\/\/www.hsu-hh.de\/mittelalter\/wp-json\/wp\/v2\/pages\/73","targetHints":{"allow":["GET"]}}],"collection":[{"href":"https:\/\/www.hsu-hh.de\/mittelalter\/wp-json\/wp\/v2\/pages"}],"about":[{"href":"https:\/\/www.hsu-hh.de\/mittelalter\/wp-json\/wp\/v2\/types\/page"}],"author":[{"embeddable":true,"href":"https:\/\/www.hsu-hh.de\/mittelalter\/wp-json\/wp\/v2\/users\/1"}],"replies":[{"embeddable":true,"href":"https:\/\/www.hsu-hh.de\/mittelalter\/wp-json\/wp\/v2\/comments?post=73"}],"version-history":[{"count":12,"href":"https:\/\/www.hsu-hh.de\/mittelalter\/wp-json\/wp\/v2\/pages\/73\/revisions"}],"predecessor-version":[{"id":421,"href":"https:\/\/www.hsu-hh.de\/mittelalter\/wp-json\/wp\/v2\/pages\/73\/revisions\/421"}],"wp:attachment":[{"href":"https:\/\/www.hsu-hh.de\/mittelalter\/wp-json\/wp\/v2\/media?parent=73"}],"wp:term":[{"taxonomy":"category","embeddable":true,"href":"https:\/\/www.hsu-hh.de\/mittelalter\/wp-json\/wp\/v2\/categories?post=73"},{"taxonomy":"post_tag","embeddable":true,"href":"https:\/\/www.hsu-hh.de\/mittelalter\/wp-json\/wp\/v2\/tags?post=73"}],"curies":[{"name":"wp","href":"https:\/\/api.w.org\/{rel}","templated":true}]}}