{"id":172,"date":"2021-09-16T14:30:57","date_gmt":"2021-09-16T12:30:57","guid":{"rendered":"https:\/\/www.hsu-hh.de\/mittelalter\/?page_id=172"},"modified":"2026-04-10T11:20:25","modified_gmt":"2026-04-10T09:20:25","slug":"lehre","status":"publish","type":"page","link":"https:\/\/www.hsu-hh.de\/mittelalter\/lehre","title":{"rendered":"Lehre"},"content":{"rendered":"\n<h2 class=\"wp-block-heading\">Fr\u00fchjahrstrimester (<abbr title=\"Fr\u00fchjahrstrimester\">FT<\/abbr>26)<br>07.04. &#8211; 30.06.2026<\/h2>\n\n\n\n<p><\/p>\n\n\n\n<p><\/p>\n\n\n\n<p><strong><a>Vorlesung<\/a> (BA)<\/strong><br><strong>Repetitorium Vormoderne<\/strong><br><strong>Mittwoch 09.45-11.15 Uhr, Geb\u00e4ude H1, SR 101\/103<\/strong><br><a><strong><abbr title=\"Professor\">Prof.<\/abbr> <abbr title=\"Doktor\">Dr.<\/abbr> Stephan Selzer\/<abbr title=\"Professor\">Prof.<\/abbr> <abbr title=\"Doktor\">Dr.<\/abbr> Jutta Nowosadtko\/<abbr title=\"Professor\">Prof.<\/abbr> <abbr title=\"Doktor\">Dr.<\/abbr> Hoffmann-Salz<\/strong><\/a><\/p>\n\n\n\n<p><\/p>\n\n\n\n<p><\/p>\n\n\n\n<p><strong>Hauptseminar (BA)<\/strong><br><strong>Hanse und Westfalen (mit Exkursion)<\/strong><br><strong>Dienstag 17.30-19 Uhr, Geb\u00e4ude H1, SR 101\/103<\/strong><br><strong>Christian Ashauer M.A.<\/strong><\/p>\n\n\n\n<p><\/p>\n\n\n\n<p><\/p>\n\n\n\n<p><strong>\u00dcbung (BA)<\/strong><br><strong>Festigung der Grundlagen Vormoderne (MA): Heraldik, Diplomatik &amp; Co. Historische Grundwissenschaften der Medi\u00e4vistik<\/strong><br><strong>Dienstag 15.45-17:15 Uhr, Geb\u00e4ude H 7, H\u00f6rsaal 31<\/strong><br><strong>Christian Ashauer M.A.<\/strong><\/p>\n\n\n\n<p><\/p>\n\n\n\n<p><\/p>\n\n\n\n<p><strong>Hauptseminar (MA)<\/strong><br><strong>Sachkultur der mittelalterlichen Stadt<\/strong><br><strong>Montag 11.30-13 Uhr, Geb\u00e4ude H1, SR 206<\/strong><br><strong><abbr title=\"Professor\">Prof.<\/abbr> <abbr title=\"Doktor\">Dr.<\/abbr> Stephan Selzer<\/strong><\/p>\n\n\n\n<p><\/p>\n\n\n\n<p><\/p>\n\n\n\n<p><strong>\u00dcbung (MA)<\/strong><br><strong>Zum Umgang mit sp\u00e4tmittelalterlichen Rechnungen. M\u00f6glichkeiten der inhaltlichen Erschlie\u00dfung und Analyse<\/strong><br><a><strong>Dienstag 11.30-13 Uhr, Geb\u00e4ude H1, SR 201<\/strong><\/a><br><strong><abbr title=\"Professor\">Prof.<\/abbr> <abbr title=\"Doktor\">Dr.<\/abbr> Stephan Selzer\/Elisa Gelz M.Ed.<\/strong><\/p>\n\n\n\n<p><\/p>\n\n\n\n<p><\/p>\n\n\n\n<p><strong>Projektarbeit Mittelalterliche Geschichte (BA)<\/strong><br><strong>Termin&nbsp; und Raum nach Vereinbarung<\/strong><br><strong><abbr title=\"Professor\">Prof.<\/abbr> <abbr title=\"Doktor\">Dr.<\/abbr> Stephan Selzer<\/strong><\/p>\n\n\n\n<p><\/p>\n\n\n\n<p><\/p>\n\n\n\n<p><strong>Examenskolloquium Mittelalterliche Geschichte (MA)<\/strong><br><strong>Termin&nbsp; und Raum nach Vereinbarung&nbsp;&nbsp;&nbsp;&nbsp;&nbsp;&nbsp;&nbsp;&nbsp;&nbsp;&nbsp;&nbsp;&nbsp;&nbsp;&nbsp;&nbsp;&nbsp;&nbsp;&nbsp;&nbsp;&nbsp;&nbsp;&nbsp;&nbsp;&nbsp;&nbsp;&nbsp;&nbsp;&nbsp;&nbsp;&nbsp;&nbsp;&nbsp;&nbsp;&nbsp;&nbsp;&nbsp;&nbsp;&nbsp;&nbsp;&nbsp;&nbsp;&nbsp;&nbsp;&nbsp;&nbsp;&nbsp;&nbsp;&nbsp;&nbsp;&nbsp;&nbsp;&nbsp;&nbsp;&nbsp;&nbsp;&nbsp;&nbsp;&nbsp;&nbsp;&nbsp;&nbsp;&nbsp;&nbsp;&nbsp;&nbsp;&nbsp;&nbsp;&nbsp;&nbsp;&nbsp;&nbsp;&nbsp;&nbsp;&nbsp;&nbsp;<\/strong><br><strong><abbr title=\"Professor\">Prof.<\/abbr> <abbr title=\"Doktor\">Dr.<\/abbr> Stephan Selzer<\/strong><\/p>\n\n\n\n<p><\/p>\n\n\n\n<p><\/p>\n\n\n\n<p><\/p>\n","protected":false},"excerpt":{"rendered":"<p>Fr\u00fchjahrstrimester (FT26)07.04. &#8211; 30.06.2026 Vorlesung (BA)Repetitorium VormoderneMittwoch 09.45-11.15 Uhr, Geb\u00e4ude H1, SR 101\/103Prof. Dr. Stephan Selzer\/Prof. Dr. Jutta Nowosadtko\/Prof. Dr. Hoffmann-Salz Hauptseminar (BA)Hanse und Westfalen (mit Exkursion)Dienstag 17.30-19 Uhr, Geb\u00e4ude [&hellip;]<\/p>\n","protected":false},"author":38,"featured_media":0,"parent":0,"menu_order":0,"comment_status":"closed","ping_status":"closed","template":"","meta":{"footnotes":""},"categories":[4],"tags":[],"class_list":["post-172","page","type-page","status-publish","hentry","category-forschung"],"_links":{"self":[{"href":"https:\/\/www.hsu-hh.de\/mittelalter\/wp-json\/wp\/v2\/pages\/172","targetHints":{"allow":["GET"]}}],"collection":[{"href":"https:\/\/www.hsu-hh.de\/mittelalter\/wp-json\/wp\/v2\/pages"}],"about":[{"href":"https:\/\/www.hsu-hh.de\/mittelalter\/wp-json\/wp\/v2\/types\/page"}],"author":[{"embeddable":true,"href":"https:\/\/www.hsu-hh.de\/mittelalter\/wp-json\/wp\/v2\/users\/38"}],"replies":[{"embeddable":true,"href":"https:\/\/www.hsu-hh.de\/mittelalter\/wp-json\/wp\/v2\/comments?post=172"}],"version-history":[{"count":90,"href":"https:\/\/www.hsu-hh.de\/mittelalter\/wp-json\/wp\/v2\/pages\/172\/revisions"}],"predecessor-version":[{"id":1042,"href":"https:\/\/www.hsu-hh.de\/mittelalter\/wp-json\/wp\/v2\/pages\/172\/revisions\/1042"}],"wp:attachment":[{"href":"https:\/\/www.hsu-hh.de\/mittelalter\/wp-json\/wp\/v2\/media?parent=172"}],"wp:term":[{"taxonomy":"category","embeddable":true,"href":"https:\/\/www.hsu-hh.de\/mittelalter\/wp-json\/wp\/v2\/categories?post=172"},{"taxonomy":"post_tag","embeddable":true,"href":"https:\/\/www.hsu-hh.de\/mittelalter\/wp-json\/wp\/v2\/tags?post=172"}],"curies":[{"name":"wp","href":"https:\/\/api.w.org\/{rel}","templated":true}]}}