{"id":146,"date":"2021-09-14T10:52:12","date_gmt":"2021-09-14T08:52:12","guid":{"rendered":"https:\/\/www.hsu-hh.de\/mittelalter\/?page_id=146"},"modified":"2021-11-17T10:35:18","modified_gmt":"2021-11-17T09:35:18","slug":"forschung","status":"publish","type":"page","link":"https:\/\/www.hsu-hh.de\/mittelalter\/forschung","title":{"rendered":"Forschung"},"content":{"rendered":"\n<h2 class=\"wp-block-heading\"><strong>Forschungsschwerpunkte und -projekte<\/strong><\/h2>\n\n\n\n<ul class=\"wp-block-list\"><li>Krieg und Gesellschaft im Mittelalterlichen Europa<\/li><li>St\u00e4dtisches und adliges Wirtschaften<\/li><li>Zeichen, Symbole, Farben <\/li><\/ul>\n\n\n\n<p><\/p>\n\n\n\n<h2 class=\"wp-block-heading\"><strong>Krieg und Gesellschaft im Mittelalterlichen Europa<\/strong><\/h2>\n\n\n\n<figure class=\"wp-block-image size-full is-resized\"><img loading=\"lazy\" decoding=\"async\" src=\"https:\/\/www.hsu-hh.de\/mittelalter\/wp-content\/uploads\/sites\/715\/2021\/09\/grafik-2.png\" data-credit=\"\" alt=\"\" class=\"wp-image-147\" width=\"252\" height=\"237\" \/><\/figure>\n\n\n\n<p>(Details von R\u00fcstungen des 16. Jahrhunderts im Zeughaus von Graz, Aufnahme: Stephan Selzer)<\/p>\n\n\n\n<p><\/p>\n\n\n\n<p>Wer sich daf\u00fcr interessiert, was im mittelalterlichen Europa solche M\u00e4nner taten, deren Auftrag das K\u00e4mpfen war, der findet unter den Ver\u00f6ffentlichungen der westeurop\u00e4ischen Medi\u00e4vistik hervorragende Studien, die sich mit Milit\u00e4r und Gesellschaft im Mittelalter besch\u00e4ftigen. In England und Frankreich existieren tief gestaffelte Forschungslandschaften, deren Erkundung lehrt, dass der mittelalterliche Krieg ein Ph\u00e4nomen ist, das politische, soziale und wirtschaftliche Dimensionen genauso besitzt wie religi\u00f6se, rechtliche und k\u00fcnstlerische Aspekte, dass mithin Milit\u00e4rgeschichte sowohl Sozial-, Wirtschafts- und Alltagsgeschichte als auch eine Geschichte der Macht, des Konsum oder der Mentalit\u00e4ten sein kann. In der deutschsprachigen Medi\u00e4vistik existiert \u00e4hnliches nicht. Fast zu allen wesentlichen Aspekten fehlen fundierte Untersuchungen neueren Datums. Daher soll, ausgehend von den deutschsprachigen S\u00f6ldnern, die in den italienischen Kriegen des 14. Jahrhunderts k\u00e4mpften, Teilfelder des Themas vergleichend erschlossen werden. <br><\/p>\n\n\n\n<h2 class=\"wp-block-heading\"><strong>Publikationen zum Thema von Prof. Dr. Stephan Selzer<\/strong><\/h2>\n\n\n\n<ul class=\"wp-block-list\"><li>Deutsche S\u00f6ldner im Italien des Trecento (Bibliothek des Deutschen Historischen Instituts in Rom 98), T\u00fcbingen 2001.<\/li><li>Sold, Beute und Budget &#8211; Zur \u00d6konomie deutscher Italiens\u00f6ldner des 14. Jahrhunderts, in: Harm von SEGGERN, Gerhard FOUQUET (Hg.), Adel und Zahl. Studien zum adligen Rechnen und Haushalten in Sp\u00e4tmittelalter und fr\u00fcher Neuzeit (Pforzheimer Gespr\u00e4che 1), Ubstadt-Weiher 2000, S. 219-246.<\/li><li>\u201aRenaissancemenschen&#8216; gesucht &#8211; Italienische Condottieri (1380-1480) im Portr\u00e4t bei Jacob Burckhardt und im prosopographischen Gruppenbild, in: Stephan SELZER, Ulf-Christian EWERT (Hg.), Menschenbilder &#8211; Menschenbildner. Individuum und Gruppe im Blick des Historikers (Hallische Beitr\u00e4ge zur Geschichte des Mittelalters und der Fr\u00fchen Neuzeit 2), Berlin 2002, S. 241-275.<\/li><li>Die Zivilisierung der Krieger, in: Damals 35.4 (2003), S. 14-21.<\/li><li>Eingeschr\u00e4nkt tauglich. Neue Forschungen zu Milit\u00e4r und Gesellschaft im Sp\u00e4tmittelalter, in: Hessisches Jahrbuch f\u00fcr Landesgeschichte 53 (2003), S. 243-254.<\/li><li>Die Iberische Halbinsel als Ziel bewaffneter Mobilit\u00e4t deutschsprachiger Edelleute im 14. Jahrhundert. Eine Skizze, in: Klaus HERBERS, Nikolas JASPERT (Hg.), \u201eDas kommt mir spanisch vor&#8220;. Eigenes und Fremdes in den deutsch-spanischen Beziehungen des sp\u00e4ten Mittelalters (Geschichte und Kultur der Iberischen Welt 1), M\u00fcnster 2004, S. 185-216.<\/li><li>Fraenum antiquae libertatis &#8211; Stadtburgen und die Wiederbefestigung stadtherrlicher Macht im sp\u00e4tmittelalterlichen Reich, in: Markus MEUMANN und J\u00f6rg ROGGE (Hg.), Die besetzte res publica. Zum Verh\u00e4ltnis von ziviler Obrigkeit und milit\u00e4rischer Herrschaft in besetzten Gebieten vom Sp\u00e4tmittelalter bis zum 18. Jahrhundert (Herrschaft und soziale Systeme in der Fr\u00fchen Neuzeit 3), Berlin 2006, S. 89-118.<\/li><li>Reitende Macht. Italienische Condottieri und ihre Pferde im 14. und 15. Jahrhundert, in: Joachim POESCHKE\/Thomas WEIGEL und Britta KUSCH-ARNHOLD (Hg.), Praemium Virtutis III: Reiterstandbilder von der Antike bis zum Klassizismus (Symbolische Kommunikation und gesellschaftliche Wertesysteme 22), M\u00fcnster 2008, S. 75-93.<\/li><li>Nachholende Professionalisierung. Beobachtungen zu den Gesandten des Preu\u00dfischen Bundes in den Auseinandersetzungen mit dem Deutschen Orden (1440-1454), in: Christian J\u00d6RG und Michael JUCKER (Hg.): Spezialisierung und Professionalisierung. Tr\u00e4ger und Foren st\u00e4dtischer Au\u00dfenpolitik w\u00e4hrend des sp\u00e4ten Mittelalters und der fr\u00fchen Neuzeit, Wiesbaden 2010, S. 121-142.<\/li><li>Seer\u00e4uber in Heringstonnen? Gewaltaus\u00fcbung und Gewalterfahrung auf hanssichen Schiffsrouten des Sp\u00e4tmittelalters, in: Volker GRIEB und Sabine TODT (Hg.): Piraterie von der Antike bis zur Gegenwart (Historische Mitteilungen, Beihefte 81), Stuttgart 2012, S. 115-137.<\/li><li>Adelige &#8211; Gruppen &#8211; Bilder. Eine Skizze zur zeichenhaften Verankerung von adeligem Herkommen und ritterlicher Leistung, in: Peter SCHOLZ und Johannes S\u00dcSSMANN (Hg.): Adelsbilder von der Antike bis zur Gegenwart (Historische Zeitschrift. Beihefte Neue Folge 58), M\u00fcnchen 2013, S. 58-84.<\/li><li>W\u00fcnsche und Bilanzen s\u00fcdwestdeutscher Italiens\u00f6ldner des 14. Jahrhunderts, in: Reinhard BAUMANN und Rolf KIE\u00dfLING (Hg.): Mobilit\u00e4t und Migration in der Region (Forum Suevicum. Beitr\u00e4ge zur Geschichte Ostschwabens und der benachbarten Regionen 10), Konstanz und M\u00fcnchen 2014, S. 45-63.<\/li><li>[zs. mit Gerrit DEUTSCHL\u00c4NDER]: &#8222;De bello welpesholt&#8220;. Die Schlacht am Welfesholz in der Geschichte von Krieg und Erinnerung, in: 900 Jahre Schlacht am Welfesholz, hg. vom Verein &#8222;Schlacht am Welfesholz e.V.&#8220;, Teutschental&nbsp; 2015, S. 31-48.<\/li><li>Die Hanse in den Hussitenkriegen, in: Ortwin PELC (Hg.): Hansest\u00e4dte im Konflikt. Krisenmanagement und bewaffnete Auseinandersetzung vom 13. bis 17. Jahrhundert (Hansische Studien 23), Wismar 2019, S. 103\u2013127.<\/li><li>Seekriege der Hanse? Mittelalterliche Konflikte und ihre retrospektive Deutung, in: Europ\u00e4isches Hansemuseum (Hg.): St\u00f6rtebecker &amp; Konsorten. Piraten der Hansezeit?, Kiel\/Hamburg 2019, S. 125\u2013133.<\/li><\/ul>\n\n\n\n<h2 class=\"wp-block-heading\"><strong>St\u00e4dtisches und adliges Wirtschaften<\/strong><\/h2>\n\n\n\n<figure class=\"wp-block-image size-full is-resized\"><img loading=\"lazy\" decoding=\"async\" src=\"https:\/\/www.hsu-hh.de\/mittelalter\/wp-content\/uploads\/sites\/715\/2021\/09\/grafik-3.png\" data-credit=\"\" alt=\"\" class=\"wp-image-150\" width=\"223\" height=\"299\" \/><\/figure>\n\n\n\n<p>(Seereisende im Hanseraum unter dem Schutz des Heiligen Nikolaus, L\u00fcbecker Altar, Aufnahme: Stephan Selzer)<\/p>\n\n\n\n<p><\/p>\n\n\n\n<h2 class=\"wp-block-heading\"><strong>Publikationen von Stephan Selzer zum Thema<\/strong><\/h2>\n\n\n\n<ul class=\"wp-block-list\"><li>Prosopographie eines Schiffsungl\u00fccks. Schadenslisten preu\u00dfischer Flandernh\u00e4ndler als Parallel\u00fcberlieferung zur Br\u00fcgger Steuerliste, in: Nils J\u00d6RN, Werner PARAVICINI, Horst WERNICKE (Hg.), Hansekaufleute in Br\u00fcgge Teil 4: Beitr\u00e4ge der Internationalen Tagung in Br\u00fcgge April 1996 (Kieler Werkst\u00fccke D 13), Frankfurt\/M. usw. 2000, S. 319-326.<\/li><li>[zs. mit Ulf-Christian EWERT] Verhandeln und Verkaufen, Vernetzen und Vertrauen. \u00dcber die Netzwerkstruktur des hansischen Handels, in: Hansische Geschichtsbl\u00e4tter 119 (2001), S. 135-161. Von N\u00f6rdlingen nach Thorn und von Br\u00fcgge nach Danzig. Beispiele f\u00fcr Fernbeziehungen im sp\u00e4tmittelalterlichen Europa (mit Edition), in: Mr_gowskie Studia Humanistyczne 3 (2001) [2003], S. 106-117.<\/li><li>Geheimer Scho\u00df und sichtbare Statussymbole. Konsum als Zeichen sozialer Zuordnung in sp\u00e4tmittelalterlichen St\u00e4dten des Hanseraums. Eine Problemskizze, in: Matthias MEINHARDT, Andreas RANFT (Hg.), Die Sozialstruktur und Sozialtopographie vorindustrieller St\u00e4dte (Hallische Beitr\u00e4ge zur Geschichte des Mittelalters und der Fr\u00fchen Neuzeit 1), Berlin 2005, S. 89-120.<\/li><li>[zs. mit Ulf-Christian EWERT], Die Neue Institutionen\u00f6konomik als Herausforderung an die Hanseforschung, in: Hansische Geschichtsbl\u00e4tter 123 (2005), S. 7-29.<\/li><li>[zs. mit Ulf-Christian Ewert], Netzwerkorganisation im Fernhandel des Mittelalters: Wettbewerbsvorteil oder Wachstumshemmnis?, in: Hartmut Berghoff und J\u00f6rg Sydow (Hg.), Unternehmerische Netzwerke. Eine historische Organisationsform mit Zukunft?, Stuttgart 2007, S. 45-70.<\/li><li>F\u00fcrstliche Anspr\u00fcche an der Peripherie des h\u00f6fischen Europas. Die Hofhaltung des Hochmeisters Friedrich von Sachsen in Preu\u00dfen (1498-1507), in: Gerhard FOUQUET, Jan HIRSCHBIEGEL und Werner PARAVICNI (Hg.), Hofwirtschaft. Ein \u00f6konomischer Blick auf Hof und Residenz in Sp\u00e4tmittelalter und Fr\u00fcher Neuzeit. 10. Symposium der Residenzen-Kommission der Akademie der Wissenschaften zu G\u00f6ttingen, Gottorf\/Schleswig, 23.-26. September 2006 (Residenzenforschug 21), Ostfildern 2008, S. 55-76.<\/li><li>Die mittelalterliche Hanse (Geschichte kompakt), Darmstadt 2010.<\/li><li>Blau: \u00d6konomie einer Farbe im sp\u00e4tmittelalterlichen Reich (Monographien zur Geschichte des Mittelalters 57), Stuttgart 2010.<\/li><li>[zs. mit Ulf-Christian EWERT], Wirtschaftliche St\u00e4rke durch Vernetzung. Zu den Erfolgsfaktoren des hansischen Handels, in: Mark H\u00c4BERLEIN und Christof JEGGLE (Hg.): Praktiken des Handels. Gesch\u00e4fte und soziale Beziehungen europ\u00e4ischer Kaufleute in Mittelalter und fr\u00fcher Neuzeit (Irseer Schriften N.F. 6), Konstanz 2010, S. 3-69.<\/li><li>[zs. mit Ulf-Christian EWERT], Netzwerke im europ\u00e4ischen Handel des Mittelalters. Konzepte &#8211; Anwendungen &#8211; Fragestellungen, in: Gerhard FOUQUET und Hans-J\u00f6rg GILOMEN (Hg.): Netzwerke im europ\u00e4ischen Handel des Mittelalters (Vortr\u00e4ge und Forschungen 72), Ostfildern 2010, S. 21-47.<\/li><li>Erfurt und Toulouse. Gemeinsamkeiten und Unterschiede zweier Waidst\u00e4dte im sp\u00e4tmittelalterlichen Europa, in: Martin BAUMANN und Steffen RA\u00dfLOFF (Hg.): Blumenstadt Erfurt, Waid &#8211; Gartenbau &#8211; iga\/egpark (Schriften des Vereins f\u00fcr die Geschichte und Altertumskunde von Erfurt 8), Erfurt 2011, S. 17-41.<\/li><li>[zs. mit Gerrit DEUTSCHL\u00c4NDER], Halle und die Hanse, in: Jahrbuch f\u00fcr hallische Stadtgeschichte 2011, S. 11-41.<\/li><li>Was meint Hansegeschichte heute?, in: Oliver AUGE (Hg.): Hansegeschichte als Regionalgeschichte. Beitr\u00e4ge einer internationalen und interdisziplin\u00e4ren Winterschule in Greifswald vom 20. bis 24. Februar 2012, Frankfurt am Main u. a. 2014, S. 21-34.<\/li><li>Eine f\u00fcrstliche Konsumentin und ihre L\u00fcbecker Eink\u00e4ufe 1433\/1434, in: Michael HUNDT und Jan LOKERS (Hg.): Hanse und Stadt. Akteure, Strukturen und Entwicklungen im regionalen und europ\u00e4ischen Raum. Festschrift f\u00fcr Rolf Hammel-Kiesow zum 65. Geburtstag, L\u00fcbeck 2014, S. 411-431.<\/li><li>Verbraucherpreise und Verbrauchsgewohnheiten im sp\u00e4tmittelalterlichen Hamburg. Die Rechnungen des <em>Huses Sunte Elizabeth<\/em> von 1495 bis 1503, in: [zs. mit Benjamin WEIDEMANN] (Hgg.): Hamburger Lebenswelten im Sp\u00e4tmittelalter. Untersuchungen an gedruckten und ungedruckten Quellen (Contributiones 2), M\u00fcnster 2014, S. 11-84.<\/li><li>[zs. mit Ulf-Christian EWERT] Social Networks, in: Donald J. HARRELD (Hg.): A Companion to the Hanseatic League (Brill&#8217;s Companions to European History 8), Leiden und Boston 2015, S. 162-194.<\/li><li>Die ,Konsumentenstadt\u2018. Angebot \u2212 Gebrauch \u2212 Verbrauch eine stadtgeschichtlichen Konzepts, in: Stephan SELZER (Hg.): Die Konsumentenstadt. Konsumenten in der Stadt des Mittelalters (St\u00e4dteforschung A98), K\u00f6ln\/Weimar\/Wien 2018, S. 11\u201324.<\/li><li>Die Eink\u00e4ufe der Segeberger Augustinerchorherren zwischen L\u00fcbeck und Hamburg (1480\/81 und 1484 bis 1486), in: Stephan SELZER (Hg.): Menschen \u00b7 M\u00e4rkte \u00b7 Meere. Bausteine zur sp\u00e4tmittelalterlichen Wirtschafts- und Sozialgeschichte zwischen Hamburg, L\u00fcbeck und Reval (Contributiones 6), M\u00fcnster 2018, S. 47\u201396.<\/li><li>kophus, sellebolde, nedderlage, spiker. Bemerkungen zu Institutionen des hansischen Handels und ihrer Erforschung, in: Heidrun OCHS und Gabriel ZEILINGER (Hg.): Kaufh\u00e4user an Mittel- und Oberrhein im Sp\u00e4tmittelalter. Funktionen und Funktionalisierungen (Schriften zur S\u00fcdwestdeutschen Landesgeschichte 80), Ostfildern 2019, S. 85\u2013101.<\/li><li>Stadtgr\u00fcndung und -entwicklung in konsumgeschichtlicher Sicht: K\u00f6nigsberg im 13. und 14. Jahrhundert, in: Jochen BURGTORF, Christian HOFFARTH und Sebastian KUBON (Hg.): Von Hamburg nach Java. Studien zur mittelalterlichen, neuen und digitalen Geschichte (Nova Mediaevalia 18), G\u00f6ttingen 2020, S. 135\u2013150.<\/li><\/ul>\n\n\n\n<h2 class=\"wp-block-heading\"><strong>Zeichen, Symbole, Farben<\/strong><\/h2>\n\n\n\n<figure class=\"wp-block-image size-full is-resized\"><img loading=\"lazy\" decoding=\"async\" src=\"https:\/\/www.hsu-hh.de\/mittelalter\/wp-content\/uploads\/sites\/715\/2021\/09\/grafik-4.png\" data-credit=\"\" alt=\"\" class=\"wp-image-152\" width=\"264\" height=\"198\" \/><\/figure>\n\n\n\n<p>(Ritterliche Zeichenkultur, Santa Maria Novella, Verona, Aufnahme: Stephan Selzer)<\/p>\n\n\n\n<p><\/p>\n\n\n\n<p>In unserer eigenen Lebenswelt sind wir von Farben, Zeichen und Symbolen umgeben und werden t\u00e4glich mit ihnen konfrontiert. Auch in der mittelalterlichen Realit\u00e4t stellte sich das Ph\u00e4nomen in einer dichten Komplexit\u00e4t dar. Offenbar handelt es sich um ein Querschnittsph\u00e4nomen, um das sich ein ganzes Forschungsfeld organisiert, weil die traditionellen medi\u00e4vistischen Disziplinen mittels des Gegenstandes durchdrungen werden.<\/p>\n\n\n\n<h2 class=\"wp-block-heading\"><strong>Publikationen von Stephan Selzer zum Thema<\/strong><\/h2>\n\n\n\n<ul class=\"wp-block-list\"><li>Jagdszenen aus Sachsen. Die Jagd als h\u00f6fisches Fest auf einem Tafelgem\u00e4lde vom ernestinischen Hof (1540), in: Gerhard FOUQUET, Harm von SEGGERN, Gabriel ZEILINGER (Hg.), H\u00f6fische Feste im Sp\u00e4tmittelalter (Mitteilungen der Residenzen-Kommission, Sonderheft 6), Kiel 2003, S. 73-90.<\/li><li>Farbwissen im Hanseraum. Innovationen in der F\u00e4rberei und obrigkeitliche Ansiedlungspolitik um 1500, in: Burghard SCHMIDT (Hg.), Von der Geschichte zur Gegenwart und Zukunft. Wissenstransfer und Innovationen rund um das Mare Balticum (Studien zur Geschichte des Ostseeraums 4), Hamburg 2007, S. 22-34.<\/li><li>Politik und Erscheinung. Der Freiburger Reichstag (1498) in kurs\u00e4chsischen Rechnungen, in: Sonja D\u00dcNNEBEIL und Christine OTTNER (Hg.), Au\u00dfenpolitisches Handeln im ausgehenden Mittelalter: Akteure und Ziele (Forschungen zur Kaiser- und Papstgeschichte des Mittelalters &#8211; Beihefte zu J. F. B\u00f6hmer Regesta Imperii, 27), Wien-K\u00f6ln-Weimar 2007, S. 371-392.<\/li><li>Unter Globalisierungsdruck. Der Th\u00fcringer Waid auf dem Farbstoffmarkt des 16. Jahrhunderts, in: Zeitschrift des Vereins f\u00fcr Th\u00fcringische Geschichte 62 (2008), S. 49-64.<\/li><li>\u00dcberlegungen zur Optik des Reichtags. Kleidung und Heraldik f\u00fcrstlicher Besucher auf sp\u00e4tmittelalterlichen Reichsversammlungen, in: J\u00f6rg PELTZER u. a. (Hg.): Politische Versammlungen und ihre Rituale. Repr\u00e4sentationsformen und Entscheidungsprozesse des Reichs und der Kirche im sp\u00e4ten Mittelalter (Mittelalterforschungen 27), Ostfildern 2009, S. 247-262.<\/li><li>Blau: \u00d6konomie einer Farbe im sp\u00e4tmittelalterlichen Reich (Monographien zur Geschichte des Mittelalters 57), Stuttgart 2010.<\/li><li>Adel auf dem Laufsteg. Das Hofgewand um 1500 gezeigt am Beispiel des landgr\u00e4flich-hessischen Hofes, in: Rainer C. SCHWINGES und Regula SCHORTA (Hg.): Fashion and Clothing in Late Medieval Europe = Mode und Kleidung im Europa des sp\u00e4ten Mittelalters, Basel 2010, S. 115-129.<\/li><li>Devisen an reichsf\u00fcrstlichen H\u00f6fen des Sp\u00e4tmittelalters. Umrisse eines Forschungsfeldes, in: Uta-Christiane BERGEMANN und Annemarie STAUFFER (Hg.): Reiche Bilder. Aspekte zur Produktion und Funktion von Stickereien im Sp\u00e4tmittelalter, Regensburg 2010, S. 115-128.<\/li><li>Adelige &#8211; Gruppen &#8211; Bilder. Eine Skizze zur zeichenhaften Verankerung von adeligem Herkommen und ritterlicher Leistung, in: Peter SCHOLZ und Johannes S\u00dcSSMANN (Hg.): Adelsbilder von der Antike bis zur Gegenwart (Historische Zeitschrift. Beihefte Neue Folge 58), M\u00fcnchen 2013, S. 58-84.<\/li><li>Symbolische Interaktion in der Residenzstadt des Sp\u00e4tmittelalters und der Fr\u00fchen Neuzeit. Eine kurze Bestandsaufnahme am Ende der Tagung, in: Gerrit DEUTSCHL\u00c4NDER, Marc VON DER H\u00d6H und Andreas Ranft (Hg.): Symbolische Interaktion in der Residenzstadt des sp\u00e4ten Mittelalters und der fr\u00fchen Neuzeit (Hallische Beitr\u00e4ge zur Geschichte des Mittelalters und der Fr\u00fchen Neuzeit 9), Berlin 2013, S. 273-284.<\/li><li>Was zeigen eigentlich Hansekarten? Zur Wechselwirkung von Deutung und Kartierung der Hanse, in: Sarah NEUMANN, Ines WEBER und David WEISS (Hg.): ,Ad laudem et gloriam\u2018. Festschrift f\u00fcr Rudolf Holbach, Trier 2016, S. 183\u2013206.<\/li><\/ul>\n","protected":false},"excerpt":{"rendered":"<p>Forschungsschwerpunkte und -projekte Krieg und Gesellschaft im Mittelalterlichen Europa St\u00e4dtisches und adliges Wirtschaften Zeichen, Symbole, Farben Krieg und Gesellschaft im Mittelalterlichen Europa (Details von R\u00fcstungen des 16. Jahrhunderts im Zeughaus [&hellip;]<\/p>\n","protected":false},"author":38,"featured_media":0,"parent":0,"menu_order":0,"comment_status":"closed","ping_status":"closed","template":"","meta":{"footnotes":""},"categories":[4],"tags":[],"class_list":["post-146","page","type-page","status-publish","hentry","category-forschung"],"_links":{"self":[{"href":"https:\/\/www.hsu-hh.de\/mittelalter\/wp-json\/wp\/v2\/pages\/146","targetHints":{"allow":["GET"]}}],"collection":[{"href":"https:\/\/www.hsu-hh.de\/mittelalter\/wp-json\/wp\/v2\/pages"}],"about":[{"href":"https:\/\/www.hsu-hh.de\/mittelalter\/wp-json\/wp\/v2\/types\/page"}],"author":[{"embeddable":true,"href":"https:\/\/www.hsu-hh.de\/mittelalter\/wp-json\/wp\/v2\/users\/38"}],"replies":[{"embeddable":true,"href":"https:\/\/www.hsu-hh.de\/mittelalter\/wp-json\/wp\/v2\/comments?post=146"}],"version-history":[{"count":8,"href":"https:\/\/www.hsu-hh.de\/mittelalter\/wp-json\/wp\/v2\/pages\/146\/revisions"}],"predecessor-version":[{"id":438,"href":"https:\/\/www.hsu-hh.de\/mittelalter\/wp-json\/wp\/v2\/pages\/146\/revisions\/438"}],"wp:attachment":[{"href":"https:\/\/www.hsu-hh.de\/mittelalter\/wp-json\/wp\/v2\/media?parent=146"}],"wp:term":[{"taxonomy":"category","embeddable":true,"href":"https:\/\/www.hsu-hh.de\/mittelalter\/wp-json\/wp\/v2\/categories?post=146"},{"taxonomy":"post_tag","embeddable":true,"href":"https:\/\/www.hsu-hh.de\/mittelalter\/wp-json\/wp\/v2\/tags?post=146"}],"curies":[{"name":"wp","href":"https:\/\/api.w.org\/{rel}","templated":true}]}}