{"id":140,"date":"2021-09-14T10:38:39","date_gmt":"2021-09-14T08:38:39","guid":{"rendered":"https:\/\/www.hsu-hh.de\/mittelalter\/?page_id=140"},"modified":"2021-11-19T09:07:16","modified_gmt":"2021-11-19T08:07:16","slug":"impressum","status":"publish","type":"page","link":"https:\/\/www.hsu-hh.de\/mittelalter\/impressum","title":{"rendered":"Impressum"},"content":{"rendered":"\n<p><\/p>\n\n\n\n<h2 class=\"wp-block-heading\"><strong>Angaben gem\u00e4\u00df \u00a7 5 Telemediengesetz<\/strong><\/h2>\n\n\n\n<p><a rel=\"noreferrer noopener\" href=\"http:\/\/webbox.hsu-hh.de\" target=\"_blank\"><strong>Helmut-Schmidt-Universit\u00e4t<\/strong><\/a><br><a rel=\"noreferrer noopener\" href=\"http:\/\/webbox.hsu-hh.de\" target=\"_blank\"><strong>Universit\u00e4t der Bundeswehr Hamburg<\/strong><\/a><br>Holstenhofweg 85<br>22043 Hamburg<br>Telefon: 040 6541-0<br>Telefax: 040 6541-2869<br>E-Mail: <a href=\"mailto:pressestelle@hsu-hh.de\" rel='nofollow'>pressestelle@hsu-hh.de<\/a><\/p>\n\n\n\n<p><\/p>\n\n\n\n<p><\/p>\n\n\n\n<h2 class=\"wp-block-heading\"><strong>Inhaltlich Verantwortlicher gem\u00e4\u00df \u00a7 7 Telemediengesetz<\/strong><\/h2>\n\n\n\n<p>Helmut-Schmidt-Universit\u00e4t<br>Universit\u00e4t der Bundeswehr Hamburg<br><strong>Professur f\u00fcr Mittelalterliche Geschichte<\/strong><br><strong>Prof. Dr. Stephan Selzer<br><br><\/strong>Holstenhofweg 85<br>22043 Hamburg<br>Telefon: (040) 6541-2893<br>Telefax: (040) 6541-3747<br><strong>E-Mail<\/strong>: <a href=\"mailto:pressestelle@hsu-hh.de\" rel='nofollow'>stephan.selzer@hsu-hh.de<\/a><\/p>\n\n\n\n<p><\/p>\n\n\n\n<p><\/p>\n\n\n\n<p><strong>Haftungsausschluss<\/strong><br>Trotz sorgf\u00e4ltiger inhaltlicher Kontrolle \u00fcbernehmen wir keine Haftung f\u00fcr die Richtigkeit, Vollst\u00e4ndigkeit und Aktualit\u00e4t unserer Webseiten sowie f\u00fcr die Inhalte externer Links. F\u00fcr den Inhalt der verlinkten Seiten sind ausschlie\u00dflich deren Betreiber verantwortlich.<\/p>\n\n\n\n<p><strong>Urheberrechtsvermerk<\/strong><br>Das Layout, s\u00e4mtliche Grafiken und Fotos sowie die Textbeitr\u00e4ge sind urheberrechtlich gesch\u00fctzt. Es gelten die gesetzlichen Bestimmungen. \u00c4nderungen d\u00fcrfen nicht vorgenommen werden. Bei Anfragen wenden Sie sich an den auf den jeweiligen Seiten erkenntlichen Autor.<\/p>\n\n\n\n<p><\/p>\n\n\n\n<p><\/p>\n\n\n\n<p><\/p>\n","protected":false},"excerpt":{"rendered":"<p>Angaben gem\u00e4\u00df \u00a7 5 Telemediengesetz Helmut-Schmidt-Universit\u00e4tUniversit\u00e4t der Bundeswehr HamburgHolstenhofweg 8522043 HamburgTelefon: 040 6541-0Telefax: 040 6541-2869E-Mail: pressestelle@hsu-hh.de Inhaltlich Verantwortlicher gem\u00e4\u00df \u00a7 7 Telemediengesetz Helmut-Schmidt-Universit\u00e4tUniversit\u00e4t der Bundeswehr HamburgProfessur f\u00fcr Mittelalterliche GeschichteProf. Dr. [&hellip;]<\/p>\n","protected":false},"author":38,"featured_media":0,"parent":0,"menu_order":0,"comment_status":"closed","ping_status":"closed","template":"","meta":{"footnotes":""},"categories":[4],"tags":[],"class_list":["post-140","page","type-page","status-publish","hentry","category-forschung"],"_links":{"self":[{"href":"https:\/\/www.hsu-hh.de\/mittelalter\/wp-json\/wp\/v2\/pages\/140","targetHints":{"allow":["GET"]}}],"collection":[{"href":"https:\/\/www.hsu-hh.de\/mittelalter\/wp-json\/wp\/v2\/pages"}],"about":[{"href":"https:\/\/www.hsu-hh.de\/mittelalter\/wp-json\/wp\/v2\/types\/page"}],"author":[{"embeddable":true,"href":"https:\/\/www.hsu-hh.de\/mittelalter\/wp-json\/wp\/v2\/users\/38"}],"replies":[{"embeddable":true,"href":"https:\/\/www.hsu-hh.de\/mittelalter\/wp-json\/wp\/v2\/comments?post=140"}],"version-history":[{"count":13,"href":"https:\/\/www.hsu-hh.de\/mittelalter\/wp-json\/wp\/v2\/pages\/140\/revisions"}],"predecessor-version":[{"id":451,"href":"https:\/\/www.hsu-hh.de\/mittelalter\/wp-json\/wp\/v2\/pages\/140\/revisions\/451"}],"wp:attachment":[{"href":"https:\/\/www.hsu-hh.de\/mittelalter\/wp-json\/wp\/v2\/media?parent=140"}],"wp:term":[{"taxonomy":"category","embeddable":true,"href":"https:\/\/www.hsu-hh.de\/mittelalter\/wp-json\/wp\/v2\/categories?post=140"},{"taxonomy":"post_tag","embeddable":true,"href":"https:\/\/www.hsu-hh.de\/mittelalter\/wp-json\/wp\/v2\/tags?post=140"}],"curies":[{"name":"wp","href":"https:\/\/api.w.org\/{rel}","templated":true}]}}