{"id":73,"date":"2017-07-03T15:52:08","date_gmt":"2017-07-03T13:52:08","guid":{"rendered":"https:\/\/www.hsu-hh.de\/vorlage\/?page_id=73"},"modified":"2022-05-13T20:43:34","modified_gmt":"2022-05-13T18:43:34","slug":"startseite","status":"publish","type":"page","link":"https:\/\/www.hsu-hh.de\/mikrosoz\/","title":{"rendered":"Professur f\u00fcr Soziologie u.b.B. der Mikrosoziologie"},"content":{"rendered":"\n<p><\/p>\n\n\n\n<div class=\"wp-block-image\"><figure class=\"alignleft is-resized\"><img loading=\"lazy\" decoding=\"async\" src=\"https:\/\/www.hsu-hh.de\/mikrosoz\/wp-content\/uploads\/sites\/837\/2021\/07\/wortwolke4_2663px-x-1653px-1024x566.jpg\" data-credit=\"HSU-Mikrosoz\" alt=\"Wortwolke\" class=\"wp-image-615\" width=\"327\" height=\"181\" srcset=\"https:\/\/www.hsu-hh.de\/mikrosoz\/wp-content\/uploads\/sites\/837\/2021\/07\/wortwolke4_2663px-x-1653px-1024x566.jpg 1024w, https:\/\/www.hsu-hh.de\/mikrosoz\/wp-content\/uploads\/sites\/837\/2021\/07\/wortwolke4_2663px-x-1653px-300x166.jpg 300w, https:\/\/www.hsu-hh.de\/mikrosoz\/wp-content\/uploads\/sites\/837\/2021\/07\/wortwolke4_2663px-x-1653px-768x425.jpg 768w, https:\/\/www.hsu-hh.de\/mikrosoz\/wp-content\/uploads\/sites\/837\/2021\/07\/wortwolke4_2663px-x-1653px-1536x850.jpg 1536w, https:\/\/www.hsu-hh.de\/mikrosoz\/wp-content\/uploads\/sites\/837\/2021\/07\/wortwolke4_2663px-x-1653px-2048x1133.jpg 2048w, https:\/\/www.hsu-hh.de\/mikrosoz\/wp-content\/uploads\/sites\/837\/2021\/07\/wortwolke4_2663px-x-1653px-1100x608.jpg 1100w\" sizes=\"auto, (max-width: 327px) 100vw, 327px\" \/><\/figure><\/div>\n\n\n<p>Die Professur f\u00fcr Soziologie unter besonderer Ber\u00fccksichtigung der Mikrosoziologie untersucht Gegenwartsph\u00e4nomene und aktuelle Problemstellungen aus der Perspektive von Praxistheorien und Wissenssoziologie. Mit Hilfe von Verfahren der qualitativen Sozialforschung \u2013 interaktions- und situationsanalytische, diskursanalytische und ethnografische Ans\u00e4tze \u2013 werden soziale Situationen, kulturelle und institutionelle Praktiken, Interaktionsordnungen sowie Subjektivierungsformen und Identit\u00e4tsprozesse empirisch und theoretisch erarbeitet.<\/p>\n<p>Im Rahmen eines breiten Verst\u00e4ndnisses von Handeln, das implizites k\u00f6rperliches Wissen wie auch reflexives Know-How und materielle Partizipanden einbezieht, arbeiten wir mit einer Bandbreite theoretischer und methodologischer Ans\u00e4tze, die praxeologische, wie auch interpretative, kulturanalytische und \u00f6kologische Analytiken umfassen.<\/p>\n\n\n<div style=\"height:30px\" aria-hidden=\"true\" class=\"wp-block-spacer\"><\/div>\n\n\n\n<p>Zu den <strong>Forschungsthemen<\/strong> geh\u00f6ren:<\/p>\n\n\n<ul>\n<li>Soziologien des K\u00f6rpers, des Geschlechts und biopolitischer Dynamiken<\/li>\n<li>Social Studies of Science, Technology and Medicine<\/li>\n<li>Kulturen des Privaten und der Intimit\u00e4t: Care, Familie und Verwandtschaft<\/li>\n<li>Praxeologie von Kindheit, Jugend und Generationenverh\u00e4ltnissen<\/li>\n<li>Neue Formen von Identit\u00e4t und Subjektivit\u00e4t<\/li>\n<li>Qualitative Sozialforschung, hermeneutische Wissenssoziologie und Normenanalyse.<\/li>\n<\/ul>\n\n\n<div style=\"height:30px\" aria-hidden=\"true\" class=\"wp-block-spacer\"><\/div>\n\n\n\n<p>Diese Ausrichtung bildet sich auch in der Lehre ab, in der die Auseinandersetzung mit Ans\u00e4tzen der praxeologischen Soziologie, Interaktionstheorien, Geschlechterforschung und der rekonstruktiven Sozialforschung einen Schwerpunkt bildet: Wie werden soziokulturelle Ordnungen praktisch hervorgebracht, stabilisiert, ver\u00e4ndert? Wie werden kollektive Sinnhorizonte zu Selbstverst\u00e4ndlichkeiten? Wie kommt die Gesellschaft ins Subjekt?<\/p>\n\n\n\n<div style=\"height:30px\" aria-hidden=\"true\" class=\"wp-block-spacer\"><\/div>\n\n\n\n<h3 class=\"wp-block-heading\">Inhaberin der Professur<\/h3>\n\n\n<script type=\"application\/ld+json\">[{\"@context\": \"https:\/\/www.schema.org\",\"@type\": \"Person\",\"name\": \"Katharina Liebsch,  Prof. Dr. phil. habil.\",\"worksFor\": [{\t\"@type\": \"Organization\",\t\"name\": \"Helmut-Schmidt-Universit\u00e4t\",\t\"url\": \"https:\/\/www.hsu-hh.de\"\t, \"department\": {\"@type\": \"Organization\",\t\t\t\t\t\"name\": \"Mikrosoziologie\",\t\t\t\t\t\"location\": {\t\t\t\t\t\t\"@type\": \"PostalAddress\",\t\t\t\t\t\t\"addressLocality\": \"\",        \t\t\t\t\"postalCode\": \"22043\",        \t\t\t\t\"streetAddress\": \"Holstenhofweg 85 , Geb\u00e4ude H01\"\t\t\t\t\t}},\t\"location\": {\t\t\"@type\": \"PostalAddress\",    \t\"addressLocality\": \"\",    \t\"postalCode\": \"22008\",    \t\"postOfficeBoxNumber\": \"700822\"\t}   }],\"image\": \"https:\/\/www.hsu-hh.de\/mikrosoz\/wp-content\/uploads\/sites\/837\/2022\/05\/Katharina-Portrait-2022-150x150.jpg\",\"telephone\": \"+49406541-2810\",\"faxNumber\": \"\",\"email\": \"k.liebsch@hsu-hh.de\"}]<\/script><div class=\"clearfix\"><\/div><div class=\"ansprechparter-container \" style=\"margin-top:1em; \"><div class=\"row ansprechpartner-item ansprechparter-header\" ><div class=\"col-xs-8 col-lg-12\" style=\"margin-bottom: 30px;\"><h3 class=\"ansprechparter-headline\">Katharina Liebsch,  Prof. Dr. phil. habil.<\/h3><\/div><\/div><div class=\"col-md-4 col-lg-3 col-xs-4 ansprechpartner-item floatright img-circle center-block\" style=\"margin-bottom: 30px;\"><div class=\"img-responsive-wrapper\"><img decoding=\"async\" src=\"https:\/\/www.hsu-hh.de\/mikrosoz\/wp-content\/uploads\/sites\/837\/2022\/05\/Katharina-Portrait-2022-150x150.jpg\" alt=\"Bild Katharina\" class=\"img-circle img-responsive center-block\" \/><\/div><\/div><div class=\"col-md-12 col-lg-3 col-xs-12 ansprechpartner-item kontakt floatright\" style=\"margin-bottom: 30px; \"><div class=\"row\"><div class=\"col-xs-12 col-sm-6 col-lg-12\"><div class=\"row\"><div class=\"col-xs-4 col-lg-4 row-text bold\" >Raum:<\/div><div class=\" row-text\">2374<\/div><\/div><\/div><div class=\"col-xs-12 col-sm-6 col-lg-12\"><div class=\"row\"><div class=\"col-xs-4 col-lg-4 row-text bold\">Telefon:<\/div><div class=\" row-text\">+49406541-2810<\/div><\/div><\/div><div class=\"col-xs-12 col-sm-6 col-lg-12\"><div class=\"row\"><div class=\"col-xs-4 col-lg-4 row-text bold\">E-Mail:<\/div><div class=\"row-text\" style=\"overflow:hidden; word-break: break-word\"><a href=\"mailto:k.liebsch@hsu-hh.de\" rel=\"nofollow\">k.liebsch@hsu-hh.de<\/a><\/div><\/div><\/div><\/div><\/div><div class=\"col-md-6 col-lg-3 col-xs-12 ansprechpartner-item anschrift floatright\" ><div class=\"row-headline\">Besucheranschrift<\/div><div class=\"dataBesucheranschrift\" style=\"\"><div class=\"row-text\">Helmut-Schmidt-Universit\u00e4t<\/div><div class=\"row-text\">Geb\u00e4ude H01<\/div><div class=\"row-text\">Holstenhofweg 85<\/div><div class=\"row-text\">22043 Hamburg<\/div><\/div><\/div><div class=\"col-md-6 col-lg-3 col-xs-12 ansprechpartner-item anschrift floatright\"><div class=\"row-headline\">Postanschrift<\/div><div class=\"dataPostanschrift\" style=\"\"><div class=\"row-text\">Helmut-Schmidt-Universit\u00e4t<\/div><div class=\"row-text\">Mikrosoziologie<\/div><div class=\"row-text\">Postfach 70 08 22<\/div><div class=\"row-text\">22008 Hamburg<\/div><\/div><\/div><\/div><div class=\"clearfix\"><\/div>\n\n\n<div style=\"height:30px\" aria-hidden=\"true\" class=\"wp-block-spacer\"><\/div>\n\n\n\n<h3 class=\"wp-block-heading\">Sekretariat<\/h3>\n\n\n<script type=\"application\/ld+json\">[{\"@context\": \"https:\/\/www.schema.org\",\"@type\": \"Person\",\"name\": \"Helga Dudda\",\"worksFor\": [{\t\"@type\": \"Organization\",\t\"name\": \"Helmut-Schmidt-Universit\u00e4t\",\t\"url\": \"https:\/\/www.hsu-hh.de\"\t, \"department\": {\"@type\": \"Organization\",\t\t\t\t\t\"name\": \"Personalentwick\",\t\t\t\t\t\"location\": {\t\t\t\t\t\t\"@type\": \"PostalAddress\",\t\t\t\t\t\t\"addressLocality\": \"\",        \t\t\t\t\"postalCode\": \"22043\",        \t\t\t\t\"streetAddress\": \"Holstenhofweg 85 , Geb\u00e4ude H01\"\t\t\t\t\t}},\t\"location\": {\t\t\"@type\": \"PostalAddress\",    \t\"addressLocality\": \"\",    \t\"postalCode\": \"22008\",    \t\"postOfficeBoxNumber\": \"700822\"\t}   }],\"image\": \"https:\/\/www.hsu-hh.de\/mikrosoz\/wp-content\/uploads\/sites\/837\/2021\/05\/image_portrait-150x150.jpg\",\"telephone\": \"+49406541-2470\",\"faxNumber\": \"\",\"email\": \"helga.dudda@hsu-hh.de\"}]<\/script><div class=\"clearfix\"><\/div><div class=\"ansprechparter-container \" style=\"margin-top:1em; \"><div class=\"row ansprechpartner-item ansprechparter-header\" ><div class=\"col-xs-8 col-lg-12\" style=\"margin-bottom: 30px;\"><h3 class=\"ansprechparter-headline\">Helga Dudda<\/h3><\/div><\/div><div class=\"col-md-4 col-lg-3 col-xs-4 ansprechpartner-item floatright img-circle center-block\" style=\"margin-bottom: 30px;\"><div class=\"img-responsive-wrapper\"><img decoding=\"async\" src=\"https:\/\/www.hsu-hh.de\/mikrosoz\/wp-content\/uploads\/sites\/837\/2021\/05\/image_portrait-150x150.jpg\" alt=\"Helga Dudda\" class=\"img-circle img-responsive center-block\" \/><\/div><\/div><div class=\"col-md-12 col-lg-3 col-xs-12 ansprechpartner-item kontakt floatright\" style=\"margin-bottom: 30px; \"><div class=\"row\"><div class=\"col-xs-12 col-sm-6 col-lg-12\"><div class=\"row\"><div class=\"col-xs-4 col-lg-4 row-text bold\" >Raum:<\/div><div class=\" row-text\">2316<\/div><\/div><\/div><div class=\"col-xs-12 col-sm-6 col-lg-12\"><div class=\"row\"><div class=\"col-xs-4 col-lg-4 row-text bold\">Telefon:<\/div><div class=\" row-text\">+49406541-2470<\/div><\/div><\/div><div class=\"col-xs-12 col-sm-6 col-lg-12\"><div class=\"row\"><div class=\"col-xs-4 col-lg-4 row-text bold\">E-Mail:<\/div><div class=\"row-text\" style=\"overflow:hidden; word-break: break-word\"><a href=\"mailto:helga.dudda@hsu-hh.de\" rel=\"nofollow\">helga.dudda@hsu-hh.de<\/a><\/div><\/div><\/div><\/div><\/div><div class=\"col-md-6 col-lg-3 col-xs-12 ansprechpartner-item anschrift floatright\" ><div class=\"row-headline\">Besucheranschrift<\/div><div class=\"dataBesucheranschrift\" style=\"\"><div class=\"row-text\">Helmut-Schmidt-Universit\u00e4t<\/div><div class=\"row-text\">Geb\u00e4ude H01<\/div><div class=\"row-text\">Holstenhofweg 85<\/div><div class=\"row-text\">22043 Hamburg<\/div><\/div><\/div><div class=\"col-md-6 col-lg-3 col-xs-12 ansprechpartner-item anschrift floatright\"><div class=\"row-headline\">Postanschrift<\/div><div class=\"dataPostanschrift\" style=\"\"><div class=\"row-text\">Helmut-Schmidt-Universit\u00e4t<\/div><div class=\"row-text\">Personalentwick<\/div><div class=\"row-text\">Postfach 70 08 22<\/div><div class=\"row-text\">22008 Hamburg<\/div><\/div><\/div><\/div><div class=\"clearfix\"><\/div>","protected":false},"excerpt":{"rendered":"<p>Die Professur f\u00fcr Soziologie unter besonderer Ber\u00fccksichtigung der Mikrosoziologie untersucht Gegenwartsph\u00e4nomene und aktuelle Problemstellungen aus der Perspektive von Praxistheorien und Wissenssoziologie. Mit Hilfe von Verfahren der qualitativen Sozialforschung \u2013 interaktions- [&hellip;]<\/p>\n","protected":false},"author":26,"featured_media":0,"parent":0,"menu_order":0,"comment_status":"closed","ping_status":"closed","template":"","meta":{"footnotes":""},"categories":[35],"tags":[],"class_list":["post-73","page","type-page","status-publish","hentry","category-startseite"],"_links":{"self":[{"href":"https:\/\/www.hsu-hh.de\/mikrosoz\/wp-json\/wp\/v2\/pages\/73","targetHints":{"allow":["GET"]}}],"collection":[{"href":"https:\/\/www.hsu-hh.de\/mikrosoz\/wp-json\/wp\/v2\/pages"}],"about":[{"href":"https:\/\/www.hsu-hh.de\/mikrosoz\/wp-json\/wp\/v2\/types\/page"}],"author":[{"embeddable":true,"href":"https:\/\/www.hsu-hh.de\/mikrosoz\/wp-json\/wp\/v2\/users\/26"}],"replies":[{"embeddable":true,"href":"https:\/\/www.hsu-hh.de\/mikrosoz\/wp-json\/wp\/v2\/comments?post=73"}],"version-history":[{"count":8,"href":"https:\/\/www.hsu-hh.de\/mikrosoz\/wp-json\/wp\/v2\/pages\/73\/revisions"}],"predecessor-version":[{"id":936,"href":"https:\/\/www.hsu-hh.de\/mikrosoz\/wp-json\/wp\/v2\/pages\/73\/revisions\/936"}],"wp:attachment":[{"href":"https:\/\/www.hsu-hh.de\/mikrosoz\/wp-json\/wp\/v2\/media?parent=73"}],"wp:term":[{"taxonomy":"category","embeddable":true,"href":"https:\/\/www.hsu-hh.de\/mikrosoz\/wp-json\/wp\/v2\/categories?post=73"},{"taxonomy":"post_tag","embeddable":true,"href":"https:\/\/www.hsu-hh.de\/mikrosoz\/wp-json\/wp\/v2\/tags?post=73"}],"curies":[{"name":"wp","href":"https:\/\/api.w.org\/{rel}","templated":true}]}}