{"id":637,"date":"2021-07-05T18:29:24","date_gmt":"2021-07-05T16:29:24","guid":{"rendered":"https:\/\/www.hsu-hh.de\/mikrosoz\/?page_id=637"},"modified":"2025-02-27T13:07:18","modified_gmt":"2025-02-27T12:07:18","slug":"stephanie-schiller","status":"publish","type":"page","link":"https:\/\/www.hsu-hh.de\/mikrosoz\/stephanie-schiller\/","title":{"rendered":"Stephanie Schiller, Dipl. Vis. Komm."},"content":{"rendered":"<script type=\"application\/ld+json\">[{\"@context\": \"https:\/\/www.schema.org\",\"@type\": \"Person\",\"name\": \"   \",\"worksFor\": [{\t\"@type\": \"Organization\",\t\"name\": \"Helmut-Schmidt-Universit\u00e4t\",\t\"url\": \"https:\/\/www.hsu-hh.de\"\t, \"department\": {\"@type\": \"Organization\",\t\t\t\t\t\"name\": \"GeiSo\",\t\t\t\t\t\"location\": {\t\t\t\t\t\t\"@type\": \"PostalAddress\",\t\t\t\t\t\t\"addressLocality\": \"\",        \t\t\t\t\"postalCode\": \"22043\",        \t\t\t\t\"streetAddress\": \"Holstenhofweg 85 , Geb\u00e4ude H1\"\t\t\t\t\t}},\t\"location\": {\t\t\"@type\": \"PostalAddress\",    \t\"addressLocality\": \"\",    \t\"postalCode\": \"22008\",    \t\"postOfficeBoxNumber\": \"700822\"\t}   }],\"image\": \"https:\/\/www.hsu-hh.de\/mikrosoz\/wp-content\/uploads\/sites\/837\/2021\/07\/20-06_Stephanie109sw-150x150.jpg\",\"telephone\": \"+49406541-3589\",\"faxNumber\": \"\",\"email\": \"schilles@hsu-hamburg.de\"}]<\/script><div class=\"clearfix\"><\/div><div class=\"ansprechparter-container \" style=\"margin-top:1em; \"><div class=\"row ansprechpartner-item ansprechparter-header\" ><div class=\"col-xs-8 col-lg-12\" style=\"margin-bottom: 30px;\"><h3 class=\"ansprechparter-headline\">   <\/h3><\/div><\/div><div class=\"col-md-4 col-lg-3 col-xs-4 ansprechpartner-item floatright img-circle center-block\" style=\"margin-bottom: 30px;\"><div class=\"img-responsive-wrapper\"><img decoding=\"async\" src=\"https:\/\/www.hsu-hh.de\/mikrosoz\/wp-content\/uploads\/sites\/837\/2021\/07\/20-06_Stephanie109sw-150x150.jpg\" alt=\"Bild Stephanie\" class=\"img-circle img-responsive center-block\" \/><\/div><\/div><div class=\"col-md-12 col-lg-3 col-xs-12 ansprechpartner-item kontakt floatright\" style=\"margin-bottom: 30px; \"><div class=\"row\"><div class=\"col-xs-12 col-sm-6 col-lg-12\"><div class=\"row\"><div class=\"col-xs-4 col-lg-4 row-text bold\" >Raum:<\/div><div class=\" row-text\">2314<\/div><\/div><\/div><div class=\"col-xs-12 col-sm-6 col-lg-12\"><div class=\"row\"><div class=\"col-xs-4 col-lg-4 row-text bold\">Telefon:<\/div><div class=\" row-text\">+49406541-3589<\/div><\/div><\/div><div class=\"col-xs-12 col-sm-6 col-lg-12\"><div class=\"row\"><div class=\"col-xs-4 col-lg-4 row-text bold\">E-Mail:<\/div><div class=\"row-text\" style=\"overflow:hidden; word-break: break-word\"><a href=\"mailto:schilles@hsu-hamburg.de\" rel=\"nofollow\">schilles@hsu-hamburg.de<\/a><\/div><\/div><\/div><\/div><\/div><div class=\"col-md-6 col-lg-3 col-xs-12 ansprechpartner-item anschrift floatright\" ><div class=\"row-headline\">Besucheranschrift<\/div><div class=\"dataBesucheranschrift\" style=\"\"><div class=\"row-text\">Helmut-Schmidt-Universit\u00e4t<\/div><div class=\"row-text\">Geb\u00e4ude H1<\/div><div class=\"row-text\">Holstenhofweg 85<\/div><div class=\"row-text\">22043 Hamburg<\/div><\/div><\/div><div class=\"col-md-6 col-lg-3 col-xs-12 ansprechpartner-item anschrift floatright\"><div class=\"row-headline\">Postanschrift<\/div><div class=\"dataPostanschrift\" style=\"\"><div class=\"row-text\">Helmut-Schmidt-Universit\u00e4t<\/div><div class=\"row-text\">GeiSo<\/div><div class=\"row-text\">Postfach 70 08 22<\/div><div class=\"row-text\">22008 Hamburg<\/div><\/div><\/div><\/div><div class=\"clearfix\"><\/div>\n\n\n<div style=\"height:50px\" aria-hidden=\"true\" class=\"wp-block-spacer\"><\/div>\n\n\n<p>Stephanie Schiller ist seit Juni 2021 wissenschaftliche Mitarbeiterin am Fachbereich Soziologie unter besonderer Ber\u00fccksichtigung der Mikrosoziologie an der <abbr title=\"Helmut Schmidt Universit\u00e4t\">HSU<\/abbr>. Nach einer journalistischen Ausbildung studierte sie an der Hochschule f\u00fcr bildende K\u00fcnste Hamburg (HFBK) Visuelle Kommunikation mit dem Schwerpunkt Fotografie und Film. Seit 2010 ist sie freischaffend publizistisch t\u00e4tig.<\/p>\n<p>Ihr aktuelles Forschungsfeld ist der Jugendstrafvollzug. Leitende Begriffe sind Mangel und Enge als rahmende Parameter der Lebenswirklichkeit der Inhaftierten, N\u00e4he, die Indeterminiertheit des Ortes Jugendgef\u00e4ngnis, Macht und Gewalt im Kontext sozialer Interaktion sowie soziale Gef\u00fcge <abbr title=\"beziehungsweise\">bzw.<\/abbr> \u203aBegehrensgef\u00fcge\u2039 im Sinne von Gilles Deleuze und F\u00e9lix Guattari.<\/p>\n\n\n<div style=\"height:50px\" aria-hidden=\"true\" class=\"wp-block-spacer\"><\/div>\n\n\n<p>\u00a0<\/p>\n<h3>Forschungsschwerpunkte<\/h3>\n<ul>\n<li>Gewaltgef\u00fcge im Kontext poststrukturalistischer Theorie<\/li>\n<\/ul>\n<h3>Publikationen<\/h3>\n<p>&#8211; \u00bb<a href=\"http:\/\/stephanieschiller.de\/sometimes\/\" rel='nofollow'>Sometimes in April<\/a>\u00ab. Eine Reportage, 20 Jahre nach dem V\u00f6lkermord in Ruanda. In: Neues Deutschland, 5.\/6.04.2014.<\/p>\n<p>&#8211; Rezension zu: Axel Groenemeyer, Dagmar Hoffmann (<abbr title=\"Herausgeber\">Hrsg.<\/abbr>) <a href=\"https:\/\/www.hsu-hh.de\/mikrosoz\/wp-content\/uploads\/sites\/837\/2021\/07\/Rezension-Bachmann_Schiller_ZJJ_4_2014.pdf\">Jugend als soziales Problem \u2013 soziale Probleme der Jugend? Diagnosen, Diskurse und Herausforderungen.<\/a> (S. 403). Zusammen mit A. Bachmann. In: Zeitschrift f\u00fcr Jugendkriminalrecht und Jugendhilfe (ZJJ), Ausgabe 4 (2014).<\/p>\n<p>&#8211; \u00bb<a href=\"http:\/\/stephanieschiller.de\/heimatfront-2\" rel='nofollow'>Heimatfront. Mein Leben mit einem Kriegsheimkehrer<\/a>\u00ab (Herder, 2012).<\/p>\n<p>&#8211; \u00bb<a href=\"http:\/\/stephanieschiller.de\/marat\/\" rel='nofollow'>Die Revolution entl\u00e4sst ihre Kinder, oder: Ver\u00e4ndert Kunst Leben?<\/a>\u00ab In: Die Deutsche B\u00fchne, 10\/2010.<\/p>\n<p>\u00a0<\/p>\n<h3>Vortr\u00e4ge<\/h3>\n<ul>\n<li>\u00bbN\u00e4he als Gewaltgef\u00fcge\u00ab. Ethnografische Befunde aus der Jugendstrafvollzugsanstalt Hahn\u00f6fersand. Vortrag im Rahmen der Ad-hoc-Gruppe \u203aEthnographien der Gewalt\u2039, DGS-Kongress 2022, Bielefeld.<\/li>\n<\/ul>\n<p>\u00a0<\/p>","protected":false},"excerpt":{"rendered":"<p>Stephanie Schiller ist seit Juni 2021 wissenschaftliche Mitarbeiterin am Fachbereich Soziologie unter besonderer Ber\u00fccksichtigung der Mikrosoziologie an der HSU. Nach einer journalistischen Ausbildung studierte sie an der Hochschule f\u00fcr bildende [&hellip;]<\/p>\n","protected":false},"author":2830,"featured_media":0,"parent":0,"menu_order":0,"comment_status":"closed","ping_status":"closed","template":"","meta":{"footnotes":""},"categories":[8],"tags":[],"class_list":["post-637","page","type-page","status-publish","hentry","category-team"],"_links":{"self":[{"href":"https:\/\/www.hsu-hh.de\/mikrosoz\/wp-json\/wp\/v2\/pages\/637","targetHints":{"allow":["GET"]}}],"collection":[{"href":"https:\/\/www.hsu-hh.de\/mikrosoz\/wp-json\/wp\/v2\/pages"}],"about":[{"href":"https:\/\/www.hsu-hh.de\/mikrosoz\/wp-json\/wp\/v2\/types\/page"}],"author":[{"embeddable":true,"href":"https:\/\/www.hsu-hh.de\/mikrosoz\/wp-json\/wp\/v2\/users\/2830"}],"replies":[{"embeddable":true,"href":"https:\/\/www.hsu-hh.de\/mikrosoz\/wp-json\/wp\/v2\/comments?post=637"}],"version-history":[{"count":16,"href":"https:\/\/www.hsu-hh.de\/mikrosoz\/wp-json\/wp\/v2\/pages\/637\/revisions"}],"predecessor-version":[{"id":1188,"href":"https:\/\/www.hsu-hh.de\/mikrosoz\/wp-json\/wp\/v2\/pages\/637\/revisions\/1188"}],"wp:attachment":[{"href":"https:\/\/www.hsu-hh.de\/mikrosoz\/wp-json\/wp\/v2\/media?parent=637"}],"wp:term":[{"taxonomy":"category","embeddable":true,"href":"https:\/\/www.hsu-hh.de\/mikrosoz\/wp-json\/wp\/v2\/categories?post=637"},{"taxonomy":"post_tag","embeddable":true,"href":"https:\/\/www.hsu-hh.de\/mikrosoz\/wp-json\/wp\/v2\/tags?post=637"}],"curies":[{"name":"wp","href":"https:\/\/api.w.org\/{rel}","templated":true}]}}