{"id":479,"date":"2021-02-15T10:39:06","date_gmt":"2021-02-15T09:39:06","guid":{"rendered":"https:\/\/www.hsu-hh.de\/mikrosoz\/?page_id=479"},"modified":"2025-03-10T09:33:19","modified_gmt":"2025-03-10T08:33:19","slug":"dr-phil-lisa-wiedemann","status":"publish","type":"page","link":"https:\/\/www.hsu-hh.de\/mikrosoz\/mitarbeiter\/dr-phil-lisa-wiedemann\/","title":{"rendered":"Dr. phil. Lisa Wiedemann"},"content":{"rendered":"<script type=\"application\/ld+json\">[{\"@context\": \"https:\/\/www.schema.org\",\"@type\": \"Person\",\"name\": \"Lisa Wiedemann\",\"worksFor\": [{\t\"@type\": \"Organization\",\t\"name\": \"Helmut-Schmidt-Universit\u00e4t\",\t\"url\": \"https:\/\/www.hsu-hh.de\"\t, \"department\": {\"@type\": \"Organization\",\t\t\t\t\t\"name\": \"Mikrosoziologie\",\t\t\t\t\t\"location\": {\t\t\t\t\t\t\"@type\": \"PostalAddress\",\t\t\t\t\t\t\"addressLocality\": \"\",        \t\t\t\t\"postalCode\": \"22043\",        \t\t\t\t\"streetAddress\": \"Holstenhofweg 85 , Geb\u00e4ude \"\t\t\t\t\t}},\t\"location\": {\t\t\"@type\": \"PostalAddress\",    \t\"addressLocality\": \"\",    \t\"postalCode\": \"22008\",    \t\"postOfficeBoxNumber\": \"700822\"\t}   }],\"image\": \"https:\/\/www.hsu-hh.de\/mikrosoz\/wp-content\/uploads\/sites\/837\/2020\/02\/Lisa-Foto-150x150.jpg\",\"telephone\": \"+49406541-2559\",\"faxNumber\": \"\",\"email\": \"wiedemal@hsu-hh.de\"}]<\/script><div class=\"clearfix\"><\/div><div class=\"ansprechparter-container \" style=\"margin-top:1em; \"><div class=\"row ansprechpartner-item ansprechparter-header\" ><div class=\"col-xs-8 col-lg-12\" style=\"margin-bottom: 30px;\"><h3 class=\"ansprechparter-headline\">Lisa Wiedemann<\/h3><\/div><\/div><div class=\"col-md-4 col-lg-3 col-xs-4 ansprechpartner-item floatright img-circle center-block\" style=\"margin-bottom: 30px;\"><div class=\"img-responsive-wrapper\"><img decoding=\"async\" src=\"https:\/\/www.hsu-hh.de\/mikrosoz\/wp-content\/uploads\/sites\/837\/2020\/02\/Lisa-Foto-150x150.jpg\" alt=\"Foto Lisa Wiedemann\" class=\"img-circle img-responsive center-block\" \/><\/div><\/div><div class=\"col-md-12 col-lg-3 col-xs-12 ansprechpartner-item kontakt floatright\" style=\"margin-bottom: 30px; \"><div class=\"row\"><div class=\"col-xs-12 col-sm-6 col-lg-12\"><div class=\"row\"><div class=\"col-xs-4 col-lg-4 row-text bold\" >Raum:<\/div><div class=\" row-text\">2314<\/div><\/div><\/div><div class=\"col-xs-12 col-sm-6 col-lg-12\"><div class=\"row\"><div class=\"col-xs-4 col-lg-4 row-text bold\">Telefon:<\/div><div class=\" row-text\">+49406541-2559<\/div><\/div><\/div><div class=\"col-xs-12 col-sm-6 col-lg-12\"><div class=\"row\"><div class=\"col-xs-4 col-lg-4 row-text bold\">E-Mail:<\/div><div class=\"row-text\" style=\"overflow:hidden; word-break: break-word\"><a href=\"mailto:wiedemal@hsu-hh.de\" rel=\"nofollow\">wiedemal@hsu-hh.de<\/a><\/div><\/div><\/div><\/div><\/div><div class=\"col-md-6 col-lg-3 col-xs-12 ansprechpartner-item anschrift floatright\" ><div class=\"row-headline\">Besucheranschrift<\/div><div class=\"dataBesucheranschrift\" style=\"\"><div class=\"row-text\">Helmut-Schmidt-Universit\u00e4t<\/div><div class=\"row-text\">Geb\u00e4ude <\/div><div class=\"row-text\">Holstenhofweg 85<\/div><div class=\"row-text\">22043 Hamburg<\/div><\/div><\/div><div class=\"col-md-6 col-lg-3 col-xs-12 ansprechpartner-item anschrift floatright\"><div class=\"row-headline\">Postanschrift<\/div><div class=\"dataPostanschrift\" style=\"\"><div class=\"row-text\">Helmut-Schmidt-Universit\u00e4t<\/div><div class=\"row-text\">Mikrosoziologie<\/div><div class=\"row-text\">Postfach 70 08 22<\/div><div class=\"row-text\">22008 Hamburg<\/div><\/div><\/div><\/div><div class=\"clearfix\"><\/div>\n\n\n<div style=\"height:50px\" aria-hidden=\"true\" class=\"wp-block-spacer\"><\/div>\n\n\n<p>Lisa Wiedemann ist seit August 2019 wissenschaftliche Mitarbeiterin am Arbeitsbereich\u00a0 Mikrosoziologie an der <abbr title=\"Helmut Schmidt Universit\u00e4t\">HSU<\/abbr>. Zuvor arbeitete sie an der Professur f\u00fcr Science and Technology Studies an der Hafen City Universit\u00e4t Hamburg und promovierte 2019 mit einer ethnographischen Studie zu digitalen Vermessungspraktiken im medizinischen und popul\u00e4r-allt\u00e4glichen Kontext (nominiert f\u00fcr den Deutschen Studienpreis 2020). Nach ihrem Studium der Soziologie, empirischen Kulturwissenschaft\/Kulturgeschichte und Erziehungswissenschaft an der Friedrich-Schiller-Universit\u00e4t in Jena, absolvierte sie 2012 als Leonardo-Stipendiatin ein Forschungssemester am \u201eBirmingham Centre for Media and Cultural Research.\u201c Sie\u00a0 hatte verschiedene Lehrauftr\u00e4ge (Universit\u00e4t Hildesheim; Universit\u00e4t Hamburg) und ist Mitglied im Herausgabekollektiv der Zeitschrift \u201eephemera: theory and politics in organization.\u201c<\/p>\n<p>In ihrer Forschung greift sie auf praxeographische Zug\u00e4nge zur\u00fcck und st\u00fctzt sich auf\u00a0 Perspektiven der Science and Technology Studies. Dabei stellt sie Fragen nach den affektiven, sozio-materiellen und k\u00f6rperlichen Dimensionen des intimen Verflochtenseins mit digitalen Gesundheitstechnologien. Sie interessiert sich in ihren Arbeiten f\u00fcr die multiplen Realit\u00e4ten und Komplexit\u00e4ten des Lebens mit chronischer Krankheit (im Kontext von Diabetes Typ 1 und medizinisch schwer greifbaren Erkrankungen wie \u201elong COVID\u201c). Zudem forscht sie zu den M\u00f6glichkeiten des\u00a0 Co-Designs von Sorgetechnologien.<\/p>\n<p>\u00a0<\/p>\n\n\n<div style=\"height:50px\" aria-hidden=\"true\" class=\"wp-block-spacer\"><\/div>\n\n\n<\/p>\n<p><h3>Forschungsschwerpunkte<\/h3>\n<p>Science and Technology Studies (STS)<\/p>\n<ul>\n<li>Praktiken der Quantifizierung und Standardisierung<\/li>\n<li>Chronische Krankheiten<\/li>\n<li>Digitalisierung und Gesundheit<\/li>\n<li>Digitale Verk\u00f6rperungen<\/li>\n<li>Algorithmisierung und Technisierung von Sorgebeziehungen<\/li>\n<li>Soziomaterialit\u00e4t des Atmens<\/li>\n<li>Maintenance &amp; Repair Studies<\/li>\n<\/ul>\n<h3>Mitgliedschaften<\/h3>\n<ul>\n<li>DGS &#8211; Deutsche Gesellschaft f\u00fcr Soziologie, Sektion Wissenschafts- und Technikforschung, Sektion Soziologie des K\u00f6rpers und des Sports (Vorstandsmitglied)<\/li>\n<li>EASST &#8211; European Association for the Study of Sciences and Technology<\/li>\n<li>stsing<\/li>\n<\/ul>\n<h3>Publikationen<\/h3>\n<p>&#8211; Wiedemann, Lisa (2022): Wearables. In: Dederich, Markus\/Zirfas, J\u00f6rg (Hg.): Optimierung. Ein interdisziplin\u00e4res Handbuch. Stuttgart: J.B. Metzler (im Erscheinen).<\/p>\n<p>&#8211; Wiedemann, Lisa (2022): Digitale und analoge K\u00f6rper. In: Klein, Gabriele\/Gugutzer, Robert\/Meuser, Michael (2021): Handbuch K\u00f6rpersoziologie. Band 2: Forschungsfelder und methodische Zug\u00e4nge. Wiesbaden: VS Verlag f\u00fcr Sozialwissenschaften (im Erscheinen).<\/p>\n<p>&#8211; Eitenberger, Magdalena\/Wiedemann Lisa (2022): Differences on display: Zur Digitalisierung diabetischer Sorgegeflechte. In: Andr\u00e9, Elisabeth et al.: Gesundheitsforschung. Interdisziplin\u00e4re Perspektiven. Band 4. Baden Baden: Nomos, S. 233-261.<\/p>\n<p>&#8211; Wiedemann, Lisa (2022): <a href=\"https:\/\/www.transcript-verlag.de\/chunk_detail_seite.php?doi=10.14361%2F9783839448809-013\" rel='nofollow'>Die Sorge um die Batterien. Elektrochemische Zellen im Kontext diabetischer K\u00f6rpervermessung. In: M\u00fcggenburg, Jan (Hg.): Reichweitenangst. Batterien und Akkus als Medien des Digitalen Zeitalters<\/a>. Bielefeld: Transcript, S. 259-278.<\/p>\n<p>&#8211; Wiedemann, Lisa\/Gr\u00fcn, Hannah (2021): Care as a \u201chigh-tension zone\u201d: Investigating frictions and temporalities in technologized care arrangements, <em>Working Paper<\/em> f\u00fcr die Transforming Care Conference, TCC 2021.<\/p>\n<p>&#8211; Wiedemann, Lisa (2021): Being on standby: On maintenance work in chronic disease management. In: ephemera: theory &amp; politics in organization, 21(1), S. 31-58. <a href=\"http:\/\/www.ephemerajournal.org\/contribution\/being-standby-maintenance-work-chronic-disease-management\" rel='nofollow'>Online Version<\/a><\/p>\n<p>&#8211; Wiedemann, Lisa (2020): Rezension f\u00fcr das Bayrische Jahrbuch f\u00fcr Volkskunde, zu: \u201eDie Personenwaage. Ein Beitrag zur Geschichte und Soziologie der Selbstvermessung\u201c, von Deborah Frommfeld.<\/p>\n<p>&#8211; Wiedemann, Lisa (2019): <a href=\"https:\/\/www.hsu-hh.de\/mikrosoz\/wp-content\/uploads\/sites\/837\/2021\/07\/Wiedemann2019_Chapter_Einleitung.pdf\">Self-Tracking. Vermessungspraktiken im Kontext von Quantified Self und Diabetes<\/a>. Wiesbaden: VS Verlag f\u00fcr Sozialwissenschaften.<\/p>\n<p>&#8211; Wiedemann, Lisa (2016a): &#8222;Vom Piksen zum Scannen, vom Wert zu Daten&#8220; &#8211; Digitalisierte Selbstvermessung im Kontext von Diabetes. In: Duttweiler, Stefanie\/Gugutzer, Robert\/Passoth, Jan-Hendrik\/Str\u00fcbing, J\u00f6rn (Hg.): Leben nach Zahlen. Self-Tracking als Optimierungsprojekt? Bielefeld: Transcript, S. 293-325.<\/p>\n<p>&#8211; Wiedemann, Lisa (2016b): Datens\u00e4tze der Selbstbeobachtung &#8211; Daten verk\u00f6rpern, Leib vergessen? In: Selke, Stefan (Hg.): Lifelogging. Digitale Selbstvermessung und Lebensprotokollierung zwischen disruptiver Technologie und kulturellem Wandel. Wiesbaden: Springer VS Verlag f\u00fcr Sozialwissenschaften, S. 65-97.<\/p>\n<p>&#8211; Wiedemann, Lisa (2016c): Self-Monitoring. In: Selke, Stefan (hg.): Lifelogging. Digital self-tracking and lifelogging. Betwenn disruptive technology and cultural transformation. Wiesbaden: VS Verlag, S. 207-212.<\/p>\n<\/p>\n<h3>Vortr\u00e4ge<\/h3>\n<p>&#8211; &#8222;The Negotiation of Unruly Bodies: Circulations of the Practice of Pacing in the Context of Long-Covid&#8220;, STS-hub.de 2023, Human Technology Center in Aachen, M\u00e4rz 2023 (gemeinsam mit Aurora A. Sauter).<\/p>\n<p>&#8211; &#8222;In multiplen Logiken der Abwesenheit forschen: Post-Covid und die Diskussion feldspezifischer ethnographischer Herausforderungen&#8220;, Tagung Feldforschung in der Medizin: Mehrwert und Herausforderungen ethnografischer Zug\u00e4nge zu Gesundheit, Universit\u00e4t Augsburg, M\u00e4rz 2023.<\/p>\n<p>&#8211; &#8222;Vulnerable K\u00f6rper-Technik Verflechtungen zusammenhalten &#8211; Neue Zonen von Sorgearbeit im Kontext medizinischer Self-Tracking-Technologien&#8220;, Vortragsreihe Medizin und Technik, Uni Hagen, Dezember 2022.<\/p>\n<p>&#8211; \u201e Multiplizit\u00e4t und Differenz: Digitale Gesundheitstechnologien im Feld der STS\u201c, Tagung Digitale Transformationen im Gesundheitswesen, Mai 2022.<\/p>\n<p>&#8211; &#8222;Embodying data \u2013 Von biosozialen K\u00f6rper-Daten-Virus-Beziehungen&#8220;, DGS\/\u00d6GS Kongress 2021, August 2021.<\/p>\n<p>&#8211; \u201eSoziologische Perspektiven auf Selbstoptimierung und K\u00f6rpervermessungen\u201c, &#8222;Fachsymposium IKARUS: never enough&#8220; in K\u00f6ln, September 2021.<\/p>\n<p>&#8211; \u201eIntime Daten: Rituale als Modi der Ver- und Entflechtung\u201c, Workshop: Digitale Rituale, Goethe-Universit\u00e4t Frankfurt a.M., Juli 2021.<\/p>\n<p>&#8211; \u201eCare as a \u201ahigh-tension zone\u2018: Investigating frictions and temporalities in technologized care arrangements\u201c, gemeinsam mit Hannah Gr\u00fcn, Transforming Care Conference, Juni 2021.<\/p>\n<p>&#8211; \u201eFrom now on I need to carry around a power bank\u201c\u2013 Enacting a DIY closed loop system in daily life, Chronic Living Conference, M\u00e4rz 2021.<\/p>\n<p>&#8211; \u201e\u2018Jetzt geht es viel um die Technologie, dass sie am Laufen bleibt\u2018 \u2013 Von spannungsgeladenen und vulnerablen \u00d6kologien der Sorge\u201c, 40. Kongress der Deutschen Gesellschaft f\u00fcr Soziologie (online), September 2020.<\/p>\n<p>&#8211; \u201eBeing on standby: On maintenance work in chronic disease management\u201d, EASST conference (online), August 2020.<\/p>\n<p>&#8211; \u201eModelle und Modellierung im Kontext der Technisierung von (Self-)Care Praktiken\u201c, Rundgepr\u00e4ch Arbeiten mit Modellen zur Gestaltfindung, HCU Hamburg, M\u00e4rz 2020.<\/p>\n<p>&#8211; \u201e#WeAreNotWaiting &#8211; Hacking Health as a \u2018matter of care\u2019\u201d, Workshop: Patients\u2019 Changing Agency in the Tension of digital and non-digital Health Communication\u201d, Universit\u00e4t Hamburg, Februar 2020.<\/p>\n<p>&#8211; &#8222;Das allt\u00e4gliche &#8218;Doing Pancreas&#8216;. Indiziertes Self-Tracking im Kontext Diabetes&#8220;, Hafen City Universit\u00e4t Hamburg, Dezember 2017.<\/p>\n<p>&#8211; &#8222;Digitale K\u00f6rpervermessungen&#8220;, Universit\u00e4t Bremen Januar 2017.<\/p>\n<p>&#8211; &#8222;Die Vermessung des Selbst durch Zahlen. Eine ethnographische Studie technisch vermittelter K\u00f6rperquantifizierungen&#8220;, Universit\u00e4t Hildesheim, Februar 2015.<\/p>\n<p>&#8211; &#8222;Blackbox K\u00f6rper &#8211; quantifizierte K\u00f6rperpolitiken &#8211; zwischen Pr\u00e4vention und Reaktion&#8220;, Jahrestagung der Gesellschaft f\u00fcr Wissenschafts- und Technikforschung in T\u00fcbingen, November 2014.<\/p>\n<p>&#8211; &#8222;Producing body-data &#8211; producing power effects?&#8220;, EASST conference in Torun, September 2014.<\/p>\n<p>&#8211; &#8222;Aporien des Neuen. Medienwissenschaftliche Deutungsmuster des Internets&#8220; gemeinsam mit Linda Gro\u00df, Jahrestagung der Gesellschaft f\u00fcr Medienwissenschaften in L\u00fcneburg, Oktober 2013.<\/p>\n<\/p>\n<h3>Organisierte Panels, Workshops &amp; Konferenzen<\/h3>\n<p>&#8211; Panel: &#8222;Circulating practices&#8220;, STS-hub.de 2023, Human Technology Center in Aachen, 15.-17. M\u00e4rz 2023 (gemeinsam mit Jan-Peter Vo\u00df).<\/p>\n<p>&#8211; Panel: &#8222;Embodying circulation: STS researchers in circulation&#8220;, 5.-17. M\u00e4rz 2023 (gemeinsam mit Jan-Peter Vo\u00df).<\/p>\n<p>&#8211; Panel &#8222;Just do it. . . Stories of becoming an ethnographer&#8220;, 5.-17. M\u00e4rz 2023 (gemeinsam mit Hannah Gr\u00fcn und Aurora A. Sauter).<\/p>\n<p>&#8211; STS-hub.de 2023 (https:\/\/sts-hub.de\/), Aachen, 15.-17. M\u00e4rz 2023 (gemeinsam mit Stefan B\u00f6schen, Paula Helm, Stefan Laser, Ingmar Lippert, Jan-Hendrik Passoth, Jan-Felix Schrape, Cornelius Schubert, Mareike Smolka, Jan-Peter Voss).<\/p>\n<p>&#8211; Ad-Hoc-Gruppe: \u201eElemente des Atmosph\u00e4rischen. Zur Greifbarkeit ungreifbarer K\u00f6rperph\u00e4nomene in polarisierten Welten\u201c, 41. DGS-Kongress &#8211; \u201ePolarisierte Welten\u201c, Bielefeld, 26.-30. September 2022 (gemeinsam mit Hanna Katharina G\u00f6bel).<\/p>\n<p>&#8211; Open Panel: \u201eCare as a high-tension zone: Investigating the ambivalences of care in the midst of the pandemic\u201d, EASST 2022 &#8211; \u201cThe politics of technoscientific futures \u201c, Madrid, 6.-9. Juli 2022 (gemeinsam mit Hannah Gr\u00fcn).<\/p>\n<p>&#8211; Open Panel: \u201cPandemic Breathing \u2013 Air as Matter of Dis\/Connection\u201d, 4S Annual Meeting, Toronto\/online, 6.-9. Oktober 2021 (gemeinsam mit Vanessa Weber).<\/p>\n<\/p>\n\n\n<p><\/p>\n","protected":false},"excerpt":{"rendered":"<p>Lisa Wiedemann ist seit August 2019 wissenschaftliche Mitarbeiterin am Arbeitsbereich\u00a0 Mikrosoziologie an der HSU. Zuvor arbeitete sie an der Professur f\u00fcr Science and Technology Studies an der Hafen City Universit\u00e4t [&hellip;]<\/p>\n","protected":false},"author":2830,"featured_media":0,"parent":106,"menu_order":0,"comment_status":"closed","ping_status":"closed","template":"","meta":{"footnotes":""},"categories":[8],"tags":[],"class_list":["post-479","page","type-page","status-publish","hentry","category-team"],"_links":{"self":[{"href":"https:\/\/www.hsu-hh.de\/mikrosoz\/wp-json\/wp\/v2\/pages\/479","targetHints":{"allow":["GET"]}}],"collection":[{"href":"https:\/\/www.hsu-hh.de\/mikrosoz\/wp-json\/wp\/v2\/pages"}],"about":[{"href":"https:\/\/www.hsu-hh.de\/mikrosoz\/wp-json\/wp\/v2\/types\/page"}],"author":[{"embeddable":true,"href":"https:\/\/www.hsu-hh.de\/mikrosoz\/wp-json\/wp\/v2\/users\/2830"}],"replies":[{"embeddable":true,"href":"https:\/\/www.hsu-hh.de\/mikrosoz\/wp-json\/wp\/v2\/comments?post=479"}],"version-history":[{"count":26,"href":"https:\/\/www.hsu-hh.de\/mikrosoz\/wp-json\/wp\/v2\/pages\/479\/revisions"}],"predecessor-version":[{"id":1179,"href":"https:\/\/www.hsu-hh.de\/mikrosoz\/wp-json\/wp\/v2\/pages\/479\/revisions\/1179"}],"up":[{"embeddable":true,"href":"https:\/\/www.hsu-hh.de\/mikrosoz\/wp-json\/wp\/v2\/pages\/106"}],"wp:attachment":[{"href":"https:\/\/www.hsu-hh.de\/mikrosoz\/wp-json\/wp\/v2\/media?parent=479"}],"wp:term":[{"taxonomy":"category","embeddable":true,"href":"https:\/\/www.hsu-hh.de\/mikrosoz\/wp-json\/wp\/v2\/categories?post=479"},{"taxonomy":"post_tag","embeddable":true,"href":"https:\/\/www.hsu-hh.de\/mikrosoz\/wp-json\/wp\/v2\/tags?post=479"}],"curies":[{"name":"wp","href":"https:\/\/api.w.org\/{rel}","templated":true}]}}