{"id":432,"date":"2020-12-21T15:07:47","date_gmt":"2020-12-21T14:07:47","guid":{"rendered":"https:\/\/www.hsu-hh.de\/mikrosoz\/?page_id=432"},"modified":"2022-12-21T12:55:43","modified_gmt":"2022-12-21T11:55:43","slug":"hannah-gruen-m-a","status":"publish","type":"page","link":"https:\/\/www.hsu-hh.de\/mikrosoz\/mitarbeiter\/hannah-gruen-m-a\/","title":{"rendered":"Hannah Gr\u00fcn, M.A. GPE"},"content":{"rendered":"<script type=\"application\/ld+json\">[{\"@context\": \"https:\/\/www.schema.org\",\"@type\": \"Person\",\"name\": \"   \",\"worksFor\": [{\t\"@type\": \"Organization\",\t\"name\": \"Helmut-Schmidt-Universit\u00e4t\",\t\"url\": \"https:\/\/www.hsu-hh.de\"\t, \"department\": {\"@type\": \"Organization\",\t\t\t\t\t\"name\": \"Mikrosoziologie\",\t\t\t\t\t\"location\": {\t\t\t\t\t\t\"@type\": \"PostalAddress\",\t\t\t\t\t\t\"addressLocality\": \"\",        \t\t\t\t\"postalCode\": \"22043\",        \t\t\t\t\"streetAddress\": \"Holstenhofweg 85 , Geb\u00e4ude \"\t\t\t\t\t}},\t\"location\": {\t\t\"@type\": \"PostalAddress\",    \t\"addressLocality\": \"\",    \t\"postalCode\": \"22008\",    \t\"postOfficeBoxNumber\": \"700822\"\t}   }],\"image\": \"https:\/\/www.hsu-hh.de\/mikrosoz\/wp-content\/uploads\/sites\/837\/2020\/09\/Foto_Gruen-5-150x150.jpg\",\"telephone\": \"+49406541-3589\",\"faxNumber\": \"\",\"email\": \"gruenh@hsu-hh.de\"}]<\/script><div class=\"clearfix\"><\/div><div class=\"ansprechparter-container \" style=\"margin-top:1em; \"><div class=\"row ansprechpartner-item ansprechparter-header\" ><div class=\"col-xs-8 col-lg-12\" style=\"margin-bottom: 30px;\"><h3 class=\"ansprechparter-headline\">   <\/h3><\/div><\/div><div class=\"col-md-4 col-lg-3 col-xs-4 ansprechpartner-item floatright img-circle center-block\" style=\"margin-bottom: 30px;\"><div class=\"img-responsive-wrapper\"><img decoding=\"async\" src=\"https:\/\/www.hsu-hh.de\/mikrosoz\/wp-content\/uploads\/sites\/837\/2020\/09\/Foto_Gruen-5-150x150.jpg\" alt=\"hg\" class=\"img-circle img-responsive center-block\" \/><\/div><\/div><div class=\"col-md-12 col-lg-3 col-xs-12 ansprechpartner-item kontakt floatright\" style=\"margin-bottom: 30px; \"><div class=\"row\"><div class=\"col-xs-12 col-sm-6 col-lg-12\"><div class=\"row\"><div class=\"col-xs-4 col-lg-4 row-text bold\" >Raum:<\/div><div class=\" row-text\">2314<\/div><\/div><\/div><div class=\"col-xs-12 col-sm-6 col-lg-12\"><div class=\"row\"><div class=\"col-xs-4 col-lg-4 row-text bold\">Telefon:<\/div><div class=\" row-text\">+49406541-3589<\/div><\/div><\/div><div class=\"col-xs-12 col-sm-6 col-lg-12\"><div class=\"row\"><div class=\"col-xs-4 col-lg-4 row-text bold\">E-Mail:<\/div><div class=\"row-text\" style=\"overflow:hidden; word-break: break-word\"><a href=\"mailto:gruenh@hsu-hh.de\" rel=\"nofollow\">gruenh@hsu-hh.de<\/a><\/div><\/div><\/div><\/div><\/div><div class=\"col-md-6 col-lg-3 col-xs-12 ansprechpartner-item anschrift floatright\" ><div class=\"row-headline\">Besucheranschrift<\/div><div class=\"dataBesucheranschrift\" style=\"\"><div class=\"row-text\">Helmut-Schmidt-Universit\u00e4t<\/div><div class=\"row-text\">Geb\u00e4ude <\/div><div class=\"row-text\">Holstenhofweg 85<\/div><div class=\"row-text\">22043 Hamburg<\/div><\/div><\/div><div class=\"col-md-6 col-lg-3 col-xs-12 ansprechpartner-item anschrift floatright\"><div class=\"row-headline\">Postanschrift<\/div><div class=\"dataPostanschrift\" style=\"\"><div class=\"row-text\">Helmut-Schmidt-Universit\u00e4t<\/div><div class=\"row-text\">Mikrosoziologie<\/div><div class=\"row-text\">Postfach 70 08 22<\/div><div class=\"row-text\">22008 Hamburg<\/div><\/div><\/div><\/div><div class=\"clearfix\"><\/div>\n\n\n<div style=\"height:50px\" aria-hidden=\"true\" class=\"wp-block-spacer\"><\/div>\n\n\n<div>\n<div>\n<div>\n<div>\n<div>\n<div>\n<p>Hannah Gr\u00fcn ist seit Herbst 2020 Wissenschaftliche Mitarbeiter:in am Arbeitsbereich Mikrosoziologie an der <abbr title=\"Helmut Schmidt Universit\u00e4t\">HSU<\/abbr> und Doktorand:in im Hamburger <a href=\"https:\/\/www.wiso.uni-hamburg.de\/forschung\/forschungsschwerpunkte\/profilinitiative-arbeit-sozialer-wandel\/projekte\/lff-forschungsverbund-sorge-transformationen.html\" rel='nofollow'>Forschungsverbund \u201eSorgetransformationen\u201c (LFF 2020-2023)<\/a>. Sie absolvierte den internationalen Masterstudiengang Global Political Economy (GPE) an der Universit\u00e4t Kassel und studierte zuvor Sozialwissenschaften sowie Interdisziplin\u00e4re Geschlechterstudien an der Humboldt Universit\u00e4t zu Berlin und an der Universit\u00e4t Potsdam. Gef\u00f6rdert wurde ihr Studium durch ein <a href=\"https:\/\/www.boeckler.de\/de\/stipendium-fur-studierende-2655.htm\" rel='nofollow'>Stipendium der Hans-B\u00f6ckler-Stiftung<\/a>. Zwischen 2018 und 2021 war sie au\u00dferdem Lehrbeauftragte an der Frankfurt University of Applied Sciences. Hannah Gr\u00fcn ist Mitglied im Herausgabekollektiv des unabh\u00e4ngigen Journals &#8222;<em><a href=\"http:\/\/www.ephemerajournal.org\/\" rel='nofollow'>ephemera<\/a>: <\/em>theory and politics in organization&#8220;.<\/p>\n<p>Ihre Forschungsinteressen liegen an der Schnittstelle von Wohnen, Alter(n) und Technik mit einem besonderen Fokus auf Praktiken, Imaginationen und Infrastrukturen der Sorge sowie deren experimentelle Organisation in einer digitalen und alternde Gesellschaft. In ihrer ethnografisch ausgerichteten Forschung st\u00fctzt sie sich auf Methodologien und Perspektiven der Science and Technology Studies (STS) sowie auf feministische Theorien der Sorge und der sozialen Reproduktion.<\/p>\n<\/div>\n<\/div>\n<\/div>\n<\/div>\n<\/div>\n<\/div>\n\n\n<div style=\"height:50px\" aria-hidden=\"true\" class=\"wp-block-spacer\"><\/div>\n\n\n<p><br \/><h3>Forschungsschwerpunkte<\/h3><\/p>\n<ul>\n<li>Science and Technology Studies (STS)<\/li>\n<li>Feministische Theorien der Sorge und Sozialen Reproduktion<\/li>\n<li>Kollektives Sorgen und Wohnen in der Lebensphase &#8222;Alter&#8220;<\/li>\n<li>Alter(n) und assistive Technologien<\/li>\n<li>Ambient Assisted und Smart Living<\/li>\n<li>Co-design und &#8217;situated interventions&#8216;<\/li>\n<\/ul>\n<p><\/p>\n<h3>Mitgliedschaften<\/h3>\n<ul>\n<li>EASST &#8211; European Association for the Study of Sciences and Technology<\/li>\n<li>stsing &#8211; Association for Science and Technology Studies in and through Germany<\/li>\n<\/ul>\n<p><\/p>\n<h3>Publikationen<\/h3>\n<p>Wiedemann, Lisa\/Gr\u00fcn, Hannah (2021): Care as a \u201chigh-tension zone\u201d: Investigating frictions and temporalities in technologized care arrangements, Working Paper f\u00fcr die Transforming Care Conference, TCC 2021.<\/p>\n<p>Gr\u00fcn, Hannah (2021): <em>Caring with<\/em>: F\u00fcr eine Politik der _Mit_Sorge in Zeiten der Covid-19 Pandemie. In: Fischer, J\u00f6rg\/ Tuider, Elisabeth (<abbr title=\"Herausgeber\">Hrsg.<\/abbr>): Sozialer Zusammenhalt. 4. Sonderband Sozialmagazin. Weinheim\/Basel: Beltz Juventa, S. 97-119.<br \/><\/p>\n<p>\u00a0<\/p>\n<h3>Konferenzen, Vortr\u00e4ge &amp; Workshops<\/h3>\n<p>&#8222;Sorge zwischen Technisierung und der (Wieder-)Entdeckung des Gemeinsamen? Das Beispiel altersgerechtes Wohnen&#8220;, 41. DGS Kongress, Bielefeld, September 2022.<\/p>\n<p>&#8222;Care as a high-tension zone: Investigating the ambivalences of care in the midst of the pandemic\u201d, Open-Panel zusammen mit Lisa Wiedemann, EASST 2022, Madrid, Juli 2022.<\/p>\n<p>&#8222;Aging-with many: Conceptualizing ecologies of care in the field of Ambient Assisted Living&#8220;, Vortrag, 4S 2021, Toronto\/online, Oktober 2021.<\/p>\n<p>&#8222;format \/C: Digitalisierung und utopische Zuk\u00fcnfte? Eine Kurzwerkstatt&#8220;, Workshop zusammen mit Felix Nickel, Herr*Krit 2021, Uni Kassel\/online, Juli 2021.<\/p>\n<p>&#8222;Care as a &#8218;high-tension zone&#8216;: Investigating frictions and temporalities in technologized care arrangements&#8220;, Vortrag zusammen mit Lisa Wiedemann, TCC21 Venedig\/online, Juni 2021.<\/p>\n<p>\u201eCritters, Chaos, Capital: Thinking-with care in times of digital transformation\u201c, Vortrag, <abbr title=\"Technische Universit\u00e4t\">TU<\/abbr> Berlin, Juni 2019.<br \/><br \/><\/p>\n\n\n<p><\/p>\n","protected":false},"excerpt":{"rendered":"<p>Hannah Gr\u00fcn ist seit Herbst 2020 Wissenschaftliche Mitarbeiter:in am Arbeitsbereich Mikrosoziologie an der HSU und Doktorand:in im Hamburger Forschungsverbund \u201eSorgetransformationen\u201c (LFF 2020-2023). Sie absolvierte den internationalen Masterstudiengang Global Political Economy [&hellip;]<\/p>\n","protected":false},"author":2830,"featured_media":0,"parent":106,"menu_order":0,"comment_status":"closed","ping_status":"closed","template":"","meta":{"footnotes":""},"categories":[8],"tags":[],"class_list":["post-432","page","type-page","status-publish","hentry","category-team"],"_links":{"self":[{"href":"https:\/\/www.hsu-hh.de\/mikrosoz\/wp-json\/wp\/v2\/pages\/432","targetHints":{"allow":["GET"]}}],"collection":[{"href":"https:\/\/www.hsu-hh.de\/mikrosoz\/wp-json\/wp\/v2\/pages"}],"about":[{"href":"https:\/\/www.hsu-hh.de\/mikrosoz\/wp-json\/wp\/v2\/types\/page"}],"author":[{"embeddable":true,"href":"https:\/\/www.hsu-hh.de\/mikrosoz\/wp-json\/wp\/v2\/users\/2830"}],"replies":[{"embeddable":true,"href":"https:\/\/www.hsu-hh.de\/mikrosoz\/wp-json\/wp\/v2\/comments?post=432"}],"version-history":[{"count":40,"href":"https:\/\/www.hsu-hh.de\/mikrosoz\/wp-json\/wp\/v2\/pages\/432\/revisions"}],"predecessor-version":[{"id":1136,"href":"https:\/\/www.hsu-hh.de\/mikrosoz\/wp-json\/wp\/v2\/pages\/432\/revisions\/1136"}],"up":[{"embeddable":true,"href":"https:\/\/www.hsu-hh.de\/mikrosoz\/wp-json\/wp\/v2\/pages\/106"}],"wp:attachment":[{"href":"https:\/\/www.hsu-hh.de\/mikrosoz\/wp-json\/wp\/v2\/media?parent=432"}],"wp:term":[{"taxonomy":"category","embeddable":true,"href":"https:\/\/www.hsu-hh.de\/mikrosoz\/wp-json\/wp\/v2\/categories?post=432"},{"taxonomy":"post_tag","embeddable":true,"href":"https:\/\/www.hsu-hh.de\/mikrosoz\/wp-json\/wp\/v2\/tags?post=432"}],"curies":[{"name":"wp","href":"https:\/\/api.w.org\/{rel}","templated":true}]}}