{"id":174,"date":"2020-02-12T13:44:05","date_gmt":"2020-02-12T12:44:05","guid":{"rendered":"https:\/\/www.hsu-hh.de\/mikrosoz\/?page_id=174"},"modified":"2021-07-09T11:04:01","modified_gmt":"2021-07-09T09:04:01","slug":"alexander-degel-m-sc","status":"publish","type":"page","link":"https:\/\/www.hsu-hh.de\/mikrosoz\/mitarbeiter\/alexander-degel-m-sc\/","title":{"rendered":"Alexander Degel, M.Sc."},"content":{"rendered":"<script type=\"application\/ld+json\">[{\"@context\": \"https:\/\/www.schema.org\",\"@type\": \"Person\",\"name\": \"   \",\"worksFor\": [{\t\"@type\": \"Organization\",\t\"name\": \"Helmut-Schmidt-Universit\u00e4t\",\t\"url\": \"https:\/\/www.hsu-hh.de\"\t, \"department\": {\"@type\": \"Organization\",\t\t\t\t\t\"name\": \"Mikrosoziologie\",\t\t\t\t\t\"location\": {\t\t\t\t\t\t\"@type\": \"PostalAddress\",\t\t\t\t\t\t\"addressLocality\": \"\",        \t\t\t\t\"postalCode\": \"22043\",        \t\t\t\t\"streetAddress\": \"Holstenhofweg 85 , Geb\u00e4ude H01\"\t\t\t\t\t}},\t\"location\": {\t\t\"@type\": \"PostalAddress\",    \t\"addressLocality\": \"\",    \t\"postalCode\": \"22008\",    \t\"postOfficeBoxNumber\": \"700822\"\t}   }],\"image\": \"https:\/\/www.hsu-hh.de\/mikrosoz\/wp-content\/uploads\/sites\/837\/2020\/02\/Bild-Alexander-150x150.jpg\",\"telephone\": \"+49406541-2371\",\"faxNumber\": \"\",\"email\": \"degel@hsu-hh.de\"}]<\/script><div class=\"clearfix\"><\/div><div class=\"ansprechparter-container \" style=\"margin-top:1em; \"><div class=\"row ansprechpartner-item ansprechparter-header\" ><div class=\"col-xs-8 col-lg-12\" style=\"margin-bottom: 30px;\"><h3 class=\"ansprechparter-headline\">   <\/h3><\/div><\/div><div class=\"col-md-4 col-lg-3 col-xs-4 ansprechpartner-item floatright img-circle center-block\" style=\"margin-bottom: 30px;\"><div class=\"img-responsive-wrapper\"><img decoding=\"async\" src=\"https:\/\/www.hsu-hh.de\/mikrosoz\/wp-content\/uploads\/sites\/837\/2020\/02\/Bild-Alexander-150x150.jpg\" alt=\"Foto Alexander\" class=\"img-circle img-responsive center-block\" \/><\/div><\/div><div class=\"col-md-12 col-lg-3 col-xs-12 ansprechpartner-item kontakt floatright\" style=\"margin-bottom: 30px; \"><div class=\"row\"><div class=\"col-xs-12 col-sm-6 col-lg-12\"><div class=\"row\"><div class=\"col-xs-4 col-lg-4 row-text bold\" >Raum:<\/div><div class=\" row-text\">2315<\/div><\/div><\/div><div class=\"col-xs-12 col-sm-6 col-lg-12\"><div class=\"row\"><div class=\"col-xs-4 col-lg-4 row-text bold\">Telefon:<\/div><div class=\" row-text\">+49406541-2371<\/div><\/div><\/div><div class=\"col-xs-12 col-sm-6 col-lg-12\"><div class=\"row\"><div class=\"col-xs-4 col-lg-4 row-text bold\">E-Mail:<\/div><div class=\"row-text\" style=\"overflow:hidden; word-break: break-word\"><a href=\"mailto:degel@hsu-hh.de\" rel=\"nofollow\">degel@hsu-hh.de<\/a><\/div><\/div><\/div><\/div><\/div><div class=\"col-md-6 col-lg-3 col-xs-12 ansprechpartner-item anschrift floatright\" ><div class=\"row-headline\">Besucheranschrift<\/div><div class=\"dataBesucheranschrift\" style=\"\"><div class=\"row-text\">Helmut-Schmidt-Universit\u00e4t<\/div><div class=\"row-text\">Geb\u00e4ude H01<\/div><div class=\"row-text\">Holstenhofweg 85<\/div><div class=\"row-text\">22043 Hamburg<\/div><\/div><\/div><div class=\"col-md-6 col-lg-3 col-xs-12 ansprechpartner-item anschrift floatright\"><div class=\"row-headline\">Postanschrift<\/div><div class=\"dataPostanschrift\" style=\"\"><div class=\"row-text\">Helmut-Schmidt-Universit\u00e4t<\/div><div class=\"row-text\">Mikrosoziologie<\/div><div class=\"row-text\">Postfach 70 08 22<\/div><div class=\"row-text\">22008 Hamburg<\/div><\/div><\/div><\/div><div class=\"clearfix\"><\/div>\n\n\n<div style=\"height:50px\" aria-hidden=\"true\" class=\"wp-block-spacer\"><\/div>\n\n\n<div>\n<div>\n<p>Alexander Degel ist seit 2018 Wissenschaftlicher Mitarbeiter am Lehrstuhl f\u00fcr Soziologie unter besonderer Ber\u00fccksichtigung der Mikrosoziologie an der HSU. Zuvor studierte er Psychologie und Philosophie (NF) an der an der Leopold-Franzens-Universit\u00e4t Innsbruck und Universit\u00e4t Z\u00fcrich. Seit 2016 ist er in Ausbildung zum Psychoanalytiker und Gruppenpsychotherapeut sowie seit 2017 promoviert er zum Thema Unternehmensberatung. Seit 2021 ist er im Drittmittelprojekt DigiTrans (Digitalisierung der psychosozialen Beratung im Feld der Familien- und Lebenshilfe) t\u00e4tig.<\/p>\n<p>Seinen Schwerpunkt setzt er auf latente Sinnstrukturen und unbewusste Dynamiken auf individueller und gesellschaftlicher\/institutioneller Ebene und deren Zusammenspiel, u.a. anhand der Beziehung von Ost- und Westdeutschland sowie dem Subjekt im Neoliberalismus anhand der T\u00e4tigkeit von Unternehmensberater_innen.<\/p>\n<\/div>\n<\/div>\n\n\n<div style=\"height:50px\" aria-hidden=\"true\" class=\"wp-block-spacer\"><\/div>\n\n\n<p><br \/><h3>Forschungsschwerpunkte<\/h3><\/p>\n<ul>\n<li>\u00d6konomisierung und Individuum<\/li>\n<li>Psychoanalyse und Gruppenanalyse<\/li>\n<li>Analytische Sozialpsychologie und Klinifizierung gesellschaftlicher Probleme<\/li>\n<li>Wissenschaftstheorie<\/li>\n<\/ul>\n<p><br \/><h3>Publikationen<\/h3><\/p>\n<p>&#8211; <a href=\"https:\/\/www.hsu-hh.de\/mikrosoz\/wp-content\/uploads\/sites\/837\/2021\/07\/Kru\u0308ger-Degel-2020-Der-Untergang-des-ostdeutschen-Tricksters.pdf\">Der Untergang des ostdeutschen Tricksters<\/a> \u2013 Eine vergleichende Kulturanalyse ost- und westdeutscher Witze vor und nach dem Mauerfall. In: Psychologie und Gesellschaftskritik 174, (2) 2020 (zs. mit Steffen Kr\u00fcger)<\/p>\n<p>&#8211; Employing open\/hidden administration in psychotherapy research: A randomized-controlled trial of expressive writing. In: PLoS ONE 12(11) 2017: e0187400 (zs. mit T. Tondorf und L.-K. Kaufmann)<\/p>\n<p><br \/><\/p>\n\n\n<p><\/p>\n","protected":false},"excerpt":{"rendered":"<p>Alexander Degel ist seit 2018 Wissenschaftlicher Mitarbeiter am Lehrstuhl f\u00fcr Soziologie unter besonderer Ber\u00fccksichtigung der Mikrosoziologie an der HSU. Zuvor studierte er Psychologie und Philosophie (NF) an der an der [&hellip;]<\/p>\n","protected":false},"author":2044,"featured_media":0,"parent":106,"menu_order":0,"comment_status":"closed","ping_status":"closed","template":"","meta":{"footnotes":""},"categories":[8],"tags":[],"class_list":["post-174","page","type-page","status-publish","hentry","category-team"],"_links":{"self":[{"href":"https:\/\/www.hsu-hh.de\/mikrosoz\/wp-json\/wp\/v2\/pages\/174","targetHints":{"allow":["GET"]}}],"collection":[{"href":"https:\/\/www.hsu-hh.de\/mikrosoz\/wp-json\/wp\/v2\/pages"}],"about":[{"href":"https:\/\/www.hsu-hh.de\/mikrosoz\/wp-json\/wp\/v2\/types\/page"}],"author":[{"embeddable":true,"href":"https:\/\/www.hsu-hh.de\/mikrosoz\/wp-json\/wp\/v2\/users\/2044"}],"replies":[{"embeddable":true,"href":"https:\/\/www.hsu-hh.de\/mikrosoz\/wp-json\/wp\/v2\/comments?post=174"}],"version-history":[{"count":19,"href":"https:\/\/www.hsu-hh.de\/mikrosoz\/wp-json\/wp\/v2\/pages\/174\/revisions"}],"predecessor-version":[{"id":977,"href":"https:\/\/www.hsu-hh.de\/mikrosoz\/wp-json\/wp\/v2\/pages\/174\/revisions\/977"}],"up":[{"embeddable":true,"href":"https:\/\/www.hsu-hh.de\/mikrosoz\/wp-json\/wp\/v2\/pages\/106"}],"wp:attachment":[{"href":"https:\/\/www.hsu-hh.de\/mikrosoz\/wp-json\/wp\/v2\/media?parent=174"}],"wp:term":[{"taxonomy":"category","embeddable":true,"href":"https:\/\/www.hsu-hh.de\/mikrosoz\/wp-json\/wp\/v2\/categories?post=174"},{"taxonomy":"post_tag","embeddable":true,"href":"https:\/\/www.hsu-hh.de\/mikrosoz\/wp-json\/wp\/v2\/tags?post=174"}],"curies":[{"name":"wp","href":"https:\/\/api.w.org\/{rel}","templated":true}]}}