{"id":1219,"date":"2026-05-12T12:20:43","date_gmt":"2026-05-12T10:20:43","guid":{"rendered":"https:\/\/www.hsu-hh.de\/mikrosoz\/?page_id=1219"},"modified":"2026-05-12T13:09:26","modified_gmt":"2026-05-12T11:09:26","slug":"vergangene-lehrveranstaltungen","status":"publish","type":"page","link":"https:\/\/www.hsu-hh.de\/mikrosoz\/vergangene-lehrveranstaltungen\/","title":{"rendered":"Vergangene Lehrveranstaltungen"},"content":{"rendered":"\n<p><\/p>\n\n\n\n<h3 class=\"wp-block-heading\">Fr\u00fchjahrstrimester 2024<\/h3>\n\n\n\n<p><strong><abbr title=\"Professor\">Prof.<\/abbr> <abbr title=\"Doktor\">Dr.<\/abbr> Katharina Liebsch<\/strong><\/p>\n\n\n\n<p>&#8211; Seminar: Subjekte, Kollektive, Vergemeinschaftung: Affektiver Populismus. Dienstags, 08:00 bis 09:30 Uhr, Hauptgeb\u00e4ude H01 &#8211; Seminarraum 0204.<\/p>\n\n\n\n<p>&#8211; Seminar: Subjekte, Kollektive, Vergemeinschaftung: Soziologie der Inklusion. Dienstags, 11:00 bis 13:30 Uhr, Hauptgeb\u00e4ude H01 &#8211; Seminarraum 0204.<\/p>\n\n\n\n<p>&#8211; Seminar: Subjekte, Kollektive, Vergemeinschaftung: Familie in Zeiten der Reproduktionsmedizin. Donnerstags, 10:45 bis 12:15 Uhr, Hauptgeb\u00e4ude H01 &#8211; Seminarraum 0204. Bitte beachten Sie den Kompensationstermin f\u00fcr den Ausfall der LV am 23.05.24 (<abbr title=\"Helmut Schmidt Universit\u00e4t\">HSU<\/abbr> CUP): 16.05.2024, 15:00 bis 16:30 Uhr, Hauptgeb\u00e4ude H01 &#8211; Seminarraum 0204.<\/p>\n\n\n\n<p><strong>Hannah Gr\u00fcn<\/strong><\/p>\n\n\n\n<p>&#8211; Forschungsseminar: Situiert. forschen &#8211; Einf\u00fchrung in die Event Ethnographie (Teil 2). Montags, 15:45 bis 19:00 Uhr, 14-t\u00e4gig, Hauptgeb\u00e4ude H01 &#8211; H\u00f6rsaal 6. Beginn ist am 08.04.2024. Bitte beachten Sie den Kompensationstermin f\u00fcr den Ausfall am 20.05.2024 (Pfingstmontag): 27.05.2024, 15:45 bis 19:00 Uhr, Hauptgeb\u00e4ude H01 &#8211; H\u00f6rsaal 6.<\/p>\n\n\n\n<h3 class=\"wp-block-heading\">Wintertrimester 2024<\/h3>\n\n\n\n<p><strong><abbr title=\"Professor\">Prof.<\/abbr> <abbr title=\"Doktor\">Dr.<\/abbr> Katharina Liebsch<\/strong><\/p>\n\n\n\n<p>&#8211; Seminar: Struktur und Wandel moderner Gesellschaften: Soziologie des Schwangerschaftsabbruchs. Donnerstags, 09:00 bis 10:30 Uhr, Hauptgeb\u00e4ude H01 &#8211; Seminarraum 0206.&nbsp;<\/p>\n\n\n\n<p>&#8211; Seminar: Struktur und Wandel moderner Gesellschafte: Care und caring. Organisation und Praktiken vonn Sorge. Donnerstags, 10:45 bis 12:15 Uhr, Hauptgeb\u00e4ude H01 &#8211; Seminarraum 0206.<\/p>\n\n\n\n<p><strong>Hannah Gr\u00fcn<\/strong><\/p>\n\n\n\n<p>&#8211; Forschungsseminar: Situiert. forschen &#8211; Einf\u00fchrung in die Event Ethnographie (Teil 1). Dienstags, 15:45 bis 19:00 Uhr, 14-t\u00e4gig, Hauptgeb\u00e4ude H01 &#8211; Semiarraum 0205.<\/p>\n\n\n\n<h3 class=\"wp-block-heading\">Herbsttrimester 2023<\/h3>\n\n\n\n<p><strong><abbr title=\"Professor\">Prof.<\/abbr> <abbr title=\"Doktor\">Dr.<\/abbr> Katharina Liebsch<\/strong><\/p>\n\n\n\n<p>&#8211; Vorlesung: Einf\u00fchrung in die Soziologie. Mittwochs, 14:00 bis 15:30 Uhr, Pr\u00e4senz, Hauptgeb\u00e4ude H01 &#8211; H\u00f6rsaal H05.<\/p>\n\n\n\n<p>&#8211; \u00dcbung: Einf\u00fchrung in die Soziologie. Dienstags, 09:45 bis 11:15 Uhr, Hauptgeb\u00e4ude H01 &#8211; Seminarraum 0202.<\/p>\n\n\n\n<p>&#8211; \u00dcbung: Einf\u00fchrung in die Soziologie. Dienstags, 11:30 bis 13:00 Uhr, Hauptgeb\u00e4ude H01 &#8211; Seminarraum 0202.<\/p>\n\n\n\n<p><strong>Stephanie Schiller<\/strong><\/p>\n\n\n\n<p>&#8211; \u00dcbung: Einf\u00fchrung in die Soziologie. Dienstags, 11:30 bis 13:00 Uhr, Hauptgeb\u00e4ude H01 &#8211; Seminarraum 0205.<\/p>\n\n\n\n<h3 class=\"wp-block-heading\">Fr\u00fchjahrstrimester 2023<\/h3>\n\n\n\n<p><strong><abbr title=\"Professor\">Prof.<\/abbr> <abbr title=\"Doktor\">Dr.<\/abbr> Katharina Liebsch<\/strong><\/p>\n\n\n\n<p>&#8211; Seminar: Subjekte, Kollektive, Vergemeinschaftung: Einf\u00fchrung in die Disability Studies. Donnerstags, 09:00 bis 10:30 Uhr, Hauptgeb\u00e4ude H01 &#8211; Seminarraum 0206. Bitte beachten Sie der Kompensationstermin f\u00fcr den &#8222;<abbr title=\"Helmut Schmidt Universit\u00e4t\">HSU<\/abbr>-Cup&#8220; am 04.05.2023 ist der 27.04.2023, 13:15 bis 14:45 Uhr im Hauptgeb\u00e4ude H01 &#8211; Seminarraum 0206.<\/p>\n\n\n\n<p>&#8211; Seminar: Subjekte, Kollektive, Vergemeinschaftung: Geschlechter-Theorien. Donnerstag, 10:45 bis 12:15 Uhr, Hauptgeb\u00e4ude H01 &#8211; Seminarraum 0206. Bitte beachten Sie der Kompensationstermin f\u00fcr den &#8222;<abbr title=\"Helmut Schmidt Universit\u00e4t\">HSU<\/abbr>-Cup&#8220; am 04.05.2023 ist der 27.04.2023, 15:00 bis 16:30 Uhr im Hauptgeb\u00e4ude H01 &#8211; Seminarraum 0206.<\/p>\n\n\n\n<h3 class=\"wp-block-heading\">Wintertrimester 2023<\/h3>\n\n\n\n<p><strong><abbr title=\"Professor\">Prof.<\/abbr> <abbr title=\"Doktor\">Dr.<\/abbr> Katharina Liebsch<\/strong><\/p>\n\n\n\n<p>&#8211; Seminar: Struktur und Wandel moderner Gesellschaften: Soziologie der Abtreibung. Dienstags, 09:45 bis 11:15 Uhr, Hauptgeb\u00e4ude H01 &#8211; Seminarraum 0204.<\/p>\n\n\n\n<p>&#8211; Seminar: Struktur und Wandel moderner Gesellschaften: Soziologie der Behinderung. Donnerstags, 10:45 bis 12:15 Uhr, Hauptgeb\u00e4ude H01 &#8211; Seminarraum 0206.<\/p>\n\n\n\n<p><strong><abbr title=\"Doktor\">Dr.<\/abbr> Lisa Wiedemann<\/strong><\/p>\n\n\n\n<p>&#8211; Seminar: Struktur und Wandel moderner Gesellschaften: Gesundheit und K\u00f6rper im digitalen Zeitalter \u2013 Ethnographische Perspektiven, Dienstags, 15:45 bis 17:15 Uhr,Hauptgeb\u00e4ude H01 Seminarraum 0110.<\/p>\n\n\n\n<p><strong>Hannah Gr\u00fcn<\/strong><\/p>\n\n\n\n<p>&#8211; Seminar: Struktur und Wandel moderner Gesellschaften: Boomer vs. Gen-Z? Einf\u00fchrung in die Soziologie des Alter(n)s. Dienstags, 11:30 bis 13:00 Uhr, Hauptgeb\u00e4ude H01 Seminarraum 0110.<\/p>\n\n\n\n<p>&#8211; Seminar: Struktur und Wandel moderner Gesellschaften: Infrastrukturen der Sorge: Alter(n) und Wohnen im digitalen Zeitalter. Dienstags, 15:45 bis 17:15 Uhr, Hauptgeb\u00e4ude H01 &#8211; Seminarraum 0301\/0303.&nbsp;<\/p>\n\n\n\n<h3 class=\"wp-block-heading\">Herbsttrimester 2022<\/h3>\n\n\n\n<p><strong><abbr title=\"Professor\">Prof.<\/abbr> <abbr title=\"Doktor\">Dr.<\/abbr> Katharina Liebsch<\/strong><\/p>\n\n\n\n<p>&#8211; Vorlesung: Einf\u00fchrung in die Soziologie. Mittwochs, 14:00 bis 15:30 Uhr, Pr\u00e4senz, (im Wechsel mit <a href=\"https:\/\/www.hsu-hh.de\/soziologie\/prof-dr-teresa-koloma-beck\"><abbr title=\"Professor\">Prof.<\/abbr> <abbr title=\"Doktor\">Dr.<\/abbr> Teresa Koloma Beck<\/a>), Hauptgeb\u00e4ude H01 &#8211; Komplexraum 1006.<\/p>\n\n\n\n<p>&#8211; \u00dcbung: Einf\u00fchrung in die Soziologie. Dienstags, 09:45 bis 11:15 Uhr, Hauptgeb\u00e4ude H01 &#8211; Seminarraum 0204.<\/p>\n\n\n\n<p>&#8211; \u00dcbung: Einf\u00fchrung in die Soziologie. Dienstags, 11:30 bis 13:00 Uhr, Hauptgeb\u00e4ude H01 &#8211; Seminarraum 0202<\/p>\n\n\n\n<p>&#8211; \u00dcbung: Einf\u00fchrung in die Soziologie. Dienstags, 14:00 bis 15:30 Uhr, Hauptgeb\u00e4ude H01 &#8211; Seminarraum 0205.<\/p>\n\n\n\n<p><strong>Stephanie Schiller<\/strong><\/p>\n\n\n\n<p>&#8211; \u00dcbung: Einf\u00fchrung in die Soziologie. Dienstags, 11:30 bis 13:00 Uhr, Hauptgeb\u00e4ude H01 &#8211; Seminarraum 0207.<\/p>\n\n\n\n<h3 class=\"wp-block-heading\">Fr\u00fchjahrstrimester 2022<\/h3>\n\n\n\n<p><strong><abbr title=\"Professor\">Prof.<\/abbr> <abbr title=\"Doktor\">Dr.<\/abbr> Katharina Liebsch<\/strong><\/p>\n\n\n\n<p>&#8211; Seminar: Subjekte, Kollektive, Vergemeinschaftung: Gemeinschaften zwischen Tradition und Digitalit\u00e4t. Montags, 10:00 bis 11:30 Uhr, Hauptgeb\u00e4ude H01 &#8211; Seminarraum 0206.<\/p>\n\n\n\n<p>&#8211; Seminar: Subjekte, Kollektive, Vergemeinschaftung: K\u00f6rper bei der Arbeit. Montags, 12:00 bis 13:30 Uhr, Hauptgeb\u00e4ude H01 &#8211; Seminarraum 0206.<\/p>\n\n\n\n<p><strong><abbr title=\"Doktor\">Dr.<\/abbr> Lisa Wiedemann<\/strong><\/p>\n\n\n\n<p>&#8211; Forschungsseminar und Kolloquium: Leben mit Viren und Bakterien \u2013 Heterogene Relationen soziologisch erforschen. Mittwochs, 08:00 bis 09:30 Uhr, Hauptgeb\u00e4ude H01 &#8211; Seminarraum 0309.<\/p>\n\n\n\n<p><strong>Hannah Gr\u00fcn<\/strong><\/p>\n\n\n\n<p>&#8211; Seminar: Struktur und Wandel moderner Gesellschaften: Sorge und technische Assistenz im Kontext digitaler Transformationsprozesse. Mittwochs, 12:00 bis 13:30, Hauptgeb\u00e4ude H01 &#8211; Seminarraum 0204.<\/p>\n\n\n\n<h3 class=\"wp-block-heading\">Wintertrimester 2022<\/h3>\n\n\n\n<p><strong><abbr title=\"Professor\">Prof.<\/abbr> <abbr title=\"Doktor\">Dr.<\/abbr> Katharina Liebsch<\/strong><\/p>\n\n\n\n<p>&#8211; Vorlesung: Struktur und Wandel moderner Gesellschaften\/Einf\u00fchrung in die Soziologie f\u00fcr BA Politikwissenschaft. Donnerstags, 08:30 bis 10:00 Uhr, online, ab dem 27.01.22: Hauptgeb\u00e4ude H1, H3.<\/p>\n\n\n\n<p>&#8211; Seminar Struktur und Wandel moderner Gesellschaften: Care und Caring. Organisation und Praktiken von Sorge. Donnerstags, 10:30 bis 12:00 Uhr, online, ab dem 27.01.22 Hauptgeb\u00e4ude H01 \u2013 Seminarraum 0207.<\/p>\n\n\n\n<p>&#8211; ISA-Seminar Soziologie der Globalisierung: Israel und seine Nachbarn.<br>Mittwoches 16:00-19:15 Uhr (zs. mit <abbr title=\"Doktor\">Dr.<\/abbr> Keren Miriam Adam). online, ab dem 23.02.22 Hauptgeb\u00e4ude H01 \u2013 Seminarraum xxxx (noch unbekannt).<\/p>\n\n\n\n<p><strong><abbr title=\"Doktor\">Dr.<\/abbr> Lisa Wiedemann<\/strong><\/p>\n\n\n\n<p>&#8211; Forschungsseminar: Leben mit Viren und Bakterien \u2013 Heterogene Relationen soziologisch erforschen. Donnerstags, 08:30 bis 10:00, online\/<abbr title=\"gegebenenfalls\">ggf.<\/abbr> Pr\u00e4senz, Hauptgeb\u00e4ude H01 &#8211; Seminarraum 0204.<\/p>\n\n\n\n<h3 class=\"wp-block-heading\">Herbsttrimester 2021<\/h3>\n\n\n\n<p><strong><abbr title=\"Professor\">Prof.<\/abbr> <abbr title=\"Doktor\">Dr.<\/abbr> Katharina Liebsch<\/strong><\/p>\n\n\n\n<p>&#8211; Vorlesung: Einf\u00fchrung in die Soziologie. Mittwochs, 14:00 bis 15:30 Uhr, online, (im Wechsel mit <a href=\"https:\/\/www.hsu-hh.de\/soziologie\/\"><abbr title=\"Professor\">Prof.<\/abbr> <abbr title=\"Doktor\">Dr.<\/abbr> Teresa Koloma Beck<\/a>). Wichtig: Die erste Vorlesung am 06.10. findet in Pr\u00e4senz im H\u00f6rsaal 5 statt.<\/p>\n\n\n\n<p>&#8211; \u00dcbung: Einf\u00fchrung in die Soziologie. Donnerstags, 08:45 bis 10:15 Uhr, Pr\u00e4senz, Hauptgeb\u00e4ude H01 &#8211; Seminarraum 0201\/0202.<\/p>\n\n\n\n<p>&#8211; \u00dcbung: Einf\u00fchrung in die Soziologie. Donnerstags, 10:45 bis 12:15 Uhr, Pr\u00e4senz, Hauptgeb\u00e4ude H01 &#8211; Seminarraum 0201\/0202.<\/p>\n\n\n\n<p><strong>Hannah Gr\u00fcn<\/strong><\/p>\n\n\n\n<p>&#8211; \u00dcbung: Einf\u00fchrung in die Soziologie. Dienstags, 14:00 bis 15:30 Uhr, Pr\u00e4senz, Hauptgeb\u00e4ude H01 &#8211; Seminarraum 0201\/0202.<\/p>\n\n\n\n<p><strong>Stephanie Schiller<\/strong><\/p>\n\n\n\n<p>&#8211; \u00dcbung: Einf\u00fchrung in die Soziologie. Donnerstags, 10:45 bis 12:15 Uhr, Pr\u00e4senz, Hauptgeb\u00e4ude H01 &#8211; Seminarraum 0403\/0404.<\/p>\n\n\n\n<h3 class=\"wp-block-heading\">Fr\u00fchjahrstrimester 2021<\/h3>\n\n\n\n<p><strong><abbr title=\"Doktor\">Dr.<\/abbr> Lisa Wiedemann<\/strong><\/p>\n\n\n\n<p>&#8211; Forschungsseminar und Kolloquium: Natur und Kultur &#8211; Zur Erforschung eines symbiotischen Verh\u00e4ltnisses Teil II+III. Donnerstags, 09:00 bis 10:30 Uhr, online.<\/p>\n\n\n\n<h3 class=\"wp-block-heading\">Wintertrimester 2021<\/h3>\n\n\n\n<p><strong><abbr title=\"Doktor\">Dr.<\/abbr> Lisa Wiedemann<\/strong><\/p>\n\n\n\n<p>&#8211; Forschungsseminar: Natur und Kultur &#8211; Zur Erforschung eines symbiotischen Verh\u00e4ltnisses. Mittwochs, 09:45 bis 11:15 Uhr, online.<\/p>\n\n\n\n<h3 class=\"wp-block-heading\">Herbsttrimester 2020<\/h3>\n\n\n\n<p><strong><abbr title=\"Professor\">Prof.<\/abbr> <abbr title=\"Doktor\">Dr.<\/abbr> Katharina Liebsch<\/strong><\/p>\n\n\n\n<p>&#8211; Seminar: Subjekte, Kollektive, Vergemeinschaftung: De-Normalisierung und Simplifikation in Zeiten der Corona-Pandemie. Donnerstags, 10:45 bis 12:15 Uhr, online.<\/p>\n\n\n\n<p>&#8211; Seminar: Leben in der Ostdeutschen Transformationsgesellschaft. Donnerstag, 09:00 bis 10:30 Uhr, online.<\/p>\n\n\n\n<p><strong><abbr title=\"Doktor\">Dr.<\/abbr> Lisa Wiedemann<\/strong><\/p>\n\n\n\n<p>&#8211; \u00dcbung: Einf\u00fchrung in die Soziologie. Dienstags, 15:45 bis 17:15 Uhr, online.<\/p>\n\n\n\n<p><strong>Philipp Franz<\/strong><\/p>\n\n\n\n<p>&#8211; \u00dcbung: Einf\u00fchrung in die Soziologie. Mittwochs, 11:30 bis 13:00 Uhr, online.<\/p>\n\n\n\n<p><strong>Alexander Degel<\/strong><\/p>\n\n\n\n<p>&#8211; \u00dcbung: Einf\u00fchrung in die Soziologie. Donnerstags, 09:00 bis 10:30 Uhr, online.<\/p>\n\n\n\n<p>&#8211; Seminar: Der Mensch im Spannungsfeld von Vergesellschaftung, Subjektwerdung und Autonomie. Montags, 11:30 bis 13:00 Uhr, online.<\/p>\n\n\n\n<p><strong>Hannah Gr\u00fcn<\/strong><\/p>\n\n\n\n<p>&#8211; \u00dcbung: Einf\u00fchrung in die Soziologie. Donnerstags, 09:00 bis 10:30 Uhr, online.<\/p>\n\n\n\n<h3 class=\"wp-block-heading\">Fr\u00fchjahrstrimester 2020<\/h3>\n\n\n\n<p><strong><abbr title=\"Professor\">Prof.<\/abbr> <abbr title=\"Doktor\">Dr.<\/abbr> Katharina Liebsch<\/strong><\/p>\n\n\n\n<p>&#8211; Vorlesung: Subjekte, Kollektive, Vergemeinschaftung. Montags, 09:45 bis 11:15 Uhr und Donnerstags 9:00 bis 10:30 Uhr, Hauptgeb\u00e4ude H01 H\u00f6rsaal 3.<\/p>\n\n\n\n<p><strong><abbr title=\"Doktor\">Dr.<\/abbr> Lisa Wiedemann<\/strong><\/p>\n\n\n\n<p>&#8211; Forschungsseminar: Mensch-Technik-Interaktionen im digitalen Zeitalter. Montags 09:45 bis 11:15 Uhr, Hauptgeb\u00e4ude H01, Seminarraum 0203.<\/p>\n\n\n\n<p><strong>Alexander Degel<\/strong><\/p>\n\n\n\n<p>&#8211; Seminar: Der Mensch im Spannungsfeld von Vergesellschaftung, Subjektwerdung und Autonomie. Montags 09:45 bis 11:15 Uhr, Hauptgeb\u00e4ude H01, Seminarraum 0403.<\/p>\n\n\n\n<h3 class=\"wp-block-heading\">Wintertrimester 2020<\/h3>\n\n\n\n<p><strong><abbr title=\"Professor\">Prof.<\/abbr> <abbr title=\"Doktor\">Dr.<\/abbr> Katharina Liebsch<\/strong><\/p>\n\n\n\n<p>&#8211; Seminar: Konflikt dominierte Lebenswelten. Zur allt\u00e4glichen Bedeutung des Israel-Pal\u00e4stina-Konflikts (eintrimestriges Modul ISA 00130). Freitags, 11:30 bis 14:45 Uhr, Hauptgeb\u00e4ude H01 Seminarraum 0203.<\/p>\n\n\n\n<p>&#8211; Seminar: Sp\u00e4tmoderne. Zum Strukturwandel von Politik, \u00d6konomie und Kultur. Mittwochs, 11:30 bis 13:00 Uhr, Hauptgeb\u00e4ude H01 Seminarraum 0203.<\/p>\n\n\n\n<p>&#8211; Seminar: Was meint \u201ePostindustrielle Gesellschaft\u201c? Mittwochs, 09:45 bis 11:15 Uhr, Hauptgeb\u00e4ude H01 Seminarraum 0203.<\/p>\n\n\n\n<p><strong><abbr title=\"Doktor\">Dr.<\/abbr> Lisa Wiedemann<\/strong><\/p>\n\n\n\n<p>&#8211; Seminar: Mensch-Technik-Interaktionen im digitalen Zeitalter. Montags, 14:00 bis 15:30 Uhr, Hauptgeb\u00e4ude H01 Seminarraum 0201.<\/p>\n","protected":false},"excerpt":{"rendered":"<p>Fr\u00fchjahrstrimester 2024 Prof. Dr. Katharina Liebsch &#8211; Seminar: Subjekte, Kollektive, Vergemeinschaftung: Affektiver Populismus. Dienstags, 08:00 bis 09:30 Uhr, Hauptgeb\u00e4ude H01 &#8211; Seminarraum 0204. &#8211; Seminar: Subjekte, Kollektive, Vergemeinschaftung: Soziologie der [&hellip;]<\/p>\n","protected":false},"author":2830,"featured_media":0,"parent":0,"menu_order":0,"comment_status":"closed","ping_status":"closed","template":"","meta":{"footnotes":""},"categories":[6],"tags":[],"class_list":["post-1219","page","type-page","status-publish","hentry","category-lehre"],"_links":{"self":[{"href":"https:\/\/www.hsu-hh.de\/mikrosoz\/wp-json\/wp\/v2\/pages\/1219","targetHints":{"allow":["GET"]}}],"collection":[{"href":"https:\/\/www.hsu-hh.de\/mikrosoz\/wp-json\/wp\/v2\/pages"}],"about":[{"href":"https:\/\/www.hsu-hh.de\/mikrosoz\/wp-json\/wp\/v2\/types\/page"}],"author":[{"embeddable":true,"href":"https:\/\/www.hsu-hh.de\/mikrosoz\/wp-json\/wp\/v2\/users\/2830"}],"replies":[{"embeddable":true,"href":"https:\/\/www.hsu-hh.de\/mikrosoz\/wp-json\/wp\/v2\/comments?post=1219"}],"version-history":[{"count":7,"href":"https:\/\/www.hsu-hh.de\/mikrosoz\/wp-json\/wp\/v2\/pages\/1219\/revisions"}],"predecessor-version":[{"id":1241,"href":"https:\/\/www.hsu-hh.de\/mikrosoz\/wp-json\/wp\/v2\/pages\/1219\/revisions\/1241"}],"wp:attachment":[{"href":"https:\/\/www.hsu-hh.de\/mikrosoz\/wp-json\/wp\/v2\/media?parent=1219"}],"wp:term":[{"taxonomy":"category","embeddable":true,"href":"https:\/\/www.hsu-hh.de\/mikrosoz\/wp-json\/wp\/v2\/categories?post=1219"},{"taxonomy":"post_tag","embeddable":true,"href":"https:\/\/www.hsu-hh.de\/mikrosoz\/wp-json\/wp\/v2\/tags?post=1219"}],"curies":[{"name":"wp","href":"https:\/\/api.w.org\/{rel}","templated":true}]}}