{"id":1180,"date":"2025-02-27T12:45:29","date_gmt":"2025-02-27T11:45:29","guid":{"rendered":"https:\/\/www.hsu-hh.de\/mikrosoz\/?page_id=1180"},"modified":"2025-03-10T10:28:56","modified_gmt":"2025-03-10T09:28:56","slug":"iris-nowak-dipl-sozoek","status":"publish","type":"page","link":"https:\/\/www.hsu-hh.de\/mikrosoz\/mitarbeiter\/iris-nowak-dipl-sozoek\/","title":{"rendered":"Iris Nowak, Dipl. Soz\u00f6k."},"content":{"rendered":"<script type=\"application\/ld+json\">[{\"@context\": \"https:\/\/www.schema.org\",\"@type\": \"Person\",\"name\": \"   \",\"worksFor\": [{\t\"@type\": \"Organization\",\t\"name\": \"Helmut-Schmidt-Universit\u00e4t\",\t\"url\": \"https:\/\/www.hsu-hh.de\"\t, \"department\": {\"@type\": \"Organization\",\t\t\t\t\t\"name\": \"Technische Informatik\",\t\t\t\t\t\"location\": {\t\t\t\t\t\t\"@type\": \"PostalAddress\",\t\t\t\t\t\t\"addressLocality\": \"\",        \t\t\t\t\"postalCode\": \"22043\",        \t\t\t\t\"streetAddress\": \"Holstenhofweg 85 , Geb\u00e4ude H1\"\t\t\t\t\t}},\t\"location\": {\t\t\"@type\": \"PostalAddress\",    \t\"addressLocality\": \"\",    \t\"postalCode\": \"22008\",    \t\"postOfficeBoxNumber\": \"700822\"\t}   }],\"image\": \"https:\/\/www.hsu-hh.de\/wp-content\/themes\/hsu\/img\/dummy\/dummy_ansprechpartner.png\",\"telephone\": \"+49406541-3603\",\"faxNumber\": \"\",\"email\": \"i.nowak@hsu-hh.de\"}]<\/script><div class=\"clearfix\"><\/div><div class=\"ansprechparter-container \" style=\"margin-top:1em; \"><div class=\"row ansprechpartner-item ansprechparter-header\" ><div class=\"col-xs-8 col-lg-12\" style=\"margin-bottom: 30px;\"><h3 class=\"ansprechparter-headline\">   <\/h3><\/div><\/div><div class=\"col-md-4 col-lg-3 col-xs-4 ansprechpartner-item floatright img-circle center-block\" style=\"margin-bottom: 30px;\"><div class=\"img-responsive-wrapper\"><img decoding=\"async\" src=\"\/wp-content\/themes\/hsu\/img\/dummy\/dummy_ansprechpartner.png\" alt=\"Mitarbeiter Symbol-Icon\" class=\"img-circle img-responsive center-block\" \/><\/div><\/div><div class=\"col-md-12 col-lg-3 col-xs-12 ansprechpartner-item kontakt floatright\" style=\"margin-bottom: 30px; \"><div class=\"row\"><div class=\"col-xs-12 col-sm-6 col-lg-12\"><div class=\"row\"><div class=\"col-xs-4 col-lg-4 row-text bold\" >Raum:<\/div><div class=\" row-text\">2311<\/div><\/div><\/div><div class=\"col-xs-12 col-sm-6 col-lg-12\"><div class=\"row\"><div class=\"col-xs-4 col-lg-4 row-text bold\">Telefon:<\/div><div class=\" row-text\">+49406541-3603<\/div><\/div><\/div><div class=\"col-xs-12 col-sm-6 col-lg-12\"><div class=\"row\"><div class=\"col-xs-4 col-lg-4 row-text bold\">E-Mail:<\/div><div class=\"row-text\" style=\"overflow:hidden; word-break: break-word\"><a href=\"mailto:i.nowak@hsu-hh.de\" rel=\"nofollow\">i.nowak@hsu-hh.de<\/a><\/div><\/div><\/div><\/div><\/div><div class=\"col-md-6 col-lg-3 col-xs-12 ansprechpartner-item anschrift floatright\" ><div class=\"row-headline\">Besucheranschrift<\/div><div class=\"dataBesucheranschrift\" style=\"\"><div class=\"row-text\">Helmut-Schmidt-Universit\u00e4t<\/div><div class=\"row-text\">Geb\u00e4ude H1<\/div><div class=\"row-text\">Holstenhofweg 85<\/div><div class=\"row-text\">22043 Hamburg<\/div><\/div><\/div><div class=\"col-md-6 col-lg-3 col-xs-12 ansprechpartner-item anschrift floatright\"><div class=\"row-headline\">Postanschrift<\/div><div class=\"dataPostanschrift\" style=\"\"><div class=\"row-text\">Helmut-Schmidt-Universit\u00e4t<\/div><div class=\"row-text\">Fakult\u00e4t f\u00fcr Elektrotechnik<\/div><div class=\"row-text\">Technische Informatik<\/div><div class=\"row-text\">Postfach 70 08 22<\/div><div class=\"row-text\">22008 Hamburg<\/div><\/div><\/div><\/div><div class=\"clearfix\"><\/div>\n\n\n<p><\/p>\n\n\n\n<p>Iris Nowak ist seit November 2022 wissenschaftliche Mitarbeiterin am Fachbereich Soziologie unter besonderer Ber\u00fccksichtigung der Mikrosoziologie an der <abbr title=\"Helmut Schmidt Universit\u00e4t\">HSU<\/abbr>. Hier arbeitet sie im Projekt \u201eMehrsprachiges und barrierearmes digitales Assistenz-Portal zur Unterst\u00fctzung von Sorgegemeinschaften\u201c (MEAPP).<\/p>\n\n\n\n<p>Zuvor war sie an der Universit\u00e4t Hamburg in zwei Forschungsprojekten und an der <abbr title=\"Technische Universit\u00e4t\">TU<\/abbr> Hamburg in der Arbeitsgruppe Arbeit-Gender-Technik als wissenschaftliche Mitarbeiterin t\u00e4tig. Sie lehrt an der Fachhochschule Rauhes Haus im Themenfeld sozialpolitischer Entwicklungen. Ihr Studium der Sozial\u00f6konomie absolvierte sie an der Hochschule f\u00fcr Wirtschaft und Politik in Hamburg. Neben der universit\u00e4ren Forschung und Lehre ist die freiberufliche Durchf\u00fchrung von Seminaren zu sozial- und genderpolitischen Themen und die publizistische Bearbeitung ein weiteres T\u00e4tigkeitsfeld.<\/p>\n\n\n\n<p><strong>Forschungsschwerpunkte<\/strong><\/p>\n\n\n\n<p>Ihre Forschungsschwerpunkte liegen auf der subjektiven Verarbeitungsweisen vermarktlichter und entgrenzter Arbeits- und Lebensbedingungen und auf der individuellen und kollektiven Handlungsf\u00e4higkeit von Altenpflegekr\u00e4ften. Hierzu geh\u00f6rt auch die Analyse von Gestaltungsm\u00f6glichkeiten, die aus der Nutzung <abbr title=\"beziehungsweise\">bzw.<\/abbr> Einf\u00fchrung digitaler Technologien entstehen. Dabei forscht sie in einer feministischen und hegemonietheoretischen Perspektive und fragt nach der Vermittlung von \u00f6konomischen, kulturellen und politischen Ebenen und ihrem Zusammenspiel in individuellen Positionierungen.<\/p>\n\n\n\n<p><strong>Publikationen<\/strong><\/p>\n\n\n\n<ul class=\"wp-block-list\">\n<li>Frie\u00df, Wiebke und Iris Nowak (2021): Menschen mit Beeintr\u00e4chtigungen als Crowdworker_innen \u2013 Inklusion in die Prekarit\u00e4t? In: Altenried, Moritz, Julia D\u00fcck und Mira Wallis (Hg.): Plattformkapitalismus und die Krise der sozialen Reproduktion, M\u00fcnster, 252-273<\/li>\n\n\n\n<li>Nowak, Iris, Coco Klu\u00dfmann und Wolfgang Menz (2019): Normalit\u00e4t in Bewegung. Besch\u00e4ftigte zwischen erweiterter Erreichbarkeit und digitaler Konnektivit\u00e4t. In: Arbeit. Zeitschrift f\u00fcr Arbeitsforschung, Arbeitsgestaltung und Arbeitspolitik, 28 (3), 307-332, https:\/\/dx.doi.org\/10.1515\/arbeit-2019-0019&nbsp;&nbsp;<\/li>\n\n\n\n<li>Nowak, Iris (2017): Perspektiven von Arbeitskonflikten in der Altenpflege. In: Ingrid Artus, Peter Birke, Stefan Kerber-Clasen und Wolfgang Menz (Hg.): Sorge-K\u00e4mpfe. Auseinandersetzungen um Arbeit in sozialen Dienstleistungen. Hamburg: VSA Verlag, 182\u2013199.&nbsp;&nbsp;&nbsp;&nbsp;&nbsp;&nbsp;&nbsp;&nbsp;&nbsp;<\/li>\n\n\n\n<li>Hausotter, Jette und Iris Nowak (2015): Hohe Anspr\u00fcche und unsichere Bedingungen? Subjektkonstruktionen und Lebensf\u00fchrungen von Ingenieur_innen und Altenpflegekr\u00e4ften. In: V\u00f6lker, Susanne und Mich\u00e8le Amacker (Hg.): Prekarisierungen \u2013 Arbeit, Sorge und Politik, Weinheim: Beltz Juventa, 164-181.&nbsp;&nbsp;&nbsp;<\/li>\n\n\n\n<li>Nowak, Iris (2013): \u00dcber die Schwierigkeit von Konflikten in der Sorgearbeit. In: Widerspr\u00fcche 128 (3), 25-37<\/li>\n\n\n\n<li>Nowak, Iris, Jette Hausotter und Gabriele Winker (2012): Handlungsf\u00e4higkeit in entgrenzten Verh\u00e4ltnissen. Subjektkonstruktionen von Besch\u00e4ftigten in Industrie und Altenpflege. Hamburg. Projektbericht online verf\u00fcgbar unter http:\/\/doku.b.tu-harburg.de\/volltexte\/2012\/1138\/<\/li>\n\n\n\n<li>Nowak, Iris, Jette Hausotter und Gabriele Winker (2012): Entgrenzung in Industrie und Altenpflege: Perspektiven erweiterter Handlungsf\u00e4higkeit bei Besch\u00e4ftigten. In: WSI Mitteilungen, H. 4, 272-280<\/li>\n\n\n\n<li>Nowak, Iris (2011): F\u00fcrsorgliche Praxis als prek\u00e4re Lohnarbeit. Fragen zu den Erfahrungen der Besch\u00e4ftigten. In: Das Argument 292 (3), 381\u2013391.&nbsp;&nbsp;&nbsp;&nbsp;&nbsp;&nbsp;&nbsp;&nbsp;<\/li>\n\n\n\n<li>Nowak, Iris (2009): Gewinne der Selbstorganisierung? Das Beispiel Frauenbewegung. In: Castel, Robert und Klaus D\u00f6rre (Hg.): Prekarit\u00e4t, Abstieg, Ausgrenzung. Die soziale Frage am Beginn des 21. Jahrhunderts. Frankfurt\/M.\/New York: Campus, 345\u2013356.&nbsp;&nbsp;&nbsp;<\/li>\n\n\n\n<li>Nowak, Iris (2008): Wer wird sich um den Alltag sorgen? In: Klautke, Roland und Brigitte Oehrlein (Hg.): Globale soziale Rechte. Zur emanzipatorischen Aneignung universaler Menschenrechte. Beitr\u00e4ge des &#8222;Kritischen Bewegungsdiskurses&#8220;, Hamburg, 206-216.&nbsp;&nbsp;&nbsp;&nbsp;<\/li>\n\n\n\n<li>Nowak, Iris (2007): &#8222;Schreiben \u00fcber Liebe in der Familie.&#8220; In: Das Argument 273 (5\/6), 195-209<\/li>\n\n\n\n<li>Nowak, Iris (2007): Von mutigen M\u00e4nnern und erfolgreichen Frauen. Work-Life-Balance in prekarisierten Verh\u00e4ltnissen. In: Kaindl, Christina (Hg.): Subjekte im Neoliberalismus. Kritische Wissenschaften <abbr title=\"Band\">Bd.<\/abbr> 2, Marburg, 59-74<\/li>\n\n\n\n<li>Nowak, Iris (2007): Euromayday. In: H. Geiselberger (Hg.): Und jetzt? Politik, Propaganda und Protest. Berlin, 97-104&nbsp;&nbsp;&nbsp;<\/li>\n\n\n\n<li>Nowak, Iris (2005): Streitbare Kinderw\u00fcnsche. Betrachtungen zum demografischen Wandel im Anschluss an Hall und Gramsci. In: M. Brie (Hg.): Mit Marx ins 21. Jahrhundert. Kritik des Neoliberalismus und Alternativen, Berlin, 38-47.<\/li>\n\n\n\n<li>Nowak, Iris (2005): Selbstbestimmung braucht \u00f6ffentliche G\u00fcter. Linke feministische Perspektiven, Berlin.&nbsp;&nbsp;&nbsp;&nbsp;&nbsp;&nbsp;&nbsp;<\/li>\n\n\n\n<li>Nowak, Iris (2004): &#8222;Geschlechtergerechte Solidarit\u00e4t als Managementproblem.&#8220; In: Zeitschrift f\u00fcr Politische Psychologie (1+2), 65-78<\/li>\n\n\n\n<li>Nowak, Iris (2003): &#8222;Familie und Solidarit\u00e4t.&#8220; In: femina politica &#8211; Zeitschrift f\u00fcr feministische Politik-Wissenschaft (1), 27-35&nbsp;&nbsp;&nbsp;&nbsp; 5<\/li>\n\n\n\n<li>Nowak, Iris (2002): &#8222;Feminismus f\u00fcr die Elite &#8211; Familie f\u00fcr das Volk.&#8220; In: Das Argument 247(4), 459-471.<\/li>\n\n\n\n<li>Nowak, Iris (2002): Die Homo-Ehe als Feld linker feministischer Politik. In: J. Meyer-Siebert, A. Merkens, I. Nowak und V. Rego Diaz (Hg.): Die Unruhe des Denkens nutzen. Emanzipatorische Standpunkte im Neoliberalismus. Hamburg, 251-267&nbsp;&nbsp;&nbsp;&nbsp;&nbsp;&nbsp;&nbsp;&nbsp;&nbsp;<\/li>\n\n\n\n<li>Meyer-Siebert, Jutta, Andreas Merkens, Iris Nowak und Victor Rego Diaz (2002) (Hg.): Die Unruhe des Denkens nutzen. Emanzipatorische Standpunkte im Neoliberalismus. Hamburg&nbsp;&nbsp;&nbsp;&nbsp;&nbsp;&nbsp;&nbsp;<\/li>\n\n\n\n<li>Nowak, Iris (1997): &#8222;Lesbisch sein &#8211; und endlich frei?! \u00dcber Begehren im Neoliberalismus.&#8220; In: Das Argument 223(4), 844-854<\/li>\n<\/ul>\n","protected":false},"excerpt":{"rendered":"<p>Iris Nowak ist seit November 2022 wissenschaftliche Mitarbeiterin am Fachbereich Soziologie unter besonderer Ber\u00fccksichtigung der Mikrosoziologie an der HSU. Hier arbeitet sie im Projekt \u201eMehrsprachiges und barrierearmes digitales Assistenz-Portal zur [&hellip;]<\/p>\n","protected":false},"author":3138,"featured_media":0,"parent":106,"menu_order":4,"comment_status":"closed","ping_status":"closed","template":"","meta":{"footnotes":""},"categories":[4],"tags":[61,55,59,57],"class_list":["post-1180","page","type-page","status-publish","hentry","category-forschung","tag-genderpolitik","tag-iris","tag-meapp","tag-nowak"],"_links":{"self":[{"href":"https:\/\/www.hsu-hh.de\/mikrosoz\/wp-json\/wp\/v2\/pages\/1180","targetHints":{"allow":["GET"]}}],"collection":[{"href":"https:\/\/www.hsu-hh.de\/mikrosoz\/wp-json\/wp\/v2\/pages"}],"about":[{"href":"https:\/\/www.hsu-hh.de\/mikrosoz\/wp-json\/wp\/v2\/types\/page"}],"author":[{"embeddable":true,"href":"https:\/\/www.hsu-hh.de\/mikrosoz\/wp-json\/wp\/v2\/users\/3138"}],"replies":[{"embeddable":true,"href":"https:\/\/www.hsu-hh.de\/mikrosoz\/wp-json\/wp\/v2\/comments?post=1180"}],"version-history":[{"count":5,"href":"https:\/\/www.hsu-hh.de\/mikrosoz\/wp-json\/wp\/v2\/pages\/1180\/revisions"}],"predecessor-version":[{"id":1195,"href":"https:\/\/www.hsu-hh.de\/mikrosoz\/wp-json\/wp\/v2\/pages\/1180\/revisions\/1195"}],"up":[{"embeddable":true,"href":"https:\/\/www.hsu-hh.de\/mikrosoz\/wp-json\/wp\/v2\/pages\/106"}],"wp:attachment":[{"href":"https:\/\/www.hsu-hh.de\/mikrosoz\/wp-json\/wp\/v2\/media?parent=1180"}],"wp:term":[{"taxonomy":"category","embeddable":true,"href":"https:\/\/www.hsu-hh.de\/mikrosoz\/wp-json\/wp\/v2\/categories?post=1180"},{"taxonomy":"post_tag","embeddable":true,"href":"https:\/\/www.hsu-hh.de\/mikrosoz\/wp-json\/wp\/v2\/tags?post=1180"}],"curies":[{"name":"wp","href":"https:\/\/api.w.org\/{rel}","templated":true}]}}