{"id":1134,"date":"2024-02-21T12:52:01","date_gmt":"2024-02-21T11:52:01","guid":{"rendered":"https:\/\/www.hsu-hh.de\/mikrosoz\/?page_id=1134"},"modified":"2024-02-21T13:24:06","modified_gmt":"2024-02-21T12:24:06","slug":"friederike-wuensch","status":"publish","type":"page","link":"https:\/\/www.hsu-hh.de\/mikrosoz\/friederike-wuensch\/","title":{"rendered":"Friederike W\u00fcnsch, M.A."},"content":{"rendered":"<script type=\"application\/ld+json\">[{\"@context\": \"https:\/\/www.schema.org\",\"@type\": \"Person\",\"name\": \"   \",\"worksFor\": [{\t\"@type\": \"Organization\",\t\"name\": \"Helmut-Schmidt-Universit\u00e4t\",\t\"url\": \"https:\/\/www.hsu-hh.de\"\t, \"department\": {\"@type\": \"Organization\",\t\t\t\t\t\"name\": \"Mikrosoziologie\",\t\t\t\t\t\"location\": {\t\t\t\t\t\t\"@type\": \"PostalAddress\",\t\t\t\t\t\t\"addressLocality\": \"\",        \t\t\t\t\"postalCode\": \"22043\",        \t\t\t\t\"streetAddress\": \"Holstenhofweg 85 , Geb\u00e4ude \"\t\t\t\t\t}},\t\"location\": {\t\t\"@type\": \"PostalAddress\",    \t\"addressLocality\": \"\",    \t\"postalCode\": \"22008\",    \t\"postOfficeBoxNumber\": \"700822\"\t}   }],\"image\": \"https:\/\/www.hsu-hh.de\/mikrosoz\/wp-content\/uploads\/sites\/837\/2024\/02\/Friederike_Bild-Website-HSU-150x150.jpg\",\"telephone\": \"+49406541-2592\",\"faxNumber\": \"\",\"email\": \"wuenschf@hsu-hh.de\"}]<\/script><div class=\"clearfix\"><\/div><div class=\"ansprechparter-container \" style=\"margin-top:1em; \"><div class=\"row ansprechpartner-item ansprechparter-header\" ><div class=\"col-xs-8 col-lg-12\" style=\"margin-bottom: 30px;\"><h3 class=\"ansprechparter-headline\">   <\/h3><\/div><\/div><div class=\"col-md-4 col-lg-3 col-xs-4 ansprechpartner-item floatright img-circle center-block\" style=\"margin-bottom: 30px;\"><div class=\"img-responsive-wrapper\"><img decoding=\"async\" src=\"https:\/\/www.hsu-hh.de\/mikrosoz\/wp-content\/uploads\/sites\/837\/2024\/02\/Friederike_Bild-Website-HSU-150x150.jpg\" alt=\"\" class=\"img-circle img-responsive center-block\" \/><\/div><\/div><div class=\"col-md-12 col-lg-3 col-xs-12 ansprechpartner-item kontakt floatright\" style=\"margin-bottom: 30px; \"><div class=\"row\"><div class=\"col-xs-12 col-sm-6 col-lg-12\"><div class=\"row\"><div class=\"col-xs-4 col-lg-4 row-text bold\" >Raum:<\/div><div class=\" row-text\">2311<\/div><\/div><\/div><div class=\"col-xs-12 col-sm-6 col-lg-12\"><div class=\"row\"><div class=\"col-xs-4 col-lg-4 row-text bold\">Telefon:<\/div><div class=\" row-text\">+49406541-2592<\/div><\/div><\/div><div class=\"col-xs-12 col-sm-6 col-lg-12\"><div class=\"row\"><div class=\"col-xs-4 col-lg-4 row-text bold\">E-Mail:<\/div><div class=\"row-text\" style=\"overflow:hidden; word-break: break-word\"><a href=\"mailto:wuenschf@hsu-hh.de\" rel=\"nofollow\">wuenschf@hsu-hh.de<\/a><\/div><\/div><\/div><\/div><\/div><div class=\"col-md-6 col-lg-3 col-xs-12 ansprechpartner-item anschrift floatright\" ><div class=\"row-headline\">Besucheranschrift<\/div><div class=\"dataBesucheranschrift\" style=\"\"><div class=\"row-text\">Helmut-Schmidt-Universit\u00e4t<\/div><div class=\"row-text\">Geb\u00e4ude <\/div><div class=\"row-text\">Holstenhofweg 85<\/div><div class=\"row-text\">22043 Hamburg<\/div><\/div><\/div><div class=\"col-md-6 col-lg-3 col-xs-12 ansprechpartner-item anschrift floatright\"><div class=\"row-headline\">Postanschrift<\/div><div class=\"dataPostanschrift\" style=\"\"><div class=\"row-text\">Helmut-Schmidt-Universit\u00e4t<\/div><div class=\"row-text\">Mikrosoziologie<\/div><div class=\"row-text\">Postfach 70 08 22<\/div><div class=\"row-text\">22008 Hamburg<\/div><\/div><\/div><\/div><div class=\"clearfix\"><\/div>\n\n\n<div style=\"height:50px\" aria-hidden=\"true\" class=\"wp-block-spacer\"><\/div>\n\n\n\n<p>Friederike W\u00fcnsch ist seit Dezember 2023 wissenschaftliche Mitarbeiterin am Fachbereich Soziologie unter besonderer Ber\u00fccksichtigung der Mikrosoziologie an der <abbr title=\"Helmut Schmidt Universit\u00e4t\">HSU<\/abbr>. Sie absolvierte den Bachelorstudiengang Sozialwissenschaften an der Leibniz Universit\u00e4t Hannover und schloss danach den Masterstudiengang Soziologie an derselben Universit\u00e4t ab. Sie war als studentische Hilfskraft an der Leibniz Universit\u00e4t Hannover, Medizinischen Hochschule Hannover und Universit\u00e4t Vechta angestellt.<\/p>\n\n\n\n<p>Sie ist beim Projekt \u201eMehrsprachigkeit und Vermittlung von flexibler Assistenz. M\u00f6glichkeiten und Grenzen digitaler Unterst\u00fctzung informell Pflegender im Bereich Teilhabe und Inklusion durch digitale Plattform\/Apps\u201c \u2013 MEAPP&nbsp;\u2013 angesiedelt. Ihre weiteren Forschungsinteressen liegen im Bereich der Geschlechtersoziologie, sozialen Ungleichheit und symbolischen Gewalt.<\/p>\n\n\n\n<div style=\"height:50px\" aria-hidden=\"true\" class=\"wp-block-spacer\"><\/div>\n\n\n<p><br \/><h3>Forschungsschwerpunkte<\/h3><\/p>\n\n\n<p>Forschungsschwerpunkte<\/p>\n\n\n\n<ul class=\"wp-block-list\">\n<li>Geschlechtersoziologie<\/li>\n\n\n\n<li>Soziale Ungleichheit<\/li>\n\n\n\n<li>Symbolische Gewalt<\/li>\n<\/ul>\n\n\n\n<p><\/p>\n\n\n\n<h3>Publikationen<\/h3>\n\n\n\n<p>Osterkamp, Robin Ivy\/W\u00fcnsch, Friederike (2022): Trans* Personen \u2013 Zwischen gewollter und ungewollter (Un-)Sichtbarkeit. Zwischen direkter und indirekter Diskriminierung. Wiesbaden: Springer VS. https:\/\/doi.org\/10.1007\/978-3-658-37057-2 <\/p>\n\n\n\n<p><br><\/p>\n","protected":false},"excerpt":{"rendered":"<p>Friederike W\u00fcnsch ist seit Dezember 2023 wissenschaftliche Mitarbeiterin am Fachbereich Soziologie unter besonderer Ber\u00fccksichtigung der Mikrosoziologie an der HSU. Sie absolvierte den Bachelorstudiengang Sozialwissenschaften an der Leibniz Universit\u00e4t Hannover und [&hellip;]<\/p>\n","protected":false},"author":2830,"featured_media":0,"parent":0,"menu_order":0,"comment_status":"closed","ping_status":"closed","template":"","meta":{"footnotes":""},"categories":[8],"tags":[],"class_list":["post-1134","page","type-page","status-publish","hentry","category-team"],"_links":{"self":[{"href":"https:\/\/www.hsu-hh.de\/mikrosoz\/wp-json\/wp\/v2\/pages\/1134","targetHints":{"allow":["GET"]}}],"collection":[{"href":"https:\/\/www.hsu-hh.de\/mikrosoz\/wp-json\/wp\/v2\/pages"}],"about":[{"href":"https:\/\/www.hsu-hh.de\/mikrosoz\/wp-json\/wp\/v2\/types\/page"}],"author":[{"embeddable":true,"href":"https:\/\/www.hsu-hh.de\/mikrosoz\/wp-json\/wp\/v2\/users\/2830"}],"replies":[{"embeddable":true,"href":"https:\/\/www.hsu-hh.de\/mikrosoz\/wp-json\/wp\/v2\/comments?post=1134"}],"version-history":[{"count":6,"href":"https:\/\/www.hsu-hh.de\/mikrosoz\/wp-json\/wp\/v2\/pages\/1134\/revisions"}],"predecessor-version":[{"id":1159,"href":"https:\/\/www.hsu-hh.de\/mikrosoz\/wp-json\/wp\/v2\/pages\/1134\/revisions\/1159"}],"wp:attachment":[{"href":"https:\/\/www.hsu-hh.de\/mikrosoz\/wp-json\/wp\/v2\/media?parent=1134"}],"wp:term":[{"taxonomy":"category","embeddable":true,"href":"https:\/\/www.hsu-hh.de\/mikrosoz\/wp-json\/wp\/v2\/categories?post=1134"},{"taxonomy":"post_tag","embeddable":true,"href":"https:\/\/www.hsu-hh.de\/mikrosoz\/wp-json\/wp\/v2\/tags?post=1134"}],"curies":[{"name":"wp","href":"https:\/\/api.w.org\/{rel}","templated":true}]}}