{"id":740,"date":"2018-02-21T17:08:22","date_gmt":"2018-02-21T16:08:22","guid":{"rendered":"https:\/\/www.hsu-hh.de\/methoden\/?page_id=740"},"modified":"2021-09-15T11:34:44","modified_gmt":"2021-09-15T09:34:44","slug":"netzwerk-mmmr-ueberblick-arbeitstreffen","status":"publish","type":"page","link":"https:\/\/www.hsu-hh.de\/methoden\/netzwerk-mmmr-ueberblick-arbeitstreffen","title":{"rendered":"Netzwerk MMMR &#8211; \u00dcberblick Arbeitstreffen"},"content":{"rendered":"<h3>Interdisziplin\u00e4res Netzwerk zu Methodologie und <a href=\"https:\/\/www.hsu-hh.de\/methoden\/wp-content\/uploads\/sites\/735\/2018\/02\/DFG-Logi-e1519195670844.jpg\"><img loading=\"lazy\" decoding=\"async\" class=\"size-medium wp-image-719 alignright\" src=\"https:\/\/www.hsu-hh.de\/methoden\/wp-content\/uploads\/sites\/735\/2018\/02\/DFG-Logi-300x63.jpg\" alt=\"DFG Logo\" width=\"300\" height=\"63\" \/><\/a><br \/>\nAnwendungsfeldern methodenintegrativer Forschung<\/h3>\n<h6><a href=\"https:\/\/www.hsu-hh.de\/methoden\/team\/knappertsbusch\/mixed-methods-network\">zur\u00fcck zur Startseite<\/a><\/h6>\n<p>Kurzzusammenfassungen der vergangenen Arbeitstreffen sowie Videos zu ausgew\u00e4hlten Tagungsbeitr\u00e4gen finden Sie hier:<br \/>\n<a href=\"https:\/\/www.hsu-hh.de\/methoden\/netzwerk-mmmr-1-arbeitstreffen\">Erstes Arbeitstreffen zu <em>Konzeptionen und Anwendungsfeldern, <\/em>25.-27. Januar 2018, Hamburg<\/a><br \/>\n<a href=\"https:\/\/www.hsu-hh.de\/methoden\/team\/knappertsbusch\/mixed-methods-network\/netzwerk-mmmr-2-arbeitstreffen\">Zweites Arbeitstreffen zu <em><abbr title=\"Mixed Methods und Multimethod Research\">MMMR<\/abbr> in der Kausalanalyse, <\/em>5.-7. Juli 2018, K\u00f6ln<\/a><br \/>\n<a href=\"https:\/\/www.hsu-hh.de\/methoden\/mixed-methods-network-netzwerk-mmmr-3-arbeitstreffen\">Drittes Arbeitstreffen zu <em><abbr title=\"Mixed Methods und Multimethod Research\">MMMR<\/abbr> Sampling und Datenerhebung<\/em>, 17.-19. Januar 2019, Berlin<\/a><br \/>\n<a href=\"https:\/\/www.hsu-hh.de\/methoden\/netzwerk-mmmr-4-arbeitstreffen\">Viertes Arbeitstreffen zu <em>Methoden integrativer Datenanalyse<\/em>, 23.-25. Mai 2019, G\u00f6ttingen<\/a><br \/>\n<a href=\"https:\/\/www.hsu-hh.de\/methoden\/team\/knappertsbusch\/mixed-methods-network\/netzwerk-mmmr-5-arbeitstreffen\">F\u00fcnftes Arbeitstreffen zu <em>G\u00fctekriterien und Best-Practice-Standards<\/em>, 5.-7. Februar 2020, Hamburg<\/a><br \/>\n<a href=\"https:\/\/www.hsu-hh.de\/methoden\/netzwerk-mmmr-6-arbeitstreffen\" target=\"_blank\" rel=\"noopener\">Sechstes Arbeitstreffen zu <em><abbr title=\"Mixed Methods und Multimethod Research\">MMMR<\/abbr> in Lehre und Wissenschaftskommunikation, <\/em>4. Juni 2021, online<\/a><\/p>\n<h3>\u00dcberblick der geplanten Arbeitstreffen des Netzwerks<\/h3>\n<p>Die Arbeit des Netzwerks Mixed Methods und Multimethod Research in der empirischen Sozialforschung wird durch halbj\u00e4hrlich stattfindende Workshops strukturiert. Im Rahmen dieser Arbeitstreffen werden thematisch einschl\u00e4gige Forschungsbeitr\u00e4ge der Netzwerkmitglieder diskutiert und gemeinsame Projekte entwickelt.<\/p>\n<p>Zu jedem Arbeitstreffen werden zwei internationale Expert_innen des jeweiligen Themenfeldes eingeladen, die die Beitr\u00e4ge der Netzwerkmitglieder kommentieren und das Workshop-Programm durch \u00f6ffentliche Keynote-Vortr\u00e4ge erg\u00e4nzen.<\/p>\n<p>Die jeweiligen Workshop-Inhalte greifen die thematischen Schwerpunkte des Netzwerks auf:<\/p>\n<p><a href=\"https:\/\/www.hsu-hh.de\/methoden\/workshops_de\"><img loading=\"lazy\" decoding=\"async\" class=\"alignnone wp-image-984\" src=\"https:\/\/www.hsu-hh.de\/methoden\/wp-content\/uploads\/sites\/735\/2018\/02\/Workshops_DE.jpg\" alt=\"\u00dcberblick Workshops\" width=\"730\" height=\"469\" srcset=\"https:\/\/www.hsu-hh.de\/methoden\/wp-content\/uploads\/sites\/735\/2018\/02\/Workshops_DE.jpg 699w, https:\/\/www.hsu-hh.de\/methoden\/wp-content\/uploads\/sites\/735\/2018\/02\/Workshops_DE-300x193.jpg 300w\" sizes=\"auto, (max-width: 730px) 100vw, 730px\" \/><\/a><\/p>\n","protected":false},"excerpt":{"rendered":"<p>Interdisziplin\u00e4res Netzwerk zu Methodologie und Anwendungsfeldern methodenintegrativer Forschung zur\u00fcck zur Startseite Kurzzusammenfassungen der vergangenen Arbeitstreffen sowie Videos zu ausgew\u00e4hlten Tagungsbeitr\u00e4gen finden Sie hier: Erstes Arbeitstreffen zu Konzeptionen und Anwendungsfeldern, 25.-27. [&hellip;]<\/p>\n","protected":false},"author":409,"featured_media":0,"parent":0,"menu_order":0,"comment_status":"closed","ping_status":"closed","template":"","meta":{"footnotes":""},"categories":[4],"tags":[],"class_list":["post-740","page","type-page","status-publish","hentry","category-forschung"],"_links":{"self":[{"href":"https:\/\/www.hsu-hh.de\/methoden\/wp-json\/wp\/v2\/pages\/740","targetHints":{"allow":["GET"]}}],"collection":[{"href":"https:\/\/www.hsu-hh.de\/methoden\/wp-json\/wp\/v2\/pages"}],"about":[{"href":"https:\/\/www.hsu-hh.de\/methoden\/wp-json\/wp\/v2\/types\/page"}],"author":[{"embeddable":true,"href":"https:\/\/www.hsu-hh.de\/methoden\/wp-json\/wp\/v2\/users\/409"}],"replies":[{"embeddable":true,"href":"https:\/\/www.hsu-hh.de\/methoden\/wp-json\/wp\/v2\/comments?post=740"}],"version-history":[{"count":31,"href":"https:\/\/www.hsu-hh.de\/methoden\/wp-json\/wp\/v2\/pages\/740\/revisions"}],"predecessor-version":[{"id":1835,"href":"https:\/\/www.hsu-hh.de\/methoden\/wp-json\/wp\/v2\/pages\/740\/revisions\/1835"}],"wp:attachment":[{"href":"https:\/\/www.hsu-hh.de\/methoden\/wp-json\/wp\/v2\/media?parent=740"}],"wp:term":[{"taxonomy":"category","embeddable":true,"href":"https:\/\/www.hsu-hh.de\/methoden\/wp-json\/wp\/v2\/categories?post=740"},{"taxonomy":"post_tag","embeddable":true,"href":"https:\/\/www.hsu-hh.de\/methoden\/wp-json\/wp\/v2\/tags?post=740"}],"curies":[{"name":"wp","href":"https:\/\/api.w.org\/{rel}","templated":true}]}}