{"id":508,"date":"2018-01-09T12:18:02","date_gmt":"2018-01-09T11:18:02","guid":{"rendered":"https:\/\/www.hsu-hh.de\/methoden\/?page_id=508"},"modified":"2022-08-12T11:07:23","modified_gmt":"2022-08-12T09:07:23","slug":"mixed-methods-network","status":"publish","type":"page","link":"https:\/\/www.hsu-hh.de\/methoden\/team\/knappertsbusch\/mixed-methods-network","title":{"rendered":"Mixed Methods und Multimethod Research in der empirischen Sozialforschung"},"content":{"rendered":"<h3>Interdisziplin\u00e4res Netzwerk zu Methodologie und <a href=\"https:\/\/www.hsu-hh.de\/methoden\/wp-content\/uploads\/sites\/735\/2018\/02\/DFG-Logi-e1519195670844.jpg\"><img loading=\"lazy\" decoding=\"async\" class=\"size-medium wp-image-719 alignright\" src=\"https:\/\/www.hsu-hh.de\/methoden\/wp-content\/uploads\/sites\/735\/2018\/02\/DFG-Logi-300x63.jpg\" alt=\"DFG Logo\" width=\"300\" height=\"63\" \/><\/a><br \/>\nAnwendungsfeldern methodenintegrativer Forschung<\/h3>\n<p>Das Netzwerk <em>Mixed Methods und Multimethod Research in der empirischen Sozialforschung<\/em> hat zum <a href=\"https:\/\/www.hsu-hh.de\/methoden\/mmmr-projektziele\">Ziel<\/a>, den interdisziplin\u00e4ren und internationalen Austausch zwischen unterschiedlichen Ans\u00e4tzen methodenintegrativer Forschung auszubauen. Dabei orientiert sich die Netzwerkt\u00e4tigkeit an <a href=\"https:\/\/www.hsu-hh.de\/methoden\/mmmr-projektziele\">aktuellen methodischen Problemfeldern<\/a>, darunter die methodenintegrative Analyse von Kausalit\u00e4t, integrative Methoden der Datenerhebung und -analyse sowie G\u00fctekriterien methodenintegrativer Forschung.<\/p>\n<p>Halbj\u00e4hrliche <a href=\"https:\/\/www.hsu-hh.de\/methoden\/netzwerk-mmmr-ueberblick-arbeitstreffen\">Workshop-Treffen<\/a> dienen den Mitgliedern zur Diskussion eigener Forschungsbeitr\u00e4ge im Dialog mit f\u00fchrenden internationalen Gastwissenschaftler_innen.<\/p>\n<p>Das Netzwerk hat im Januar 2018 seine Arbeit aufgenommen und wird f\u00fcr einen Zeitraum von drei Jahren durch die <a href=\"http:\/\/www.dfg.de\/\" rel='nofollow'>Deutsche Forschungsgemeinschaft<\/a> finanziert (Projektnummer 374277577). Es setzt sich aus <a href=\"https:\/\/www.hsu-hh.de\/methoden\/mmmr-mitglieder\"> Nachwuchswissenschaftler_innen und Expert_innen<\/a> aus Soziologie, Politikwissenschaft, Erziehungswissenschaft und Psychologie zusammen.<\/p>\n<h3>Mission Statement<\/h3>\n<p>Das wissenschaftliche Netzwerk Mixed Methods und Multimethod Research in der empirischen Sozialforschung setzt sich f\u00fcr eine Verbesserung der Qualit\u00e4t und eine gr\u00f6\u00dfere Verbreitung methodenintegrativer Forschung ein. Die Aktivit\u00e4ten des Netzwerks zielen auf eine Intensivierung sozialwissenschaftlicher Methodendiskurse in den folgenden drei Hauptfeldern: Die Entwicklung der methodologischen und epistemologischen Grundlagen methodenintegrativer Forschung, die Innovation integrativer Methoden und Forschungsdesigns, der Ausbau des wissenschaftlichen Dialogs zwischen Forscher_innen \u00fcber disziplin\u00e4re, methodologische und regionale Grenzen hinweg. Als Leitlinien der Netzwerkarbeit dienen ein inklusives Konzept von Mixed Methods und Multimethod Research (<abbr title=\"Mixed Methods und Multimethod Research\">MMMR<\/abbr>) sowie drei definierte Hauptprojektziele.<\/p>\n<p>Lesen Sie unser <strong>Extended Mission Statement<\/strong> <a href=\"https:\/\/www.hsu-hh.de\/methoden\/wp-content\/uploads\/sites\/735\/2018\/07\/Mission_Statement_Network_MMMR-1.pdf\" target=\"_blank\" rel=\"noopener noreferrer\">hier!<\/a><\/p>\n<h2>Aktuelles:<\/h2>\n<h3>Tagung <em>Mixed Methods in der Sozialstrukturanalyse<\/em>, G\u00f6ttingen 31.3.-1.4.<\/h3>\n<p>Am 31.3. und 1.4. 2022 fand an der Georg-August-Universit\u00e4t G\u00f6ttingen die Tagung &#8222;Mixed Methods in der Sozialstrukturanalyse: Integrationspotenziale qualitativer und quantitativer Forschungsans\u00e4tze&#8220; statt, die von der DGS-Sektion <a href=\"https:\/\/soziale-ungleichheit.de\/\" target=\"_blank\" rel=\"noopener\">Soziale Ungleichheit und Sozialstrukturanalyse<\/a> in Kooperation mit dem Arbeitskreis <a href=\"https:\/\/sociohub-fid.de\/s\/ak-mixed-methods-forschung\" target=\"_blank\" rel=\"noopener\">Mixed Methods<\/a> der DGS-Sektionen Methoden der empirischen Sozialforschung und Methoden der qualitativen Sozialforschung, dem <a href=\"https:\/\/sofi.uni-goettingen.de\/\" target=\"_blank\" rel=\"noopener\">Soziologischen Forschungsinstitut G\u00f6ttingen<\/a>, dem <a href=\"https:\/\/www.uni-goettingen.de\/de\/28106.html\" target=\"_blank\" rel=\"noopener\">Institut f\u00fcr Soziologie der Universit\u00e4t G\u00f6ttingen<\/a> sowie dem Netzwerk <abbr title=\"Mixed Methods und Multimethod Research\">MMMR<\/abbr> organisiert wurde.<\/p>\n<p>Eine kurze Zusammenfassung des Konferenzgeschehens finden Sie <a href=\"https:\/\/www.hsu-hh.de\/methoden\/netzwerk-mmmr-tagung-sozialstrukturanalyse\">hier<\/a>.<\/p>\n<h3>Sechstes Netzwerktreffen zum Thema MMMR in der Hochschullehre + Autor*innenkonferenz zu Netzwerk-Sammelpublikation, 3.-4. Juni 2021 <\/h3>\n<p>Unser sechstes Netzwerktreffen fand am <strong>4. Juni<\/strong> an der Helmut-Schmidt-Universit\u00e4t Hamburg zum Thema <strong>Teaching Mixed Methods and Communicating Research Results<\/strong> statt. Zudem organisierte das Netzwerk am <strong>3. Juni<\/strong> eine Autor*innenkonferenz, auf der Beitr\u00e4ge zum in Vorbereitung befindlichen Sammelband <em>&#8222;Mixed Methods and Multimethod Social Research \u2013 Current Applications and Future Directions&#8220;<\/em> (geplant als Sonderband in <em>Forum Qualitative Sozialforschung \/ Forum: Qualitative Social Research<\/em>, Herbst 2022) diskutiert wurden. Aufgrund anhaltender Covid19-Beschr\u00e4nkungen konnten beide Treffen leider nur als Online-Konferenzen stattfinden. Wir bedanken und dennoch ganz herzlich bei allen Teilnehmer*innen f\u00fcr eine anregende und produktive Veranstaltung!<\/p>\n<p><a href=\"https:\/\/www.hsu-hh.de\/methoden\/netzwerk-mmmr-6-arbeitstreffen\">Eine kurze Zusammenfassung der Konferenzinhalte finden Sie hier.<\/a><\/p>\n<h3>F\u00fcnftes Netzwerktreffen zum Thema G\u00fctekriterien, 5.-7. Februar 2020<\/h3>\n<p>Unser f\u00fcnftes Netzwerktreffen fand am 5.-7. Februar an der Helmut-Schmidt-Universit\u00e4t Hamburg statt und widmete sich dem Thema <em>G\u00fctekriterien und Best-Practice Standards f\u00fcr <abbr title=\"Mixed Methods und Multimethod Research\">MMMR<\/abbr><\/em>.<\/p>\n<p>Einen Kurzbericht zum Workshop finden Sie <a href=\"https:\/\/www.hsu-hh.de\/methoden\/team\/knappertsbusch\/mixed-methods-network\/netzwerk-mmmr-5-arbeitstreffen\">hier<\/a>.<\/p>\n<p>Videoaufzeichnungen der Keynote-Vortr\u00e4ge von <a href=\"https:\/\/cied.uark.edu\/directory\/index\/uid\/kxc01\/name\/Kathleen+Collins\/\" target=\"_blank\" rel=\"noopener noreferrer\">Kathleen Collins (University of Arkansas)<\/a>, <a href=\"http:\/\/www.open.ac.uk\/people\/mih3\" target=\"_blank\" rel=\"noopener noreferrer\">Martyn Hammersley (Open University UK)<\/a> und <a href=\"https:\/\/bildungswissenschaft.univie.ac.at\/empirische-paedagogik\/personal\/schoonenboom-judith\/\" target=\"_blank\" rel=\"noopener noreferrer\">Judith Schoonenboom (Universit\u00e4t Wien)<\/a> sind <a href=\"https:\/\/www.hsu-hh.de\/methoden\/netzwerk-mmmr-publikationen-und-medien\">hier<\/a> verf\u00fcgbar.<\/p>\n<h3>Viertes Netzwerktreffen zum Thema integrative Datenanalyse, 23.-25. Mai 2019<\/h3>\n<p>Unser viertes Netzwerktreffen fand am 23.-25. Mai an der Universit\u00e4t G\u00f6ttingen statt und widmete sich dem Thema &#8222;Methoden integrativer Datenanalyse&#8220;. Das Workshop-Programm wurde am 23.5. durch eine Pre-Conference zum Thema &#8222;Data Analysis and Sampling in Mixed Methods and Multimethod Social Research&#8220; erg\u00e4nzt.<\/p>\n<p>Einen Kurzbericht zum Workshop finden Sie <a href=\"https:\/\/www.hsu-hh.de\/methoden\/netzwerk-mmmr-4-arbeitstreffen\">hier<\/a>.<\/p>\n<p>Videoaufzeichnungen der Keynote-Vortr\u00e4ge von <a href=\"http:\/\/researchsupport.com.au\/\" target=\"_blank\" rel=\"noopener noreferrer\">Pat Bazeley<\/a> (Western Sydney University) und <a href=\"https:\/\/essl.leeds.ac.uk\/sociology\/staff\/32\/professor-sarah-irwin\" target=\"_blank\" rel=\"noopener noreferrer\">Sarah Irwin<\/a> (University of Leeds) werden demn\u00e4chst <a href=\"https:\/\/www.hsu-hh.de\/methoden\/netzwerk-mmmr-publikationen-und-medien\">hier<\/a> verf\u00fcgbar sein.<\/p>\n<h3>Drittes Netzwerktreffen zum Thema MMMR Sampling und Datenerhebung, Januar 2019<\/h3>\n<p>Am 18. und 19. Januar 2019 fand das dritte Workshop-Treffen des Netzwerks <em>Mixed Methods und Multimethod Research <\/em>an der <em>Technischen Universit\u00e4t Berlin<\/em> statt, in Kooperation mit dem <a href=\"https:\/\/www.sfb1265.de\/\" target=\"_blank\" rel=\"noopener noreferrer\">Sonderforschungsbereich Re-Figuration von R\u00e4umen (SFB 1265)<\/a> und dem <a href=\"https:\/\/www.innovation.tu-berlin.de\/v_menue\/graduiertenkolleg\/parameter\/en\/\" target=\"_blank\" rel=\"noopener noreferrer\">DFG-Graduiertenkolleg Innovationsgesellschaft Heute (GRK 1672)<\/a>.<\/p>\n<p>Einen Kurzbericht zum Workshop finden Sie <a href=\"https:\/\/www.hsu-hh.de\/methoden\/mixed-methods-network-netzwerk-mmmr-3-arbeitstreffen\">hier<\/a>.<\/p>\n<p>Videoaufzeichnungen der Keynote-Vortr\u00e4ge von Nigel Fielding (University of Surrey) und Lisa D. Pearce (University of North Carolina at Chapel Hill) werden demn\u00e4chst <a href=\"https:\/\/www.hsu-hh.de\/methoden\/netzwerk-mmmr-publikationen-und-medien\">hier<\/a> verf\u00fcgbar sein.<\/p>\n<h3>DEval schlie\u00dft sich dem Netzwerk MMMR an<\/h3>\n<p>Wir freuen uns sehr dar\u00fcber, dass das <a href=\"http:\/\/www.deval.org\/de\/\" target=\"_blank\" rel=\"noopener noreferrer\">Deutsche Evaluierungsinstitut f\u00fcr Entwicklungszusammenarbeit (DEval)<\/a> dem wissenschaftlichen Netzwerk <abbr title=\"Mixed Methods und Multimethod Research\">MMMR<\/abbr> beitritt! Als Ressortforschungseinrichtung des Bundes ist DEval das erste au\u00dferuniversit\u00e4re Mitglied des Netzwerks. Seine Mitarbeiter_innen werden das Netzwerk k\u00fcnftig mit ihrer methodologischen Expertise und umfangreichen Praxiserfahrung im Bereich der Evaluierung von Entwicklungszusammenarbeit bereichern.<\/p>\n<p>&#8222;Komplexe Evaluierungen erfordern eine effektive und effiziente Kombination von Methoden, um verl\u00e4ssliche Evidenz zu generieren&#8220;, sagt <a href=\"http:\/\/www.deval.org\/de\/dr-sven-harten.html\" target=\"_blank\" rel=\"noopener noreferrer\"><abbr title=\"Doktor\">Dr.<\/abbr> Sven Harten<\/a>, Abteilungsleiter des Kompetenzzentrums Methoden des DEval. Aus diesem Grund hat die Abteilung k\u00fcrzlich ein Forschungsprogramm zum Thema Methodenintegration in komplexen Evaluierungen ins Leben gerufen. Um die Zusammenarbeit mit deutschen und \u00f6sterreichischen Universit\u00e4ten, die im Bereich Mixed-Methods und Multi-Method f\u00fchrend sind, zu st\u00e4rken, tritt DEval nun dem Forschungsnetzwerk <abbr title=\"Mixed Methods und Multimethod Research\">MMMR<\/abbr> bei.<\/p>\n<h3>Zweites Netzwekrtreffen zum Thema MMMR und Kausalit\u00e4t, Juli 2018<\/h3>\n<p>Vom 5. bis 7. Januar 2018 fand das zweite Arbeitstreffen des Netzwerks <abbr title=\"Mixed Methods und Multimethod Research\">MMMR<\/abbr> an der Universit\u00e4t zu K\u00f6ln statt!<\/p>\n<p>Einen Kurzbericht zum Workshop finden Sie <a href=\"https:\/\/www.hsu-hh.de\/methoden\/team\/knappertsbusch\/mixed-methods-network\/netzwerk-mmmr-2-arbeitstreffen\" target=\"_blank\" rel=\"noopener noreferrer\">hier<\/a>.<\/p>\n<p>Videoaufzeichnungen der Keynote-Vortr\u00e4ge von <a href=\"http:\/\/kroc.nd.edu\/faculty-and-staff\/gary-goertz\/\" target=\"_blank\" rel=\"noopener noreferrer\">Gary Goertz (University of Notre Dame, Indiana)<\/a> und <a href=\"https:\/\/www.researchgate.net\/profile\/Joseph_Maxwell\" target=\"_blank\" rel=\"noopener noreferrer\">Joseph Maxwell (George Mason University, Virginia)<\/a> sind <a href=\"https:\/\/www.hsu-hh.de\/methoden\/netzwerk-mmmr-publikationen-und-medien\" target=\"_blank\" rel=\"noopener noreferrer\">hier<\/a> verf\u00fcgbar.<\/p>\n<h3>Erstes Netzwerktreffen zum Thema Konzeptionen von MMMR, Januar 2018<\/h3>\n<p>Am 26. und 27. Januar 2018 fand das erste Arbeitstreffen des Netzwerks an der Helmut-Schmidt-Universit\u00e4t Hamburg statt!<\/p>\n<p>Einen Kurzbericht zum Workshop finden Sie <a href=\"https:\/\/www.hsu-hh.de\/methoden\/netzwerk-mmmr-1-arbeitstreffen\">hier<\/a>.<\/p>\n<p>Videoaufzeichnungen ausgew\u00e4hlter Beitr\u00e4ge finden Sie <a href=\"https:\/\/www.hsu-hh.de\/methoden\/netzwerk-mmmr-publikationen-und-medien\">hier<\/a>.<\/p>\n","protected":false},"excerpt":{"rendered":"<p>Interdisziplin\u00e4res Netzwerk zu Methodologie und Anwendungsfeldern methodenintegrativer Forschung Das Netzwerk Mixed Methods und Multimethod Research in der empirischen Sozialforschung hat zum Ziel, den interdisziplin\u00e4ren und internationalen Austausch zwischen unterschiedlichen Ans\u00e4tzen [&hellip;]<\/p>\n","protected":false},"author":18,"featured_media":0,"parent":224,"menu_order":0,"comment_status":"closed","ping_status":"closed","template":"","meta":{"footnotes":""},"categories":[4,65],"tags":[],"class_list":["post-508","page","type-page","status-publish","hentry","category-forschung","category-mixed-methods-und-multimethod-research"],"_links":{"self":[{"href":"https:\/\/www.hsu-hh.de\/methoden\/wp-json\/wp\/v2\/pages\/508","targetHints":{"allow":["GET"]}}],"collection":[{"href":"https:\/\/www.hsu-hh.de\/methoden\/wp-json\/wp\/v2\/pages"}],"about":[{"href":"https:\/\/www.hsu-hh.de\/methoden\/wp-json\/wp\/v2\/types\/page"}],"author":[{"embeddable":true,"href":"https:\/\/www.hsu-hh.de\/methoden\/wp-json\/wp\/v2\/users\/18"}],"replies":[{"embeddable":true,"href":"https:\/\/www.hsu-hh.de\/methoden\/wp-json\/wp\/v2\/comments?post=508"}],"version-history":[{"count":138,"href":"https:\/\/www.hsu-hh.de\/methoden\/wp-json\/wp\/v2\/pages\/508\/revisions"}],"predecessor-version":[{"id":2275,"href":"https:\/\/www.hsu-hh.de\/methoden\/wp-json\/wp\/v2\/pages\/508\/revisions\/2275"}],"up":[{"embeddable":true,"href":"https:\/\/www.hsu-hh.de\/methoden\/wp-json\/wp\/v2\/pages\/224"}],"wp:attachment":[{"href":"https:\/\/www.hsu-hh.de\/methoden\/wp-json\/wp\/v2\/media?parent=508"}],"wp:term":[{"taxonomy":"category","embeddable":true,"href":"https:\/\/www.hsu-hh.de\/methoden\/wp-json\/wp\/v2\/categories?post=508"},{"taxonomy":"post_tag","embeddable":true,"href":"https:\/\/www.hsu-hh.de\/methoden\/wp-json\/wp\/v2\/tags?post=508"}],"curies":[{"name":"wp","href":"https:\/\/api.w.org\/{rel}","templated":true}]}}