{"id":410,"date":"2017-11-15T11:34:05","date_gmt":"2017-11-15T10:34:05","guid":{"rendered":"https:\/\/www.hsu-hh.de\/methoden\/?page_id=410"},"modified":"2025-10-07T12:27:18","modified_gmt":"2025-10-07T10:27:18","slug":"profil-kelle","status":"publish","type":"page","link":"https:\/\/www.hsu-hh.de\/methoden\/profil-kelle","title":{"rendered":"Professor Dr. Udo Kelle (emeritus)"},"content":{"rendered":"\n<p><\/p>\n\n\n<h2><del><\/del><a href=\"https:\/\/www.hsu-hh.de\/methoden\/team\/kelle\/\"><abbr title=\"Professor\">Prof.<\/abbr>\u00a0<abbr title=\"Doktor\">Dr.<\/abbr> Udo Kelle (emeritus)<\/a><\/h2>\n<div class=\"ansprechparter-container\">\n<div class=\"row ansprechpartner-item ansprechparter-header\">\n<div class=\"col-md-4 col-lg-3 col-xs-4 ansprechpartner-item floatright img-circle center-block\" style=\"margin-bottom: 30px\">\n<div class=\"img-responsive-wrapper\"><img loading=\"lazy\" decoding=\"async\" class=\"img-circle img-responsive center-block alignnone wp-image-166 size-full\" src=\"https:\/\/www.hsu-hh.de\/methoden\/wp-content\/uploads\/sites\/735\/2017\/10\/Udo-Kelle_gv-e1507720756724.jpg\" alt=\"kelle\" width=\"150\" height=\"150\" \/><\/div>\n<\/div>\n<div class=\"col-md-12 col-lg-3 col-xs-12 ansprechpartner-item kontakt floatright\" style=\"margin-bottom: 30px\">\n<div class=\"row\">\n<div class=\"col-xs-12 col-sm-6 col-lg-12\">\n<div class=\"row\">\n<div class=\"col-xs-12 col-lg-4 row-text bold\">Raum:<\/div>\n<div class=\"col-xs-12 col-lg-8 row-text\">2331<\/div>\n<\/div>\n<\/div>\n<div class=\"col-xs-12 col-sm-6 col-lg-12\">\n<div class=\"row\">\n<div class=\"col-xs-12 col-lg-4 row-text bold\">Telefon:<\/div>\n<div class=\"col-xs-12 col-lg-8 row-text\">+49-40-6541-3812<\/div>\n<\/div>\n<\/div>\n<div class=\"col-xs-12 col-sm-6 col-lg-12\">\u00a0<\/div>\n<div class=\"col-xs-12 col-sm-6 col-lg-12\">\n<div class=\"row\">\n<div class=\"col-xs-12 col-md-12 row-text bold\">Email:<\/div>\n<div class=\"col-xs-12 col-md-12 row-text\"><a href=\"kelle@hsu-hh.de\" rel='nofollow'>kelle@hsu-hh.de<\/a><\/div>\n<\/div>\n<\/div>\n<\/div>\n<\/div>\n<div class=\"col-md-6 col-lg-3 col-xs-12 ansprechpartner-item anschrift floatright\">\n<div class=\"row-headline\">Besucheranschrift<\/div>\n<div class=\"row-text\">Helmut-Schmidt-Universit\u00e4t<\/div>\n<div class=\"row-text\">Geb\u00e4ude H1, Ebene 2<\/div>\n<div class=\"row-text\">Holstenhofweg 85<\/div>\n<div class=\"row-text\">22043 Hamburg<\/div>\n<\/div>\n<div class=\"col-md-6 col-lg-3 col-xs-12 ansprechpartner-item anschrift floatright\">\n<div class=\"row-headline\">Postanschrift<\/div>\n<div class=\"row-text\">Helmut-Schmidt-Universit\u00e4t<br \/>Fakult\u00e4t f\u00fcr Geistes- und Sozialwissenschaften<br \/>Postfach 70 08 22<br \/>22008 Hamburg<\/div>\n<\/div>\n<\/div>\n<\/div>\n<div class=\"clearfix\">\u00a0<\/div>\n<div>\n<h3>Sprechstunden &#8211; online oder in Pr\u00e4senz &#8211; nach Vereinbarung<\/h3>\n<\/div>\n<div>\u00a0<\/div>\n<div>\n<p>Sehr geehrte Damen und Herren,<\/p>\n<p>ich bitte Sie, schriftlich &#8211; per Email \u00fcber das Sekretariat Frau Sch\u00fcller\u00a0 &#8211; einen Termin f\u00fcr meine Sprechstunde zu vereinbaren.<\/p>\n<p>Dieses gilt auch f\u00fcr <strong>Gr\u00fcnmeldungen und Lehrveranstaltungswechsel,<\/strong> vielen Dank f\u00fcr Ihr Verst\u00e4ndnis!<\/p>\n<\/div>\n<div>\u00a0<\/div>\n<div>\n<h3>Termine Sprechzeiten<\/h3>\n<\/div>\n<div>\u00a0<\/div>\n<div>\u00a0<\/div>\n<div>\u00a0<\/div>\n<div>\u00a0<\/div>\n<div>\u00a0<\/div>\n<div>\n<h3>ABGABE von Arbeiten\u00a0 und\u00a0 EINREICHUNG von Antr\u00e4gen\/Vertr\u00e4gen <abbr title=\"et cetera\">etc.<\/abbr><\/h3>\n<\/div>\n<div>\u00a0<\/div>\n<div>Sehr geehrte Damen und Herren,<\/div>\n<div>\u00a0<\/div>\n<div>ich bitte Sie, <strong>Arbeiten<\/strong> (Seminar-\/Hausarbeiten\/Forschungsberichte <abbr title=\"et cetera\">etc.<\/abbr>) immer<strong> in digitaler Form\u00a0\u00a0 u n d\u00a0\u00a0 im Druckformat <\/strong>einzureichen<strong><strong>!<\/strong><\/strong>\n<p><em><strong><strong>Die Druckversion ist vom Pr\u00fcfungsamt vorgeschrieben und muss eingereicht werden!<\/strong><\/strong><\/em><\/p>\n<p><em><strong><strong>\u00a0<\/strong><\/strong><\/em><\/p>\n<\/div>\n<div><strong>Bitte werfen Sie Arbeiten und Berichte in mein Postfach (gegen\u00fcber der Fakult\u00e4tsverwaltung <abbr title=\"Geistes- und Sozialwissenschaften\">GeiSo<\/abbr>) ein!<\/strong><\/div>\n<div>\u00a0<\/div>\n<div>\n<p>\u00a0\u00a0\u00a0\u00a0\u00a0\u00a0\u00a0\u00a0\u00a0\u00a0\u00a0\u00a0\u00a0\u00a0\u00a0\u00a0\u00a0\u00a0\u00a0\u00a0\u00a0\u00a0\u00a0\u00a0\u00a0\u00a0\u00a0\u00a0\u00a0\u00a0 <strong>Sie ben\u00f6tigen eine Unterschrift f\u00fcr:<br \/><\/strong>\u00a0\u00a0\u00a0\u00a0\u00a0\u00a0\u00a0\u00a0\u00a0\u00a0\u00a0\u00a0\u00a0\u00a0\u00a0\u00a0\u00a0 \u00a0\u00a0\u00a0\u00a0\u00a0\u00a0\u00a0\u00a0\u00a0\u00a0\u00a0\u00a0\u00a0\u00a0\u00a0\u00a0\u00a0\u00a0\u00a0\u00a0\u00a0\u00a0\u00a0\u00a0\u00a0\u00a0* einen Nutzungsvertrag<br \/>\u00a0\u00a0\u00a0\u00a0\u00a0\u00a0\u00a0\u00a0\u00a0\u00a0\u00a0\u00a0\u00a0\u00a0\u00a0\u00a0\u00a0 \u00a0\u00a0\u00a0\u00a0\u00a0\u00a0\u00a0\u00a0\u00a0\u00a0\u00a0\u00a0\u00a0\u00a0\u00a0\u00a0\u00a0\u00a0\u00a0\u00a0\u00a0\u00a0\u00a0\u00a0\u00a0\u00a0* einen Lehrveranstaltungswechsel<br \/>\u00a0\u00a0\u00a0\u00a0\u00a0\u00a0\u00a0\u00a0\u00a0\u00a0\u00a0\u00a0\u00a0\u00a0\u00a0\u00a0\u00a0 \u00a0\u00a0\u00a0\u00a0\u00a0\u00a0\u00a0\u00a0\u00a0\u00a0\u00a0\u00a0\u00a0\u00a0\u00a0\u00a0\u00a0\u00a0\u00a0\u00a0\u00a0\u00a0\u00a0\u00a0\u00a0\u00a0* eine Gr\u00fcnmeldung<br \/>\u00a0\u00a0\u00a0\u00a0\u00a0\u00a0\u00a0\u00a0\u00a0\u00a0\u00a0\u00a0\u00a0\u00a0\u00a0\u00a0\u00a0 \u00a0\u00a0\u00a0\u00a0\u00a0\u00a0\u00a0\u00a0\u00a0\u00a0\u00a0\u00a0\u00a0\u00a0\u00a0\u00a0\u00a0\u00a0\u00a0\u00a0\u00a0\u00a0\u00a0\u00a0\u00a0\u00a0* oder \u00e4hnliches?<\/p>\n<p><strong>Bitte<\/strong> werfen Sie <strong>das ausgedruckte Formular\/Antrag <\/strong>in <strong>mein Postfach oder geben <\/strong>es <strong>direkt im Sekretariat Frau Sch\u00fcller ab, <\/strong>vielen Dank f\u00fcr Ihr Verst\u00e4ndnis!<\/p>\n<\/div>\n<div>\u00a0<\/div>\n<div>\u00a0<\/div>\n<div>\u00a0<\/div>\n<div>\u00a0<\/div>","protected":false},"excerpt":{"rendered":"<p>Prof.\u00a0Dr. Udo Kelle (emeritus) Raum: 2331 Telefon: +49-40-6541-3812 \u00a0 Email: kelle@hsu-hh.de Besucheranschrift Helmut-Schmidt-Universit\u00e4t Geb\u00e4ude H1, Ebene 2 Holstenhofweg 85 22043 Hamburg Postanschrift Helmut-Schmidt-Universit\u00e4tFakult\u00e4t f\u00fcr Geistes- und SozialwissenschaftenPostfach 70 08 2222008 [&hellip;]<\/p>\n","protected":false},"author":106,"featured_media":0,"parent":0,"menu_order":0,"comment_status":"closed","ping_status":"closed","template":"","meta":{"footnotes":""},"categories":[44],"tags":[],"class_list":["post-410","page","type-page","status-publish","hentry","category-kelle"],"_links":{"self":[{"href":"https:\/\/www.hsu-hh.de\/methoden\/wp-json\/wp\/v2\/pages\/410","targetHints":{"allow":["GET"]}}],"collection":[{"href":"https:\/\/www.hsu-hh.de\/methoden\/wp-json\/wp\/v2\/pages"}],"about":[{"href":"https:\/\/www.hsu-hh.de\/methoden\/wp-json\/wp\/v2\/types\/page"}],"author":[{"embeddable":true,"href":"https:\/\/www.hsu-hh.de\/methoden\/wp-json\/wp\/v2\/users\/106"}],"replies":[{"embeddable":true,"href":"https:\/\/www.hsu-hh.de\/methoden\/wp-json\/wp\/v2\/comments?post=410"}],"version-history":[{"count":74,"href":"https:\/\/www.hsu-hh.de\/methoden\/wp-json\/wp\/v2\/pages\/410\/revisions"}],"predecessor-version":[{"id":2496,"href":"https:\/\/www.hsu-hh.de\/methoden\/wp-json\/wp\/v2\/pages\/410\/revisions\/2496"}],"wp:attachment":[{"href":"https:\/\/www.hsu-hh.de\/methoden\/wp-json\/wp\/v2\/media?parent=410"}],"wp:term":[{"taxonomy":"category","embeddable":true,"href":"https:\/\/www.hsu-hh.de\/methoden\/wp-json\/wp\/v2\/categories?post=410"},{"taxonomy":"post_tag","embeddable":true,"href":"https:\/\/www.hsu-hh.de\/methoden\/wp-json\/wp\/v2\/tags?post=410"}],"curies":[{"name":"wp","href":"https:\/\/api.w.org\/{rel}","templated":true}]}}