{"id":2299,"date":"2022-10-24T14:55:06","date_gmt":"2022-10-24T12:55:06","guid":{"rendered":"https:\/\/www.hsu-hh.de\/methoden\/?page_id=2299"},"modified":"2025-10-07T15:31:31","modified_gmt":"2025-10-07T13:31:31","slug":"zuehl","status":"publish","type":"page","link":"https:\/\/www.hsu-hh.de\/methoden\/team\/zuehl","title":{"rendered":"Sebastian Z\u00fchl, M.A."},"content":{"rendered":"\n<div class=\"wp-block-columns is-layout-flex wp-container-core-columns-is-layout-9d6595d7 wp-block-columns-is-layout-flex\">\n<div class=\"wp-block-column is-vertically-aligned-bottom is-layout-flow wp-block-column-is-layout-flow\" style=\"flex-basis:150%\"><script type=\"application\/ld+json\">[{\"@context\": \"https:\/\/www.schema.org\",\"@type\": \"Person\",\"name\": \"Sebastian Z\u00fchl\",\"worksFor\": [{\t\"@type\": \"Organization\",\t\"name\": \"Helmut-Schmidt-Universit\u00e4t\",\t\"url\": \"https:\/\/www.hsu-hh.de\"\t, \"department\": {\"@type\": \"Organization\",\t\t\t\t\t\"name\": \"schaften\",\t\t\t\t\t\"location\": {\t\t\t\t\t\t\"@type\": \"PostalAddress\",\t\t\t\t\t\t\"addressLocality\": \"\",        \t\t\t\t\"postalCode\": \"22043\",        \t\t\t\t\"streetAddress\": \"Holstenhofweg 85 , Geb\u00e4ude H01, E2\"\t\t\t\t\t}},\t\"location\": {\t\t\"@type\": \"PostalAddress\",    \t\"addressLocality\": \"\",    \t\"postalCode\": \"22008\",    \t\"postOfficeBoxNumber\": \"700822\"\t}   }],\"image\": \"https:\/\/www.hsu-hh.de\/methoden\/wp-content\/uploads\/sites\/735\/2022\/10\/HH_Profil_02-150x150.png\",\"telephone\": \"+49406541-3594\",\"faxNumber\": \"\",\"email\": \"zuehls@hsu-hh.de\"}]<\/script><div class=\"clearfix\"><\/div><div class=\"ansprechparter-container \" style=\"margin-top:1em; \"><div class=\"row ansprechpartner-item ansprechparter-header\" ><div class=\"col-xs-8 col-lg-12\" style=\"margin-bottom: 30px;\"><h3 class=\"ansprechparter-headline\">Sebastian Z\u00fchl<\/h3><\/div><\/div><div class=\"col-md-4 col-lg-3 col-xs-4 ansprechpartner-item floatright img-circle center-block\" style=\"margin-bottom: 30px;\"><div class=\"img-responsive-wrapper\"><img decoding=\"async\" src=\"https:\/\/www.hsu-hh.de\/methoden\/wp-content\/uploads\/sites\/735\/2022\/10\/HH_Profil_02-150x150.png\" alt=\"HSU_zuehl\" class=\"img-circle img-responsive center-block\" \/><\/div><\/div><div class=\"col-md-12 col-lg-3 col-xs-12 ansprechpartner-item kontakt floatright\" style=\"margin-bottom: 30px; \"><div class=\"row\"><div class=\"col-xs-12 col-sm-6 col-lg-12\"><div class=\"row\"><div class=\"col-xs-4 col-lg-4 row-text bold\" >Raum:<\/div><div class=\" row-text\">2330<\/div><\/div><\/div><div class=\"col-xs-12 col-sm-6 col-lg-12\"><div class=\"row\"><div class=\"col-xs-4 col-lg-4 row-text bold\">Telefon:<\/div><div class=\" row-text\">+49406541-3594<\/div><\/div><\/div><div class=\"col-xs-12 col-sm-6 col-lg-12\"><div class=\"row\"><div class=\"col-xs-4 col-lg-4 row-text bold\">E-Mail:<\/div><div class=\"row-text\" style=\"overflow:hidden; word-break: break-word\"><a href=\"mailto:zuehls@hsu-hh.de\" rel=\"nofollow\">zuehls@hsu-hh.de<\/a><\/div><\/div><\/div><\/div><\/div><div class=\"col-md-6 col-lg-3 col-xs-12 ansprechpartner-item anschrift floatright\" ><div class=\"row-headline\">Besucheranschrift<\/div><div class=\"dataBesucheranschrift\" style=\"\"><div class=\"row-text\">Helmut-Schmidt-Universit\u00e4t<\/div><div class=\"row-text\">Geb\u00e4ude H01, E2<\/div><div class=\"row-text\">Holstenhofweg 85<\/div><div class=\"row-text\">22043 Hamburg<\/div><\/div><\/div><div class=\"col-md-6 col-lg-3 col-xs-12 ansprechpartner-item anschrift floatright\"><div class=\"row-headline\">Postanschrift<\/div><div class=\"dataPostanschrift\" style=\"\"><div class=\"row-text\">Helmut-Schmidt-<\/div><div class=\"row-text\">Universit\u00e4t<\/div><div class=\"row-text\">Fakult\u00e4t f\u00fcr Geistes- <\/div><div class=\"row-text\">und <\/div><div class=\"row-text\">Sozialwissen-<\/div><div class=\"row-text\">schaften<\/div><div class=\"row-text\">Postfach 70 08 22<\/div><div class=\"row-text\">22008 Hamburg<\/div><\/div><\/div><\/div><div class=\"clearfix\"><\/div><\/div>\n<\/div>\n\n\n\n<hr class=\"wp-block-separator has-alpha-channel-opacity\" \/>\n\n\n\n<p><strong>Sprechstunde<\/strong>: Nach Vereinbarung<\/p>\n\n\n\n<hr class=\"wp-block-separator has-alpha-channel-opacity\" \/>\n\n\n\n<h3 class=\"wp-block-heading\">Dissertationsprojekt: <\/h3>\n\n\n\n<p>Bildungswege und Spracherwerb von Zugewanderten mit und ohne Fluchthintergrund. Eine Mixed-Methods Untersuchung.<\/p>\n\n\n\n<p><\/p>\n\n\n\n<hr class=\"wp-block-separator has-alpha-channel-opacity\" \/>\n\n\n<h3>Werdegang<\/h3>\n<p>10\/2022 &#8211; heute <strong>Wissenschaftlicher Mitarbeiter<\/strong><\/p>\n<ul>\n<li>Helmut-Schmidt-Universit\u00e4t (Lehrstuhl f\u00fcr Methoden der empirischen Sozialforschung und Statistik)<\/li>\n<\/ul>\n<hr \/>\n<h3>Studium<\/h3>\n<p>10\/2018 &#8211; 03\/2022 <strong>Soziologie<\/strong><\/p>\n<ul>\n<li>Gottfried Wilhelm Leibniz Universit\u00e4t Hannover<\/li>\n<li>Abschluss: Master of Arts (M.A.)<\/li>\n<li>Abschlussarbeit: <em>&#8222;Scheitern oder Cooling-Out in der Studienvorbereitung? -Zu weiterf\u00fchrenden Karriereentscheidungen im \u00dcbergang befindender internationaler Studieninteressierter und Gefl\u00fcchteter in Deutschland&#8220;<\/em><\/li>\n<\/ul>\n<p>10\/2015 &#8211; 04\/2022 <strong>Bildungswissenschaften<\/strong><\/p>\n<ul>\n<li>Gottfried Wilhelm Leibniz Universit\u00e4t Hannover<\/li>\n<li>Abschluss: Master of Arts (M.A.)<\/li>\n<\/ul>\n<p>10\/2010 &#8211; 12\/2015 <strong>Sozialwissenschaften<\/strong><\/p>\n<ul>\n<li>Gottfried Wilhelm Leibniz Universit\u00e4t Hannover<\/li>\n<li>Abschluss: Bachelor of Arts (B.A.)<\/li>\n<\/ul>\n<h3>Projekte<\/h3>\n<p>Wissenschaftliche Mitarbeit in folgenden Forschungsprojekten:<\/p>\n<p>05\/2021 &#8211; 03\/2022 <strong>Studentischer Mitarbeiter<\/strong><\/p>\n<ul>\n<li>Leibniz Forschungszentrum Wissenschaft und Gesellschaft (LCSS)<\/li>\n<li>Projekt: &#8222;Individuelle Capabilities als Determinanten sozialer Bildungsungleichheit?&#8220;<\/li>\n<\/ul>\n<p>04\/2019 &#8211; 10\/2019 <strong>Studentischer Mitarbeiter<\/strong><\/p>\n<ul>\n<li>Institut f\u00fcr Gestaltungspraxis und Kunstwissenschaft (IGK)<\/li>\n<li>Gottfried Wilhelm Leibniz Universit\u00e4t Hannover<\/li>\n<\/ul>\n<p>02\/2019 &#8211; 03\/2021 <strong>Studentischer Mitarbeiter<\/strong><\/p>\n<ul>\n<li>Deutsches Zentrum F\u00fcr Hochschul- und Wissenschaftsforschung (DZHW)<\/li>\n<li>Projekt: &#8222;WeGe &#8211; Wege von Gefl\u00fcchteten an deutsche Hochschulen&#8220;<\/li>\n<\/ul>\n<h3>Forschungsschwerpunkte<\/h3>\n<ul>\n<li>Migrationssoziologie<\/li>\n<li>Bildungssoziologie<\/li>\n<\/ul>\n<p>\u00a0<\/p>\n<h3><strong>Mitgliedschaften<\/strong><\/h3>\n<ul>\n<li>Akademie f\u00fcr Soziologie e.V.<\/li>\n<li>Deutsche Gesellschaft f\u00fcr Soziologie e.V.<\/li>\n<\/ul>\n<p>\u00a0<\/p>\n<h3><strong>Soziale Medien<\/strong><\/h3>\n<p>LinkedIn:\u00a0<\/p>\n\n\n<p><a href=\"https:\/\/de.linkedin.com\/in\/sebastian-zuehl-590595285?trk=profile-badge\" rel='nofollow'>Sebastian Zuehl<\/a><\/p>\n\n\n\n<p><\/p>\n","protected":false},"excerpt":{"rendered":"<p>Sprechstunde: Nach Vereinbarung Dissertationsprojekt: Bildungswege und Spracherwerb von Zugewanderten mit und ohne Fluchthintergrund. Eine Mixed-Methods Untersuchung. Werdegang 10\/2022 &#8211; heute Wissenschaftlicher Mitarbeiter Helmut-Schmidt-Universit\u00e4t (Lehrstuhl f\u00fcr Methoden der empirischen Sozialforschung und [&hellip;]<\/p>\n","protected":false},"author":3506,"featured_media":0,"parent":105,"menu_order":0,"comment_status":"closed","ping_status":"closed","template":"","meta":{"footnotes":""},"categories":[39],"tags":[],"class_list":["post-2299","page","type-page","status-publish","hentry","category-menue2tm"],"_links":{"self":[{"href":"https:\/\/www.hsu-hh.de\/methoden\/wp-json\/wp\/v2\/pages\/2299","targetHints":{"allow":["GET"]}}],"collection":[{"href":"https:\/\/www.hsu-hh.de\/methoden\/wp-json\/wp\/v2\/pages"}],"about":[{"href":"https:\/\/www.hsu-hh.de\/methoden\/wp-json\/wp\/v2\/types\/page"}],"author":[{"embeddable":true,"href":"https:\/\/www.hsu-hh.de\/methoden\/wp-json\/wp\/v2\/users\/3506"}],"replies":[{"embeddable":true,"href":"https:\/\/www.hsu-hh.de\/methoden\/wp-json\/wp\/v2\/comments?post=2299"}],"version-history":[{"count":66,"href":"https:\/\/www.hsu-hh.de\/methoden\/wp-json\/wp\/v2\/pages\/2299\/revisions"}],"predecessor-version":[{"id":2531,"href":"https:\/\/www.hsu-hh.de\/methoden\/wp-json\/wp\/v2\/pages\/2299\/revisions\/2531"}],"up":[{"embeddable":true,"href":"https:\/\/www.hsu-hh.de\/methoden\/wp-json\/wp\/v2\/pages\/105"}],"wp:attachment":[{"href":"https:\/\/www.hsu-hh.de\/methoden\/wp-json\/wp\/v2\/media?parent=2299"}],"wp:term":[{"taxonomy":"category","embeddable":true,"href":"https:\/\/www.hsu-hh.de\/methoden\/wp-json\/wp\/v2\/categories?post=2299"},{"taxonomy":"post_tag","embeddable":true,"href":"https:\/\/www.hsu-hh.de\/methoden\/wp-json\/wp\/v2\/tags?post=2299"}],"curies":[{"name":"wp","href":"https:\/\/api.w.org\/{rel}","templated":true}]}}