{"id":2241,"date":"2022-08-07T18:05:42","date_gmt":"2022-08-07T16:05:42","guid":{"rendered":"https:\/\/www.hsu-hh.de\/methoden\/?page_id=2241"},"modified":"2022-08-08T08:31:41","modified_gmt":"2022-08-08T06:31:41","slug":"netzwerk-mmmr-tagung-sozialstrukturanalyse","status":"publish","type":"page","link":"https:\/\/www.hsu-hh.de\/methoden\/netzwerk-mmmr-tagung-sozialstrukturanalyse","title":{"rendered":"Netzwerk MMMR &#8211; Tagung Sozialstrukturanalyse"},"content":{"rendered":"\n<h3 class=\"wp-block-heading\">Mixed Methods in der Sozialstrukturanalyse: Integrationspotenziale qualitativer und quantitativer Forschungsans\u00e4tze<em> (31. M\u00e4rz-1. April 2022)<\/em><\/h3>\n\n\n\n<div class=\"wp-block-media-text alignwide has-media-on-the-right is-stacked-on-mobile\" style=\"grid-template-columns:auto 34%\"><figure class=\"wp-block-media-text__media\"><img loading=\"lazy\" decoding=\"async\" width=\"1024\" height=\"215\" src=\"https:\/\/www.hsu-hh.de\/methoden\/wp-content\/uploads\/sites\/735\/2018\/02\/DFG-Logi-1024x215.jpg\" data-credit=\"\" alt=\"DFG Logo\" class=\"wp-image-719 size-full\" \/><\/figure><div class=\"wp-block-media-text__content\">\n<p><strong>Interdisziplin\u00e4res Netzwerk zu Methodologie und<br>Anwendungsfeldern methodenintegrativer Forschung<\/strong><\/p>\n<\/div><\/div>\n\n\n\n<p><a href=\"https:\/\/www.hsu-hh.de\/methoden\/team\/knappertsbusch\/mixed-methods-network\" data-type=\"page\" data-id=\"508\">Zur\u00fcck zur Startseite<\/a><\/p>\n\n\n\n<p><\/p>\n\n\n\n<p>Die Tagung &#8222;Mixed Methods in der Sozialstrukturanalyse: Integrationspotenziale qualitativer und quantitativer Forschungsans\u00e4tze&#8220; wurde von der DGS-Sektion <a rel=\"noreferrer noopener\" href=\"https:\/\/soziale-ungleichheit.de\/\" target=\"_blank\">Soziale Ungleichheit und Sozialstrukturanalyse<\/a> in Kooperation mit dem Arbeitskreis <a rel=\"noreferrer noopener\" href=\"https:\/\/sociohub-fid.de\/s\/ak-mixed-methods-forschung\" data-type=\"URL\" data-id=\"https:\/\/sociohub-fid.de\/s\/ak-mixed-methods-forschung\" target=\"_blank\">Mixed Methods<\/a> der DGS-Sektionen <em>Methoden der empirischen Sozialforschung<\/em> und <em>Methoden der qualitativen Sozialforschung<\/em>, dem <a rel=\"noreferrer noopener\" href=\"https:\/\/sofi.uni-goettingen.de\/\" target=\"_blank\">Soziologischen Forschungsinstitut G\u00f6ttingen<\/a>, dem <a rel=\"noreferrer noopener\" href=\"https:\/\/www.uni-goettingen.de\/de\/28106.html\" target=\"_blank\">Institut f\u00fcr Soziologie der Universit\u00e4t G\u00f6ttingen<\/a>, sowie dem Netzwerk <abbr title=\"Mixed Methods und Multimethod Research\">MMMR<\/abbr> organisiert. <\/p>\n\n\n\n<p>Die Veranstaltung, zu der insgesamt 57 Teilnehmer*innen anreisten, widmete sich dem Verh\u00e4ltnis quantitativ-standardisierter sowie qualitativ-subjektorientierter Methoden in der empirischen Ungleichheitsforschung. Dabei wurden insbesondere die Potentiale, aber auch die methodologischen und forschungspraktischen Probleme einer Kombination qualitativer und quantitativer Forschungsans\u00e4tze analysiert und anhand von empirischen Beispielen veranschaulicht. <\/p>\n\n\n\n<p>Die 14 Tagungsbeitr\u00e4ge erstreckten sich \u00fcber die Themenfelder &#8222;Grenzen qualitativer und quantitativer Sozialstrukturforschung&#8220;, &#8222;Klasse, Schicht, Milieu&#8220;, &#8222;Armut und Prekarit\u00e4t&#8220;, &#8222;Bildung und Hochschule&#8220; und &#8222;(Wissenschafts)Theoretische Perspektiven&#8220;. Zus\u00e4tzlich wurden zentrale Konferenzthemen und Ergebnisse in einer Abschlussdiskussion von den Diskutantinnen Nicole Burzan (<abbr title=\"Technische Universit\u00e4t\">TU<\/abbr> Dortmund) und Corinna Kleinert (Universit\u00e4t Bamberg) res\u00fcmiert.<\/p>\n\n\n\n<p>Das vollst\u00e4ndige <em>Konferenzprogramm <\/em>und der <em>Call for Papers <\/em>zur Veranstaltung sind hier abrufbar: <\/p>\n\n\n\n<div class=\"wp-block-hsu-downloadblock\"><div class=\"thumbnail-area\"><img decoding=\"async\" src=\"\/wp-content\/themes\/hsu\/img\/dummy\/downloads_dummy.png\" alt=\"Download Symbol-Icon\" \/><\/div><div class=\"text-area\">Tagungsprogramm Mixed Methods in der Sozialstrukturanalyse<\/div><div class=\"download-area\"><a class=\"download-link\" href=\"https:\/\/www.hsu-hh.de\/methoden\/wp-content\/uploads\/sites\/735\/2022\/08\/Programm_Mixed_Methods_Sozialstrukturanalyse.pdf\"><span class=\"download-name\">pdf laden<\/span><span class=\"download-icon\"><img decoding=\"async\" class=\"download-icon\" alt=\"download icon\" src=\"\/wp-content\/themes\/hsu\/img\/icons\/download_icon.png\" \/><\/span><span class=\"download-size\">145 kB<\/span><\/a><\/div><\/div>\n\n\n\n<div class=\"wp-block-hsu-downloadblock\"><div class=\"thumbnail-area\"><img decoding=\"async\" src=\"\/wp-content\/themes\/hsu\/img\/dummy\/downloads_dummy.png\" alt=\"Download Symbol-Icon\" \/><\/div><div class=\"text-area\">CFP Mixed Methods in der Sozialstrukturanalyse<\/div><div class=\"download-area\"><a class=\"download-link\" href=\"https:\/\/www.hsu-hh.de\/methoden\/wp-content\/uploads\/sites\/735\/2022\/08\/cfp-SSA-und-mixed-methods.pdf\"><span class=\"download-name\">pdf laden<\/span><span class=\"download-icon\"><img decoding=\"async\" class=\"download-icon\" alt=\"download icon\" src=\"\/wp-content\/themes\/hsu\/img\/icons\/download_icon.png\" \/><\/span><span class=\"download-size\">231 kB<\/span><\/a><\/div><\/div>\n","protected":false},"excerpt":{"rendered":"<p>Mixed Methods in der Sozialstrukturanalyse: Integrationspotenziale qualitativer und quantitativer Forschungsans\u00e4tze (31. M\u00e4rz-1. April 2022) Interdisziplin\u00e4res Netzwerk zu Methodologie undAnwendungsfeldern methodenintegrativer Forschung Zur\u00fcck zur Startseite Die Tagung &#8222;Mixed Methods in der [&hellip;]<\/p>\n","protected":false},"author":378,"featured_media":0,"parent":0,"menu_order":0,"comment_status":"closed","ping_status":"closed","template":"","meta":{"footnotes":""},"categories":[4,65],"tags":[],"class_list":["post-2241","page","type-page","status-publish","hentry","category-forschung","category-mixed-methods-und-multimethod-research"],"_links":{"self":[{"href":"https:\/\/www.hsu-hh.de\/methoden\/wp-json\/wp\/v2\/pages\/2241","targetHints":{"allow":["GET"]}}],"collection":[{"href":"https:\/\/www.hsu-hh.de\/methoden\/wp-json\/wp\/v2\/pages"}],"about":[{"href":"https:\/\/www.hsu-hh.de\/methoden\/wp-json\/wp\/v2\/types\/page"}],"author":[{"embeddable":true,"href":"https:\/\/www.hsu-hh.de\/methoden\/wp-json\/wp\/v2\/users\/378"}],"replies":[{"embeddable":true,"href":"https:\/\/www.hsu-hh.de\/methoden\/wp-json\/wp\/v2\/comments?post=2241"}],"version-history":[{"count":8,"href":"https:\/\/www.hsu-hh.de\/methoden\/wp-json\/wp\/v2\/pages\/2241\/revisions"}],"predecessor-version":[{"id":2265,"href":"https:\/\/www.hsu-hh.de\/methoden\/wp-json\/wp\/v2\/pages\/2241\/revisions\/2265"}],"wp:attachment":[{"href":"https:\/\/www.hsu-hh.de\/methoden\/wp-json\/wp\/v2\/media?parent=2241"}],"wp:term":[{"taxonomy":"category","embeddable":true,"href":"https:\/\/www.hsu-hh.de\/methoden\/wp-json\/wp\/v2\/categories?post=2241"},{"taxonomy":"post_tag","embeddable":true,"href":"https:\/\/www.hsu-hh.de\/methoden\/wp-json\/wp\/v2\/tags?post=2241"}],"curies":[{"name":"wp","href":"https:\/\/api.w.org\/{rel}","templated":true}]}}