{"id":2203,"date":"2022-08-05T08:24:30","date_gmt":"2022-08-05T06:24:30","guid":{"rendered":"https:\/\/www.hsu-hh.de\/methoden\/?page_id=2203"},"modified":"2022-08-12T09:36:14","modified_gmt":"2022-08-12T07:36:14","slug":"netzwerk-mmmr-lehrbuchreihe-methodenintegrative-sozialforschung","status":"publish","type":"page","link":"https:\/\/www.hsu-hh.de\/methoden\/netzwerk-mmmr-lehrbuchreihe-methodenintegrative-sozialforschung","title":{"rendered":"Netzwerk MMMR &#8211; Lehrbuchreihe Methodenintegrative Sozialforschung"},"content":{"rendered":"\n<h3 class=\"wp-block-heading\">Interdisziplin\u00e4res Netzwerk zu Methodologie und Anwendungsfeldern methodenintegrativer Forschung<\/h3>\n\n\n\n<h3 class=\"wp-block-heading\"><img loading=\"lazy\" decoding=\"async\" width=\"1057\" height=\"222\" class=\"wp-image-544\" style=\"width: 300px\" src=\"https:\/\/www.hsu-hh.de\/methoden\/wp-content\/uploads\/sites\/735\/2018\/01\/DFG-Logi.jpg\" alt=\"DFG Logo\" srcset=\"https:\/\/www.hsu-hh.de\/methoden\/wp-content\/uploads\/sites\/735\/2018\/01\/DFG-Logi.jpg 1057w, https:\/\/www.hsu-hh.de\/methoden\/wp-content\/uploads\/sites\/735\/2018\/01\/DFG-Logi-300x63.jpg 300w, https:\/\/www.hsu-hh.de\/methoden\/wp-content\/uploads\/sites\/735\/2018\/01\/DFG-Logi-768x161.jpg 768w, https:\/\/www.hsu-hh.de\/methoden\/wp-content\/uploads\/sites\/735\/2018\/01\/DFG-Logi-1024x215.jpg 1024w\" sizes=\"auto, (max-width: 1057px) 100vw, 1057px\" \/><\/h3>\n\n\n\n<p>Die Lehrbuchreihe <a rel=\"noreferrer noopener\" href=\"https:\/\/www.springer.com\/series\/16487\" data-type=\"URL\" data-id=\"https:\/\/www.springer.com\/series\/16487\" target=\"_blank\">Methodenintegrative Sozialforschung<\/a> erscheint bei <em>Springer VS<\/em> und wird von <a rel=\"noreferrer noopener\" href=\"https:\/\/sofi.uni-goettingen.de\/nc\/personen\/detail\/name\/andrea-hense\/\" data-type=\"URL\" data-id=\"https:\/\/sofi.uni-goettingen.de\/nc\/personen\/detail\/name\/andrea-hense\/\" target=\"_blank\">Andrea Hense<\/a>, <a rel=\"noreferrer noopener\" href=\"https:\/\/www.hsu-hh.de\/methoden\/team\/knappertsbusch\" data-type=\"URL\" data-id=\"https:\/\/www.hsu-hh.de\/methoden\/team\/knappertsbusch\" target=\"_blank\">Felix Knappertsbusch<\/a> und <a rel=\"noreferrer noopener\" href=\"https:\/\/www.sowi.uni-stuttgart.de\/institut\/team\/Vogl-00001\/\" data-type=\"URL\" data-id=\"https:\/\/www.sowi.uni-stuttgart.de\/institut\/team\/Vogl-00001\/\" target=\"_blank\">Susanne Vogl<\/a> herausgegeben. Sie f\u00fchrt in Grundlagen, Praxis und Forschungsfelder von Mixed Methods und multimethodischer Forschung, vermittelt methodologisches Hintergrundwissen und zeichnet aktuelle Entwicklungen und Debatten methodenintegrativer Forschung nach. Konkrete empirische Beispiele stellen Anwendungsbez\u00fcge her, illustrieren methodische und methodologische Grundlagen und bieten Orientierung f\u00fcr die eigene Forschungspraxis. <\/p>\n\n\n\n<p>Die B\u00e4nde der Reihe widmen sich jeweils einem von drei thematischen Hauptstr\u00e4ngen:<br>Erstens wird in allgemeine Aspekte empirischer Forschungsprozesse, wie z. B. methodenintegrative<br>Datenanalyse oder Mixed-Methods-Sampling, sowie in methodologische <abbr title=\"beziehungsweise\">bzw.<\/abbr> wissenschaftstheoretische Hintergr\u00fcnde eingef\u00fchrt. Der zweite Strang befasst sich<br>detaillierter mit konkreten empirisch-methodischen Verfahren und Designoptionen, z. B. der Kombination von Surveys und qualitativen Interviews oder der Erstellung von \u201eJoint Displays\u201c. Drittens werden konkrete inhaltliche Forschungsfelder aufgegriffen, wie etwa Methodenintegration in der Bildungs- oder Evaluationsforschung, um gegenstandsbezogene Spezifika hervorzuheben.<\/p>\n\n\n\n<p>Studierende, fortgeschrittene Forscher*innen und Lehrende im Bereich der Sozial- und<br>Wirtschaftswissenschaften sowie Psychologie erhalten somit didaktisch aufbereitete<br>Einblicke in gegenw\u00e4rtige multimethodische Forschung sowie anwendungsorientierte<br>Unterst\u00fctzung f\u00fcr eigene methodenintegrative Forschungsprojekte.<\/p>\n\n\n\n<h4 class=\"wp-block-heading\">Angek\u00fcndigte Reihentitel<\/h4>\n\n\n\n<ul class=\"wp-block-list\"><li>GERDA HAGENAUER; ANDREAS GEGENFURTHER; MICHAELA GL\u00c4SER-ZIKUDA: <em>Grundlagen und Anwendung von Mixed Methods in der empirischen Bildungsforschung<\/em><\/li><li>JUDITH SCHOONENBOOM: <em>Mixed Methods and Multi-Method Research Design: An Emergent and Case-Based Approach<\/em><\/li><li>NIEDERBERGER, MARLEN: <em>Methodenintegrative Forschung in der Gesundheitsforschung\/in den Gesundheitswissenschaften<\/em><\/li><li>DOMINIK FR\u00d6HLICH; MATHIAS MEJEH: <em>Methodenintegrative Netzwerkanalyse<\/em><\/li><\/ul>\n\n\n\n<h4 class=\"wp-block-heading\">Weitere Reihentitel in Vorbereitung<\/h4>\n\n\n\n<ul class=\"wp-block-list\"><li>ANDREA HENSE; LEILA AKREMI: Mixed Methods Sampling<\/li><li>NINA BAUR; JANNIS HERGESELL; MARIA NORKUS: Methodenintegration in Prozessanalyse und historischer Sozialforschung<\/li><li>BETTINA LANGFELDT: Kombination von Surveydaten und qualitativen Interviews<\/li><li>ANDR\u00c9 EPP: (Biografisch-)narrative und Experteninterviews: Eine Einf\u00fchrung in die triangulative Praxis der Interviewforschung<\/li><\/ul>\n","protected":false},"excerpt":{"rendered":"<p>Interdisziplin\u00e4res Netzwerk zu Methodologie und Anwendungsfeldern methodenintegrativer Forschung Die Lehrbuchreihe Methodenintegrative Sozialforschung erscheint bei Springer VS und wird von Andrea Hense, Felix Knappertsbusch und Susanne Vogl herausgegeben. Sie f\u00fchrt in [&hellip;]<\/p>\n","protected":false},"author":378,"featured_media":0,"parent":0,"menu_order":0,"comment_status":"closed","ping_status":"closed","template":"","meta":{"footnotes":""},"categories":[4,65],"tags":[],"class_list":["post-2203","page","type-page","status-publish","hentry","category-forschung","category-mixed-methods-und-multimethod-research"],"_links":{"self":[{"href":"https:\/\/www.hsu-hh.de\/methoden\/wp-json\/wp\/v2\/pages\/2203","targetHints":{"allow":["GET"]}}],"collection":[{"href":"https:\/\/www.hsu-hh.de\/methoden\/wp-json\/wp\/v2\/pages"}],"about":[{"href":"https:\/\/www.hsu-hh.de\/methoden\/wp-json\/wp\/v2\/types\/page"}],"author":[{"embeddable":true,"href":"https:\/\/www.hsu-hh.de\/methoden\/wp-json\/wp\/v2\/users\/378"}],"replies":[{"embeddable":true,"href":"https:\/\/www.hsu-hh.de\/methoden\/wp-json\/wp\/v2\/comments?post=2203"}],"version-history":[{"count":6,"href":"https:\/\/www.hsu-hh.de\/methoden\/wp-json\/wp\/v2\/pages\/2203\/revisions"}],"predecessor-version":[{"id":2271,"href":"https:\/\/www.hsu-hh.de\/methoden\/wp-json\/wp\/v2\/pages\/2203\/revisions\/2271"}],"wp:attachment":[{"href":"https:\/\/www.hsu-hh.de\/methoden\/wp-json\/wp\/v2\/media?parent=2203"}],"wp:term":[{"taxonomy":"category","embeddable":true,"href":"https:\/\/www.hsu-hh.de\/methoden\/wp-json\/wp\/v2\/categories?post=2203"},{"taxonomy":"post_tag","embeddable":true,"href":"https:\/\/www.hsu-hh.de\/methoden\/wp-json\/wp\/v2\/tags?post=2203"}],"curies":[{"name":"wp","href":"https:\/\/api.w.org\/{rel}","templated":true}]}}