{"id":1805,"date":"2021-07-06T11:55:05","date_gmt":"2021-07-06T09:55:05","guid":{"rendered":"https:\/\/www.hsu-hh.de\/methoden\/?page_id=1805"},"modified":"2021-07-06T11:55:06","modified_gmt":"2021-07-06T09:55:06","slug":"netzwerk-mmmr-6-arbeitstreffen","status":"publish","type":"page","link":"https:\/\/www.hsu-hh.de\/methoden\/netzwerk-mmmr-6-arbeitstreffen","title":{"rendered":"Netzwerk MMMR &#8211; 6. Arbeitstreffen"},"content":{"rendered":"\n<h3 class=\"wp-block-heading\"><em>Teaching Mixed Methods and Communicating Research Results (4. Juni 2021)<\/em><\/h3>\n\n\n\n<div class=\"wp-block-media-text alignwide has-media-on-the-right is-stacked-on-mobile\" style=\"grid-template-columns:auto 34%\"><figure class=\"wp-block-media-text__media\"><img loading=\"lazy\" decoding=\"async\" width=\"1024\" height=\"215\" src=\"https:\/\/www.hsu-hh.de\/methoden\/wp-content\/uploads\/sites\/735\/2018\/02\/DFG-Logi-1024x215.jpg\" data-credit=\"\" alt=\"DFG Logo\" class=\"wp-image-719 size-full\" \/><\/figure><div class=\"wp-block-media-text__content\">\n<p><strong>Interdisziplin\u00e4res Netzwerk zu Methodologie und<br>Anwendungsfeldern methodenintegrativer Forschung<\/strong><\/p>\n<\/div><\/div>\n\n\n\n<p><a href=\"https:\/\/www.hsu-hh.de\/methoden\/team\/knappertsbusch\/mixed-methods-network\" data-type=\"page\" data-id=\"508\">Zur\u00fcck zur Startseite<\/a><\/p>\n\n\n\n<p>Das sechste Netzwerktreffen fand am 4. Juni 2021 zum Thema \u201cTeaching Mixed Methods and Communicating Research Results\u201d statt. Aufgrund der anhaltenden Covid19-Beschr\u00e4nkungen konnte die Veranstaltung an der Helmut-Schmidt-Universit\u00e4t Hamburg nur in Form einer Videokonferenz stattfinden. Als internationale Gastredner*innen waren <a rel=\"noreferrer noopener\" href=\"https:\/\/www.researchgate.net\/scientific-contributions\/Anthony-J-Onwuegbuzie-9926193\" target=\"_blank\">Tony Onwuegbuzie<\/a> (University of Cambridge) und <a href=\"https:\/\/education.illinois.edu\/faculty\/jennifer-greene\" target=\"_blank\" rel=\"noreferrer noopener\">Jennifer Greene<\/a> (University of Illinois) eingeladen. Leider musste der Keynote-Vortrag von Jennifer Greene aufgrund einer technischen Problems aber kurzfristig abgesagt werden.<\/p>\n\n\n\n<p>In seiner Keynote-Pr\u00e4sentation mit dem Titel \u201cAn Evidence-Based Perspective on Teaching Mixed Methods\u201d verband Tony Onwuegbuzie einen \u00dcberblick seiner empirischen Arbeiten zu <abbr title=\"Mixed Methods und Multimethod Research\">MMMR<\/abbr>-Lehrkonzepten mit eigenen Eindr\u00fccken und Erfahrungen aus der Methodenlehre.<\/p>\n\n\n\n<p>In der darauffolgenden Podiumsdiskussion zum Thema \u201eTeaching Mixed Methods\u201c pr\u00e4sentierten <a rel=\"noreferrer noopener\" href=\"https:\/\/www.jacobs-university.de\/directory\/mschreier\" target=\"_blank\">Margrit Schreier <\/a>(Jacobs Universit\u00e4t Bremen), <a rel=\"noreferrer noopener\" href=\"https:\/\/applicationspub.unil.ch\/interpub\/noauth\/php\/Un\/UnPers.php?PerNum=61258&amp;LanCode=8\" target=\"_blank\">J\u00f6rg Stolz<\/a> (Universit\u00e4t Lausanne), und <a rel=\"noreferrer noopener\" href=\"https:\/\/www.uni-flensburg.de\/zml\/wer-wir-sind\/ehemalige-mitarbeitende\/sebastian-zimmer\/\" target=\"_blank\">Sebastian Zimmer<\/a> (Europa-Universit\u00e4t Flensburg) Lehrkonzepte f\u00fcr die Vermittlung integrativer Methodenkompetenzen. Inhaltlich deckten die Input-Vortr\u00e4ge ein breites Spektrum ab, von Achtsamkeitsmeditation als Methode zur Vermittlung qualitativer sowie methodenintegrativer Forschungsans\u00e4tze (Schreier), \u00fcber ein Workshop-Programm zur Einf\u00fchrung in Mixed Methods mithilfe eines integrierten qualitativ-quantitativen Datensatzes (Stolz), bis hin zur Verkn\u00fcpfung mehrerer paralleler Lehrveranstaltungen eines Studiengangs zu einem \u00fcbergreifenden Mixed-Methods-Lehrforschungsprojekt (Zimmer). In der anschlie\u00dfenden Diskussion wurden unter anderem die Bedeutung praktischer \u00dcbungen mit empirischem Datenmaterial sowie die Wichtigkeit von Interesse weckenden substanziellen Forschungsthemen f\u00fcr den Lernerfolg der Studierenden hervorgehoben. Zudem wurde der oft noch unzureichend gedeckte Bedarf an frei verf\u00fcgbaren Mixed-Methods-Datens\u00e4tzen und Materialien f\u00fcr Lehrzwecke besprochen, sowie M\u00f6glichkeiten zur Einrichtung eines Online-Repositoriums f\u00fcr <abbr title=\"Mixed Methods und Multimethod Research\">MMMR<\/abbr> Lehrmaterialien.<\/p>\n\n\n\n<p>In der Abschlusssitzung der Konferenz befassten sich die Netzwerkmitglieder mit den diversen Projekten, die aus dem Netzwerkprojekt hervorgegangen bzw. zuk\u00fcnftig geplant sind. Dazu z\u00e4hlt die Publikation eines Kurzberichts zum Projekt, dessen Einreichung bei der Zeitschrift der <em>Deutschen Gesellschaft f\u00fcr Soziologie <\/em>aktuell vorbereitet wird. Zudem wurde die weitere Entwicklung des 2020 gegr\u00fcndeten <a href=\"https:\/\/sociohub-fid.de\/s\/ak-mixed-methods-forschung\/\" target=\"_blank\" rel=\"noreferrer noopener\">Arbeitskreises \u201eMixed Methods\u201c in der DGS<\/a> besprochen, insbesondere die M\u00f6glichkeiten zur Anbindung des AK an andere Initiativen und Netzwerke im Themenfeld <abbr title=\"Mixed Methods und Multimethod Research\">MMMR<\/abbr> (z.B. die <a href=\"https:\/\/mmira.wildapricot.org\/page-1859607\" target=\"_blank\" rel=\"noreferrer noopener\">Europ\u00e4ische Sektion der <em>Mixed Methods Internationale Research Association<\/em><\/a>), sowie die Entwicklung der von Andrea Hense, Susanne Vogl und Felix Knappertsbusch herausgegebenen <a href=\"https:\/\/www.springer.com\/series\/16487\" target=\"_blank\" rel=\"noreferrer noopener\">Lehrbuchreihe \u201eMethodenintegrative Sozialforschung\u201c<\/a> (im Verlag von <em>Springer VS<\/em>).<\/p>\n\n\n\n<p>Im Vorfeld der 6. Netzwerktagung, am 3.6.2021 fand zudem eine ganzt\u00e4gige Autor*innenkonferenz zum derzeit in Vorbereitung befindlichen Sonderband \u201eMixed Methods and Multimethod Social Research \u2013 Current Applications and Future Directions\u201c statt, der Ende 2022 in <em><a href=\"https:\/\/www.qualitative-research.net\/index.php\/fqs\" target=\"_blank\" rel=\"noreferrer noopener\">Forum Qualitative Sozialforschung \/ Forum: Qualitative Social Research<\/a><\/em> erscheinen soll.<\/p>\n","protected":false},"excerpt":{"rendered":"<p>Teaching Mixed Methods and Communicating Research Results (4. Juni 2021) Interdisziplin\u00e4res Netzwerk zu Methodologie undAnwendungsfeldern methodenintegrativer Forschung Zur\u00fcck zur Startseite Das sechste Netzwerktreffen fand am 4. Juni 2021 zum Thema [&hellip;]<\/p>\n","protected":false},"author":378,"featured_media":0,"parent":0,"menu_order":0,"comment_status":"closed","ping_status":"closed","template":"","meta":{"footnotes":""},"categories":[4],"tags":[],"class_list":["post-1805","page","type-page","status-publish","hentry","category-forschung"],"_links":{"self":[{"href":"https:\/\/www.hsu-hh.de\/methoden\/wp-json\/wp\/v2\/pages\/1805","targetHints":{"allow":["GET"]}}],"collection":[{"href":"https:\/\/www.hsu-hh.de\/methoden\/wp-json\/wp\/v2\/pages"}],"about":[{"href":"https:\/\/www.hsu-hh.de\/methoden\/wp-json\/wp\/v2\/types\/page"}],"author":[{"embeddable":true,"href":"https:\/\/www.hsu-hh.de\/methoden\/wp-json\/wp\/v2\/users\/378"}],"replies":[{"embeddable":true,"href":"https:\/\/www.hsu-hh.de\/methoden\/wp-json\/wp\/v2\/comments?post=1805"}],"version-history":[{"count":5,"href":"https:\/\/www.hsu-hh.de\/methoden\/wp-json\/wp\/v2\/pages\/1805\/revisions"}],"predecessor-version":[{"id":1810,"href":"https:\/\/www.hsu-hh.de\/methoden\/wp-json\/wp\/v2\/pages\/1805\/revisions\/1810"}],"wp:attachment":[{"href":"https:\/\/www.hsu-hh.de\/methoden\/wp-json\/wp\/v2\/media?parent=1805"}],"wp:term":[{"taxonomy":"category","embeddable":true,"href":"https:\/\/www.hsu-hh.de\/methoden\/wp-json\/wp\/v2\/categories?post=1805"},{"taxonomy":"post_tag","embeddable":true,"href":"https:\/\/www.hsu-hh.de\/methoden\/wp-json\/wp\/v2\/tags?post=1805"}],"curies":[{"name":"wp","href":"https:\/\/api.w.org\/{rel}","templated":true}]}}