{"id":148,"date":"2017-10-11T11:08:13","date_gmt":"2017-10-11T09:08:13","guid":{"rendered":"https:\/\/www.hsu-hh.de\/methoden\/?page_id=148"},"modified":"2018-05-24T13:56:59","modified_gmt":"2018-05-24T11:56:59","slug":"goltz","status":"publish","type":"page","link":"https:\/\/www.hsu-hh.de\/methoden\/team\/goltz","title":{"rendered":"Dr. Elke Goltz"},"content":{"rendered":"<div id=\"category_content_mYM3D4lI\" class=\"hsu_category archive-page\"><\/div>\n<h3>Werdegang<\/h3>\n<div class=\"content-block4\"><\/div>\n<table>\n<tbody>\n<tr>\n<td width=\"198\">seit 09\/2007<\/td>\n<td width=\"425\">Lehrkraft f\u00fcr besondere Aufgaben an der Helmut-Schmidt-Universit\u00e4t; Methoden der empirischen Sozialforschung und Statistik<\/td>\n<\/tr>\n<tr>\n<td width=\"198\">2006 \u2013 2007<\/td>\n<td width=\"425\">Wissenschaftliche Mitarbeiterin an der Bauhaus-Universit\u00e4t Weimar; Forschungsprojekt zur Entwicklung europ\u00e4ischer Gro\u00dfst\u00e4dte nach 1989<\/td>\n<\/tr>\n<tr>\n<td width=\"198\">2004 \u2013 2006<\/td>\n<td width=\"425\">Lehrkraft f\u00fcr besondere Aufgaben an der FU Berlin; Institut f\u00fcr Geographische\u00a0Wissenschaften<\/td>\n<\/tr>\n<tr>\n<td width=\"198\">2003 \u2013 2004<\/td>\n<td width=\"425\">Wissenschaftliche Mitarbeiterin am Institut f\u00fcr angewandte Familien- Kindheits- und Jugendforschung (IFK) in Vehlefanz; Forschungsprojekt zur Messung von\u00a0Schulqualit\u00e4t<\/td>\n<\/tr>\n<tr>\n<td width=\"198\">2001<\/td>\n<td width=\"425\">Promotion zum\u00a0<abbr title=\"Doktor\">Dr.<\/abbr>\u00a0<abbr title=\"rerum\">rer.<\/abbr>\u00a0nat. an der Universit\u00e4t Potsdam<\/td>\n<\/tr>\n<tr>\n<td width=\"198\">1992 \u2013 2003<\/td>\n<td width=\"425\">Forschungs- und Lehrt\u00e4tigkeit an der Universit\u00e4t Potsdam; Institut f\u00fcr Geographie und Lehrstuhl f\u00fcr Methoden der empirischen Sozialforschung<\/td>\n<\/tr>\n<tr>\n<td width=\"198\">1991 \u2013 1993<\/td>\n<td width=\"425\">Referentin f\u00fcr Landes- und Regionalplanung beim Land Brandenburg; Ministerium f\u00fcr Umwelt, Naturschutz und Raumordnung<\/td>\n<\/tr>\n<tr>\n<td width=\"198\">1986 \u2013 1991<\/td>\n<td width=\"425\">Studium der Mathematik und Geographie in Potsdam<\/td>\n<\/tr>\n<\/tbody>\n<\/table>\n<p>&nbsp;<\/p>\n<h3>Publikationen<\/h3>\n<p>Goltz, E. und Trellert, U. (2009):\u00a0Wohnsituation und Wohnzufriedenheit \u00e4lterer Menschen in Mietwohnungen im Amt Gerswalde &#8211; Perspektiven zum Altersgerechten Wohnen. In: Bundes-ministerium f\u00fcr Verkehr, Bau und Stadtentwicklung (BMVBS) und Bundesinstitut f\u00fcr Bau-, Stadt- und Raumforschung (BBSR) [Hrsg.]: L\u00e4ndliche R\u00e4ume im demographischen Wandel.\u00a0BBSR-online-Publikation 34\u00a0 . S. 61-72.<\/p>\n<p>Born, K. M. und Goltz, E. (2007): The migration of the elderly into peripheral areas &#8211; A key to regional development? A case study from East Germany with potential implications for the Mediterranean.\u00a0In Roca, Zoran D., T., Terkenli, T., Plieninger, T., H\u00f6chtl, F [Hrsg.]\u00a0(2006): European Landcapes and Landscapes: The Mediterranean and Beyond. Lissabon, S. 265-278.<\/p>\n<p>Ziener, K., Carstensen, I. und E. Goltz [Hrsg.] (2005): Bewegende R\u00e4ume. Streiflichter multi-disziplin\u00e4rer Raumverst\u00e4ndnisse. Selbstverlag der Institute Humangeographie und Geoinformatik der Universit\u00e4t Potsdam.\u00a0\u00a0Praxis Kultur- und Sozialgeographie 36. 207 S.<\/p>\n<p>Goltz, E. und Stachen, J. (2005): \u201eBest Ager\u201c \u2013 Eine Chance f\u00fcr die Peripherie?-\u00a0Raumwirksame Konsequenzen der Migration \u00c4lterer. In: Ziener, K., Carstensen, I. und E. Goltz [Hrsg.]: Bewegende R\u00e4ume. Streiflichter multidisziplin\u00e4rer Raumverst\u00e4ndnisse. Selbstverlag der Institute Humangeographie und Geoinformatik der Universit\u00e4t Potsdam.\u00a0\u00a0Praxis Kultur- und Sozialgeographie 36. S. 171-183.<\/p>\n<p>Goltz, E. und Born, K. M. (2005): Zuwanderung \u00e4lterer Menschen in l\u00e4ndliche R\u00e4ume \u2013 eine Studie aus Brandenburg. In: Geographische Rundschau. Jahrgang 57. Heft 3. S. 52-57.<\/p>\n<p>Born, K. M, Goltz, E. und G. Saupe (2004): Wanderungsmotive \u00e4lterer Menschen. Ein anderer Blick auf die Entwicklungsprobleme peripherer R\u00e4ume in Brandenburg. In: Raumforschung und Raumordnung. Heft 2. 2004. S. 109-120.<\/p>\n<p>Goltz, E. (2001): Regionale Bev\u00f6lkerungsprozesse im Wirkungsbereich kommunaler Akteure &#8211; Beispiele aus l\u00e4ndlich peripheren R\u00e4umen des Landes Brandenburg \/ Landkreis Prignitz. Potsdamer Geographische Forschungen 20. Potsdam. 160 Seiten, Anhang.<\/p>\n<p>Goltz, E. und Sitter, R. (2001):\u00a0Regionale\u00a0Unterschiede\u00a0in\u00a0der\u00a0Gewaltkriminalit\u00e4t\u00a0im\u00a0Land\u00a0Branden-burg:\u00a0empirische\u00a0Analyse\u00a0anhand\u00a0ausgew\u00e4hlter\u00a0Strukturdaten. Potsdamer Beitr\u00e4ge zur Sozialforschung 14. Potsdam.<\/p>\n<p>Holtmann, D., Holtmann, E., G\u00f6rl, T., Goltz, E., Buchheister, C.(2002):\u00a0Zur\u00a0Pr\u00e4vention\u00a0von\u00a0Kriminalit\u00e4t,\u00a0Gewalt\u00a0und\u00a0Fremdenfeindlichkeit\u00a0durch\u00a0die\u00a0Gremien\u00a0kommunaler\u00a0Kriminalit\u00e4tsverh\u00fctung\u00a0im\u00a0Land\u00a0Brandenburg. Potsdamer Beitr\u00e4ge zur Sozialforschung 15. Potsdam.<\/p>\n<p>&nbsp;<\/p>\n","protected":false},"excerpt":{"rendered":"<p>Werdegang seit 09\/2007 Lehrkraft f\u00fcr besondere Aufgaben an der Helmut-Schmidt-Universit\u00e4t; Methoden der empirischen Sozialforschung und Statistik 2006 \u2013 2007 Wissenschaftliche Mitarbeiterin an der Bauhaus-Universit\u00e4t Weimar; Forschungsprojekt zur Entwicklung europ\u00e4ischer Gro\u00dfst\u00e4dte [&hellip;]<\/p>\n","protected":false},"author":106,"featured_media":0,"parent":105,"menu_order":0,"comment_status":"closed","ping_status":"closed","template":"","meta":{"footnotes":""},"categories":[39],"tags":[],"class_list":["post-148","page","type-page","status-publish","hentry","category-menue2tm"],"_links":{"self":[{"href":"https:\/\/www.hsu-hh.de\/methoden\/wp-json\/wp\/v2\/pages\/148","targetHints":{"allow":["GET"]}}],"collection":[{"href":"https:\/\/www.hsu-hh.de\/methoden\/wp-json\/wp\/v2\/pages"}],"about":[{"href":"https:\/\/www.hsu-hh.de\/methoden\/wp-json\/wp\/v2\/types\/page"}],"author":[{"embeddable":true,"href":"https:\/\/www.hsu-hh.de\/methoden\/wp-json\/wp\/v2\/users\/106"}],"replies":[{"embeddable":true,"href":"https:\/\/www.hsu-hh.de\/methoden\/wp-json\/wp\/v2\/comments?post=148"}],"version-history":[{"count":26,"href":"https:\/\/www.hsu-hh.de\/methoden\/wp-json\/wp\/v2\/pages\/148\/revisions"}],"predecessor-version":[{"id":1248,"href":"https:\/\/www.hsu-hh.de\/methoden\/wp-json\/wp\/v2\/pages\/148\/revisions\/1248"}],"up":[{"embeddable":true,"href":"https:\/\/www.hsu-hh.de\/methoden\/wp-json\/wp\/v2\/pages\/105"}],"wp:attachment":[{"href":"https:\/\/www.hsu-hh.de\/methoden\/wp-json\/wp\/v2\/media?parent=148"}],"wp:term":[{"taxonomy":"category","embeddable":true,"href":"https:\/\/www.hsu-hh.de\/methoden\/wp-json\/wp\/v2\/categories?post=148"},{"taxonomy":"post_tag","embeddable":true,"href":"https:\/\/www.hsu-hh.de\/methoden\/wp-json\/wp\/v2\/tags?post=148"}],"curies":[{"name":"wp","href":"https:\/\/api.w.org\/{rel}","templated":true}]}}