{"id":1114,"date":"2018-04-03T12:34:21","date_gmt":"2018-04-03T10:34:21","guid":{"rendered":"https:\/\/www.hsu-hh.de\/methoden\/?page_id=1114"},"modified":"2022-08-05T08:28:57","modified_gmt":"2022-08-05T06:28:57","slug":"netzwerk-mmmr-publikationen","status":"publish","type":"page","link":"https:\/\/www.hsu-hh.de\/methoden\/netzwerk-mmmr-publikationen","title":{"rendered":"Netzwerk MMMR &#8211; Publikationen"},"content":{"rendered":"<h3>Interdisziplin\u00e4res Netzwerk zu Methodologie <a href=\"https:\/\/www.hsu-hh.de\/methoden\/dfg-logi-3\"><img loading=\"lazy\" decoding=\"async\" class=\"wp-image-719 size-medium alignright\" src=\"https:\/\/www.hsu-hh.de\/methoden\/wp-content\/uploads\/sites\/735\/2018\/02\/DFG-Logi-300x63.jpg\" alt=\"DFG Logo\" width=\"300\" height=\"63\" \/><\/a><br \/>\nund Anwendungsfeldern methodenintegrativer Forschung<\/h3>\n<p><a href=\"https:\/\/www.hsu-hh.de\/methoden\/team\/knappertsbusch\/mixed-methods-network\">Zur\u00fcck zur Startseite<\/a><\/p>\n<p>Die Mitglieder des Netzwerks <abbr title=\"Mixed Methods und Multimethod Research\">MMMR<\/abbr> k\u00f6nnen auf zahlreiche, thematisch breit gef\u00e4cherte Ver\u00f6ffentlichungen im Feld der methodenintegrativen Sozialforschung verweisen. Auf diesen Seiten finden Sie eine <a href=\"https:\/\/www.hsu-hh.de\/methoden\/netzwerk-mmmr-ausgewaehlte-publikationen-der-netzwerkmitglieder\">Auswahl einschl\u00e4giger Publikationen der Netzwerkmitglieder<\/a>.<\/p>\n<p>Die gemeinsame Expertise der Mitglieder hat sich im Zuge des Netzwerkprojektes stetig weiterentwickelt. Die Ergebnisse dieser Projektarbeit werden in einer <a href=\"https:\/\/www.hsu-hh.de\/methoden\/netzwerk-mmmr-sammelpublikation-zu-projektergebnissen\">Sammelpublikation dokumentiert, die im Fr\u00fchjahr 2023 als FQS-Sonderband<\/a> erscheinen werden.<\/p>\n<p>Zudem hat die Netzwerkt\u00e4tigkeit zur Gr\u00fcndung der <a href=\"https:\/\/www.hsu-hh.de\/methoden\/netzwerk-mmmr-lehrbuchreihe-methodenintegrative-sozialforschung\">Lehrbuchreihe <em>Methodenintegrative Sozialforschung<\/em> gef\u00fchrt, die bei <em>Spinger VS<\/em> erscheint<\/a> deren erste Titel f\u00fcr das Jahr 2023 geplant sind.<\/p>\n","protected":false},"excerpt":{"rendered":"<p>Interdisziplin\u00e4res Netzwerk zu Methodologie und Anwendungsfeldern methodenintegrativer Forschung Zur\u00fcck zur Startseite Die Mitglieder des Netzwerks MMMR k\u00f6nnen auf zahlreiche, thematisch breit gef\u00e4cherte Ver\u00f6ffentlichungen im Feld der methodenintegrativen Sozialforschung verweisen. Auf [&hellip;]<\/p>\n","protected":false},"author":378,"featured_media":0,"parent":0,"menu_order":0,"comment_status":"closed","ping_status":"closed","template":"","meta":{"footnotes":""},"categories":[4],"tags":[],"class_list":["post-1114","page","type-page","status-publish","hentry","category-forschung"],"_links":{"self":[{"href":"https:\/\/www.hsu-hh.de\/methoden\/wp-json\/wp\/v2\/pages\/1114","targetHints":{"allow":["GET"]}}],"collection":[{"href":"https:\/\/www.hsu-hh.de\/methoden\/wp-json\/wp\/v2\/pages"}],"about":[{"href":"https:\/\/www.hsu-hh.de\/methoden\/wp-json\/wp\/v2\/types\/page"}],"author":[{"embeddable":true,"href":"https:\/\/www.hsu-hh.de\/methoden\/wp-json\/wp\/v2\/users\/378"}],"replies":[{"embeddable":true,"href":"https:\/\/www.hsu-hh.de\/methoden\/wp-json\/wp\/v2\/comments?post=1114"}],"version-history":[{"count":11,"href":"https:\/\/www.hsu-hh.de\/methoden\/wp-json\/wp\/v2\/pages\/1114\/revisions"}],"predecessor-version":[{"id":2217,"href":"https:\/\/www.hsu-hh.de\/methoden\/wp-json\/wp\/v2\/pages\/1114\/revisions\/2217"}],"wp:attachment":[{"href":"https:\/\/www.hsu-hh.de\/methoden\/wp-json\/wp\/v2\/media?parent=1114"}],"wp:term":[{"taxonomy":"category","embeddable":true,"href":"https:\/\/www.hsu-hh.de\/methoden\/wp-json\/wp\/v2\/categories?post=1114"},{"taxonomy":"post_tag","embeddable":true,"href":"https:\/\/www.hsu-hh.de\/methoden\/wp-json\/wp\/v2\/tags?post=1114"}],"curies":[{"name":"wp","href":"https:\/\/api.w.org\/{rel}","templated":true}]}}