{"id":259,"date":"2025-08-12T21:41:51","date_gmt":"2025-08-12T19:41:51","guid":{"rendered":"https:\/\/www.hsu-hh.de\/medeng\/?page_id=259"},"modified":"2025-08-13T15:27:54","modified_gmt":"2025-08-13T13:27:54","slug":"charakterisierung","status":"publish","type":"page","link":"https:\/\/www.hsu-hh.de\/medeng\/forschung\/charakterisierung\/","title":{"rendered":"Charakterisierung"},"content":{"rendered":"<p><strong>Hochempfindliche magnetische Messungen geben Aufschluss \u00fcber relevante Eigenschaften von magnetischen Nanomaterialien f\u00fcr ihren Einsatz in der Biomedizin. Dabei spielt die Erfassung der Wechselwirkungen mit ihrer biologischen oder k\u00fcnstlichen Umgebung eine wichtige Rolle.<\/strong><\/p>\n<p>Eine detaillierte Charakterisierung ist f\u00fcr die Entwicklung von magnetischen Nanopartikeln und magnetischen Hybridmaterialien als Diagnose\u00adwerkzeug sowie als therapeutisches Mittel von grundlegender Bedeutung. Ein gezielter medizinischer Einsatz dieser Materialien ist nur m\u00f6glich, wenn insbesondere ihre magne\u00adtischen Eigenschaften quantitativ pr\u00e4zise bekannt sind. Das Institut Medical Engineering entwickelt und erprobt die er\u00adforderlichen magnetischen Messtechniken unter Ber\u00fccksichtigung der speziellen Anforderungen in verschiedenen Anwendungsf\u00e4llen. Dies umfasst diverse Mess\u00adprinzipien, u. a. hochsensi\u00adtive SQUID-Magnetometrie, AC-Suszeptometrie, Magnetreso\u00adnanz\u00adtomographie (MRT) und Magnet\u00adpar\u00adti\u00adkel\u00adbild\u00adge\u00adbung (MPI), mit denen die notwendigen Infor\u00admationen \u00fcber das Verhalten der magnetischen Hybridmaterialien gewonnen werden k\u00f6nnen.<\/p>\n<p>Unter anderem erfolgt mittels selbst entwickelten Messverfahren eine pr\u00e4klinische Einsch\u00e4tzung des Anwendungspotentials von nanomodifizierten Implantaten f\u00fcr hyperthermische Therapieans\u00e4tze. \u00dcber den Einsatz von MRT und MPI k\u00f6nnen die nanomodifizierten Implantate in vivo erfasst und dabei nicht-invasiv und zerst\u00f6rungsfrei wesentliche Informationen zur ihrer Funktionalit\u00e4t im K\u00f6rper quantifiziert werden.<\/p>\n","protected":false},"excerpt":{"rendered":"<p>Hochempfindliche magnetische Messungen geben Aufschluss \u00fcber relevante Eigenschaften von magnetischen Nanomaterialien f\u00fcr ihren Einsatz in der Biomedizin. Dabei spielt die Erfassung der Wechselwirkungen mit ihrer biologischen oder k\u00fcnstlichen Umgebung eine [&hellip;]<\/p>\n","protected":false},"author":177,"featured_media":0,"parent":112,"menu_order":0,"comment_status":"closed","ping_status":"closed","template":"","meta":{"_EventAllDay":false,"_EventTimezone":"","_EventStartDate":"","_EventEndDate":"","_EventStartDateUTC":"","_EventEndDateUTC":"","_EventShowMap":false,"_EventShowMapLink":false,"_EventURL":"","_EventCost":"","_EventCostDescription":"","_EventCurrencySymbol":"","_EventCurrencyCode":"","_EventCurrencyPosition":"","_EventDateTimeSeparator":"","_EventTimeRangeSeparator":"","_EventOrganizerID":[],"_EventVenueID":[],"_OrganizerEmail":"","_OrganizerPhone":"","_OrganizerWebsite":"","_VenueAddress":"","_VenueCity":"","_VenueCountry":"","_VenueProvince":"","_VenueState":"","_VenueZip":"","_VenuePhone":"","_VenueURL":"","_VenueStateProvince":"","_VenueLat":"","_VenueLng":"","_VenueShowMap":false,"_VenueShowMapLink":false,"footnotes":""},"categories":[4],"tags":[],"class_list":["post-259","page","type-page","status-publish","hentry","category-forschung"],"_links":{"self":[{"href":"https:\/\/www.hsu-hh.de\/medeng\/wp-json\/wp\/v2\/pages\/259","targetHints":{"allow":["GET"]}}],"collection":[{"href":"https:\/\/www.hsu-hh.de\/medeng\/wp-json\/wp\/v2\/pages"}],"about":[{"href":"https:\/\/www.hsu-hh.de\/medeng\/wp-json\/wp\/v2\/types\/page"}],"author":[{"embeddable":true,"href":"https:\/\/www.hsu-hh.de\/medeng\/wp-json\/wp\/v2\/users\/177"}],"replies":[{"embeddable":true,"href":"https:\/\/www.hsu-hh.de\/medeng\/wp-json\/wp\/v2\/comments?post=259"}],"version-history":[{"count":3,"href":"https:\/\/www.hsu-hh.de\/medeng\/wp-json\/wp\/v2\/pages\/259\/revisions"}],"predecessor-version":[{"id":302,"href":"https:\/\/www.hsu-hh.de\/medeng\/wp-json\/wp\/v2\/pages\/259\/revisions\/302"}],"up":[{"embeddable":true,"href":"https:\/\/www.hsu-hh.de\/medeng\/wp-json\/wp\/v2\/pages\/112"}],"wp:attachment":[{"href":"https:\/\/www.hsu-hh.de\/medeng\/wp-json\/wp\/v2\/media?parent=259"}],"wp:term":[{"taxonomy":"category","embeddable":true,"href":"https:\/\/www.hsu-hh.de\/medeng\/wp-json\/wp\/v2\/categories?post=259"},{"taxonomy":"post_tag","embeddable":true,"href":"https:\/\/www.hsu-hh.de\/medeng\/wp-json\/wp\/v2\/tags?post=259"}],"curies":[{"name":"wp","href":"https:\/\/api.w.org\/{rel}","templated":true}]}}