{"id":208,"date":"2025-08-12T22:08:27","date_gmt":"2025-08-12T20:08:27","guid":{"rendered":"https:\/\/www.hsu-hh.de\/medeng\/?page_id=208"},"modified":"2025-08-13T15:31:51","modified_gmt":"2025-08-13T13:31:51","slug":"projekte","status":"publish","type":"page","link":"https:\/\/www.hsu-hh.de\/medeng\/forschung\/projekte\/","title":{"rendered":"Projekte"},"content":{"rendered":"<h2>MAD Control<\/h2>\n<div class=\"background-grey\">\n<p>Regenerative Medizin, Krebsbehandlung und kardiovaskul\u00e4re Therapien setzen gro\u00dfe Hoffnungen in biologisch abbaubare Implantate, die Wirkstoffe nach Plan am richtigen Ort, zur richtigen Zeit und in der richtigen Dosis freisetzen. Bisherige Versuche scheiterten daran, dass keine Technologie in der Lage ist, den Einfluss der Alterung der Implantate im K\u00f6rper richtig zu ber\u00fccksichtigen. Im Projekt \u201eMAD Control\u201c soll eine multifunktionale Plattform f\u00fcr hybride Implantate mit magnetischen Nanopartikeln in Doppelfunktion entwickelt werden: Sensorwirkung bei der magnetischen Bildgebung und aktive Wirkstofffreisetzung durch magnetische Anregung. F\u00fcr die Plattform kombiniert sie erstmals spezielle Fertigungsmethoden mit einer umfassenden automatisierten Charakterisierung der Implantate, neuartige Vorhersagemodelle f\u00fcr ihre Alterung sowie eine gezielte modellbasierte Steuerung der Anregung. Zum Beleg der Funktionalit\u00e4t der Plattform wird ein Ger\u00e4t entwickelt, das die Magnet-Partikel-Bildgebungsmethode mit einer Anregungsm\u00f6glichkeit zur Wirkstofffreisetzung verkn\u00fcpft. MAD Control verspricht damit neue M\u00f6glichkeiten f\u00fcr die Erforschung und Entwicklung von biologisch abbaubaren Implantaten sowie magnetischen Transport- und Freisetzungssystemen f\u00fcr Wirkstoffe.<\/p>\n<p>Das Projekt wird durch den Europ\u00e4ische Forschungsrat (ERC) mittels eines Starting Grants gef\u00f6rdert.<\/p>\n<\/div>\n<h2>ProNano 2.0<\/h2>\n<div class=\"background-grey\">\n<p>Tumoren in Hohlorganen (z. B. Galleng\u00e4ngen) gehen mit einer schlechten \u00dcberlebensprognose f\u00fcr Patient:innen einher, da der Tumor meist nicht operativ entfernt werden kann. Lediglich eine kurzzeitige \u00d6ffnung des Hohlorgans mit einem Stent (r\u00f6hrchenf\u00f6rmige Prothese) ist m\u00f6glich. Weil der Tumor durch den Stent hindurch wieder einw\u00e4chst, muss der Stent in regelm\u00e4\u00dfigen Eingriffen ausgetauscht werden. Der innovative Ansatz des Universit\u00e4tsklinikums und der RWTH Aachen\u00a0ProNano 2.0\u00a0nutzt aus, dass Tumorzellen im Gegensatz zu gesunden Zellen bereits ab 43 Grad Celsius irreversibel gesch\u00e4digt werden. Im Vorhaben ProNano 2.0 wird ein Kunststoffstent auf seine Leistungsf\u00e4higkeit und Wirksamkeit untersucht, welcher Nanopartikel enth\u00e4lt, \u00fcber die das Stentmaterial kontrolliert auf diese Temperaturschwelle aufgeheizt werden kann. Dadurch werden gezielt Tumorzellen gesch\u00e4digt und der Stent hat neben der st\u00fctzenden auch eine \u201eselbstreinigende\u201c Wirkung. Das risikoreiche Auswechseln des Stents entf\u00e4llt.<\/p>\n<p>Gef\u00f6rdert wird das Projekt vom Bundesministerium f\u00fcr Bildung und Forschung bis 2026 mit 1,76 Millionen Euro. Nach Projektende ist eine Verwertung \u00fcber eine Lizenzierung oder Ausgr\u00fcndung geplant.<\/p>\n<\/div>\n<h2>MRT-gest\u00fctzte Materialpr\u00fcfung biodegradierbarer Hybridmaterialien mit inkorporierten magnetischen Nanopartikeln f\u00fcr In-vivo-Anwendungen (NaFiDe)<\/h2>\n<div class=\"background-grey\">\n<p>Biodegradierbaren Implantaten wird eine immense Bedeutung in der Therapie vorhergesagt. Sie sollen die Vorteile einer hohen mechanischen Stabilit\u00e4t (wie bei k\u00fcnstlichen Implantaten) sowie einer geringen Komplikationsrate (wie bei biologischen Implantaten) vereinen.<\/p>\n<p>Im NaFiDe wird mittels In-vitro-Messungen eine Methode zur sp\u00e4teren In-vivo-Bestimmung der relevanten Eigenschaften des Implantats (insbesondere seines Degradationszustands) etabliert. Dabei sollen magnetische Nanopartikel in den Implantaten als Marker im Feld eines Magnetresonanztomographie-(MRT-)Ger\u00e4ts verwendet werden. Mit dieser Methode sollen in Zukunft die Alterungszust\u00e4nde von Implantaten mittels MRT \u2013 auch im zeitlichen Verlauf \u2013 bestimmt werden k\u00f6nnen, um nicht-invasiv und zuverl\u00e4ssig detaillierte Informationen zur Therapieplanung zu gewinnen.<\/p>\n<\/div>\n","protected":false},"excerpt":{"rendered":"<p>MAD Control Regenerative Medizin, Krebsbehandlung und kardiovaskul\u00e4re Therapien setzen gro\u00dfe Hoffnungen in biologisch abbaubare Implantate, die Wirkstoffe nach Plan am richtigen Ort, zur richtigen Zeit und in der richtigen Dosis [&hellip;]<\/p>\n","protected":false},"author":177,"featured_media":0,"parent":112,"menu_order":0,"comment_status":"closed","ping_status":"closed","template":"","meta":{"_EventAllDay":false,"_EventTimezone":"","_EventStartDate":"","_EventEndDate":"","_EventStartDateUTC":"","_EventEndDateUTC":"","_EventShowMap":false,"_EventShowMapLink":false,"_EventURL":"","_EventCost":"","_EventCostDescription":"","_EventCurrencySymbol":"","_EventCurrencyCode":"","_EventCurrencyPosition":"","_EventDateTimeSeparator":"","_EventTimeRangeSeparator":"","_EventOrganizerID":[],"_EventVenueID":[],"_OrganizerEmail":"","_OrganizerPhone":"","_OrganizerWebsite":"","_VenueAddress":"","_VenueCity":"","_VenueCountry":"","_VenueProvince":"","_VenueState":"","_VenueZip":"","_VenuePhone":"","_VenueURL":"","_VenueStateProvince":"","_VenueLat":"","_VenueLng":"","_VenueShowMap":false,"_VenueShowMapLink":false,"footnotes":""},"categories":[4],"tags":[],"class_list":["post-208","page","type-page","status-publish","hentry","category-forschung"],"_links":{"self":[{"href":"https:\/\/www.hsu-hh.de\/medeng\/wp-json\/wp\/v2\/pages\/208","targetHints":{"allow":["GET"]}}],"collection":[{"href":"https:\/\/www.hsu-hh.de\/medeng\/wp-json\/wp\/v2\/pages"}],"about":[{"href":"https:\/\/www.hsu-hh.de\/medeng\/wp-json\/wp\/v2\/types\/page"}],"author":[{"embeddable":true,"href":"https:\/\/www.hsu-hh.de\/medeng\/wp-json\/wp\/v2\/users\/177"}],"replies":[{"embeddable":true,"href":"https:\/\/www.hsu-hh.de\/medeng\/wp-json\/wp\/v2\/comments?post=208"}],"version-history":[{"count":7,"href":"https:\/\/www.hsu-hh.de\/medeng\/wp-json\/wp\/v2\/pages\/208\/revisions"}],"predecessor-version":[{"id":291,"href":"https:\/\/www.hsu-hh.de\/medeng\/wp-json\/wp\/v2\/pages\/208\/revisions\/291"}],"up":[{"embeddable":true,"href":"https:\/\/www.hsu-hh.de\/medeng\/wp-json\/wp\/v2\/pages\/112"}],"wp:attachment":[{"href":"https:\/\/www.hsu-hh.de\/medeng\/wp-json\/wp\/v2\/media?parent=208"}],"wp:term":[{"taxonomy":"category","embeddable":true,"href":"https:\/\/www.hsu-hh.de\/medeng\/wp-json\/wp\/v2\/categories?post=208"},{"taxonomy":"post_tag","embeddable":true,"href":"https:\/\/www.hsu-hh.de\/medeng\/wp-json\/wp\/v2\/tags?post=208"}],"curies":[{"name":"wp","href":"https:\/\/api.w.org\/{rel}","templated":true}]}}