{"id":112,"date":"2018-01-17T14:06:36","date_gmt":"2018-01-17T13:06:36","guid":{"rendered":"https:\/\/www.hsu-hh.de\/medeng\/?page_id=112"},"modified":"2025-08-19T15:35:05","modified_gmt":"2025-08-19T13:35:05","slug":"forschung","status":"publish","type":"page","link":"https:\/\/www.hsu-hh.de\/medeng\/forschung\/","title":{"rendered":"Forschung"},"content":{"rendered":"<h2>Winzige Magnetteilchen als riesige Helfer in der Medizin<\/h2>\n<p>Der ber\u00fchmte Physiker und Nobelpreistr\u00e4ger Richard P. Feynman hat 1959 in einer seiner bekanntesten Reden \u00fcber seine Vorstellung eines miniaturisierten mechanischen Chirurgen im Blutgef\u00e4\u00df gesprochen. Dieser stellt fest, welche Stelle im K\u00f6rper \u201efehlerhaft\u201c ist, nimmt dann \u201eein kleines Messer und schneidet sie heraus\u201c. \u201eAndere kleine Apparate k\u00f6nnten dauerhaft in den K\u00f6rper eingebracht werden, um ein schlecht funktionierendes Organ zu unterst\u00fctzen\u201c, sagte Feynman. Die Realisierung dessen, was vor fast sechzig Jahren noch als gewagte Vision galt, erleben wir heute. Solche \u201ekleinen Apparate\u201c, von denen Richard Feynman noch ohne konkrete Vorstellung \u00fcber eine Realisierung sprach, werden am <span data-teams=\"true\">Institut Medical Engineering<\/span> in Form von eisenhaltigen Nanoteilchen, sogenannten SPIOs, untersucht und weiterentwickelt. SPIOs, das bedeutet superparamagnetische Eisenoxide, wobei das \u201eI\u201c f\u00fcr das englische Wort f\u00fcr Eisen, Iron, steht. Die superparamagnetische Eigenschaft der rostroten SPIOs bezeichnet, dass diese, anders als ein K\u00fchlschrankmagnet, nicht st\u00e4ndig magnetisch sind, sondern nur dann, wenn sie sich in dem Magnetfeld eines anderen, starken Magneten befinden. Dann werden diese SPIOs selber zu winzigen Magneten und k\u00f6nnen gezielt gelenkt werden \u2013 auch im menschlichen K\u00f6rper.<\/p>\n<h2>Schwerpunkte:<\/h2>\n<ul>\n<li><a href=\"https:\/\/www.hsu-hh.de\/medeng\/forschung\/materialentwicklung\/\">Materialentwicklung<\/a><\/li>\n<li><a href=\"https:\/\/www.hsu-hh.de\/medeng\/forschung\/charakterisierung\/\">Charakterisierung<\/a><\/li>\n<li><a href=\"https:\/\/www.hsu-hh.de\/medeng\/forschung\/modellbildung\/\">Modellbildung<\/a><\/li>\n<li><a href=\"https:\/\/www.hsu-hh.de\/medeng\/forschung\/anwendungen\/\">Anwendungen<\/a><\/li>\n<\/ul>\n<h2>Forschungsprojekte<\/h2>\n<ul>\n<li><a href=\"https:\/\/www.hsu-hh.de\/medeng\/forschung\/projekte\/\">Projekte<\/a><\/li>\n<\/ul>\n\n\n<p><\/p>\n","protected":false},"excerpt":{"rendered":"<p>Winzige Magnetteilchen als riesige Helfer in der Medizin Der ber\u00fchmte Physiker und Nobelpreistr\u00e4ger Richard P. Feynman hat 1959 in einer seiner bekanntesten Reden \u00fcber seine Vorstellung eines miniaturisierten mechanischen Chirurgen [&hellip;]<\/p>\n","protected":false},"author":26,"featured_media":0,"parent":0,"menu_order":0,"comment_status":"closed","ping_status":"closed","template":"","meta":{"_EventAllDay":false,"_EventTimezone":"","_EventStartDate":"","_EventEndDate":"","_EventStartDateUTC":"","_EventEndDateUTC":"","_EventShowMap":false,"_EventShowMapLink":false,"_EventURL":"","_EventCost":"","_EventCostDescription":"","_EventCurrencySymbol":"","_EventCurrencyCode":"","_EventCurrencyPosition":"","_EventDateTimeSeparator":"","_EventTimeRangeSeparator":"","_EventOrganizerID":[],"_EventVenueID":[],"_OrganizerEmail":"","_OrganizerPhone":"","_OrganizerWebsite":"","_VenueAddress":"","_VenueCity":"","_VenueCountry":"","_VenueProvince":"","_VenueState":"","_VenueZip":"","_VenuePhone":"","_VenueURL":"","_VenueStateProvince":"","_VenueLat":"","_VenueLng":"","_VenueShowMap":false,"_VenueShowMapLink":false,"footnotes":""},"categories":[4],"tags":[],"class_list":["post-112","page","type-page","status-publish","hentry","category-forschung"],"_links":{"self":[{"href":"https:\/\/www.hsu-hh.de\/medeng\/wp-json\/wp\/v2\/pages\/112","targetHints":{"allow":["GET"]}}],"collection":[{"href":"https:\/\/www.hsu-hh.de\/medeng\/wp-json\/wp\/v2\/pages"}],"about":[{"href":"https:\/\/www.hsu-hh.de\/medeng\/wp-json\/wp\/v2\/types\/page"}],"author":[{"embeddable":true,"href":"https:\/\/www.hsu-hh.de\/medeng\/wp-json\/wp\/v2\/users\/26"}],"replies":[{"embeddable":true,"href":"https:\/\/www.hsu-hh.de\/medeng\/wp-json\/wp\/v2\/comments?post=112"}],"version-history":[{"count":31,"href":"https:\/\/www.hsu-hh.de\/medeng\/wp-json\/wp\/v2\/pages\/112\/revisions"}],"predecessor-version":[{"id":305,"href":"https:\/\/www.hsu-hh.de\/medeng\/wp-json\/wp\/v2\/pages\/112\/revisions\/305"}],"wp:attachment":[{"href":"https:\/\/www.hsu-hh.de\/medeng\/wp-json\/wp\/v2\/media?parent=112"}],"wp:term":[{"taxonomy":"category","embeddable":true,"href":"https:\/\/www.hsu-hh.de\/medeng\/wp-json\/wp\/v2\/categories?post=112"},{"taxonomy":"post_tag","embeddable":true,"href":"https:\/\/www.hsu-hh.de\/medeng\/wp-json\/wp\/v2\/tags?post=112"}],"curies":[{"name":"wp","href":"https:\/\/api.w.org\/{rel}","templated":true}]}}