{"id":124,"date":"2017-11-23T12:39:29","date_gmt":"2017-11-23T11:39:29","guid":{"rendered":"https:\/\/www.hsu-hh.de\/mechatronik\/?page_id=124"},"modified":"2025-01-20T12:01:50","modified_gmt":"2025-01-20T11:01:50","slug":"lehre","status":"publish","type":"page","link":"https:\/\/www.hsu-hh.de\/mechatronik\/lehre","title":{"rendered":"Studium und Lehre"},"content":{"rendered":"\n<hr class=\"wp-block-separator has-alpha-channel-opacity\" \/>\n\n\n\n<h2 class=\"wp-block-heading\">Studentische Arbeiten<\/h2>\n\n\n\n<p>Unsere aktuellen Forschungsprojekte bieten f\u00fcr die Studierenden der Helmut-Schmidt-Universit\u00e4t\/Universit\u00e4t der Bundeswehr Hamburg stets die M\u00f6glichkeit anspruchsvolle Studien-, Bachelor-, und Masterarbeiten mit Praxisbezug anzufertigen.<\/p>\n\n\n\n<p><strong>Aufgaben:<\/strong><\/p>\n\n\n\n<p>Die Themenstellungen der angebotenen Arbeiten entstammen der Entwicklung und Optimierung von Verfahren zur aktiven Schall- und Schwingungsreduktion in Fahrzeugkabinen sowie Fragestellungen der Mehrk\u00f6rperdynamik. Das Spektrum der Arbeiten umfasst:<\/p>\n\n\n\n<ul class=\"wp-block-list\">\n<li>numerische Analysen von Strukturschwingungen und vibro-akustischen Systemen (FEM),<\/li>\n\n\n\n<li>Mehrk\u00f6rpersimulationen,<\/li>\n\n\n\n<li>Optimierungen mit Matlab,<\/li>\n\n\n\n<li>Matlab\/Simulink Simulationen,<\/li>\n\n\n\n<li>Dynamische Schwingversuche und akustische Versuche mit modernster Messtechnik,<\/li>\n\n\n\n<li>Implementierung schneller und robuster Algorithmen der digitalen Signalverarbeitung,<\/li>\n\n\n\n<li>Konzeptionierung, Erprobung und Optimierung von&nbsp; Versuchsaufbauten sowie die Planung und Durchf\u00fchrung experimenteller Untersuchungen<\/li>\n<\/ul>\n\n\n\n<div style=\"height:10px\" aria-hidden=\"true\" class=\"wp-block-spacer\"><\/div>\n\n\n\n<p><strong>Anforderungen:<\/strong><\/p>\n\n\n\n<p>Vorteilhaft sind gute Kenntnissen der Mechanik, Schwingungslehre und Dynamik sowie der Messtechnik und digitalen Signalverarbeitung. Weiterhin sind Teamf\u00e4higkeit und eine selbstst\u00e4ndige Arbeitsweise erw\u00fcnscht, durch die sich unsere Studierenden mit Kreativit\u00e4t und Ideenreichtum in unsere Arbeitsgruppe einbringen.<\/p>\n\n\n\n<div style=\"height:25px\" aria-hidden=\"true\" class=\"wp-block-spacer\"><\/div>\n\n\n\n<h2 class=\"wp-block-heading\">Studium an der NPS in Monterey, CA (USA)<\/h2>\n\n\n\n<p>Die Professur f\u00fcr Mechatronik koordiniert das Austauschprogramm mit der NPS.<\/p>\n\n\n\n<details class=\"wp-block-details is-layout-flow wp-block-details-is-layout-flow\"><summary>Weitere Informationen zur NPS in Monterey, CA (USA)<\/summary>\n<div style=\"height:10px\" aria-hidden=\"true\" class=\"wp-block-spacer\"><\/div>\n\n\n\n<p><strong>Informationen:<\/strong><\/p>\n\n\n\n<p>Die Naval Postgraduate School (NPS) in Monterey, CA (USA) ist eine Universit\u00e4t der U. S. Navy mit einer stark internationalen Ausrichtung. Die Professur f\u00fcr Mechatronik bietet j\u00e4hrlich vier Studierenden ingenieurwissenschaftlicher Studieng\u00e4nge die M\u00f6glichkeit, ihre Studien- und\/oder Masterarbeit an der NPS zu schreiben. Mit der Arbeit sind enge Kontakte zu amerikanischen Offizieren verbunden.<\/p>\n\n\n\n<p>Der Zeitraum liegt in der Regel von Januar bis Juni des letzten Studienjahres. Da die Vorbereitung eines Auslandsaufenthaltes einige Organisation voraussetzt, sollte damit m\u00f6glichst fr\u00fch begonnen werden (ca. 9 bis 12 Monate vor geplantem Beginn). Voraussetzungen, die ein Studierender mitbringen sollte, sind gute Studienleistungen und solide Englischkenntnisse (mindestens SLP 3332), damit eine Pr\u00fcfungsfreiheit bis zur Kommandierung an die NPS sichergestellt ist.<\/p>\n\n\n\n<p><strong>Themen:<\/strong><\/p>\n\n\n\n<p>In der interdisziplin\u00e4ren Space Systems Academic Group arbeiten Ingenieure unter anderem an der Entwicklung von Nanosatelliten. Dabei haben sowohl Studierende der NPS als auch anderer Universit\u00e4ten gro\u00dfen Anteil, in dem sie Teilaufgaben aus unterschiedlichen Fachgebieten \u00fcbernehmen.<\/p>\n\n\n\n<p>Im Physics Department werden experimentelle und theoretische Forschungsarbeiten z. B. auf dem Gebiet der Modellierung von Detonationsprozessen, Hohlladungen und Hochgeschwindigkeitsaufschl\u00e4gen durchgef\u00fchrt.<\/p>\n\n\n\n<p><strong>Links:<\/strong><\/p>\n\n\n\n<p><a href=\"https:\/\/www.nps.edu\/\" target=\"_blank\" rel=\"noopener\">Naval Postgraduate School<\/a><\/p>\n\n\n\n<p><a href=\"https:\/\/nps.edu\/web\/ssag\/\" target=\"_blank\" rel=\"noopener\">Space Systems Academic Group<\/a><\/p>\n\n\n\n<p><a href=\"https:\/\/www.nps.edu\/web\/physics\/research\" target=\"_blank\" rel=\"noopener\">Research at Physics Department<\/a><\/p>\n\n\n\n<p><strong>Ansprechpartner:<\/strong><\/p>\n\n\n\n<p>Ihre Bewerbungsunterlagen senden Sie bitte an:<br><strong><abbr title=\"Professor\">Prof.<\/abbr> <abbr title=\"Doktor\">Dr.<\/abbr>\u2013<abbr title=\"Ingenieur\">Ing.<\/abbr> Delf Sachau<\/strong><br>(delf.sachau@hsu-hh.de)<\/p>\n\n\n\n<p>oder <\/p>\n\n\n\n<p><strong>KKpt <abbr title=\"Master of Science\">M.Sc.<\/abbr> Alexander Schulz<\/strong><br>(schulza@hsu-hh.de)<\/p>\n<\/details>\n\n\n\n<hr class=\"wp-block-separator has-alpha-channel-opacity\" \/>\n\n\n\n<h2 class=\"wp-block-heading\">Studentische Hilfskr\u00e4fte<\/h2>\n\n\n\n<p>Die Professur f\u00fcr Mechatronik der Helmut-Schmidt-Universit\u00e4t sucht st\u00e4ndig Studierende der Ingenieurwissenschaften, Informatik, Physik oder angewandten Mathematik mit Interesse an der Mitarbeit in Projekten. Bei Fragen zu den einzelnen Forschungsprojekten, wenden Sie sich bitte an den zust\u00e4ndigen Ansprechpartner.<\/p>\n\n\n\n<hr class=\"wp-block-separator has-alpha-channel-opacity\" \/>\n\n\n\n<hr class=\"wp-block-separator has-alpha-channel-opacity\" \/>\n\n\n\n<h2 class=\"wp-block-heading\">Lehre \/ Lehrveranstaltungen<\/h2>\n\n\n\n<div style=\"height:25px\" aria-hidden=\"true\" class=\"wp-block-spacer\"><\/div>\n\n\n\n<details class=\"wp-block-details is-layout-flow wp-block-details-is-layout-flow\"><summary>Mechanik I, II, III<\/summary>\n<h3 class=\"wp-block-heading\"><strong>Qualifikationsziele<\/strong><\/h3>\n\n\n\n<p>Die Studierenden werden mit den Grundlagen von Statik, Elastostatik, Kinematik und Kinetik vertraut gemacht. Sie sollen lernen, Problemstellungen aus den genannten Teilgebieten zu analysieren und mit den Methoden der Mechanik zu behandeln sowie typische Aufgaben aus dem Bereich des Ingenieurwesens zu l\u00f6sen.<\/p>\n\n\n\n<h3 class=\"wp-block-heading\"><strong>Inhalte<\/strong><\/h3>\n\n\n\n<p>Grundbegriffe der Mechanik: Kraft, Moment, Reduktion allgemeiner Kraftsysteme, Schnittprinzip, Modellbildung (starrer K\u00f6rper, Einzelkraft, Stab, Seil, \u2026), Gleichgewicht, Auflagerreaktionen, Schnittgr\u00f6\u00dfen im Balken, Stabwerke, Schwerpunkt, Haftung und Reibung; Spannungen und Verzerrungen, Hookesches Gesetz, Zug, gerade Biegung, Torsion (kreiszylindrische Welle), Eulerscher Knickstab; Kinematik, Kinetik des Massepunktes, ebene Bewegung starrer K\u00f6rpers, Impulssatz, Drallsatz, Energiesatz, Sto\u00df, d\u2019Alembertsche Kr\u00e4fte und Momente<\/p>\n\n\n\n<h3 class=\"wp-block-heading\"><strong>Literatur<\/strong><\/h3>\n\n\n\n<p>Brommundt, Sachs, Sachau, Technische Mechanik, Oldenbourg, 2007.<\/p>\n\n\n\n<p><\/p>\n<\/details>\n\n\n\n<details class=\"wp-block-details is-layout-flow wp-block-details-is-layout-flow\"><summary>Maschinendynamik I<\/summary>\n<h3 class=\"wp-block-heading\"><strong>Qualifikationsziele<\/strong><\/h3>\n\n\n\n<p>Die Studierenden sind mit den g\u00e4ngigen Begriffen der technischen Schwingungslehre vertraut,<br>kennen Schwingungsph\u00e4nomene wie Resonanz und Tilgung,<br>k\u00f6nnen das Zeitverhalten von mechanischen Schwingern bestimmen und in gew\u00fcnschter Weise ver\u00e4ndern,<br>k\u00f6nnen im weiteren Verlauf des Studiums Querverbindungen zur Regelungstechnik herstellen.<\/p>\n\n\n\n<h3 class=\"wp-block-heading\"><strong>Inhalte<\/strong><\/h3>\n\n\n\n<p>Grundbegriffe der Schwingungslehre (Definition, Einteilung und mathematische Beschreibung von Schwingungen, Fourier-Transformation, Harmonische Analyse).<br>Grundlagen der Kinematik und Kinetik (Bewegung, Massengeometrie, kinetische Grundgr\u00f6\u00dfen und Bewegungsgleichungen des starren K\u00f6rpers).<br>Modellbildung dynamischer Systeme (Starrer oder elastischer K\u00f6rper, Strukturelemente, Linearisierung nichtlinearer Kinematik und Kennlinien , Ber\u00fccksichtigung von D\u00e4mpfungseinfl\u00fcssen).<br>Maschinen und Ger\u00e4te unter dynamischer Last (Auswuchten starrer Rotoren) Freie und erzwungene Schwingungen von Systemen mit einem Freiheitsgrad (Eigenfrequenz, Resonanz, Darstellung in Zustandsform, Frequenzgang und \u00dcbertragungsfunktion, Sto\u00dferregung und Sto\u00dfantwort, Einschwing- und Anlaufvorg\u00e4nge).<br>Freie und erzwungene Schwingungen von Systemen mit mehreren Freiheitsgrade (Eigenfrequenzen und Eigenschwingungsformen, Betriebsschwingformen, Modale Betrachtung).<br>Schwingungsminderung (Isolation, D\u00e4mpfung, Tilgung, aktive Ma\u00dfnahmen).<br>Schwingungen eindimensionaler Kontinua (Stab, Balken).<\/p>\n\n\n\n<h3 class=\"wp-block-heading\"><strong>Literatur<\/strong><\/h3>\n\n\n\n<p>1) Brommundt, Sachau, Schwingungslehre mit Maschinendynamik, Teubner Verlag, 2008.<\/p>\n\n\n\n<p>2) Brommundt, Sachs, Sachau, Technische Mechanik, Oldenbourg, 2007.<\/p>\n<\/details>\n\n\n\n<details class=\"wp-block-details is-layout-flow wp-block-details-is-layout-flow\"><summary>Maschinendynamik II<\/summary>\n<h3 class=\"wp-block-heading\"><strong>Qualifikationsziele<\/strong><\/h3>\n\n\n\n<p>Die Studierenden beherrschen die Grundlagen um kinematische und dynamische Modelle von Maschinen zu erstellen und zu analysieren.<br>Kennen die Modellbildung und Simulation von Mehrk\u00f6rpersystemen.<br>Kennen physikalischen Ph\u00e4nomene der Rotordynamik (Experiment) und k\u00f6nnen diese berechnen (Modellbildung, Analyse).<\/p>\n\n\n\n<h3 class=\"wp-block-heading\"><strong>Inhalte<\/strong><\/h3>\n\n\n\n<p>Rotordynamik (Modellbildung: Laval-Welle mit starrer oder orthotrop \u2013 elastischer Lagerung; innere und \u00e4u\u00dfere D\u00e4mpfung: Schwingungsph\u00e4nomen; Stabilit\u00e4tsbetrachtung; Rotorsysteme mit Kreiselwirkung: drehzahlabh\u00e4ngige Eigenfrequenzen; aktive und passive Ma\u00dfnahmen zur Schwingungsreduktion (z. B.: Auswuchten, Magnetlager).<br>Dreh- und Torsionsschwingungen (Modellbildung: Drehmassen, Drehfedern und Torsionsd\u00e4mpfer, \u00dcbersetzungen, Reduktion auf eine Welle; freie und erzwungene Schwingungen, Drehschwingungstilger).<br>Schwingungsberechnung elastischer Kontinua (Stab, Welle, Balken; Herleitung und analytische L\u00f6sung der Bewegungsdifferentialgleichungen, N\u00e4herungsverfahren mit globalen und lokalen Ansatzfunktionen).<br>Rechnerunterst\u00fctzter Entwurf und Analyse der Kinematik und Dynamik von Strukturen und Kontinua (FEM, Mehrk\u00f6rpersimulation).<\/p>\n\n\n\n<h3 class=\"wp-block-heading\"><strong>Literatur<\/strong><\/h3>\n\n\n\n<p>1) Brommundt, Sachau, Schwingungslehre mit Maschinendynamik, Teubner Verlag, 2008.<\/p>\n\n\n\n<p>2) Brommundt, Sachs, Sachau, Technische Mechanik, Oldenbourg, 2007.<\/p>\n<\/details>\n\n\n\n<details class=\"wp-block-details is-layout-flow wp-block-details-is-layout-flow\"><summary>Einf\u00fchrung in die Mechatronik<\/summary>\n<h3 class=\"wp-block-heading\"><strong>Qualifikationsziele<\/strong><\/h3>\n\n\n\n<p>Die Studierenden kennen Vorgehensweisen beim Entwurf mechatronischer Systeme, k\u00f6nnen mechatronische Systeme modellieren und analysieren.<\/p>\n\n\n\n<h3 class=\"wp-block-heading\"><strong>Inhalte<\/strong><\/h3>\n\n\n\n<p>Einf\u00fchrung in mechatronische Systeme<br>mechatronische Komponenten<br>Modellbildung und Simulation verkoppelter Systeme (MKS, FEM, CACE)<br>Signalverarbeitung<br>Regelung mechatronischer Systeme<br>Ausgew\u00e4hlte Beispiele f\u00fcr mechatronische Systeme<\/p>\n<\/details>\n\n\n\n<details class=\"wp-block-details is-layout-flow wp-block-details-is-layout-flow\"><summary>Mechatronische Systeme II<\/summary>\n<h3 class=\"wp-block-heading\"><strong>Qualifikationsziele<\/strong><\/h3>\n\n\n\n<p>Die Studierendenkennen Modellbildung und Simulation<br>kennen Vorgehensweisen zur Optimierung<br>kennen M\u00f6glichkeiten der experimentellen Untersuchung<br>kennen ausgew\u00e4hlte Anwendungen<br>von Systemen zur aktiven Schall- und Schwingungsregelung.<\/p>\n\n\n\n<h3 class=\"wp-block-heading\"><strong>Inhalte<\/strong><\/h3>\n\n\n\n<p>Digitale Signalverarbeitung (<abbr title=\"zum Beispiel\">z.B.<\/abbr> FIR-Filter),<br>Regelung (<abbr title=\"zum Beispiel\">z.B.<\/abbr> Feed Forward),<br>Rechnergest\u00fctzte Berechnungsmethoden aktiver verkoppelter Systeme (FEM, CACE),<br>Selbstoptimierende mechatronische Systeme (<abbr title=\"zum Beispiel\">z.B.<\/abbr> adaptive Filter, adaptiver Tilger),<br>Optimierung (<abbr title=\"zum Beispiel\">z.B.<\/abbr> Aktor\/Sensor Positionen und Anzahl),<br>Experimentelle Umsetzung (<abbr title=\"zum Beispiel\">z.B.<\/abbr> Echtzeitregelung auf DSP),<br>Ausgew\u00e4hlte Beispiele f\u00fcr mechatronische Systeme aus der aktuellen Forschung der Professur f\u00fcr Mechatronik (<abbr title=\"zum Beispiel\">z.B.<\/abbr> L\u00e4rmreduktion in Fahrzeugen)<\/p>\n<\/details>\n\n\n\n<details class=\"wp-block-details is-layout-flow wp-block-details-is-layout-flow\"><summary>Technische Akustik<\/summary>\n<h3 class=\"wp-block-heading\"><strong>Literatur:<\/strong><\/h3>\n\n\n\n<ul class=\"wp-block-list\">\n<li>Henn, Sinambari, Fallen, 2008, Ingenieurakustik, Vieweg. (digital &amp; Bibl. PHY200 S5107(004))<\/li>\n\n\n\n<li>DEGA-Empfehlung 101, 2006, Akustische Wellen und Felder, Deutsche Gesellschaft f\u00fcr Akustik e.V. (digital)<br><\/li>\n<\/ul>\n\n\n\n<div style=\"height:10px\" aria-hidden=\"true\" class=\"wp-block-spacer\"><\/div>\n<\/details>\n\n\n\n<details class=\"wp-block-details is-layout-flow wp-block-details-is-layout-flow\"><summary>System Design &#8211; Mechatronics &#8211; Multibody Simulation (Engl.)<\/summary>\n<div style=\"height:10px\" aria-hidden=\"true\" class=\"wp-block-spacer\"><\/div>\n\n\n\n<p><strong>Verantwortlicher: <abbr title=\"Doktor\">Dr.<\/abbr>&#8211;<abbr title=\"Ingenieur\">Ing.<\/abbr> Sergej Jukkert<\/strong> (jukkerts@hsu-hh.de)<\/p>\n\n\n\n<h3 class=\"wp-block-heading\"><strong>Hinweis:<\/strong> Englischsprachige Veranstaltung<\/h3>\n<\/details>\n\n\n\n<details class=\"wp-block-details is-layout-flow wp-block-details-is-layout-flow\"><summary>Naturwissenschaftlich-technisches Praktikum II<\/summary>\n<div style=\"height:10px\" aria-hidden=\"true\" class=\"wp-block-spacer\"><\/div>\n\n\n\n<p><strong>Verantwortlicher: <abbr title=\"Diplom\">Dipl.<\/abbr>\u2013<abbr title=\"Ingenieur\">Ing.<\/abbr> (FH) Kai Simanowski<\/strong> (simanowski@hsu-hh.de)<\/p>\n\n\n\n<p><strong>Studiengang: MB<\/strong><\/p>\n\n\n\n<p><strong>Inhalt\/Beschreibung: MB V 8<\/strong><\/p>\n\n\n\n<p>(a) Parameteridentifikation an einem 1-Massen-Schwinger<\/p>\n\n\n\n<p>(b) Schwingungsreduzierung durch optimierte Tilgerauslegung<\/p>\n<\/details>\n\n\n\n<hr class=\"wp-block-separator has-alpha-channel-opacity\" \/>\n\n\n\n<h2 class=\"wp-block-heading\">Lehrb\u00fccher<\/h2>\n\n\n\n<div style=\"height:25px\" aria-hidden=\"true\" class=\"wp-block-spacer\"><\/div>\n\n\n\n<details class=\"wp-block-details is-layout-flow wp-block-details-is-layout-flow\"><summary>Technische Mechanik, 5. Auflage<\/summary>\n<div style=\"height:10px\" aria-hidden=\"true\" class=\"wp-block-spacer\"><\/div>\n\n\n\n<p><strong>Eberhard Brommundt, Gottfried Sachs, Delf Sachau&nbsp;<\/strong><\/p>\n\n\n\n<p><strong>Technische Mechanik<\/strong><\/p>\n\n\n\n<p><strong>5. Auflage<\/strong><\/p>\n\n\n\n<p>2019, De Gruyter, <abbr title=\"International Standard Book Number\">ISBN<\/abbr>: 978-3-11-064324-4<\/p>\n\n\n\n<p><a href=\"https:\/\/openhsu.ub.hsu-hh.de\/entities\/publication\/12212\" target=\"_blank\" rel=\"noopener\">Link zu open <abbr title=\"Helmut Schmidt Universit\u00e4t\">HSU<\/abbr> &#8211; Technische Mechanik, 5. Auflage<\/a><\/p>\n\n\n\n<p>Das Buch liefert kompakt, aber umfassend die Grundlagen der Technischen Mechanik. Statik, Kinetik und KinematikElastostatik werden erl\u00e4utert. Zahlreiche Aufgaben mit L\u00f6sungen vertiefen den Stoff systematisch.<\/p>\n\n\n\n<p>Studierende der Ingenieurwissenschaften werden mit den Grundlagen der Statik, Elastostatik, Kinematik und Kinetik vertraut gemacht und lernen eine methodisch-schematische Arbeitsweise zum selbst\u00e4ndigen L\u00f6sen von Aufgaben.<\/p>\n\n\n\n<ul class=\"wp-block-list\">\n<li>Das Schnittprinzip leitet die Statik ein, zehn Axiome fassen die Grundannahmen zusammen.<\/li>\n\n\n\n<li>Die Elastostatik betont die Balkenbiegung.<\/li>\n\n\n\n<li>In der Kinetik wird mit d\u2019Alembertschen Kr\u00e4ften und Momenten gearbeitet; bei starren K\u00f6rpern werden die Bewegungen parallel zu einer Ebene ausgef\u00fchrt.<\/li>\n\n\n\n<li>Der Schwinger mit einem Freiheitsgrad wird \u2013 bevorzugt in komplexer Schreibweise \u2013 abgehandelt und der unged\u00e4mpfte Schwinger mit zwei Freiheitsgraden betrachtet.<\/li>\n<\/ul>\n\n\n\n<div style=\"height:25px\" aria-hidden=\"true\" class=\"wp-block-spacer\"><\/div>\n\n\n\n<div class=\"col-xs-12 downloads-item\">\n<div class=\"row border-line\">\n<div class=\"thumbnail-area\"><img decoding=\"async\" class=\"download-image\" src=\"\/wp-content\/themes\/hsu\/img\/dummy\/downloads_dummy.png\" alt=\"\" \/><\/div>\n<div class=\"text-area\"><span class=\"download-text\">Technische Mechanik &#8211; 5. Auflage (Buchcover)<br \/><\/span><\/div>\n<div class=\"download-area\"><a class=\"download-link\" href=\"https:\/\/www.hsu-hh.de\/mechatronik\/wp-content\/uploads\/sites\/659\/2019\/06\/Technische-Mechanik-5.-Auflage.pdf\"><span class=\"download-name\">pdf laden<\/span><span class=\"donwload-icon\"><img decoding=\"async\" class=\"download-icon\" src=\"\/wp-content\/themes\/hsu\/img\/icons\/download_icon.png\" alt=\"download icon\" \/><\/span><span class=\"download-size\">5 MB<\/span><\/a><\/div>\n<\/div>\n<\/div>\n\n\n\n<div class=\"col-xs-12 downloads-item\">\n<div class=\"row border-line\">\n<div class=\"thumbnail-area\"><img decoding=\"async\" class=\"download-image\" src=\"\/wp-content\/themes\/hsu\/img\/dummy\/downloads_dummy.png\" alt=\"\" \/><\/div>\n<div class=\"text-area\"><span class=\"download-text\">Technische Mechanik, 5. Auflage (erste Seite)<br \/><\/span><\/div>\n<div class=\"download-area\"><a class=\"download-link\" href=\"https:\/\/www.hsu-hh.de\/mechatronik\/wp-content\/uploads\/sites\/659\/2025\/01\/TM-Buch-erste-Seiten.pdf\"><span class=\"download-name\">pdf laden<\/span><span class=\"donwload-icon\"><img decoding=\"async\" class=\"download-icon\" src=\"\/wp-content\/themes\/hsu\/img\/icons\/download_icon.png\" alt=\"download icon\" \/><\/span><span class=\"download-size\">115 kB<\/span><\/a><\/div>\n<\/div>\n<\/div>\n<\/details>\n\n\n\n<details class=\"wp-block-details is-layout-flow wp-block-details-is-layout-flow\"><summary>Schwingungslehre mit Maschinendynamik, 3. Auflage<\/summary>\n<div style=\"height:10px\" aria-hidden=\"true\" class=\"wp-block-spacer\"><\/div>\n\n\n\n<p><strong>Eberhard Brommundt, Delf Sachau&nbsp;<\/strong><\/p>\n\n\n\n<h3 class=\"wp-block-heading\"><strong>Schwingungslehre mit Maschinendynamik<\/strong><\/h3>\n\n\n\n<p><strong>3., erweiterte und \u00fcberarbeitete Auflage<\/strong><\/p>\n\n\n\n<p>2018, Springer Vieweg, <abbr title=\"International Standard Book Number\">ISBN<\/abbr>: 978-3-658-17961-8, weitere Ausgabe: 978-3-658-17962-5<\/p>\n\n\n\n<p><a href=\"https:\/\/openhsu.ub.hsu-hh.de\/entities\/publication\/6536\" target=\"_blank\" rel=\"noopener\">Link zu open <abbr title=\"Helmut Schmidt Universit\u00e4t\">HSU<\/abbr> &#8211; Schwingungslehre mit Maschinendynamik, 3. Auflage<\/a><\/p>\n\n\n\n<p><strong>Produktbeschreibung<\/strong><\/p>\n\n\n\n<p>\u201eDieses Lehrbuch erleichtert mit Hilfe charakteristischer Fragestellungen aus der Maschinendynamik den Einstieg in die Schwingungslehre. Ziel ist es, das Verst\u00e4ndnis der Vorgehensweisen und das Denken in den Begriffen am Schwingungsverhalten einfach aufgebauter Maschinen zu vermitteln. Die vorliegende Auflage enth\u00e4lt nun Ergebnisse, auch teilweise ausf\u00fchrliche L\u00f6sungswege der Aufgaben. MATLAB\u00ae Programmcodes sind auf der Verlagshomepage beim Buch zu finden.\u201c<\/p>\n\n\n\n<p><strong>Inhaltsangabe<\/strong><\/p>\n\n\n\n<ul class=\"wp-block-list\">\n<li>Bodenkr\u00e4fte von R\u00fcttelmaschinen<\/li>\n\n\n\n<li>Auswuchten starrer Rotoren<\/li>\n\n\n\n<li>Vertikalschwingungen eines Paares gekoppelter Exzenterpressen<\/li>\n\n\n\n<li>Schwinger mit einem Freiheitsgrad<\/li>\n\n\n\n<li>Einschwing- und Anlaufvorg\u00e4nge<\/li>\n\n\n\n<li>Schwinger mit mehreren Freiheitsgraden<\/li>\n\n\n\n<li>Modaltransformation als Hilfsmittel zur Schwingungsanalyse<\/li>\n\n\n\n<li>Dreh- und Torsionsschwingungen<\/li>\n\n\n\n<li>Rotor mit einfacher Durchbiegung<\/li>\n\n\n\n<li>Rotor auf nachgiebigen Lagern<\/li>\n\n\n\n<li>Kontinuumsschwingungen<\/li>\n\n\n\n<li>Diskretisieren des Kontinuums<\/li>\n\n\n\n<li>Balken-Biegeschwingungen<\/li>\n<\/ul>\n\n\n\n<div style=\"height:25px\" aria-hidden=\"true\" class=\"wp-block-spacer\"><\/div>\n\n\n\n<div class=\"col-xs-12 downloads-item\">\n<div class=\"row border-line\">\n<div class=\"thumbnail-area\"><img decoding=\"async\" class=\"download-image\" src=\"\/wp-content\/themes\/hsu\/img\/dummy\/downloads_dummy.png\" alt=\"\" \/><\/div>\n<div class=\"text-area\"><span class=\"download-text\">Schwingungslehre mit Maschinendynamik &#8211; 3. Auflage<\/span><\/div>\n<div class=\"download-area\"><a class=\"download-link\" href=\"https:\/\/www.hsu-hh.de\/mechatronik\/wp-content\/uploads\/sites\/659\/2018\/11\/20181129-Schwingungslehre-mit-Maschinendynamik-3.-Auflage.png\"><span class=\"download-name\">png laden<\/span><span class=\"donwload-icon\"><img decoding=\"async\" class=\"download-icon\" src=\"\/wp-content\/themes\/hsu\/img\/icons\/download_icon.png\" alt=\"download icon\" \/><\/span><span class=\"download-size\">217 kB<\/span><\/a><\/div>\n<\/div>\n<\/div>\n\n\n\n<div class=\"col-xs-12 downloads-item\">\n<div class=\"row border-line\">\n<div class=\"thumbnail-area\"><img decoding=\"async\" class=\"download-image\" src=\"\/wp-content\/themes\/hsu\/img\/dummy\/downloads_dummy.png\" alt=\"\" \/><\/div>\n<div class=\"text-area\"><span class=\"download-text\">Matlab-Skripte, Schwingungslehre mit Maschinendynamik &#8211; 3. Auflage<\/span><\/div>\n<div class=\"download-area\"><a class=\"download-link\" href=\"https:\/\/www.hsu-hh.de\/mechatronik\/wp-content\/uploads\/sites\/659\/2018\/11\/Matlab_Skripte.zip\"><span class=\"download-name\">zip laden<\/span><span class=\"donwload-icon\"><img decoding=\"async\" class=\"download-icon\" src=\"\/wp-content\/themes\/hsu\/img\/icons\/download_icon.png\" alt=\"download icon\" \/><\/span><span class=\"download-size\">49 kB<\/span><\/a><\/div>\n<\/div>\n<\/div>\n<\/details>\n","protected":false},"excerpt":{"rendered":"<p>Studentische Arbeiten Unsere aktuellen Forschungsprojekte bieten f\u00fcr die Studierenden der Helmut-Schmidt-Universit\u00e4t\/Universit\u00e4t der Bundeswehr Hamburg stets die M\u00f6glichkeit anspruchsvolle Studien-, Bachelor-, und Masterarbeiten mit Praxisbezug anzufertigen. Aufgaben: Die Themenstellungen der angebotenen [&hellip;]<\/p>\n","protected":false},"author":1541,"featured_media":0,"parent":0,"menu_order":0,"comment_status":"closed","ping_status":"closed","template":"","meta":{"footnotes":""},"categories":[6],"tags":[],"class_list":["post-124","page","type-page","status-publish","hentry","category-studium"],"_links":{"self":[{"href":"https:\/\/www.hsu-hh.de\/mechatronik\/wp-json\/wp\/v2\/pages\/124","targetHints":{"allow":["GET"]}}],"collection":[{"href":"https:\/\/www.hsu-hh.de\/mechatronik\/wp-json\/wp\/v2\/pages"}],"about":[{"href":"https:\/\/www.hsu-hh.de\/mechatronik\/wp-json\/wp\/v2\/types\/page"}],"author":[{"embeddable":true,"href":"https:\/\/www.hsu-hh.de\/mechatronik\/wp-json\/wp\/v2\/users\/1541"}],"replies":[{"embeddable":true,"href":"https:\/\/www.hsu-hh.de\/mechatronik\/wp-json\/wp\/v2\/comments?post=124"}],"version-history":[{"count":52,"href":"https:\/\/www.hsu-hh.de\/mechatronik\/wp-json\/wp\/v2\/pages\/124\/revisions"}],"predecessor-version":[{"id":649,"href":"https:\/\/www.hsu-hh.de\/mechatronik\/wp-json\/wp\/v2\/pages\/124\/revisions\/649"}],"wp:attachment":[{"href":"https:\/\/www.hsu-hh.de\/mechatronik\/wp-json\/wp\/v2\/media?parent=124"}],"wp:term":[{"taxonomy":"category","embeddable":true,"href":"https:\/\/www.hsu-hh.de\/mechatronik\/wp-json\/wp\/v2\/categories?post=124"},{"taxonomy":"post_tag","embeddable":true,"href":"https:\/\/www.hsu-hh.de\/mechatronik\/wp-json\/wp\/v2\/tags?post=124"}],"curies":[{"name":"wp","href":"https:\/\/api.w.org\/{rel}","templated":true}]}}