{"id":267,"date":"2017-09-07T16:55:38","date_gmt":"2017-09-07T14:55:38","guid":{"rendered":"https:\/\/www.hsu-hh.de\/mechanik\/?page_id=267"},"modified":"2022-04-04T10:33:16","modified_gmt":"2022-04-04T08:33:16","slug":"rolf-lammering","status":"publish","type":"page","link":"https:\/\/www.hsu-hh.de\/mechanik\/team\/rolf-lammering","title":{"rendered":"Prof. Dr.-Ing. Rolf Lammering"},"content":{"rendered":"<div class=\"clearfix\">\n<div class=\"ansprechparter-container\">\n<div class=\"row ansprechpartner-item ansprechparter-header\">\n<div class=\"col-xs-8 col-lg-12\" style=\"margin-bottom: 30px\"><\/div>\n<div class=\"col-md-4 col-lg-3 col-xs-4 ansprechpartner-item floatright img-circle center-block\" style=\"margin-bottom: 30px\">\n<div class=\"img-responsive-wrapper\"><img loading=\"lazy\" decoding=\"async\" class=\"wp-image-632 alignleft\" src=\"https:\/\/www.hsu-hh.de\/mechanik\/wp-content\/uploads\/sites\/708\/2017\/10\/Lammering_medium.jpg\" alt=\"Rolf Lammering\" width=\"100\" height=\"150\" \/><\/div>\n<\/div>\n<div class=\"col-md-12 col-lg-3 col-xs-12 ansprechpartner-item kontakt floatright\" style=\"margin-bottom: 30px\">\n<div class=\"row\">\n<div class=\"col-xs-12 col-sm-6 col-lg-12\">\n<div class=\"row\">\n<div class=\"col-xs-12 col-lg-4 row-text bold\">Raum:<\/div>\n<div class=\"col-xs-12 col-lg-8 row-text\"><\/div>\n<\/div>\n<\/div>\n<div class=\"col-xs-12 col-sm-6 col-lg-12\">\n<div class=\"row\">\n<div class=\"col-xs-12 col-lg-4 row-text bold\">Telefon:<\/div>\n<div class=\"col-xs-12 col-lg-8 row-text\"><\/div>\n<\/div>\n<\/div>\n<div class=\"col-xs-12 col-sm-6 col-lg-12\">\n<div class=\"row\">\n<div class=\"col-xs-12 col-lg-4 row-text bold\">Fax:<\/div>\n<div class=\"col-xs-12 col-lg-8 row-text\"><\/div>\n<\/div>\n<\/div>\n<div class=\"col-xs-12 col-sm-6 col-lg-12\">\n<div class=\"row\">\n<div class=\"col-xs-12 col-md-12 row-text bold\">Email:<\/div>\n<div class=\"col-xs-12 col-md-12 row-text\"><a href=\"mailto:rolf.lammering@hsu-hh.de\" rel='nofollow'>rolf.lammering@hsu-hh.de<\/a><\/div>\n<\/div>\n<\/div>\n<\/div>\n<\/div>\n<div class=\"col-md-6 col-lg-3 col-xs-12 ansprechpartner-item anschrift floatright\">\n<div class=\"row-headline\">Besucheranschrift<\/div>\n<div class=\"row-text\">Helmut-Schmidt-Universit\u00e4t<\/div>\n<div class=\"row-text\">Geb\u00e4ude H1<\/div>\n<div class=\"row-text\">Holstenhofweg 85<\/div>\n<div class=\"row-text\">22043 Hamburg<\/div>\n<\/div>\n<div class=\"col-md-6 col-lg-3 col-xs-12 ansprechpartner-item anschrift floatright\">\n<div class=\"row-headline\">Postanschrift<\/div>\n<div class=\"row-text\">Helmut-Schmidt-Universit\u00e4t<\/div>\n<div class=\"row-text\">Fakult\u00e4t f\u00fcr Maschinenbau<\/div>\n<div class=\"row-text\">Professur f\u00fcr Mechanik<br \/>\nHolstenhofweg 85<\/div>\n<div class=\"row-text\">22043 Hamburg<\/div>\n<\/div>\n<\/div>\n<\/div>\n<div class=\"clearfix\"><\/div>\n<\/div>\n<h3 class=\"clearfix\">Kurzvita<\/h3>\n<ul>\n<li>1982<br \/>\nStudienabschluss an der Leibniz Universit\u00e4t Hannover als Diplom-Bauingenieur<\/li>\n<li>1987<br \/>\nPromotion zum Doktor-Ingenieur an der Leibniz Universit\u00e4t Hannover mit einer Arbeit im Bereich der Kontinuumsmechanik und der numerischen Mechanik<\/li>\n<li>1988<br \/>\nPostDoc am Institut f\u00fcr Aeroelastik des Deutschen Zentrums f\u00fcr Luft- und Raumfahrt,\u00a0G\u00f6ttingen<\/li>\n<li>1993<br \/>\nLeiter der Abteilung &#8222;Adaptive Struktursysteme&#8220; am Institut f\u00fcr Faserverbundleichtbau und\u00a0Adaptronik, Deutsches Zentrum f\u00fcr Luft- und Raumfahrt, Braunschweig<\/li>\n<li>1996 &#8211; 2022<br \/>\nProfessor f\u00fcr Mechanik an der Fakult\u00e4t f\u00fcr Maschinenbau der Helmut-Schmidt-Universit\u00e4t \/ Universit\u00e4t der Bundeswehr Hamburg<\/li>\n<li>2017 &#8211; 2021<br \/>\nVizepr\u00e4sident Forschung an der Helmut-Schmidt-Universit\u00e4t \/ Universit\u00e4t der Bundeswehr\u00a0Hamburg<\/li>\n<\/ul>\n<hr \/>\n<h3 class=\"clearfix\">Mitgliedschaften<\/h3>\n<ul>\n<li>Mitglied der <em>Gesellschaft f\u00fcr Angewandte Mathematik und Mechanik<\/em> (GAMM)<br \/>\nMitglied des Vorstandsrat 2013 &#8211; 2018<\/li>\n<li>Mitglied der <em>German Association for Computational Mechanics<\/em> (GACM)<\/li>\n<li>Mitglied im Arbeitskreis <em>Struktur\u00fcberwachung<\/em> der <em>Deutschen Gesellschaft f\u00fcr Zerst\u00f6rungsfreie Pr\u00fcfung<\/em> (DGZfP)<\/li>\n<li>International Advisory Board der Zeitschrift <em>Engineering Transactions<\/em><\/li>\n<li>Associate Editor der Zeitschrift <em>Smart Materials and Stuctures<\/em><\/li>\n<li>Associate Editor der Zeitschrift <em>Smart Structures and Systems<\/em><\/li>\n<li>Scientific Committee: ECCOMAS Thematic Conference on Smart Structures and Materials<\/li>\n<\/ul>\n<hr \/>\n<h3 class=\"clearfix\">Forschungsprofil<\/h3>\n<ul>\n<li>Theoretische, numerische und experimentelle Mechanik<\/li>\n<li>Adaptive Struktursysteme<\/li>\n<li>Structural Health Monitoring (Struktur\u00fcberwachung)<\/li>\n<li>Nachgiebige Mechanismen<\/li>\n<li>Werkstoffe mit Wandlercharakteristik<\/li>\n<li>Faserverbundwerkstoffe<\/li>\n<\/ul>\n<hr \/>\n<h3 class=\"clearfix\">Die zw\u00f6lf wichtigsten Publikationen<\/h3>\n<ol>\n<li><em>N. Rauter, R. Lammering<\/em><br \/>\n<strong>A constitutive model for the analysis of second harmonic Lamb waves in unidirectional composites.<\/strong><br \/>\nInternational Journal of Solids and Structures, 135, pp. 184-196, 2018.<br \/>\n<a href=\"https:\/\/doi.org\/10.1016\/j.ijsolstr.2017.11.019\" rel='nofollow'>doi: 10.1016\/j.ijsolstr.2017.11.019<\/a><\/li>\n<li><em>E. Zimmermann, A. Eremin, R. Lammering<\/em><br \/>\n<strong>Analysis and Continuous Conversion of Lamb Waves in Fiber Composites by a Stochastic Material Model and Laser Vibrometer Experiments.<\/strong><br \/>\nGAMM Mitteilungen, 41(1), 2018. <a href=\"https:\/\/doi.org\/10.1002\/gamm.201800001\" rel='nofollow'>doi: 10.1002\/gamm.201800001<\/a><\/li>\n<li><em>R. Lammering, U. Gabbert, M. Sinapius, T. Schuster, P. Wierach<br \/>\n<\/em><strong>Lamb-Wave Based\u00a0<\/strong><strong>Structural Health Monitoring in Polymer Composites.<br \/>\n<\/strong>Research Topics in Aerospace,\u00a0Springer, 2017. <a href=\"https:\/\/doi.org\/10.1007\/978-3-319-49715-0\" rel='nofollow'>doi: 10.1007\/978-3-319-49715-0<\/a><\/li>\n<li><em>E. Glushkov, N. Glushkova, A. Eremin, R. Lammering<br \/>\n<\/em><strong>Group velocity of cylindrical guided waves in anisotropic laminate composites<\/strong><br \/>\nJournal Acoust. Society. America, 135, 148, 2014.\u00a0<a href=\"http:\/\/dx.doi.org\/10.1121\/1.4829534\" target=\"_blank\" rel=\"noopener noreferrer\">doi: 10.1121\/1.4829534<\/a><\/li>\n<li><em>B. Hennings, R. Lammering, U. Gabbert<br \/>\n<\/em><strong>Numerical simulation of wave propagation using spectral finite elements<\/strong><br \/>\nCEAS Aeronautical Journal, 2013. <a href=\"http:\/\/dx.doi.org\/10.1007\/s13272-012-0053-9\" target=\"_blank\" rel=\"noopener noreferrer\">doi: 10.1007\/s13272-012-0053-9<\/a><\/li>\n<li><em>F. Dirksen, M. Anselmann, T. I. Zohdi, R. Lammering<\/em><br \/>\n<strong>Incorporation of flexural hinge fatigue-life cycle criteria into the topological design of compliant small-scale devices<\/strong><br \/>\nPrecision Engineering, Volume37, Issue 3, July 2013, Pages 531\u2013541, 2013. <a href=\"http:\/\/dx.doi.org\/10.1016\/j.precisioneng.2012.12.005\" target=\"_blank\" rel=\"noopener noreferrer\">doi: 10.1016\/j.precisioneng.2012.12.005<\/a><\/li>\n<li><em>M. N. Neumann, B. Hennings, R. Lammering<\/em><br \/>\n<strong>Identification and avoidance of systematic measurement errors in Lamb wave observation with one-dimensional scanning laser vibrometry\u00a0<\/strong><br \/>\nStrain, 2012. <a href=\"http:\/\/dx.doi.org\/10.1111\/str.12015\" target=\"_blank\" rel=\"noopener noreferrer\">doi: 10.1111\/str.12015<\/a><\/li>\n<li><em>S. von Ende, A. Lion, R. Lammering<\/em><br \/>\n<strong>On the thermodynamically consistent fractional wave equation for viscoelastic solids<\/strong><br \/>\nActa Mechanica, 221(1), pp. 1-10, 2011.\u00a0<a href=\"http:\/\/dx.doi.org\/10.1007\/s00707-011-0484-0\" target=\"_blank\" rel=\"noopener noreferrer\">doi: 10.1007\/s00707-011-0484-0<\/a><\/li>\n<li><em>R. Lammering<\/em><br \/>\n<strong>Observation of Piezoelectrically Induced Lamb Wave Propagation in Thin Plates by Use of Speckle Interferometry<\/strong><br \/>\nExperimental Mechanics, 50 (3), 377-387, 2010.<\/li>\n<li><em>L. C. Brinson, I. Schmidt and R. Lammering<\/em><br \/>\n<strong>Stress-Induced Transformation Behavior of a Polycrystalline NiTi Shape Memory Alloy: Micro and Macromechanical Investigations via in situ Optical Microscopy<\/strong><br \/>\nJ. of Mechanics and Physics of Solids, 52 (7), 1549-1571, 2004.<\/li>\n<li><em>R. Lammering, J. Jia and C. A. Rogers<\/em><br \/>\n<strong>Optimal Placement of Piezoelectric Actuators in Vibration Control<\/strong><br \/>\nJournal of Sound and Vibration, 171, 67-85, 1994.<\/li>\n<li><em>R. Lammering<\/em><br \/>\n<strong>The Application of a Finite Shell Element for Composites Containing Piezoelectric Polymers in Vibration Control<\/strong><br \/>\nComputers &amp; Structures, 41, 1101-1109, 1991.<\/li>\n<\/ol>\n","protected":false},"excerpt":{"rendered":"<p>Raum: Telefon: Fax: Email: rolf.lammering@hsu-hh.de Besucheranschrift Helmut-Schmidt-Universit\u00e4t Geb\u00e4ude H1 Holstenhofweg 85 22043 Hamburg Postanschrift Helmut-Schmidt-Universit\u00e4t Fakult\u00e4t f\u00fcr Maschinenbau Professur f\u00fcr Mechanik Holstenhofweg 85 22043 Hamburg Kurzvita 1982 Studienabschluss an der [&hellip;]<\/p>\n","protected":false},"author":59,"featured_media":0,"parent":155,"menu_order":0,"comment_status":"closed","ping_status":"closed","template":"","meta":{"footnotes":""},"categories":[38],"tags":[],"class_list":["post-267","page","type-page","status-publish","hentry","category-leitung"],"_links":{"self":[{"href":"https:\/\/www.hsu-hh.de\/mechanik\/wp-json\/wp\/v2\/pages\/267","targetHints":{"allow":["GET"]}}],"collection":[{"href":"https:\/\/www.hsu-hh.de\/mechanik\/wp-json\/wp\/v2\/pages"}],"about":[{"href":"https:\/\/www.hsu-hh.de\/mechanik\/wp-json\/wp\/v2\/types\/page"}],"author":[{"embeddable":true,"href":"https:\/\/www.hsu-hh.de\/mechanik\/wp-json\/wp\/v2\/users\/59"}],"replies":[{"embeddable":true,"href":"https:\/\/www.hsu-hh.de\/mechanik\/wp-json\/wp\/v2\/comments?post=267"}],"version-history":[{"count":30,"href":"https:\/\/www.hsu-hh.de\/mechanik\/wp-json\/wp\/v2\/pages\/267\/revisions"}],"predecessor-version":[{"id":1825,"href":"https:\/\/www.hsu-hh.de\/mechanik\/wp-json\/wp\/v2\/pages\/267\/revisions\/1825"}],"up":[{"embeddable":true,"href":"https:\/\/www.hsu-hh.de\/mechanik\/wp-json\/wp\/v2\/pages\/155"}],"wp:attachment":[{"href":"https:\/\/www.hsu-hh.de\/mechanik\/wp-json\/wp\/v2\/media?parent=267"}],"wp:term":[{"taxonomy":"category","embeddable":true,"href":"https:\/\/www.hsu-hh.de\/mechanik\/wp-json\/wp\/v2\/categories?post=267"},{"taxonomy":"post_tag","embeddable":true,"href":"https:\/\/www.hsu-hh.de\/mechanik\/wp-json\/wp\/v2\/tags?post=267"}],"curies":[{"name":"wp","href":"https:\/\/api.w.org\/{rel}","templated":true}]}}