{"id":2371,"date":"2024-06-18T11:47:32","date_gmt":"2024-06-18T09:47:32","guid":{"rendered":"https:\/\/www.hsu-hh.de\/mechanik\/?page_id=2371"},"modified":"2024-06-18T11:53:48","modified_gmt":"2024-06-18T09:53:48","slug":"experimentelle-strukturmechanik","status":"publish","type":"page","link":"https:\/\/www.hsu-hh.de\/mechanik\/lehrveranstaltungen\/experimentelle-strukturmechanik","title":{"rendered":"Experimentelle Strukturmechanik"},"content":{"rendered":"\n<div class=\"wp-block-columns is-layout-flex wp-container-core-columns-is-layout-9d6595d7 wp-block-columns-is-layout-flex\">\n<div class=\"wp-block-column is-layout-flow wp-block-column-is-layout-flow\" style=\"flex-basis:33.33%\">\n<p>Kursnummer:<\/p>\n\n\n\n<p>Modulverantwortlicher:<\/p>\n\n\n\n<p>Studiengang:<\/p>\n\n\n\n<p>Trimester:<\/p>\n\n\n\n<p>Leistungspunkte:<\/p>\n\n\n\n<p>Qualifikationsziele:<\/p>\n\n\n\n<p><br><\/p>\n\n\n\n<p><br><br><br><br><br><br><br>Inhalte:<\/p>\n<\/div>\n\n\n\n<div class=\"wp-block-column is-layout-flow wp-block-column-is-layout-flow\" style=\"flex-basis:66.66%\">\n<p>MB09412<\/p>\n<p><abbr title=\"Doktor\">Dr.<\/abbr>&#8211;<abbr title=\"Ingenieur\">Ing.<\/abbr> S. von Ende und <abbr title=\"Professor\">Prof.<\/abbr> <abbr title=\"Doktor\">Dr.<\/abbr>&#8211;<abbr title=\"Ingenieur\">Ing.<\/abbr> R. Ostwald<\/p>\n<p>Maschinenbau<\/p>\n<p><abbr title=\"Fr\u00fchjahrstrimester\">FT<\/abbr><\/p>\n<p>4<\/p>\n<p>Die Studierenden sollen<br \/>\u2022 wichtige Verfahren zur experimentellen Spannungs- und Dehnungsanalyse kennen lernen,<br \/>\u2022 die theoretischen Grundlagen der Modalanalyse verstehen,<br \/>\u2022 die Abl\u00e4ufe bei der experimentellen Bestimmung dynamischer Kennwerte kennen lernen,<br \/>\u2022 bef\u00e4higt werden, Messverfahren selbstst\u00e4ndig auszuw\u00e4hlen, anzuwenden und Messergebnisse richtig auszuwerten,<br \/>\u2022 die Qualit\u00e4t mathematischer oder numerischer Modelle bewerten und einsch\u00e4tzen lernen<\/p>\n<p><strong>Experimentelle Spannungs- (Dehnungs-)analyse:<\/strong><br \/>\u2022 mechanische, optische und elektrische Verfahren<br \/>(<abbr title=\"zum Beispiel\">z.B.<\/abbr> DMS-basierte Verfahren, Laserextensometrie),<br \/>\u2022 optische Fl\u00e4chenverfahren (Holografische- und Speckle-Interferometrie, Shearografie);<\/p>\n<p><br \/><strong>Experimentelle Modalanalyse:<\/strong><br \/>\u2022 theoretische Grundlagen (Ein- und Mehrmassenschwinger, D\u00e4mpfungsarten, \u00dcbertragungsfunktionen),<br \/>\u2022 experimentelle Bestimmung der \u00dcbertragungsfunktion (Anwendung piezoelektrischer Messtechnik, LaserVibrometrie),<br \/>\u2022 Methoden zur Identifikation der modalen Parameter im Frequenzbereich<\/p>\n<p>\u00a0<\/p>\n<p>\u00a0<\/p>\n<\/div>\n<\/div>\n","protected":false},"excerpt":{"rendered":"<p>Kursnummer: Modulverantwortlicher: Studiengang: Trimester: Leistungspunkte: Qualifikationsziele: Inhalte: MB09412 Dr.&#8211;Ing. S. von Ende und Prof. Dr.&#8211;Ing. R. Ostwald Maschinenbau FT 4 Die Studierenden sollen\u2022 wichtige Verfahren zur experimentellen Spannungs- und Dehnungsanalyse [&hellip;]<\/p>\n","protected":false},"author":2983,"featured_media":0,"parent":2322,"menu_order":0,"comment_status":"closed","ping_status":"closed","template":"","meta":{"footnotes":""},"categories":[6],"tags":[],"class_list":["post-2371","page","type-page","status-publish","hentry","category-lehre"],"_links":{"self":[{"href":"https:\/\/www.hsu-hh.de\/mechanik\/wp-json\/wp\/v2\/pages\/2371","targetHints":{"allow":["GET"]}}],"collection":[{"href":"https:\/\/www.hsu-hh.de\/mechanik\/wp-json\/wp\/v2\/pages"}],"about":[{"href":"https:\/\/www.hsu-hh.de\/mechanik\/wp-json\/wp\/v2\/types\/page"}],"author":[{"embeddable":true,"href":"https:\/\/www.hsu-hh.de\/mechanik\/wp-json\/wp\/v2\/users\/2983"}],"replies":[{"embeddable":true,"href":"https:\/\/www.hsu-hh.de\/mechanik\/wp-json\/wp\/v2\/comments?post=2371"}],"version-history":[{"count":8,"href":"https:\/\/www.hsu-hh.de\/mechanik\/wp-json\/wp\/v2\/pages\/2371\/revisions"}],"predecessor-version":[{"id":2379,"href":"https:\/\/www.hsu-hh.de\/mechanik\/wp-json\/wp\/v2\/pages\/2371\/revisions\/2379"}],"up":[{"embeddable":true,"href":"https:\/\/www.hsu-hh.de\/mechanik\/wp-json\/wp\/v2\/pages\/2322"}],"wp:attachment":[{"href":"https:\/\/www.hsu-hh.de\/mechanik\/wp-json\/wp\/v2\/media?parent=2371"}],"wp:term":[{"taxonomy":"category","embeddable":true,"href":"https:\/\/www.hsu-hh.de\/mechanik\/wp-json\/wp\/v2\/categories?post=2371"},{"taxonomy":"post_tag","embeddable":true,"href":"https:\/\/www.hsu-hh.de\/mechanik\/wp-json\/wp\/v2\/tags?post=2371"}],"curies":[{"name":"wp","href":"https:\/\/api.w.org\/{rel}","templated":true}]}}