{"id":2337,"date":"2024-06-18T07:18:08","date_gmt":"2024-06-18T05:18:08","guid":{"rendered":"https:\/\/www.hsu-hh.de\/mechanik\/?page_id=2337"},"modified":"2024-06-18T12:06:57","modified_gmt":"2024-06-18T10:06:57","slug":"systemmodellierung","status":"publish","type":"page","link":"https:\/\/www.hsu-hh.de\/mechanik\/lehrveranstaltungen\/systemmodellierung","title":{"rendered":"Systemmodellierung"},"content":{"rendered":"\n<div class=\"wp-block-columns is-layout-flex wp-container-core-columns-is-layout-9d6595d7 wp-block-columns-is-layout-flex\">\n<div class=\"wp-block-column is-layout-flow wp-block-column-is-layout-flow\" style=\"flex-basis:33.33%\">\n<p>Kursnummer:<\/p>\n<p>Dozent:<\/p>\n<p>Studiengang:<\/p>\n<p>Trimester:<\/p>\n<p>Lesitungspunkte:<\/p>\n<p>Qualifikationsziele:<\/p>\n<p>\u00a0<\/p>\n<p>\u00a0<\/p>\n<p>\u00a0<\/p>\n<p>\u00a0<\/p>\n<p>\u00a0<\/p>\n<p>\u00a0<\/p>\n<p>\u00a0<\/p>\n<p>\u00a0<\/p>\n<p>\u00a0<\/p>\n<p>\u00a0<\/p>\n<p>\u00a0<\/p>\n<p>\u00a0<\/p>\n<p>Inhalte:<\/p>\n<\/div>\n\n\n\n<div class=\"wp-block-column is-layout-flow wp-block-column-is-layout-flow\" style=\"flex-basis:66.66%\">\n<p>MB05901<\/p>\n<p><abbr title=\"Professor\">Prof.<\/abbr> <abbr title=\"Doktor\">Dr.<\/abbr>&#8211;<abbr title=\"Ingenieur\">Ing.<\/abbr> R. Ostwald<\/p>\n<p>Maschinenbau, Wirtschaftsingenieurwesen<\/p>\n<p><abbr title=\"Wintertrimester\">WT<\/abbr><\/p>\n<p>4<\/p>\n<p>Die Studierenden<br \/>\u2022 kennen und verstehen, wie Systeme des Maschinenbaus (basierend auf den aus den vorangegangenen Pflichtf\u00e4chern bekannten physikalischen Ph\u00e4nomenen (mechanisch, elektrisch, thermodynamisch)) mit Hilfe von Differentialgleichungen beschrieben werden k\u00f6nnen, und erkennen die Gemeinsamkeiten der Beschreibung trotz unterschiedlicher physikalischer Hintergr\u00fcnde;<br \/>\u2022 verstehen die Unterschiede der Modellierung von Systemen mit verteilten und mit konzentrierten Parametern;<br \/>\u2022 sind in der Lage, einfache physikalische Systeme mit konzentrierten Komponenten mathematisch zu beschreiben, Aufbau und Wirkungsweise grafisch darzustellen und die Systeme hinsichtlich der Systemdynamik (Schwingung, Stabilit\u00e4t, D\u00e4mpfung <abbr title=\"et cetera\">etc.<\/abbr>) zu analysieren;<br \/>\u2022 kennen rechnerbasierte Werkzeuge zur Modellierung und Simulation von Systemen mit konzentrierten Parametern;<br \/>\u2022 kennen die Modellierung ereignisdiskreter Systeme mit Hilfe von Zustandsautomaten;<br \/>\u2022 sind in der Lage, einfache kontinuierliche Systeme mathematisch zu beschreiben und zu analysieren;<br \/>\u2022 kennen rechnerbasierte Werkzeuge zur Modellierung und Simulation von kontinuierlichen Systemen<\/p>\n<p>\u00a0<\/p>\n<p>\u2022 Grundlagen der Modellbildung technischer Systeme (Abstraktion, Vorgehensweise, Modellformen);<br \/>\u2022 Einf\u00fchrung in die ereignisdiskrete Modellierung technischer Systeme, Beschreibung und Analyse ereignisdiskreter Systeme mit Hilfe von Zustandsautomaten;<br \/>\u2022 Beschreibung von Systemen mit Hilfe von Signalen (Wirkungen) zwischen Teilsystemen, Blockschaltbild;<br \/>\u2022 Beschreibung von kontinuierlichen dynamischen Systemen durch Differentialgleichungen (am Beispiel mechanischer, elektrischer, thermischer, str\u00f6mungstechnischer und chemischer Vorg\u00e4nge), Zustandsraumdarstellung, kompositionale Modellbildung;<br \/>\u2022 Linearisierung von Systemen um einen Arbeitspunkt;<br \/>\u2022 Bestimmung des Systemverhaltens durch L\u00f6sung der Differentialgleichung und durch Modellierung und Simulation mit Rechnerwerkzeugen (Matlab\/Simulink);<br \/>\u2022 Stabilit\u00e4t technischer Systeme, Stabilit\u00e4tsanalyse anhand der Eigenwerte der Systemmatrix;<br \/>\u2022 Transformation in den Bildbereich mit Hilfe der Laplace-Transformation, Umgang mit der \u00dcbertragungsfunktion zur Bestimmung von Systemverhalten und Stabilit\u00e4t;<br \/>\u2022 Beschreibung von kontinuierlichen Systemen aus verschiedenen physikalischen Bereichen durch Differentialgleichungen,Variationsformulierungen und Extremalprinzipen;<br \/>\u2022 Bestimmung des Systemverhaltens durch Ortsdiskretisierung und Simulation mit Rechnerwerkzeugen<\/p>\n<\/div>\n<\/div>\n","protected":false},"excerpt":{"rendered":"<p>Kursnummer: Dozent: Studiengang: Trimester: Lesitungspunkte: Qualifikationsziele: \u00a0 \u00a0 \u00a0 \u00a0 \u00a0 \u00a0 \u00a0 \u00a0 \u00a0 \u00a0 \u00a0 \u00a0 Inhalte: MB05901 Prof. Dr.&#8211;Ing. R. Ostwald Maschinenbau, Wirtschaftsingenieurwesen WT 4 Die Studierenden\u2022 [&hellip;]<\/p>\n","protected":false},"author":2983,"featured_media":0,"parent":2322,"menu_order":0,"comment_status":"closed","ping_status":"closed","template":"","meta":{"footnotes":""},"categories":[6],"tags":[],"class_list":["post-2337","page","type-page","status-publish","hentry","category-lehre"],"_links":{"self":[{"href":"https:\/\/www.hsu-hh.de\/mechanik\/wp-json\/wp\/v2\/pages\/2337","targetHints":{"allow":["GET"]}}],"collection":[{"href":"https:\/\/www.hsu-hh.de\/mechanik\/wp-json\/wp\/v2\/pages"}],"about":[{"href":"https:\/\/www.hsu-hh.de\/mechanik\/wp-json\/wp\/v2\/types\/page"}],"author":[{"embeddable":true,"href":"https:\/\/www.hsu-hh.de\/mechanik\/wp-json\/wp\/v2\/users\/2983"}],"replies":[{"embeddable":true,"href":"https:\/\/www.hsu-hh.de\/mechanik\/wp-json\/wp\/v2\/comments?post=2337"}],"version-history":[{"count":6,"href":"https:\/\/www.hsu-hh.de\/mechanik\/wp-json\/wp\/v2\/pages\/2337\/revisions"}],"predecessor-version":[{"id":2343,"href":"https:\/\/www.hsu-hh.de\/mechanik\/wp-json\/wp\/v2\/pages\/2337\/revisions\/2343"}],"up":[{"embeddable":true,"href":"https:\/\/www.hsu-hh.de\/mechanik\/wp-json\/wp\/v2\/pages\/2322"}],"wp:attachment":[{"href":"https:\/\/www.hsu-hh.de\/mechanik\/wp-json\/wp\/v2\/media?parent=2337"}],"wp:term":[{"taxonomy":"category","embeddable":true,"href":"https:\/\/www.hsu-hh.de\/mechanik\/wp-json\/wp\/v2\/categories?post=2337"},{"taxonomy":"post_tag","embeddable":true,"href":"https:\/\/www.hsu-hh.de\/mechanik\/wp-json\/wp\/v2\/tags?post=2337"}],"curies":[{"name":"wp","href":"https:\/\/api.w.org\/{rel}","templated":true}]}}