{"id":2233,"date":"2023-12-14T10:33:30","date_gmt":"2023-12-14T09:33:30","guid":{"rendered":"https:\/\/www.hsu-hh.de\/mechanik\/?page_id=2233"},"modified":"2024-02-22T09:23:41","modified_gmt":"2024-02-22T08:23:41","slug":"abgeschlossene-arbeiten","status":"publish","type":"page","link":"https:\/\/www.hsu-hh.de\/mechanik\/lehre\/abgeschlossene-arbeiten","title":{"rendered":"Abgeschlossene Arbeiten"},"content":{"rendered":"\n<p><\/p>\n\n\n\n<h3 class=\"wp-block-heading\">2023<\/h3>\n\n\n\n<ul class=\"wp-block-list\">\n<li><em>H. H. Nguyen<\/em><br><strong>Untersuchung von mechanischen Eigenschaften auf Basis einer Mikrostruktur von glasfaserverst\u00e4rkten Kunststoffen<\/strong><br>Bachelorarbeit (Betreuer: E. Klatt)<\/li>\n\n\n\n<li><em>J. Kluge<\/em><br><strong>Experimentelle Untersuchung des Kriechverhaltens von kurzfaserverst\u00e4rkten Kunststoffen in Abh\u00e4ngigkeit des Faservolumengehaltes<\/strong><br>Bachelorarbeit (Betreuer: E. Klatt)<\/li>\n\n\n\n<li><em>S. B. S. Hosseini<\/em><br><strong>Numerical parametric study on the buckling behaviour and the weight of fibre reinforced laminates<\/strong><br>Bachelorarbeit (Betreuerin: <abbr title=\"Privatdozent\">PD<\/abbr> <abbr title=\"Doktor\">Dr.<\/abbr>&#8211;<abbr title=\"Ingenieur\">Ing.<\/abbr> N. Rauter)<\/li>\n\n\n\n<li><em>M. Gansonre<\/em><br><strong>Korrelationsanalyse von experimentell ermittelten viskoelastischen Eigenschaften eines kurzglasfaserverst\u00e4rkten Kunststoffes unter Verwendung der Prony-Reihe<\/strong><br>Masterarbeit (Betreuer: E. Klatt)<\/li>\n\n\n\n<li><em>M. Gansonre<\/em><br><strong>Korrelationsanalyse von experimentell ermittelten mechanischen Materialeigenschaften mittels Digital Image correlation (Q400) und Laser Extensometer eines kurzglasfaserverst\u00e4rkten Verbundwerkstoffes<\/strong><br>Projektarbeit im Masterstudium (Betreuer: E. Klatt)<\/li>\n\n\n\n<li><em>M. Gansonre<\/em><br><strong>Experimentelle Ermittlung von mechanischen Eigenschaften an Faserverbundwerkstoffen und Aluminium mittels Digital Image correlation (Q400)<\/strong><br>Vertiefungspraktikum (Betreuer: E. Klatt)<\/li>\n\n\n\n<li><em>K. Jonas<\/em><br><strong>Untersuchungen zum Einfluss milit\u00e4rischer Schuhaufbauten auf die Unterschenkelkr\u00e4fte bei vertikaler Impactbelastung<\/strong><br>Masterarbeit (Betreuerin: <abbr title=\"Privatdozent\">PD<\/abbr> <abbr title=\"Doktor\">Dr.<\/abbr>&#8211;<abbr title=\"Ingenieur\">Ing.<\/abbr> N. Rauter), in Kooperation mit der WTD 91<\/li>\n\n\n\n<li><em>K. Jonas<\/em><br><strong>Elektrischer Anschluss eines Versuchsstandes f\u00fcr vertikale Impactbelastung auf milit\u00e4risches Schuhwerk<\/strong><br>Projektarbeit im Masterstudium (Betreuerin: <abbr title=\"Privatdozent\">PD<\/abbr> <abbr title=\"Doktor\">Dr.<\/abbr>&#8211;<abbr title=\"Ingenieur\">Ing.<\/abbr> N. Rauter), in Kooperation mit der WTD 91<\/li>\n\n\n\n<li><em>T. Kluge<\/em><br><strong>Experimentelle Bestimmung von Dispersionsbeziehungen gef\u00fchrter Wellen in Faser-Metall-Laminaten<\/strong><br>Masterarbeit (Betreuerin: <abbr title=\"Privatdozent\">PD<\/abbr> <abbr title=\"Doktor\">Dr.<\/abbr>&#8211;<abbr title=\"Ingenieur\">Ing.<\/abbr> N. Rauter)<\/li>\n<\/ul>\n\n\n\n<hr class=\"wp-block-separator has-alpha-channel-opacity\" \/>\n\n\n\n<h3 class=\"wp-block-heading\">2022<\/h3>\n\n\n\n<ul class=\"wp-block-list\">\n<li><em>J. Kluge<\/em><br><strong>Methodenanalyse zur Untersuchung der Faserl\u00e4ngenverteilung mittels automatisierten Mustererkennung anhand von Schliffbildern von kurzglasfaserverst\u00e4rkten Verbundwerkstoffen<\/strong><br>Projektarbeit im Masterstudium (Betreuer: E. Klatt)<\/li>\n\n\n\n<li><em>B. Stahlmann<\/em><br><strong>Vergleich der experimentell ermittelten mechanischen Materialeigenschaften mittels Digital Image correlation (Q400) und Laser Extensometer von kurzglasfaserverst\u00e4rkten Verbundwerkstoffen<\/strong><br>Projektarbeit im Masterstudium (Betreuer: E. Klatt)<\/li>\n\n\n\n<li><em>M. Zimmermann<\/em><br><strong>Untersuchung der mechanischen Eigenschaften auf der Mikroskale mittels Nanoindenter in Abh\u00e4ngigkeit von der Probenpr\u00e4paration<\/strong><br>Projektarbeit im Masterstudium (Betreuer: E. Klatt)<\/li>\n\n\n\n<li><em>L. Grimm, D. Gro\u00dfmann, D. Henkis, P. Rose<\/em><br><strong>Experimentelle Untersuchung von kurzglasfaserverst\u00e4rkten Verbundwerkstoffen auf der Makroskala und Mikroskala in Abh\u00e4ngigkeit des Fasermassengehaltes<\/strong> <br>Vertiefungspraktikum (Betreuer: E. Klatt)<\/li>\n\n\n\n<li><em>T. Kluge<\/em><br><strong>Experimentelle Untersuchung zur kontinuierlichen Modenkonversion in FML Strukturen<\/strong><br>Projektarbeit im Masterstudium (Betreuerin: <abbr title=\"Privatdozent\">PD<\/abbr> <abbr title=\"Doktor\">Dr.<\/abbr>&#8211;<abbr title=\"Ingenieur\">Ing.<\/abbr> N. Rauter)<\/li>\n\n\n\n<li><em>H. Paeschow<\/em><br><strong>Entwicklung eines Prozessmodells im Rahmen der Referenzarchitektur F\u00fchrungsf\u00e4higkeit der Bundeswehr<\/strong><br>Masterarbeit (Betreuer: <abbr title=\"Professor\">Prof.<\/abbr> Lammering), Zentrum f\u00fcr wissenschaftliche Weiterbildung<\/li>\n<\/ul>\n\n\n\n<hr class=\"wp-block-separator has-alpha-channel-opacity\" \/>\n\n\n\n<h3 class=\"wp-block-heading\">2021<\/h3>\n\n\n\n<ul class=\"wp-block-list\">\n<li><em>I. M. Widera<\/em><br><strong>Bestimmung der Korrelationsl\u00e4ngen f\u00fcr die Elemente des Steigkeitstensors auf Basis von Versuchsdaten<\/strong><br>Masterarbeit (Betreuerin: N. Rauter)<\/li>\n\n\n\n<li><em>W. Rhukkun<\/em><br><strong>Analyse des Einflusses von Sch\u00e4digungen auf die Verformung von br\u00fccken\u00e4hnlichen Strukturen<\/strong><br>Masterarbeit (Betreuerin: N. Rauter)<\/li>\n\n\n\n<li><em>K. T. Borovskis<\/em><br><strong>Theoretical and Experimental Investigations on the Young\u2019s Modulus of Carbon Nanotube enriched Composites<\/strong><br>Bachelorarbeit (Betreuer: M. Linke)<\/li>\n\n\n\n<li><em>W. Rhukkun<\/em><br><strong>Parametrisches FE-Model zur Analyse des Einusses von Sch\u00e4digungen auf die Verformung von br\u00fccken\u00e4hnlichen Strukturen<\/strong><br>Projektarbeit im Masterstudium (Betreuerin: N. Rauter)<\/li>\n<\/ul>\n\n\n\n<hr class=\"wp-block-separator has-alpha-channel-opacity\" \/>\n\n\n\n<h3 class=\"wp-block-heading\">2019<\/h3>\n\n\n\n<ul class=\"wp-block-list\">\n<li><em>P. Portleroi&nbsp;<br><\/em><strong>Experimentelle Bestimmung der mechanischen Eigenschaften von kurzfaserverst\u00e4rkten Kunststoffen und Analyse der Einflussfaktoren<\/strong><br>Masterarbeit (Betreuerin: N. Rauter)<\/li>\n\n\n\n<li><em>E. Pienitz<\/em><br><strong>Experimentelle Untersuchung des Einflusses einer Verspannung auf die Ausbreitung gef\u00fchrter Wellen<\/strong><br>Masterarbeit (Betreuer: T. Barth)<\/li>\n\n\n\n<li><em>B. H. Straub<\/em><br><strong>Untersuchung zur Eignung von Carbon Nanotube-Konzentraten f\u00fcr die Herstellung von gedruckter Elektronik im Structural Health Monitoring<\/strong><br>Masterarbeit (Betreuer: T. Genco, M. Linke)<\/li>\n\n\n\n<li><em>B. Mertens<\/em><br><strong>Failure Analysis of Composite Cylinders under Compression Axial Loading<\/strong><br>Masterarbeit (Betreuer: Y. Kwon, Naval Postgraduate School)<\/li>\n\n\n\n<li><em>D. El Daibani<\/em><br><strong>Untersuchungen zur Bruchmechanik und elektrischen Leitf\u00e4higkeit multifunktionaler Komposita auf Basis von Carbon Nanotubes<\/strong><br>Masterarbeit (Betreuer: T. Genco)<\/li>\n\n\n\n<li><em>I. Thiombiano<\/em><br><strong>Bedrucken und Erproben eines multifunktionalen Komposits<\/strong><br>Bachelorarbeit (Betreuer: T. Genco, M. Linke)<\/li>\n<\/ul>\n\n\n\n<hr class=\"wp-block-separator has-alpha-channel-opacity\" \/>\n\n\n\n<h3 class=\"wp-block-heading\">2018<\/h3>\n\n\n\n<ul class=\"wp-block-list\">\n<li><em>B. Mertens<\/em><br><strong>Numerische Simulation der Ausbreitung von Eckenrissen in Zugproben mittels xFEM<\/strong><br>Bachelorarbeit (Betreuer: T. Berg)<\/li>\n\n\n\n<li><em>S. Lautz<\/em><br><strong>Numerische Berechnung von Lamb-Wellen in elastischen Platten mit stochastischen Materialeigenschaften<\/strong><br>Bachelorarbeit (Betreuer: E. Zimmermann)<\/li>\n\n\n\n<li><em>N. Herbert<\/em><br><strong>Kalibrierung der DCPD-Methode auf Grundlage finiter Elemente<\/strong><br>Bachelorarbeit (Betreuer: T. Berg)<\/li>\n<\/ul>\n\n\n\n<hr class=\"wp-block-separator has-alpha-channel-opacity\" \/>\n\n\n\n<h3 class=\"wp-block-heading\">2017<\/h3>\n\n\n\n<ul class=\"wp-block-list\">\n<li><em>C. Kayser<\/em><br><strong>Untersuchung des Verhaltens gef\u00fchrter Wellen in hybriden Platten am Laser-Doppler-Vibrometer<\/strong><br>Bachelorarbeit (Betreuer: T. Losch)<\/li>\n\n\n\n<li><em>P. Yothaprasert<\/em><br><strong>Untersuchungen zum dispersiven Verhalten gef\u00fchrter Wellen in hybriden Platten mittels Wavelet-Transformation und Laservibrometrie<\/strong><br>Masterarbeit (Betreuer: T. Losch)<\/li>\n\n\n\n<li><em>B. Hoareau<\/em><br><strong>Untersuchung des Einflusses von Fertigungstoleranzen auf die Wellenausbreitung in Glasfaser-Aluminium-Hybridstrukturen<\/strong><br>Internationales Austauschprogramm (Betreuer: <abbr title=\"Doktor\">Dr.<\/abbr> A. Eremin, T. Losch)<\/li>\n<\/ul>\n\n\n\n<hr class=\"wp-block-separator has-alpha-channel-opacity\" \/>\n\n\n\n<h3 class=\"wp-block-heading\">2016<\/h3>\n\n\n\n<ul class=\"wp-block-list\">\n<li><em>S. Intarabut<\/em><br><strong>Untersuchung des Einflusses von Rissen auf die Werkstoffdegradation in unidirektionalem CFK<\/strong><br>Bachelorarbeit (Betreuerin: N. Rauter)<\/li>\n\n\n\n<li><em>J. Herrmann<\/em><br><strong>Lokales Beulen von Composite-Doppel-T-Tr\u00e4gern auf der Grundlage von Schubdeformationstheorien<\/strong><br>Masterarbeit (Betreuer: Betreuer: <abbr title=\"Privatdozent\">PD<\/abbr> <abbr title=\"Doktor\">Dr.<\/abbr>&#8211;<abbr title=\"Ingenieur\">Ing.<\/abbr> C. Mittelstedt)<\/li>\n\n\n\n<li><em>T. M\u00fcllenstedt<\/em><br><strong>Entwicklung neuer Energieverfahren f\u00fcr das Beulverhalten elastisch gelagerter, schubweicher Composite-Laminate<\/strong><br>Masterarbeit (Betreuer: Betreuer: <abbr title=\"Privatdozent\">PD<\/abbr> <abbr title=\"Doktor\">Dr.<\/abbr>&#8211;<abbr title=\"Ingenieur\">Ing.<\/abbr> C. Mittelstedt)<\/li>\n\n\n\n<li><em>F. Nikiema<\/em><br><strong>Implementierung eines Algorithmus zur Beschreibung koh\u00e4siven Materialversagens<\/strong><br>Masterarbeit (Betreuer: F. Heinrich)<\/li>\n\n\n\n<li><em>F. Nikiema<\/em><br><strong>Literaturrecherche bez\u00fcglich der Implementierung eines Algorithmus zur Beschreibung koh\u00e4siven Materialversagens<\/strong><br>Studienarbeit (Betreuer: F. Heinrich)<\/li>\n\n\n\n<li><em>T. K\u00fchnrich<\/em><br><strong>Experimentelle Untersuchung des Einflusses der Werkstoffdegradation in unidirektionalen Faserverbundstrukturen auf die nichtlinearen Ausbreitungseigenschaften von Lamb-Wellen<\/strong><br>Masterarbeit (Betreuerin: N. Rauter)<\/li>\n\n\n\n<li><em>K. D. H. Moulim<\/em><br><strong>Experimentelle Untersuchung von CFK-Proben mit aufgedruckten Leiterbahnen im Dreipunktbiegeversuch<\/strong><br>Bachelorarbeit (Betreuer: F. Heinrich)<\/li>\n\n\n\n<li><em>L. R\u00fcping<\/em><br><strong>Experimentelle Untersuchung und numerische Simulation von Rekonstruktionsfolien zum Einsatz bei Orbitafrakturen<\/strong><br>Bachelorarbeit (Betreuer: M. R\u00f6sner)<\/li>\n<\/ul>\n\n\n\n<hr class=\"wp-block-separator has-alpha-channel-opacity\" \/>\n\n\n\n<h3 class=\"wp-block-heading\">2015<\/h3>\n\n\n\n<ul class=\"wp-block-list\">\n<li><em>T. K\u00fchnrich<\/em><br><strong>Diskussion von Dispersionsdiagrammen auf Basis der Verschiebungsfelder f\u00fcr LAMB- und horizontale Scherwellen in unidirektionalen und geschichteten Faserverbunden<\/strong><br>Studienarbeit (Betreuerin: N. Rauter)<\/li>\n\n\n\n<li><em>E. Neuendank<\/em><br><strong>Konstruktion und Simulation einer Zange in Form eines nachgiebigen Mechanismus<br><\/strong>Bachelorarbeit (Betreuer: M. R\u00f6sner)<\/li>\n\n\n\n<li><em>J. Herrmann<\/em><br><strong>Untersuchung elastischer Festk\u00f6rpergelenke mittels Finite-Elemente-Methode<\/strong><br>Bachelorarbeit (Betreuer: M. R\u00f6sner)<\/li>\n\n\n\n<li><em>T. Heurich<\/em><br><strong>Modellierung nachgiebiger Mechanismen mit nichtlinearen Balkenelementen<\/strong><br>Bachelorarbeit (Betreuer: R. Friedrich)<\/li>\n<\/ul>\n\n\n\n<hr class=\"wp-block-separator has-alpha-channel-opacity\" \/>\n\n\n\n<h3 class=\"wp-block-heading\">2014<\/h3>\n\n\n\n<ul class=\"wp-block-list\">\n<li><em>J. Geisler<\/em><br><strong>Semi-analytische Behandlung dreidimensionaler Spannungsfelder in gekr\u00fcmmten Laminaten<br><\/strong>Masterarbeit (Betreuer: <abbr title=\"Privatdozent\">PD<\/abbr> <abbr title=\"Doktor\">Dr.<\/abbr>&#8211;<abbr title=\"Ingenieur\">Ing.<\/abbr> Chr. Mittelstedt, Sogeti)<\/li>\n\n\n\n<li><em>L. St\u00f6lzel<\/em><br><strong>Entwicklung eines Optimierungsprozesses f\u00fcr nachgiebige Mechanismen auf Basis elastischer Festk\u00f6rpergelenke<\/strong><br>Masterarbeit (Betreuer: R. Friedrich)<\/li>\n\n\n\n<li><em>N. Vu Ngoc<\/em><br><strong>Berechnung und Analyse von Dispersionsdiagrammen von Lamb-Wellen f\u00fcr geschichtete Faserverbundstrukturen mit experimenteller Verifikation<\/strong><br>Masterarbeit (Betreuerin: N. Rauter)<\/li>\n\n\n\n<li><em>N. Vu Ngoc<\/em><br><strong>Erstellung von Dispersionsdiagrammen zur Charakterisierung der Ausbreitungseigenschaften von Lamb-Wellen in unidirektionalen Faserverbundschichten<\/strong><br>Studienarbeit (Betreuerin: N. Rauter)<\/li>\n<\/ul>\n\n\n\n<hr class=\"wp-block-separator has-alpha-channel-opacity\" \/>\n\n\n\n<h3 class=\"wp-block-heading\">2013<\/h3>\n\n\n\n<ul class=\"wp-block-list\">\n<li><em>K. Lehnen<\/em><br><strong>Dreidimensionale Auswertung der Lambwellenbeobachtung in gekr\u00fcmmten Strukturen mit dem 1D-Scanning-Laser-Vibrometer<\/strong><br>Masterarbeit<\/li>\n\n\n\n<li><em>C. R. Maass<\/em><br><strong>Entwicklung einer kompakten Vorschubeinheit auf Basis von nachgiebigen Mechanismen<br><\/strong>Bachelorarbeit (Betreuer: R. Friedrich)<\/li>\n\n\n\n<li><em>N. Vu Ngoc<\/em><br><strong>Modellierung elastischer Festk\u00f6rpergelenke unter Verwendung der equivalent beam methodology (EBM)<\/strong><br>Bachelorarbeit (Betreuer: M. R\u00f6sner)<\/li>\n\n\n\n<li><em>L. St\u00f6lzel<\/em><br><strong>Untersuchung von Modellreduktionsverfahren<\/strong><br>Bachelorarbeit (Betreuer: M. R\u00f6sner)<\/li>\n<\/ul>\n\n\n\n<hr class=\"wp-block-separator has-alpha-channel-opacity\" \/>\n\n\n\n<h3 class=\"wp-block-heading\">2012<\/h3>\n\n\n\n<ul class=\"wp-block-list\">\n<li><em>N. Rauter<\/em><br><strong>Ermittlung des Ma\u00dfes der Nichtlinearit\u00e4t einer Platte mittels experimenteller Untersuchungen linearer und nichtlinearer Ausbreitungseigenschaften von LAMB-Wellen<\/strong><br>(Betreuerin: B. Hennings)<\/li>\n\n\n\n<li><em>E. Flemming<\/em><br><strong>Konzeption eines CFK-Monocoques f\u00fcr ein Formula Student Fahrzeug mit Schwerpunkt Schichtverbundanalyse<\/strong><br>(Betreuer: R. Friedrich)<\/li>\n\n\n\n<li><em>M. Meyer<\/em><br><strong>Programmierung von krummlinig berandeten finiten Scheibenelementen zur Berechnung von Lambwelle<\/strong><br>(Betreuerin: B. Hennings)<\/li>\n\n\n\n<li><em>C. Schirrow<\/em><br><strong>Implementierung von Spektralen Finiten Volumenelementen in FEAP zur Untersuchung der Wellenausbreitung in elastischen Strukturen<\/strong><br>Masterarbeit (Betreuer: A. Asmus)<\/li>\n\n\n\n<li><em>T. Berg<\/em><br><strong>Damage monitoring and simulation of isogrid composite structures<\/strong><br>Masterarbeit (Betreuer: <abbr title=\"Professor\">Prof.<\/abbr> R. Lammering)<\/li>\n\n\n\n<li><em>C. Schirrow<\/em><br><strong>Untersuchung der Wellenausbreitung in anisotropen Materialien anhand von Volumenelementen<br><\/strong>Studienarbeit (Betreuer: A. Asmus)<\/li>\n\n\n\n<li><em>E. Flemming<\/em><br><strong>Konzeption eins CFK-Monocoques f\u00fcr ein Formula Student Fahrzeug mit dem Schwerpunkt Schichtverbundanalyse<\/strong><br>(Betreuer: R. Friedrich)<\/li>\n\n\n\n<li><em>I. Mews<\/em><br><strong>Thermodynamische FE-Simulation mittels COMSOL Multiphysics am Beispiel eines Resektoskopiesystems mit integrierter LED-Lichtquelle<\/strong><br>Masterarbeit (Betreuer: F. Dirksen)<\/li>\n\n\n\n<li><em>K. Lehnen<\/em><br><strong>Experimentelle Untersuchung schleichender Modenkonvertierung von Lamb-Wellen in kohlenstofffaserverst\u00e4rkten Kunststoffen<\/strong><br>Bachelorarbeit (Betreuer: M. Neumann)<\/li>\n\n\n\n<li><em>I. Irkin<\/em><br><strong>Experimentelle Bestimmung der elastischen Kennwerte von Einschichtplatten aus kohlenstofffaserverst\u00e4rktem Kunststoff<\/strong><br>Bachelorarbeit (Betreuer: M. Neumann)<\/li>\n\n\n\n<li><em>T. Berg<\/em><br><strong>Design Nachgiebiger Mechanismen zur Einhaltung vorgegebener Bewegungen<\/strong><br>Studienarbeit (Betreuer: F. Dirksen)<\/li>\n\n\n\n<li><em>M. Gottwald<\/em><br><strong>Experimentelle Untersuchung von d\u00fcnnen, elastischen Festk\u00f6rpergelenken<\/strong><br>Bachelorarbeit (Betreuer: F. Dirksen)<\/li>\n\n\n\n<li><em>I. Killem<\/em><br><strong>Konstruktion und FE-Berechnung eines mit Faserverbundwerkstoffen verst\u00e4rktem Gitterrohr-Hybridrahmens f\u00fcr das <abbr title=\"Helmut Schmidt Universit\u00e4t\">HSU<\/abbr> Racing Team<\/strong><br>Bachelorarbeit (Betreuer: F. Dirksen)<\/li>\n<\/ul>\n\n\n\n<hr class=\"wp-block-separator has-alpha-channel-opacity\" \/>\n\n\n\n<h3 class=\"wp-block-heading\">2011<\/h3>\n\n\n\n<ul class=\"wp-block-list\">\n<li><em>S. Baum<\/em><br><strong>Experimentelle Untersuchung elastischer Festk\u00f6rpergelenke mittels Zugpr\u00fcfmaschine Tira 2810<br><\/strong>Bachelorarbeit (Betreuer: F. Dirksen)<\/li>\n\n\n\n<li><em>J. Burger<\/em><br><strong>Experimentelle Untersuchung elastischer Festk\u00f6rpergelenke mittels optischem Korrelationsmesssystem Q400<\/strong><br>Bachelorarbeit (Betreuer: F. Dirksen)<\/li>\n\n\n\n<li><em>C. Busch<\/em><br><strong>Dimensioning and Structural Analysis of CFRP &#8211; Al alloy Composites for Formula Hybrid A-Arms<br><\/strong>Bachelorarbeit (Betreuer: <abbr title=\"Professor\">Prof.<\/abbr> Lammering)<\/li>\n\n\n\n<li><em>D. Claa\u00dfen<\/em><br><strong>Vergleichende Untersuchung zur Bestimmung des Elastizit\u00e4tsmoduls von Metallen mittels Zug-, Biege- und Schallgeschwindigkeitsmessversuch<\/strong><br>Bachelorarbeit (Betreuer: M. Neumann, B. Hennings)<\/li>\n\n\n\n<li><em>T. Berg<\/em><br><strong>Implementierung des GCMMA-Algorithmus zur Weiterentwicklung numerischer<\/strong> <strong>Topologieoptimierungsverfahren<\/strong><br>Bachelorarbeit 2011 (Betreuer: F. Dirksen)<\/li>\n\n\n\n<li><em>T. Losch<\/em><br><strong>Untersuchungen zur Wellenausbreitung in Platten mit spektralen Finiten Elementen<\/strong><br>Masterarbeit (Betreuer: A. Asmus, B. Hennings)<\/li>\n\n\n\n<li><em>T. Losch<\/em><br><strong>Untersuchung von Wellen in Reissner-Mindlin-Platten mit FEAP<\/strong><br>Studienarbeit (Betreuer: A. Asmus B. Hennings)<\/li>\n\n\n\n<li><em>A. M\u00f6bus<\/em><br><strong>Erstellen von Vergleichsrechnungen zur Wellenausbreitung in Platten und Scheiben<\/strong><br>Bachelorarbeit (Betreuerin: B. Hennings)<\/li>\n\n\n\n<li><em>P. Steinbeck<\/em><br><strong>Optimierung eines vorliegenden MATLAB\/Maple-Programmcodes und Programmierung eines GUI zur Struktur\u00fcberwachung<\/strong><br>Bachelorarbeit (Betreuer: A. Ungeth\u00fcm)<\/li>\n<\/ul>\n","protected":false},"excerpt":{"rendered":"<p>2023 2022 2021 2019 2018 2017 2016 2015 2014 2013 2012 2011<\/p>\n","protected":false},"author":2983,"featured_media":0,"parent":161,"menu_order":0,"comment_status":"closed","ping_status":"closed","template":"","meta":{"footnotes":""},"categories":[6],"tags":[],"class_list":["post-2233","page","type-page","status-publish","hentry","category-lehre"],"_links":{"self":[{"href":"https:\/\/www.hsu-hh.de\/mechanik\/wp-json\/wp\/v2\/pages\/2233","targetHints":{"allow":["GET"]}}],"collection":[{"href":"https:\/\/www.hsu-hh.de\/mechanik\/wp-json\/wp\/v2\/pages"}],"about":[{"href":"https:\/\/www.hsu-hh.de\/mechanik\/wp-json\/wp\/v2\/types\/page"}],"author":[{"embeddable":true,"href":"https:\/\/www.hsu-hh.de\/mechanik\/wp-json\/wp\/v2\/users\/2983"}],"replies":[{"embeddable":true,"href":"https:\/\/www.hsu-hh.de\/mechanik\/wp-json\/wp\/v2\/comments?post=2233"}],"version-history":[{"count":10,"href":"https:\/\/www.hsu-hh.de\/mechanik\/wp-json\/wp\/v2\/pages\/2233\/revisions"}],"predecessor-version":[{"id":2272,"href":"https:\/\/www.hsu-hh.de\/mechanik\/wp-json\/wp\/v2\/pages\/2233\/revisions\/2272"}],"up":[{"embeddable":true,"href":"https:\/\/www.hsu-hh.de\/mechanik\/wp-json\/wp\/v2\/pages\/161"}],"wp:attachment":[{"href":"https:\/\/www.hsu-hh.de\/mechanik\/wp-json\/wp\/v2\/media?parent=2233"}],"wp:term":[{"taxonomy":"category","embeddable":true,"href":"https:\/\/www.hsu-hh.de\/mechanik\/wp-json\/wp\/v2\/categories?post=2233"},{"taxonomy":"post_tag","embeddable":true,"href":"https:\/\/www.hsu-hh.de\/mechanik\/wp-json\/wp\/v2\/tags?post=2233"}],"curies":[{"name":"wp","href":"https:\/\/api.w.org\/{rel}","templated":true}]}}