{"id":2225,"date":"2023-12-14T10:11:21","date_gmt":"2023-12-14T09:11:21","guid":{"rendered":"https:\/\/www.hsu-hh.de\/mechanik\/?page_id=2225"},"modified":"2023-12-14T10:31:03","modified_gmt":"2023-12-14T09:31:03","slug":"offene-studentische-arbeiten","status":"publish","type":"page","link":"https:\/\/www.hsu-hh.de\/mechanik\/lehre\/offene-studentische-arbeiten","title":{"rendered":"Offene studentische Arbeiten"},"content":{"rendered":"\n<h1 class=\"wp-block-heading has-medium-font-size\">Einfluss von Vorspannungen auf die Wellenausbreitung<\/h1>\n\n\n\n<h3 class=\"wp-block-heading has-medium-font-size\">Experimentelle Untersuchung des Einflusses von Vorspannungen auf die Ausbreitungseigenschaften von gef\u00fchrten Wellen in faserverst\u00e4rkten Kunststoffen<\/h3>\n\n\n\n<h3 class=\"wp-block-heading has-medium-font-size\">Studien- \/ Masterarbeit<\/h3>\n\n\n\n<hr class=\"wp-block-separator has-alpha-channel-opacity\" \/>\n\n\n\n<h3 class=\"wp-block-heading\">Kategorie:<\/h3>\n\n\n\n<p>Experimentell<\/p>\n\n\n\n<h3 class=\"wp-block-heading\">Beschreibung:<\/h3>\n\n\n\n<p>Die Verwendung von gef\u00fchrten Wellen ist eine geeignete Methode f\u00fcr die Struktur\u00fcberwachung von faserverst\u00e4rkten Kunststoffen. Auf Grund des Fertigungsprozesses und der Belastungen im Betrieb der Bauteile ist eine spannungsfreie Lagerung im Rahmen der Strukturanalyse nicht garantiert. Es m\u00fcssen demnach die im Bauteil herrschenden Spannungszust\u00e4nde mitber\u00fccksichtigt werden.<\/p>\n\n\n\n<p>Es soll experimentell untersucht werden, in wie fern eine Vorspannung des Bauteils eine Auswirkung auf die Ausbreitungseigenschaften der gef\u00fchrten Wellen haben. Hierzu werden unterschiedliche Materialen und Belastungszust\u00e4nde herangezogen.<\/p>\n\n\n\n<h3 class=\"wp-block-heading\">Interessierte melden sich bei:<\/h3>\n\n\n\n<p><abbr title=\"Doktor\">Dr.<\/abbr>\u2013<abbr title=\"Ingenieur\">Ing.<\/abbr> Natalie Rauter:<br>H1 R. 1223, Tel. 2872, <a href=\"mailto:natalie.rauter@hsu-hh.de\" rel='nofollow'>natalie.rauter@hsu-hh.de<\/a><\/p>\n\n\n\n<div style=\"height:50px\" aria-hidden=\"true\" class=\"wp-block-spacer\"><\/div>\n\n\n\n<hr class=\"wp-block-separator has-alpha-channel-opacity\" \/>\n\n\n\n<h2 class=\"wp-block-heading\">Kurzfaserverst\u00e4rkte Kunststoffe<\/h2>\n\n\n\n<h3 class=\"wp-block-heading\">Untersuchung und Modellierung der stochastischen Verteilung vom Materialeigenschaften kurzfaserverst\u00e4rkter Kunststoffe<\/h3>\n\n\n\n<h3 class=\"wp-block-heading\">Bachelor- \/ Studien- \/ Masterarbeit<\/h3>\n\n\n\n<hr class=\"wp-block-separator has-alpha-channel-opacity\" \/>\n\n\n\n<h3 class=\"wp-block-heading\">Kategorie:<\/h3>\n\n\n\n<p>Numerisch, experimentell<\/p>\n\n\n\n<h3 class=\"wp-block-heading\">Beschreibung:<\/h3>\n\n\n\n<p>Die Materialeigenschaften von kurzfaserverst\u00e4rkten Kunststoffen sind von einer Vielzahl an Parametern abh\u00e4ngig. Hierzu z\u00e4hlen unter anderem die Faserorientierung, Faserverteilung, Faserl\u00e4nge und Faserdurchmesser.<\/p>\n\n\n\n<p>Mit Hilfe von Materialproben und Literaturwerten sollen analytische Modelle zur Beschreibung der Materialeigenschaften angewendet und im Rahmen experimenteller Untersuchungen best\u00e4tigt werden. Auf Basis der gewonnenen Erkenntnisse kann im Anschluss eine numerische Modellierung der stochastisch verteilten Materialeigenschaften vorgenommen werden.<\/p>\n\n\n\n<h3 class=\"wp-block-heading\">Interessierte melden sich bei:<\/h3>\n\n\n\n<p><abbr title=\"Doktor\">Dr.<\/abbr>\u2013<abbr title=\"Ingenieur\">Ing.<\/abbr> Natalie Rauter:<br>H1 R. 1223, Tel. 2872,<a href=\"mailto:natalie.rauter@hsu-hh.de\" rel='nofollow'> natalie.rauter@hsu-hh.de<\/a><\/p>\n\n\n\n<div style=\"height:50px\" aria-hidden=\"true\" class=\"wp-block-spacer\"><\/div>\n\n\n\n<hr class=\"wp-block-separator has-alpha-channel-opacity\" \/>\n\n\n\n<h2 class=\"wp-block-heading\">Kriechverhalten<\/h2>\n\n\n\n<h3 class=\"wp-block-heading\">Experimentelle Untersuchung des Kriechverhaltens von kurzglasfaserverst\u00e4rkten Kunststoffen in Abh\u00e4ngigkeit des Fasermassengehaltes<\/h3>\n\n\n\n<h3 class=\"wp-block-heading\">Bachelor- \/ Studien- \/ Masterarbeit<\/h3>\n\n\n\n<hr class=\"wp-block-separator has-alpha-channel-opacity\" \/>\n\n\n\n<h3 class=\"wp-block-heading\">Kategorie:<\/h3>\n\n\n\n<p>Experimentell<\/p>\n\n\n\n<h3 class=\"wp-block-heading\">Beschreibung:<\/h3>\n\n\n\n<p>Aufgrund ihrer breiten und stetig wachsenden Einsatzm\u00f6glichkeiten stellen kurzglasfaserverst\u00e4rkte Kunststoffe einen bedeutungsvollen technischen Werkstoff dar. Kunststoffe zeigen ein ausgepr\u00e4gtes Kriechverhalten (zeitliche Verformung infolge einer statischen Beanspruchung). Dieses soll f\u00fcr eine sichere Bauteilauslegung ber\u00fccksichtigt werden, denn selbst bei geringer Beanspruchung kann es zu einem Bauteilversagen f\u00fchren.<br>Dabei ist der Fasermassengehalt ein wesentlicher Einflussparameter auf das mechanische Kriechverhalten des Kunststoffes. Im Rahmen dieser Arbeit soll das Kriechverhalten von Kunststoffen in Abh\u00e4ngigkeit des Fasermassengehaltes experimentell untersucht werden.<\/p>\n\n\n\n<h3 class=\"wp-block-heading\">Interessierte melden sich bei:<\/h3>\n\n\n\n<p>Eduard Klatt, <abbr title=\"Master of Science\">M.Sc.<\/abbr><br>H1 R 1146, Tel. 3524, <a href=\"mailto:klatte@hsu-hh.de\" rel='nofollow'>klatte@hsu-hh.de<\/a><\/p>\n\n\n\n<p><abbr title=\"Doktor\">Dr.<\/abbr>\u2013<abbr title=\"Ingenieur\">Ing.<\/abbr> Natalie Rauter:<br>H1 R. 1223, Tel. 2872, <a href=\"mailto:natalie.rauter@hsu-hh.de\" rel='nofollow'>natalie.rauter@hsu-hh.de<\/a><\/p>\n\n\n\n<p><a href=\"https:\/\/www.hsu-hh.de\/mechanik\/wp-content\/uploads\/sites\/708\/2023\/01\/Experimentelle_Untersuchung_Kriechverhalten_PBT_012022_3-1.pdf\">Beschreibung<\/a><\/p>\n\n\n\n<div style=\"height:50px\" aria-hidden=\"true\" class=\"wp-block-spacer\"><\/div>\n\n\n\n<hr class=\"wp-block-separator has-alpha-channel-opacity\" \/>\n\n\n\n<h2 class=\"wp-block-heading\">Materialeigenschaften auf der Mikroebene<\/h2>\n\n\n\n<h3 class=\"wp-block-heading\">Experimentelle Untersuchung der Materialeigenschaften auf der Mikroebene<\/h3>\n\n\n\n<h3 class=\"wp-block-heading\">Bachelor- \/ Studien- \/ Masterarbeit<\/h3>\n\n\n\n<hr class=\"wp-block-separator has-alpha-channel-opacity\" \/>\n\n\n\n<h3 class=\"wp-block-heading\">Kategorie:<\/h3>\n\n\n\n<p>Experimentell<\/p>\n\n\n\n<h3 class=\"wp-block-heading\">Beschreibung:<\/h3>\n\n\n\n<p>Durch die Zugabe von Fasern in ein Matrixmaterial, wie <abbr title=\"zum Beispiel\">z.B.<\/abbr> thermoplastische Kunststoffe, kann eine Erh\u00f6hung der Festigkeit und der Steifigkeit des Werkstoffes erreicht werden. Dabei wird die Verteilung der Fasern im Bauteil ma\u00dfgeblich durch den Fertigungsprozess beeinflusst, was unter anderem zu heterogenen und stochastisch verteilten Materialeigenschaften f\u00fchrt. Auf der Mikroebene k\u00f6nnen diese Material-eigenschaften mittels des Nanoindenters analysiert und ausgewertet werden.<br>Im Rahmen dieser Arbeit sollen die mechanischen Materialeigenschaften von faserverst\u00e4rkten Kunststoffen in Abh\u00e4ngigkeit des Fasermassengehaltes auf der Mikroebene untersucht werden.<\/p>\n\n\n\n<h3 class=\"wp-block-heading\">Interessierte melden sich bei:<\/h3>\n\n\n\n<p>Eduard Klatt, <abbr title=\"Master of Science\">M.Sc.<\/abbr><br>H1 R 1146, Tel. 3524, <a href=\"mailto:klatte@hsu-hh.de\" rel='nofollow'>klatte@hsu-hh.de<\/a><\/p>\n\n\n\n<p><abbr title=\"Doktor\">Dr.<\/abbr>\u2013<abbr title=\"Ingenieur\">Ing.<\/abbr> Natalie Rauter:<br>H1 R. 1223, Tel. 2872, <a href=\"mailto:natalie.rauter@hsu-hh.de\" rel='nofollow'>natalie.rauter@hsu-hh.de<\/a><\/p>\n\n\n\n<p><br><\/p>\n","protected":false},"excerpt":{"rendered":"<p>Einfluss von Vorspannungen auf die Wellenausbreitung Experimentelle Untersuchung des Einflusses von Vorspannungen auf die Ausbreitungseigenschaften von gef\u00fchrten Wellen in faserverst\u00e4rkten Kunststoffen Studien- \/ Masterarbeit Kategorie: Experimentell Beschreibung: Die Verwendung von [&hellip;]<\/p>\n","protected":false},"author":2983,"featured_media":0,"parent":161,"menu_order":0,"comment_status":"closed","ping_status":"closed","template":"","meta":{"footnotes":""},"categories":[6],"tags":[],"class_list":["post-2225","page","type-page","status-publish","hentry","category-lehre"],"_links":{"self":[{"href":"https:\/\/www.hsu-hh.de\/mechanik\/wp-json\/wp\/v2\/pages\/2225","targetHints":{"allow":["GET"]}}],"collection":[{"href":"https:\/\/www.hsu-hh.de\/mechanik\/wp-json\/wp\/v2\/pages"}],"about":[{"href":"https:\/\/www.hsu-hh.de\/mechanik\/wp-json\/wp\/v2\/types\/page"}],"author":[{"embeddable":true,"href":"https:\/\/www.hsu-hh.de\/mechanik\/wp-json\/wp\/v2\/users\/2983"}],"replies":[{"embeddable":true,"href":"https:\/\/www.hsu-hh.de\/mechanik\/wp-json\/wp\/v2\/comments?post=2225"}],"version-history":[{"count":6,"href":"https:\/\/www.hsu-hh.de\/mechanik\/wp-json\/wp\/v2\/pages\/2225\/revisions"}],"predecessor-version":[{"id":2231,"href":"https:\/\/www.hsu-hh.de\/mechanik\/wp-json\/wp\/v2\/pages\/2225\/revisions\/2231"}],"up":[{"embeddable":true,"href":"https:\/\/www.hsu-hh.de\/mechanik\/wp-json\/wp\/v2\/pages\/161"}],"wp:attachment":[{"href":"https:\/\/www.hsu-hh.de\/mechanik\/wp-json\/wp\/v2\/media?parent=2225"}],"wp:term":[{"taxonomy":"category","embeddable":true,"href":"https:\/\/www.hsu-hh.de\/mechanik\/wp-json\/wp\/v2\/categories?post=2225"},{"taxonomy":"post_tag","embeddable":true,"href":"https:\/\/www.hsu-hh.de\/mechanik\/wp-json\/wp\/v2\/tags?post=2225"}],"curies":[{"name":"wp","href":"https:\/\/api.w.org\/{rel}","templated":true}]}}