{"id":1590,"date":"2021-04-27T10:55:30","date_gmt":"2021-04-27T08:55:30","guid":{"rendered":"https:\/\/www.hsu-hh.de\/mechanik\/?page_id=1590"},"modified":"2024-06-13T12:34:22","modified_gmt":"2024-06-13T10:34:22","slug":"eduard-klatt-m-sc","status":"publish","type":"page","link":"https:\/\/www.hsu-hh.de\/mechanik\/team\/eduard-klatt-m-sc","title":{"rendered":"Eduard Klatt M.Sc."},"content":{"rendered":"\n<div class=\"wp-block-columns is-layout-flex wp-container-core-columns-is-layout-9d6595d7 wp-block-columns-is-layout-flex\">\n<div class=\"wp-block-column is-layout-flow wp-block-column-is-layout-flow\" style=\"font-size:15px;flex-basis:100%\"><script type=\"application\/ld+json\">[{\"@context\": \"https:\/\/www.schema.org\",\"@type\": \"Person\",\"name\": \"Eduard Klatt\",\"worksFor\": [{\t\"@type\": \"Organization\",\t\"name\": \"Helmut-Schmidt-Universit\u00e4t\",\t\"url\": \"https:\/\/www.hsu-hh.de\"\t, \"department\": {\"@type\": \"Organization\",\t\t\t\t\t\"name\": \"Festk\u00f6rpermechanik\",\t\t\t\t\t\"location\": {\t\t\t\t\t\t\"@type\": \"PostalAddress\",\t\t\t\t\t\t\"addressLocality\": \"\",        \t\t\t\t\"postalCode\": \"22043\",        \t\t\t\t\"streetAddress\": \"Holstenhofweg 85 , Geb\u00e4ude H01\"\t\t\t\t\t}},\t\"location\": {\t\t\"@type\": \"PostalAddress\",    \t\"addressLocality\": \"\",    \t\"postalCode\": \"22008\",    \t\"postOfficeBoxNumber\": \"700822\"\t}   }],\"image\": \"https:\/\/www.hsu-hh.de\/mechanik\/wp-content\/uploads\/sites\/708\/2023\/11\/023_4276_kopie-150x150.jpg\",\"telephone\": \"+49406541-3524\",\"faxNumber\": \"\",\"email\": \"klatte@hsu-hh.de\"}]<\/script><div class=\"clearfix\"><\/div><div class=\"ansprechparter-container \" style=\"margin-top:1em; \"><div class=\"row ansprechpartner-item ansprechparter-header\" ><div class=\"col-xs-8 col-lg-12\" style=\"margin-bottom: 30px;\"><h3 class=\"ansprechparter-headline\">Eduard Klatt<\/h3><\/div><\/div><div class=\"col-md-4 col-lg-3 col-xs-4 ansprechpartner-item floatright img-circle center-block\" style=\"margin-bottom: 30px;\"><div class=\"img-responsive-wrapper\"><img decoding=\"async\" src=\"https:\/\/www.hsu-hh.de\/mechanik\/wp-content\/uploads\/sites\/708\/2023\/11\/023_4276_kopie-150x150.jpg\" alt=\"\" class=\"img-circle img-responsive center-block\" \/><\/div><\/div><div class=\"col-md-12 col-lg-3 col-xs-12 ansprechpartner-item kontakt floatright\" style=\"margin-bottom: 30px; \"><div class=\"row\"><div class=\"col-xs-12 col-sm-6 col-lg-12\"><div class=\"row\"><div class=\"col-xs-4 col-lg-4 row-text bold\" >Raum:<\/div><div class=\" row-text\">1146<\/div><\/div><\/div><div class=\"col-xs-12 col-sm-6 col-lg-12\"><div class=\"row\"><div class=\"col-xs-4 col-lg-4 row-text bold\">Telefon:<\/div><div class=\" row-text\">+49406541-3524<\/div><\/div><\/div><div class=\"col-xs-12 col-sm-6 col-lg-12\"><div class=\"row\"><div class=\"col-xs-4 col-lg-4 row-text bold\">E-Mail:<\/div><div class=\"row-text\" style=\"overflow:hidden; word-break: break-word\"><a href=\"mailto:klatte@hsu-hh.de\" rel=\"nofollow\">klatte@hsu-hh.de<\/a><\/div><\/div><\/div><\/div><\/div><div class=\"col-md-6 col-lg-3 col-xs-12 ansprechpartner-item anschrift floatright\" ><div class=\"row-headline\">Besucheranschrift<\/div><div class=\"dataBesucheranschrift\" style=\"\"><div class=\"row-text\">Helmut-Schmidt-Universit\u00e4t<\/div><div class=\"row-text\">Geb\u00e4ude H01<\/div><div class=\"row-text\">Holstenhofweg 85<\/div><div class=\"row-text\">22043 Hamburg<\/div><\/div><\/div><div class=\"col-md-6 col-lg-3 col-xs-12 ansprechpartner-item anschrift floatright\"><div class=\"row-headline\">Postanschrift<\/div><div class=\"dataPostanschrift\" style=\"\"><div class=\"row-text\">Helmut-Schmidt-Universit\u00e4t<\/div><div class=\"row-text\">Festk\u00f6rpermechanik<\/div><div class=\"row-text\">Postfach 70 08 22<\/div><div class=\"row-text\">22008 Hamburg<\/div><\/div><\/div><\/div><div class=\"clearfix\"><\/div>\n\n\n<p><br \/><h3>Forschungsgebiete<\/h3><\/p>\n<ul>\n<li><a href=\"https:\/\/www.hsu-hh.de\/mechanik\/stochastischewerkstoffeigenschaften\">Modellierung von faserverst\u00e4rkten Kunststoffen unter Ber\u00fccksichtigung stochastisch verteilter Materialeigenschaften mittels probabilistischer Methoden<\/a><\/li>\n<li>Modellierung des nichtlinearen Materialverhaltens von faserverst\u00e4rkten Kunststoffen<\/li>\n<\/ul>\n<p><br \/><h3>Wissenschaftlicher Werdegang<\/h3><br \/><strong>T\u00e4tigkeiten nach dem Studium<\/strong><\/p>\n<ul>\n<li>Seit 12\/2020<br \/>Wissenschaftlicher Mitarbeiter am Institut f\u00fcr Mechanik<br \/>Helmut-Schmidt-Universit\u00e4t \/ Universit\u00e4t der Bundeswehr Hamburg<\/li>\n<li>10\/2018 &#8211; 11\/2020<br \/>T\u00e4tigkeiten im Bereich Entwicklung mit Schwerpunkt Produktvalidierung<br \/>Polytec Group, Lohne<\/li>\n<\/ul>\n<p><strong>Studium mit Abschluss<\/strong><\/p>\n<ul>\n<li>03\/2016 &#8211; 10\/2018<br \/>Masterstudium, Maschinenbau \u2013 Entwicklung und Produktion (Master of Science)<br \/>Hochschule Osnabr\u00fcck<br \/>Masterarbeit im industriellen Umfeld: Integrative Simulation \u2013 Strukturmechanische Analyse von kurzfaserverst\u00e4rken Thermoplasten unter Ber\u00fccksichtigung der prozessbedingten Faserorientierung<\/li>\n<li>03\/2012 &#8211; 09\/02015<br \/>Bachelorstudium, Maschinenbau (Bachelor of Science)<br \/>Hochschule Osnabr\u00fcck<br \/>Bachelorarbeit im industriellen Umfeld: Festigkeitstechnische Analyse (FEM) von Kunststoffrohren unter Ber\u00fccksichtigung orthotropen Materialverhalten<\/li>\n<\/ul>\n<p><strong>T\u00e4tigkeiten w\u00e4hrend des Studiums<\/strong><\/p>\n<ul>\n<li>03\/2017 \u2013 12\/2017<br \/>Werkstudent, H\u00f6cker Polytechnik <abbr title=\"Gesellschaft mit beschr\u00e4nkter Haftung\">GmbH<\/abbr><br \/>T\u00e4tigkeit: Numerische Str\u00f6mungsanalyse (CFD) insbesondere Komponenten-Wechselwirkung sowie Optimierung der gesamten industriellen Filteranlage<\/li>\n<li>05\/2016 \u2013 03\/2017<br \/>Wissenschaftliche Hilfskraft, industrielle Kooperation mit OSNA-Pumpen <abbr title=\"Gesellschaft mit beschr\u00e4nkter Haftung\">GmbH<\/abbr><br \/>Hochschule Osnabr\u00fcck, Labor f\u00fcr Str\u00f6mungslehre und Str\u00f6mungsmaschinen<br \/>T\u00e4tigkeit: Experimentelle und numerische Str\u00f6mungsanalyse (CFD) einer mehrstufigen Kreiselpumpe sowie Optimierung der Schaufelgeometrie mittels DoE-Methode<\/li>\n<\/ul>\n<p><br \/><h3>Ver\u00f6ffentlichungen<\/h3><\/p>\n<p><br \/><\/p>\n<\/div>\n<\/div>\n","protected":false},"excerpt":{"rendered":"<p>Forschungsgebiete Modellierung von faserverst\u00e4rkten Kunststoffen unter Ber\u00fccksichtigung stochastisch verteilter Materialeigenschaften mittels probabilistischer Methoden Modellierung des nichtlinearen Materialverhaltens von faserverst\u00e4rkten Kunststoffen Wissenschaftlicher Werdegang T\u00e4tigkeiten nach dem Studium Seit 12\/2020Wissenschaftlicher Mitarbeiter am [&hellip;]<\/p>\n","protected":false},"author":2983,"featured_media":0,"parent":155,"menu_order":0,"comment_status":"closed","ping_status":"closed","template":"","meta":{"footnotes":""},"categories":[42],"tags":[],"class_list":["post-1590","page","type-page","status-publish","hentry","category-wma"],"_links":{"self":[{"href":"https:\/\/www.hsu-hh.de\/mechanik\/wp-json\/wp\/v2\/pages\/1590","targetHints":{"allow":["GET"]}}],"collection":[{"href":"https:\/\/www.hsu-hh.de\/mechanik\/wp-json\/wp\/v2\/pages"}],"about":[{"href":"https:\/\/www.hsu-hh.de\/mechanik\/wp-json\/wp\/v2\/types\/page"}],"author":[{"embeddable":true,"href":"https:\/\/www.hsu-hh.de\/mechanik\/wp-json\/wp\/v2\/users\/2983"}],"replies":[{"embeddable":true,"href":"https:\/\/www.hsu-hh.de\/mechanik\/wp-json\/wp\/v2\/comments?post=1590"}],"version-history":[{"count":13,"href":"https:\/\/www.hsu-hh.de\/mechanik\/wp-json\/wp\/v2\/pages\/1590\/revisions"}],"predecessor-version":[{"id":2308,"href":"https:\/\/www.hsu-hh.de\/mechanik\/wp-json\/wp\/v2\/pages\/1590\/revisions\/2308"}],"up":[{"embeddable":true,"href":"https:\/\/www.hsu-hh.de\/mechanik\/wp-json\/wp\/v2\/pages\/155"}],"wp:attachment":[{"href":"https:\/\/www.hsu-hh.de\/mechanik\/wp-json\/wp\/v2\/media?parent=1590"}],"wp:term":[{"taxonomy":"category","embeddable":true,"href":"https:\/\/www.hsu-hh.de\/mechanik\/wp-json\/wp\/v2\/categories?post=1590"},{"taxonomy":"post_tag","embeddable":true,"href":"https:\/\/www.hsu-hh.de\/mechanik\/wp-json\/wp\/v2\/tags?post=1590"}],"curies":[{"name":"wp","href":"https:\/\/api.w.org\/{rel}","templated":true}]}}