{"id":155,"date":"2017-09-06T13:29:51","date_gmt":"2017-09-06T11:29:51","guid":{"rendered":"https:\/\/www.hsu-hh.de\/mechanik\/?page_id=155"},"modified":"2026-02-13T08:59:04","modified_gmt":"2026-02-13T07:59:04","slug":"team","status":"publish","type":"page","link":"https:\/\/www.hsu-hh.de\/mechanik\/team","title":{"rendered":"Team"},"content":{"rendered":"\n<figure class=\"wp-block-image size-full\"><img loading=\"lazy\" decoding=\"async\" width=\"2560\" height=\"1707\" src=\"https:\/\/www.hsu-hh.de\/mechanik\/wp-content\/uploads\/sites\/708\/2023\/11\/023_4260-scaled.jpg\" data-credit=\"PFM\" alt=\"\" class=\"wp-image-2164\" srcset=\"https:\/\/www.hsu-hh.de\/mechanik\/wp-content\/uploads\/sites\/708\/2023\/11\/023_4260-scaled.jpg 2560w, https:\/\/www.hsu-hh.de\/mechanik\/wp-content\/uploads\/sites\/708\/2023\/11\/023_4260-300x200.jpg 300w, https:\/\/www.hsu-hh.de\/mechanik\/wp-content\/uploads\/sites\/708\/2023\/11\/023_4260-1024x683.jpg 1024w, https:\/\/www.hsu-hh.de\/mechanik\/wp-content\/uploads\/sites\/708\/2023\/11\/023_4260-768x512.jpg 768w, https:\/\/www.hsu-hh.de\/mechanik\/wp-content\/uploads\/sites\/708\/2023\/11\/023_4260-1536x1024.jpg 1536w, https:\/\/www.hsu-hh.de\/mechanik\/wp-content\/uploads\/sites\/708\/2023\/11\/023_4260-2048x1365.jpg 2048w, https:\/\/www.hsu-hh.de\/mechanik\/wp-content\/uploads\/sites\/708\/2023\/11\/023_4260-1100x733.jpg 1100w\" sizes=\"auto, (max-width: 2560px) 100vw, 2560px\" \/><\/figure>\n\n\n\n<div class=\"wp-block-columns is-layout-flex wp-container-core-columns-is-layout-9d6595d7 wp-block-columns-is-layout-flex\">\n<div class=\"wp-block-column is-layout-flow wp-block-column-is-layout-flow\">\n<p><strong>Postanschrift<\/strong><br>Helmut-Schmidt-Universit\u00e4t<br>Festk\u00f6rpermechanik<br>Postfach 70 08 22<br>22043 Hamburg<\/p>\n<\/div>\n\n\n\n<div class=\"wp-block-column is-layout-flow wp-block-column-is-layout-flow\">\n<p><strong>Besucheranschrift<\/strong><br>Helmut-Schmidt-Universit\u00e4t<br>Geb\u00e4ude H01<br>Holstenhofweg 85<br>22043 Hamburg<\/p>\n<\/div>\n<\/div>\n\n\n\n<div style=\"height:50px\" aria-hidden=\"true\" class=\"wp-block-spacer\"><\/div>\n\n\n\n<h1 class=\"wp-block-heading\">Leitung (Vertretungsprofessorin)<\/h1>\n\n\n\n<hr class=\"wp-block-separator has-alpha-channel-opacity\" \/>\n\n\n\n<h2 class=\"wp-block-heading\"><abbr title=\"Privatdozent\">PD<\/abbr> <abbr title=\"Doktor\">Dr.<\/abbr>&#8211;<abbr title=\"Ingenieur\">Ing.<\/abbr> Natalie Rauter<\/h2>\n\n\n\n<div class=\"wp-block-columns is-layout-flex wp-container-core-columns-is-layout-9d6595d7 wp-block-columns-is-layout-flex\">\n<div class=\"wp-block-column is-layout-flow wp-block-column-is-layout-flow\">\n<p><strong>Raum:<\/strong><\/p>\n<p><strong>Telefon:<\/strong><\/p>\n<p><strong>E-Mail:<\/strong><\/p>\n<\/div>\n\n\n\n<div class=\"wp-block-column is-layout-flow wp-block-column-is-layout-flow\">\n<p>1223<\/p>\n<p>+49406541-2872<\/p>\n<p><a href=\"mailto:natalie.rauter@hsu-hh.de\" rel='nofollow'>natalie.rauter@hsu-hh.de<\/a><\/p>\n<\/div>\n\n\n\n<div class=\"wp-block-column is-layout-flow wp-block-column-is-layout-flow\">\n<figure class=\"wp-block-image size-large is-resized is-style-rounded\"><img decoding=\"async\" src=\"https:\/\/www.hsu-hh.de\/mechanik\/wp-content\/uploads\/sites\/708\/2023\/10\/2_2912-scaled-e1698150159205-891x1024.jpg\" data-credit=\"PFM\" alt=\"\" class=\"wp-image-2091\" style=\"aspect-ratio:1;object-fit:cover;width:200px;height:undefinedpx\" \/><\/figure>\n<\/div>\n<\/div>\n\n\n\n<div style=\"height:50px\" aria-hidden=\"true\" class=\"wp-block-spacer\"><\/div>\n\n\n\n<h1 class=\"wp-block-heading\">Ehemalige Leitung<\/h1>\n\n\n\n<hr class=\"wp-block-separator has-alpha-channel-opacity\" \/>\n\n\n\n<h2 class=\"wp-block-heading\"><abbr title=\"Universit\u00e4tsprofessor\">Univ.-Prof.<\/abbr> <abbr title=\"Doktor\">Dr.<\/abbr>&#8211;<abbr title=\"Ingenieur\">Ing.<\/abbr> Richard Ostwald<\/h2>\n\n\n\n<div class=\"wp-block-columns are-vertically-aligned-top is-layout-flex wp-container-core-columns-is-layout-9d6595d7 wp-block-columns-is-layout-flex\">\n<div class=\"wp-block-column is-vertically-aligned-top is-layout-flow wp-block-column-is-layout-flow\">\n<p><\/p>\n\n\n\n<p><strong>E-Mail:<\/strong><\/p>\n<\/div>\n\n\n\n<div class=\"wp-block-column is-vertically-aligned-top is-layout-flow wp-block-column-is-layout-flow\">\n<p><\/p>\n\n\n\n<p><a href=\"mailto:ostwald@hsu-hh.de\" rel='nofollow'>ostwald@hsu-hh.de<\/a><\/p>\n<\/div>\n\n\n\n<div class=\"wp-block-column is-vertically-aligned-top is-layout-flow wp-block-column-is-layout-flow\">\n<figure class=\"wp-block-image size-large is-resized is-style-rounded\"><img decoding=\"async\" src=\"https:\/\/www.hsu-hh.de\/mechanik\/wp-content\/uploads\/sites\/708\/2023\/10\/foto_ostwald_homepage-edited.jpg\" data-credit=\"PFM\" alt=\"\" class=\"wp-image-2144\" style=\"aspect-ratio:1;object-fit:contain;width:200px;height:undefinedpx\" \/><\/figure>\n<\/div>\n<\/div>\n\n\n\n<h2 class=\"wp-block-heading\"><abbr title=\"Professor\">Prof.<\/abbr> <abbr title=\"Doktor\">Dr.<\/abbr>&#8211;<abbr title=\"Ingenieur\">Ing.<\/abbr> Rolf Lammering<\/h2>\n\n\n\n<div class=\"wp-block-columns is-layout-flex wp-container-core-columns-is-layout-9d6595d7 wp-block-columns-is-layout-flex\">\n<div class=\"wp-block-column is-layout-flow wp-block-column-is-layout-flow\">\n<p><strong>E-Mail:<\/strong><\/p>\n<\/div>\n\n\n\n<div class=\"wp-block-column is-layout-flow wp-block-column-is-layout-flow\">\n<p><a href=\"mailto:rolf.lammering@hsu-hh.de\" rel='nofollow'>rolf.lammering@hsu-hh.de<\/a><\/p>\n<\/div>\n\n\n\n<div class=\"wp-block-column is-layout-flow wp-block-column-is-layout-flow\">\n<figure class=\"wp-block-image size-full is-resized is-style-default\"><img loading=\"lazy\" decoding=\"async\" width=\"296\" height=\"296\" src=\"https:\/\/www.hsu-hh.de\/mechanik\/wp-content\/uploads\/sites\/708\/2023\/11\/foto_homepage_lammering.png\" data-credit=\"RL\" alt=\"\" class=\"wp-image-2159\" style=\"width:200px;height:undefinedpx\" srcset=\"https:\/\/www.hsu-hh.de\/mechanik\/wp-content\/uploads\/sites\/708\/2023\/11\/foto_homepage_lammering.png 296w, https:\/\/www.hsu-hh.de\/mechanik\/wp-content\/uploads\/sites\/708\/2023\/11\/foto_homepage_lammering-150x150.png 150w, https:\/\/www.hsu-hh.de\/mechanik\/wp-content\/uploads\/sites\/708\/2023\/11\/foto_homepage_lammering-100x100.png 100w\" sizes=\"auto, (max-width: 296px) 100vw, 296px\" \/><\/figure>\n<\/div>\n<\/div>\n\n\n\n<div style=\"height:50px\" aria-hidden=\"true\" class=\"wp-block-spacer\"><\/div>\n\n\n\n<h1 class=\"wp-block-heading\">Sekretariat<\/h1>\n\n\n\n<hr class=\"wp-block-separator has-alpha-channel-opacity\" \/>\n\n\n\n<h2 class=\"wp-block-heading\">Diana Beyer<\/h2>\n\n\n\n<div class=\"wp-block-columns is-layout-flex wp-container-core-columns-is-layout-9d6595d7 wp-block-columns-is-layout-flex\">\n<div class=\"wp-block-column is-layout-flow wp-block-column-is-layout-flow\">\n<p><strong>Raum:<\/strong><\/p>\n<p><strong>Telefon:<\/strong><\/p>\n<p><strong>E-Mail:<\/strong><\/p>\n<\/div>\n\n\n\n<div class=\"wp-block-column is-layout-flow wp-block-column-is-layout-flow\">\n<p>1311<\/p>\n<p>+49406541-2271<\/p>\n<p><a href=\"mailto:beyerd@hsu-hh.de\" rel='nofollow'>beyerd@hsu-hh.de<\/a><\/p>\n<\/div>\n\n\n\n<div class=\"wp-block-column is-layout-flow wp-block-column-is-layout-flow\">\n<figure class=\"wp-block-image size-full is-resized is-style-rounded\"><img loading=\"lazy\" decoding=\"async\" width=\"161\" height=\"161\" src=\"https:\/\/www.hsu-hh.de\/mechanik\/wp-content\/uploads\/sites\/708\/2023\/11\/MicrosoftTeams-image-4.png\" data-credit=\"PFM\" alt=\"\" class=\"wp-image-2174\" style=\"width:200px;height:undefinedpx\" srcset=\"https:\/\/www.hsu-hh.de\/mechanik\/wp-content\/uploads\/sites\/708\/2023\/11\/MicrosoftTeams-image-4.png 161w, https:\/\/www.hsu-hh.de\/mechanik\/wp-content\/uploads\/sites\/708\/2023\/11\/MicrosoftTeams-image-4-150x150.png 150w, https:\/\/www.hsu-hh.de\/mechanik\/wp-content\/uploads\/sites\/708\/2023\/11\/MicrosoftTeams-image-4-100x100.png 100w\" sizes=\"auto, (max-width: 161px) 100vw, 161px\" \/><\/figure>\n<\/div>\n<\/div>\n\n\n\n<h2 class=\"wp-block-heading\">Caroline Hahn (in Elternzeit)<\/h2>\n\n\n\n<div class=\"wp-block-columns is-layout-flex wp-container-core-columns-is-layout-9d6595d7 wp-block-columns-is-layout-flex\">\n<div class=\"wp-block-column is-layout-flow wp-block-column-is-layout-flow\">\n<p><strong>Raum:<\/strong><\/p>\n<p><strong>Telefon:<\/strong><\/p>\n<p><strong>E-Mail:<\/strong><\/p>\n<\/div>\n\n\n\n<div class=\"wp-block-column is-layout-flow wp-block-column-is-layout-flow\">\n<p>1311<\/p>\n<p>+49406541-2271<\/p>\n<p><a href=\"mailto:hahnc@hsu-hh.de\" rel='nofollow'>hahnc@hsu-hh.de<\/a><\/p>\n<\/div>\n\n\n\n<div class=\"wp-block-column is-layout-flow wp-block-column-is-layout-flow\">\n<figure class=\"wp-block-image size-full is-resized is-style-rounded\"><img loading=\"lazy\" decoding=\"async\" width=\"161\" height=\"161\" src=\"https:\/\/www.hsu-hh.de\/mechanik\/wp-content\/uploads\/sites\/708\/2023\/11\/MicrosoftTeams-image-4.png\" data-credit=\"PFM\" alt=\"\" class=\"wp-image-2174\" style=\"width:200px;height:undefinedpx\" srcset=\"https:\/\/www.hsu-hh.de\/mechanik\/wp-content\/uploads\/sites\/708\/2023\/11\/MicrosoftTeams-image-4.png 161w, https:\/\/www.hsu-hh.de\/mechanik\/wp-content\/uploads\/sites\/708\/2023\/11\/MicrosoftTeams-image-4-150x150.png 150w, https:\/\/www.hsu-hh.de\/mechanik\/wp-content\/uploads\/sites\/708\/2023\/11\/MicrosoftTeams-image-4-100x100.png 100w\" sizes=\"auto, (max-width: 161px) 100vw, 161px\" \/><\/figure>\n<\/div>\n<\/div>\n\n\n\n<h1 class=\"wp-block-heading\">Laborleitung<\/h1>\n\n\n\n<hr class=\"wp-block-separator has-alpha-channel-opacity\" \/>\n\n\n\n<h2 class=\"wp-block-heading\"><a href=\"https:\/\/www.hsu-hh.de\/mechanik\/team\/dr-ing-natalie-rauter\" data-type=\"page\" data-id=\"1350\"><abbr title=\"Privatdozent\">PD<\/abbr> <abbr title=\"Doktor\">Dr.<\/abbr>&#8211;<abbr title=\"Ingenieur\">Ing.<\/abbr> Natalie Rauter<\/a><\/h2>\n\n\n\n<div class=\"wp-block-columns is-layout-flex wp-container-core-columns-is-layout-9d6595d7 wp-block-columns-is-layout-flex\">\n<div class=\"wp-block-column is-layout-flow wp-block-column-is-layout-flow\">\n<p><strong>Raum:<\/strong><\/p>\n<p><strong>Telefon:<\/strong><\/p>\n<p><strong>E-Mail:<\/strong><\/p>\n<\/div>\n\n\n\n<div class=\"wp-block-column is-layout-flow wp-block-column-is-layout-flow\">\n<p>1223<\/p>\n<p>+49406541-2872<\/p>\n<p><a href=\"mailto:natalie.rauter@hsu-hh.de\" rel='nofollow'>natalie.rauter@hsu-hh.de<\/a><\/p>\n<\/div>\n\n\n\n<div class=\"wp-block-column is-layout-flow wp-block-column-is-layout-flow\">\n<figure class=\"wp-block-image size-large is-resized is-style-rounded\"><img decoding=\"async\" src=\"https:\/\/www.hsu-hh.de\/mechanik\/wp-content\/uploads\/sites\/708\/2023\/10\/2_2912-scaled-e1698150159205-891x1024.jpg\" data-credit=\"PFM\" alt=\"\" class=\"wp-image-2091\" style=\"aspect-ratio:1;object-fit:cover;width:200px;height:undefinedpx\" \/><\/figure>\n<\/div>\n<\/div>\n\n\n\n<div style=\"height:50px\" aria-hidden=\"true\" class=\"wp-block-spacer\"><\/div>\n\n\n\n<h1 class=\"wp-block-heading\">Wissenschaftliche Mitarbeiter:innen<\/h1>\n\n\n\n<hr class=\"wp-block-separator has-alpha-channel-opacity\" \/>\n\n\n\n<div style=\"height:20px\" aria-hidden=\"true\" class=\"wp-block-spacer\"><\/div>\n\n\n\n<div class=\"wp-block-columns is-layout-flex wp-container-core-columns-is-layout-9d6595d7 wp-block-columns-is-layout-flex\">\n<div class=\"wp-block-column is-layout-flow wp-block-column-is-layout-flow\">\n<h2 class=\"wp-block-heading\"><abbr title=\"Doktor\">Dr.<\/abbr>&#8211;<abbr title=\"Ingenieur\">Ing.<\/abbr> Rasoul Najafi<\/h2>\n\n\n\n<div class=\"wp-block-columns is-layout-flex wp-container-core-columns-is-layout-9d6595d7 wp-block-columns-is-layout-flex\">\n<div class=\"wp-block-column is-layout-flow wp-block-column-is-layout-flow\">\n<p><strong>Raum:<\/strong> 1148<\/p>\n\n\n\n<p><strong>Telefon:<\/strong> +49406541-3425<\/p>\n\n\n\n<p><strong>E-Mail:<\/strong> <a href=\"mailto:najafikr@hsu-hh.de\" rel='nofollow'>najafikr@hsu-hh.de<\/a><\/p>\n<\/div>\n\n\n\n<div class=\"wp-block-column is-layout-flow wp-block-column-is-layout-flow\">\n<figure class=\"wp-block-image size-large is-resized is-style-rounded\"><img loading=\"lazy\" decoding=\"async\" width=\"1024\" height=\"884\" src=\"https:\/\/www.hsu-hh.de\/mechanik\/wp-content\/uploads\/sites\/708\/2023\/11\/023_4270_kopie-1024x884.jpg\" data-credit=\"PFM\" alt=\"\" class=\"wp-image-2193\" style=\"aspect-ratio:1;object-fit:cover;width:200px;height:undefinedpx\" srcset=\"https:\/\/www.hsu-hh.de\/mechanik\/wp-content\/uploads\/sites\/708\/2023\/11\/023_4270_kopie-1024x884.jpg 1024w, https:\/\/www.hsu-hh.de\/mechanik\/wp-content\/uploads\/sites\/708\/2023\/11\/023_4270_kopie-300x259.jpg 300w, https:\/\/www.hsu-hh.de\/mechanik\/wp-content\/uploads\/sites\/708\/2023\/11\/023_4270_kopie-768x663.jpg 768w, https:\/\/www.hsu-hh.de\/mechanik\/wp-content\/uploads\/sites\/708\/2023\/11\/023_4270_kopie-1536x1325.jpg 1536w, https:\/\/www.hsu-hh.de\/mechanik\/wp-content\/uploads\/sites\/708\/2023\/11\/023_4270_kopie-2048x1767.jpg 2048w, https:\/\/www.hsu-hh.de\/mechanik\/wp-content\/uploads\/sites\/708\/2023\/11\/023_4270_kopie-1100x949.jpg 1100w\" sizes=\"auto, (max-width: 1024px) 100vw, 1024px\" \/><\/figure>\n<\/div>\n<\/div>\n<\/div>\n\n\n\n<div class=\"wp-block-column is-layout-flow wp-block-column-is-layout-flow\">\n<h2 class=\"wp-block-heading\">Eduard Klatt, <abbr title=\"Master of Science\">M.Sc.<\/abbr><\/h2>\n\n\n\n<div class=\"wp-block-columns is-layout-flex wp-container-core-columns-is-layout-9d6595d7 wp-block-columns-is-layout-flex\">\n<div class=\"wp-block-column is-layout-flow wp-block-column-is-layout-flow\">\n<p><strong>Raum:<\/strong> 1146<\/p>\n\n\n\n<p><strong>Telefon:<\/strong> +49406541-3524<\/p>\n\n\n\n<p><strong>E-Mail:<\/strong> <a href=\"mailto:klatte@hsu-hh.de\" rel='nofollow'>klatte@hsu-hh.de<\/a><\/p>\n<\/div>\n\n\n\n<div class=\"wp-block-column is-layout-flow wp-block-column-is-layout-flow\">\n<figure class=\"wp-block-image size-large is-resized is-style-rounded\"><img loading=\"lazy\" decoding=\"async\" width=\"1024\" height=\"931\" src=\"https:\/\/www.hsu-hh.de\/mechanik\/wp-content\/uploads\/sites\/708\/2023\/11\/023_4276_kopie-1024x931.jpg\" data-credit=\"PFM\" alt=\"\" class=\"wp-image-2195\" style=\"aspect-ratio:1;object-fit:cover;width:200px\" \/><\/figure>\n<\/div>\n<\/div>\n<\/div>\n<\/div>\n\n\n\n<div style=\"height:20px\" aria-hidden=\"true\" class=\"wp-block-spacer\"><\/div>\n\n\n\n<div class=\"wp-block-columns is-layout-flex wp-container-core-columns-is-layout-9d6595d7 wp-block-columns-is-layout-flex\">\n<div class=\"wp-block-column is-layout-flow wp-block-column-is-layout-flow\">\n<div class=\"wp-block-columns is-layout-flex wp-container-core-columns-is-layout-9d6595d7 wp-block-columns-is-layout-flex\">\n<div class=\"wp-block-column is-layout-flow wp-block-column-is-layout-flow\">\n<h2 class=\"wp-block-heading\">Shayan Kasiri, <abbr title=\"Master of Science\">M.Sc.<\/abbr><\/h2>\n\n\n\n<div class=\"wp-block-columns is-layout-flex wp-container-core-columns-is-layout-9d6595d7 wp-block-columns-is-layout-flex\">\n<div class=\"wp-block-column is-layout-flow wp-block-column-is-layout-flow\">\n<p><strong>Raum: <\/strong>1145<\/p>\n<p><strong>Telefon: <\/strong>+49406541-3049<\/p>\n<p><strong>E-Mail: <\/strong><a href=\"mailto:kasirihs@hsu-hh.de\" rel='nofollow'>kasirihs@hsu-hh.de<\/a><\/p>\n<\/div>\n\n\n\n<div class=\"wp-block-column is-layout-flow wp-block-column-is-layout-flow\">\n<figure class=\"wp-block-image size-full is-resized is-style-rounded\"><img loading=\"lazy\" decoding=\"async\" width=\"161\" height=\"161\" src=\"https:\/\/www.hsu-hh.de\/mechanik\/wp-content\/uploads\/sites\/708\/2023\/11\/MicrosoftTeams-image-4.png\" data-credit=\"PFM\" alt=\"\" class=\"wp-image-2174\" style=\"width:200px;height:undefinedpx\" srcset=\"https:\/\/www.hsu-hh.de\/mechanik\/wp-content\/uploads\/sites\/708\/2023\/11\/MicrosoftTeams-image-4.png 161w, https:\/\/www.hsu-hh.de\/mechanik\/wp-content\/uploads\/sites\/708\/2023\/11\/MicrosoftTeams-image-4-150x150.png 150w, https:\/\/www.hsu-hh.de\/mechanik\/wp-content\/uploads\/sites\/708\/2023\/11\/MicrosoftTeams-image-4-100x100.png 100w\" sizes=\"auto, (max-width: 161px) 100vw, 161px\" \/><\/figure>\n<\/div>\n<\/div>\n<\/div>\n\n\n\n<div class=\"wp-block-column is-layout-flow wp-block-column-is-layout-flow\">\n<h2>Ilona Ma\u0142gorzata Widera, <abbr title=\"Master of Science\">M.Sc.<\/abbr><\/h2>\n\n\n\n<div class=\"wp-block-columns is-layout-flex wp-container-core-columns-is-layout-9d6595d7 wp-block-columns-is-layout-flex\">\n<div class=\"wp-block-column is-layout-flow wp-block-column-is-layout-flow\">\n<p><strong>Raum:<\/strong> 1146<\/p>\n<p><strong>Telefon:<\/strong> +49406541-3032<\/p>\n<p><strong>E-Mail:<\/strong>\u00a0 <a href=\"mailto:widerai@hsu-hh.de\" rel='nofollow'>widerai@hsu-hh.de<\/a><\/p>\n<\/div>\n\n\n\n<div class=\"wp-block-column is-layout-flow wp-block-column-is-layout-flow\">\n<figure class=\"wp-block-image size-large is-resized is-style-rounded\"><img loading=\"lazy\" decoding=\"async\" width=\"2363\" height=\"2362\" src=\"https:\/\/www.hsu-hh.de\/mechanik\/wp-content\/uploads\/sites\/708\/2023\/10\/6_2956-edited.jpg\" data-credit=\"PFM\" alt=\"\" class=\"wp-image-2150\" style=\"width:200px;height:undefinedpx\" srcset=\"https:\/\/www.hsu-hh.de\/mechanik\/wp-content\/uploads\/sites\/708\/2023\/10\/6_2956-edited.jpg 2363w, https:\/\/www.hsu-hh.de\/mechanik\/wp-content\/uploads\/sites\/708\/2023\/10\/6_2956-edited-300x300.jpg 300w, https:\/\/www.hsu-hh.de\/mechanik\/wp-content\/uploads\/sites\/708\/2023\/10\/6_2956-edited-1024x1024.jpg 1024w, https:\/\/www.hsu-hh.de\/mechanik\/wp-content\/uploads\/sites\/708\/2023\/10\/6_2956-edited-150x150.jpg 150w, https:\/\/www.hsu-hh.de\/mechanik\/wp-content\/uploads\/sites\/708\/2023\/10\/6_2956-edited-768x768.jpg 768w, https:\/\/www.hsu-hh.de\/mechanik\/wp-content\/uploads\/sites\/708\/2023\/10\/6_2956-edited-1536x1536.jpg 1536w, https:\/\/www.hsu-hh.de\/mechanik\/wp-content\/uploads\/sites\/708\/2023\/10\/6_2956-edited-2048x2048.jpg 2048w, https:\/\/www.hsu-hh.de\/mechanik\/wp-content\/uploads\/sites\/708\/2023\/10\/6_2956-edited-100x100.jpg 100w, https:\/\/www.hsu-hh.de\/mechanik\/wp-content\/uploads\/sites\/708\/2023\/10\/6_2956-edited-1100x1100.jpg 1100w\" sizes=\"auto, (max-width: 2363px) 100vw, 2363px\" \/><\/figure>\n<\/div>\n<\/div>\n<\/div>\n<\/div>\n<\/div>\n<\/div>\n\n\n\n<div style=\"height:50px\" aria-hidden=\"true\" class=\"wp-block-spacer\"><\/div>\n\n\n\n<h1 class=\"wp-block-heading\">Technisch Angestellte<\/h1>\n\n\n\n<hr class=\"wp-block-separator has-alpha-channel-opacity\" \/>\n\n\n\n<div class=\"wp-block-columns is-layout-flex wp-container-core-columns-is-layout-9d6595d7 wp-block-columns-is-layout-flex\">\n<div class=\"wp-block-column is-layout-flow wp-block-column-is-layout-flow\">\n<h2 class=\"wp-block-heading\">Sergej F\u00f6ll<\/h2>\n\n\n\n<div class=\"wp-block-columns is-layout-flex wp-container-core-columns-is-layout-9d6595d7 wp-block-columns-is-layout-flex\">\n<div class=\"wp-block-column is-layout-flow wp-block-column-is-layout-flow\">\n<p><strong>Raum:<\/strong> H6\/13<\/p>\n<p><strong>Telefon:<\/strong>\u00a0<\/p>\n<p><strong>E-Mail:<\/strong> <a href=\"mailto:foell@hsu-hh.de\" rel='nofollow'>foell@hsu-hh.de<\/a><\/p>\n<\/div>\n\n\n\n<div class=\"wp-block-column is-layout-flow wp-block-column-is-layout-flow\">\n<figure class=\"wp-block-image size-large is-resized is-style-rounded\"><img loading=\"lazy\" decoding=\"async\" width=\"1024\" height=\"1024\" src=\"https:\/\/www.hsu-hh.de\/mechanik\/wp-content\/uploads\/sites\/708\/2023\/10\/1_2903-kopie-edited-1024x1024.jpg\" data-credit=\"PFM\" alt=\"\" class=\"wp-image-2151\" style=\"width:200px\" srcset=\"https:\/\/www.hsu-hh.de\/mechanik\/wp-content\/uploads\/sites\/708\/2023\/10\/1_2903-kopie-edited-1024x1024.jpg 1024w, https:\/\/www.hsu-hh.de\/mechanik\/wp-content\/uploads\/sites\/708\/2023\/10\/1_2903-kopie-edited-300x300.jpg 300w, https:\/\/www.hsu-hh.de\/mechanik\/wp-content\/uploads\/sites\/708\/2023\/10\/1_2903-kopie-edited-150x150.jpg 150w, https:\/\/www.hsu-hh.de\/mechanik\/wp-content\/uploads\/sites\/708\/2023\/10\/1_2903-kopie-edited-768x768.jpg 768w, https:\/\/www.hsu-hh.de\/mechanik\/wp-content\/uploads\/sites\/708\/2023\/10\/1_2903-kopie-edited-1536x1536.jpg 1536w, https:\/\/www.hsu-hh.de\/mechanik\/wp-content\/uploads\/sites\/708\/2023\/10\/1_2903-kopie-edited-2048x2048.jpg 2048w, https:\/\/www.hsu-hh.de\/mechanik\/wp-content\/uploads\/sites\/708\/2023\/10\/1_2903-kopie-edited-100x100.jpg 100w, https:\/\/www.hsu-hh.de\/mechanik\/wp-content\/uploads\/sites\/708\/2023\/10\/1_2903-kopie-edited-1100x1100.jpg 1100w\" sizes=\"auto, (max-width: 1024px) 100vw, 1024px\" \/><\/figure>\n<\/div>\n<\/div>\n<\/div>\n\n\n\n<div class=\"wp-block-column is-layout-flow wp-block-column-is-layout-flow\">\n<h2>Sedef Merkes, <abbr title=\"Master of Science\">M.Sc.<\/abbr><\/h2>\n\n\n\n<div class=\"wp-block-columns is-layout-flex wp-container-core-columns-is-layout-9d6595d7 wp-block-columns-is-layout-flex\">\n<div class=\"wp-block-column is-layout-flow wp-block-column-is-layout-flow\">\n<p><strong>Raum:<\/strong> H2\/2888<\/p>\n<p><strong>Telefon:<\/strong> +49406541-2808<\/p>\n<p><strong>E-Mail:<\/strong> <a href=\"mailto:sedef.merkes@hsu-hh.de\" rel='nofollow'>sedef.merkes@hsu-hh.de<\/a><\/p>\n<\/div>\n\n\n\n<div class=\"wp-block-column is-layout-flow wp-block-column-is-layout-flow\">\n<figure class=\"wp-block-image size-full is-resized is-style-rounded\"><img loading=\"lazy\" decoding=\"async\" width=\"161\" height=\"161\" src=\"https:\/\/www.hsu-hh.de\/mechanik\/wp-content\/uploads\/sites\/708\/2023\/11\/MicrosoftTeams-image-4.png\" data-credit=\"PFM\" alt=\"\" class=\"wp-image-2174\" style=\"width:200px;height:undefinedpx\" srcset=\"https:\/\/www.hsu-hh.de\/mechanik\/wp-content\/uploads\/sites\/708\/2023\/11\/MicrosoftTeams-image-4.png 161w, https:\/\/www.hsu-hh.de\/mechanik\/wp-content\/uploads\/sites\/708\/2023\/11\/MicrosoftTeams-image-4-150x150.png 150w, https:\/\/www.hsu-hh.de\/mechanik\/wp-content\/uploads\/sites\/708\/2023\/11\/MicrosoftTeams-image-4-100x100.png 100w\" sizes=\"auto, (max-width: 161px) 100vw, 161px\" \/><\/figure>\n<\/div>\n<\/div>\n<\/div>\n<\/div>\n\n\n\n<div style=\"height:50px\" aria-hidden=\"true\" class=\"wp-block-spacer\"><\/div>\n\n\n<\/p>\n<h3>Ehemalige<\/h3>\n<p>Hptm <abbr title=\"Doktor\">Dr.<\/abbr>&#8211;<abbr title=\"Ingenieur\">Ing.<\/abbr> Wendwoga Fulgence Nikiema<br \/>M. Sc. Andrey Mikhaylenko<br \/><abbr title=\"Doktor\">Dr.<\/abbr>&#8211;<abbr title=\"Ingenieur\">Ing.<\/abbr><abbr>\u00a0Tilmann Barth<br \/><abbr title=\"Doktor\">Dr.<\/abbr>&#8211;<abbr title=\"Ingenieur\">Ing.<\/abbr> Max Linke<br \/><abbr title=\"Doktor\">Dr.<\/abbr> Taha Genco<br \/><abbr title=\"Diplom\">Dipl.<\/abbr>-Phys. Tatjana Fedorkova<br \/><abbr title=\"Doktor\">Dr.<\/abbr>&#8211;<abbr title=\"Ingenieur\">Ing.<\/abbr> Nguyen Vu Ngoc<br \/>KKpt Tobias Losch, <abbr title=\"Master of Science\">M.Sc.<\/abbr><br \/>Hptm <abbr title=\"Doktor\">Dr.<\/abbr>&#8211;<abbr title=\"Ingenieur\">Ing.<\/abbr> Thomas Berg<br \/><abbr title=\"Doktor\">Dr.<\/abbr>&#8211;<abbr title=\"Ingenieur\">Ing.<\/abbr> Eugen Zimmermann<br \/><abbr title=\"Doktor\">Dr.<\/abbr> Artem Eremin<br \/><abbr title=\"Doktor\">Dr.<\/abbr>&#8211;<abbr title=\"Ingenieur\">Ing.<\/abbr> Felix Heinrich<br \/><abbr title=\"Doktor\">Dr.<\/abbr>&#8211;<abbr title=\"Ingenieur\">Ing.<\/abbr> Bianca Hennings<br \/><abbr title=\"Diplom\">Dipl.<\/abbr>&#8211;<abbr title=\"Ingenieur\">Ing.<\/abbr> Mirko Neumann<br \/><abbr title=\"Doktor\">Dr.<\/abbr>&#8211;<abbr title=\"Ingenieur\">Ing.<\/abbr> Malte R\u00f6sner<br \/>Hptm. <abbr title=\"Doktor\">Dr.<\/abbr>&#8211;<abbr title=\"Ingenieur\">Ing.<\/abbr> Robert Friedrich<br \/><abbr title=\"Diplom\">Dipl.<\/abbr>-Math. Andreas Asmus<br \/>Hptm. <abbr title=\"Doktor\">Dr.<\/abbr>&#8211;<abbr title=\"Ingenieur\">Ing.<\/abbr> Frank Dirksen<br \/><abbr title=\"Doktor\">Dr.<\/abbr>&#8211;<abbr title=\"Ingenieur\">Ing.<\/abbr> Andy Ungeth\u00fcm<br \/><abbr title=\"Professor\">Prof.<\/abbr> <abbr title=\"Doktor\">Dr.<\/abbr>&#8211;<abbr title=\"Ingenieur\">Ing.<\/abbr> Ina Schmidt<br \/><abbr title=\"Doktor\">Dr.<\/abbr>&#8211;<abbr title=\"Ingenieur\">Ing.<\/abbr> Sven von Ende<br \/><abbr title=\"Doktor\">Dr.<\/abbr>&#8211;<abbr title=\"Ingenieur\">Ing.<\/abbr> Andriy Vyshnevskyy<br \/><abbr title=\"Diplom\">Dipl.<\/abbr>&#8211;<abbr title=\"Ingenieur\">Ing.<\/abbr> Fan Yang, MSc.<br \/>Hptm. <abbr title=\"Doktor\">Dr.<\/abbr>&#8211;<abbr title=\"Ingenieur\">Ing.<\/abbr> Alexander Schmidt<br \/><abbr title=\"Doktor\">Dr.<\/abbr>&#8211;<abbr title=\"Ingenieur\">Ing.<\/abbr> Tobias Brockmann<br \/><abbr title=\"Doktor\">Dr.<\/abbr>&#8211;<abbr title=\"Ingenieur\">Ing.<\/abbr> Simone Mesecke-Rischmann<br \/><abbr title=\"Professor\">Prof.<\/abbr> <abbr title=\"Doktor\">Dr.<\/abbr>&#8211;<abbr title=\"Ingenieur\">Ing.<\/abbr> Stefan Wiesemann<br \/><abbr title=\"Professor\">Prof.<\/abbr> <abbr title=\"Doktor\">Dr.<\/abbr>&#8211;<abbr title=\"Ingenieur\">Ing.<\/abbr> Michael Plenge<br \/><abbr title=\"Professor\">Prof.<\/abbr> <abbr title=\"Doktor\">Dr.<\/abbr>&#8211;<abbr title=\"Ingenieur\">Ing.<\/abbr> Udo Nackenhorst<\/p>\n<\/p>\n\n\n<p><\/p>\n","protected":false},"excerpt":{"rendered":"<p>PostanschriftHelmut-Schmidt-Universit\u00e4tFestk\u00f6rpermechanikPostfach 70 08 2222043 Hamburg BesucheranschriftHelmut-Schmidt-Universit\u00e4tGeb\u00e4ude H01Holstenhofweg 8522043 Hamburg Leitung (Vertretungsprofessorin) PD Dr.&#8211;Ing. Natalie Rauter Raum: Telefon: E-Mail: 1223 +49406541-2872 natalie.rauter@hsu-hh.de Ehemalige Leitung Univ.-Prof. Dr.&#8211;Ing. Richard Ostwald E-Mail: ostwald@hsu-hh.de Prof. [&hellip;]<\/p>\n","protected":false},"author":59,"featured_media":0,"parent":0,"menu_order":0,"comment_status":"closed","ping_status":"closed","template":"","meta":{"footnotes":""},"categories":[58,42],"tags":[],"class_list":["post-155","page","type-page","status-publish","hentry","category-team-dummy","category-wma"],"_links":{"self":[{"href":"https:\/\/www.hsu-hh.de\/mechanik\/wp-json\/wp\/v2\/pages\/155","targetHints":{"allow":["GET"]}}],"collection":[{"href":"https:\/\/www.hsu-hh.de\/mechanik\/wp-json\/wp\/v2\/pages"}],"about":[{"href":"https:\/\/www.hsu-hh.de\/mechanik\/wp-json\/wp\/v2\/types\/page"}],"author":[{"embeddable":true,"href":"https:\/\/www.hsu-hh.de\/mechanik\/wp-json\/wp\/v2\/users\/59"}],"replies":[{"embeddable":true,"href":"https:\/\/www.hsu-hh.de\/mechanik\/wp-json\/wp\/v2\/comments?post=155"}],"version-history":[{"count":104,"href":"https:\/\/www.hsu-hh.de\/mechanik\/wp-json\/wp\/v2\/pages\/155\/revisions"}],"predecessor-version":[{"id":2423,"href":"https:\/\/www.hsu-hh.de\/mechanik\/wp-json\/wp\/v2\/pages\/155\/revisions\/2423"}],"wp:attachment":[{"href":"https:\/\/www.hsu-hh.de\/mechanik\/wp-json\/wp\/v2\/media?parent=155"}],"wp:term":[{"taxonomy":"category","embeddable":true,"href":"https:\/\/www.hsu-hh.de\/mechanik\/wp-json\/wp\/v2\/categories?post=155"},{"taxonomy":"post_tag","embeddable":true,"href":"https:\/\/www.hsu-hh.de\/mechanik\/wp-json\/wp\/v2\/tags?post=155"}],"curies":[{"name":"wp","href":"https:\/\/api.w.org\/{rel}","templated":true}]}}