{"id":1093,"date":"2018-03-20T15:25:42","date_gmt":"2018-03-20T14:25:42","guid":{"rendered":"https:\/\/www.hsu-hh.de\/mechanik\/?page_id=1093"},"modified":"2018-03-27T14:50:22","modified_gmt":"2018-03-27T12:50:22","slug":"forschungsthemen","status":"publish","type":"page","link":"https:\/\/www.hsu-hh.de\/mechanik\/forschungsthemen","title":{"rendered":"Forschungsthemen"},"content":{"rendered":"<div id=\"category_content_uk8xGM80\" class=\"hsu_category archive-page\"><article  id=\"post-1805\" class=\"category-list-item post-1805 post type-post status-publish format-standard hentry \"><a href=\"https:\/\/www.hsu-hh.de\/mechanik\/forschungsgruppe-for3022-ultraschallueberwachung-von-faser-metall-laminaten-mit-integrierten-sensoren\" title=\"Forschungsgruppe FOR3022: Ultraschall\u00fcberwachung von Faser-Metall-Laminaten mit integrierten Sensoren\" ><div class=\"hsu_category_article-content-wrap\"><div class=\"hsu_category_article-content-wrap-inner\"><div>\t<header class=\"entry-header\">\t\t<h3 class=\"entry-title\">Forschungsgruppe FOR3022: Ultraschall\u00fcberwachung von Faser-Metall-Laminaten mit integrierten Sensoren\t\t<\/h3>\t<\/header><div class=\"entry-content-excerpt\">Ziel der Arbeiten in der Forschungsgruppe FOR3022 ist es, ein tiefgreifendes Verst\u00e4ndnis f\u00fcr eine integrierte Struktur\u00fcberwachung in Faser-Metall-Laminaten unter Verwendung gef\u00fchrter Ultraschallwellen zu erlangen. Dies erfordert eine ganzheitliche Betrachtung der physikalischen Ph\u00e4nomene der Wellenausbreitung auch unter komplexen Umgebungsbedingungen, deren Wechselwirkung mit verborgenen Sch\u00e4den, die Erfassung dieser Wechselwirkungen mit mikrotechnischen Sensoren am Ort des Geschehens und...<\/div> <\/div><\/div><\/div><\/a><\/article><article  id=\"post-982\" class=\"category-list-item post-982 post type-post status-publish format-standard hentry \"><a href=\"https:\/\/www.hsu-hh.de\/mechanik\/bruchverhaltenkomposite\" title=\"Mechanische Charakterisierung des Bruchverhaltens multifunktionaler Komposite\" ><div class=\"hsu_category_article-content-wrap\"><div class=\"hsu_category_article-content-wrap-inner\"><div>\t<header class=\"entry-header\">\t\t<h3 class=\"entry-title\">Mechanische Charakterisierung des Bruchverhaltens multifunktionaler Komposite\t\t<\/h3>\t<\/header><div class=\"entry-content-excerpt\">Multifunktionale Komposite sind vielversprechende Leichtbaustrukturen, die durch additive Fertigung mit strukturintegrierter, gedruckter Elektronik versehen werden. Damit soll eine Echtzeitgesundheits\u00fcberwachung erm\u00f6glicht werden, wobei die gedruckte Elektronik deutlich leichter und kosteng\u00fcnstiger also konventionelle Elektronik hergestellt werden kann. Um die strukturelle Integrit\u00e4t des multifunktionalen Komposits zu gew\u00e4hrleisten, wird die gedruckte Elektronik hinsichtlich ihres Bruchverhaltens charakterisiert. Dabei kommen experimentelle...<\/div> <\/div><\/div><\/div><\/a><\/article><article  id=\"post-980\" class=\"category-list-item post-980 post type-post status-publish format-standard hentry \"><a href=\"https:\/\/www.hsu-hh.de\/mechanik\/gefuehrteultraschallwellen\" title=\"Gef\u00fchrte Ultraschallwellen\" ><div class=\"hsu_category_article-content-wrap\"><div class=\"hsu_category_article-content-wrap-inner\"><div>\t<header class=\"entry-header\">\t\t<h3 class=\"entry-title\">Gef\u00fchrte Ultraschallwellen\t\t<\/h3>\t<\/header><div class=\"entry-content-excerpt\">Structural&nbsp;Health&nbsp;Monitoring Zur Durchf\u00fchrung von\u00a0Structural\u00a0Health\u00a0Monitoring\u00a0kann\u00a0die hohe Reichweite von Ultraschall in plattenartigen Strukturen\u00a0genutzt werden.\u00a0Zu diesem Zweck\u00a0untersuchen\u00a0wir\u00a0die Eigenschaften gef\u00fchrter Wellen durch numerische und experimentelle Ans\u00e4tze.\u00a0Im Rahmen der Forschung werden u.a. transiente Finite-Elemente Simulationen und Laser-Doppler-Vibrometer-Analysen durchgef\u00fchrt.Kontakt: PD Dr.&#8211;Ing. Natalie Rauter Einfluss von mechanischen Spannungen auf gef\u00fchrte Wellen Auftretende&nbsp;mechanische Spannungen, welche beispielsweise durch Belastungen oder Fertigungsprozesse&nbsp;in Bauteilen entstehen, k\u00f6nnen...<\/div> <\/div><\/div><\/div><\/a><\/article><article  id=\"post-976\" class=\"category-list-item post-976 post type-post status-publish format-standard hentry \"><a href=\"https:\/\/www.hsu-hh.de\/mechanik\/stochastischewerkstoffeigenschaften\" title=\"Modellierung kurzfaserverst\u00e4rkter Kunststoffe mittels probabilistischer Methoden\" ><div class=\"hsu_category_article-content-wrap\"><div class=\"hsu_category_article-content-wrap-inner\"><div>\t<header class=\"entry-header\">\t\t<h3 class=\"entry-title\">Modellierung kurzfaserverst\u00e4rkter Kunststoffe mittels probabilistischer Methoden\t\t<\/h3>\t<\/header><div class=\"entry-content-excerpt\">Modellbildung f\u00fcr elasto-plastisches Materialverhalten Die Forschungsarbeit befasst sich mit der Modellierung von Komponenten aus kurzfaserverst\u00e4rkten Kunststoffen. Die Mikrostruktur solcher Bauteile besitzt auf Grund des Herstellungsprozesses durch Spritzgie\u00dfen stochastische Eigenschaften, welche auf der Makroebene zu \u00f6rtlich streuenden Materialeigenschaften f\u00fchrt. Um die Strukturantwort unter Belastung richtig vorherzusagen, m\u00fcssen diese Streuungen mit in der Modellierung ber\u00fccksichtigt werden. Dies...<\/div> <\/div><\/div><\/div><\/a><\/article><\/div>\n<p>&nbsp;<\/p>\n","protected":false},"excerpt":{"rendered":"<p>&nbsp;<\/p>\n","protected":false},"author":59,"featured_media":0,"parent":0,"menu_order":0,"comment_status":"closed","ping_status":"closed","template":"","meta":{"footnotes":""},"categories":[4],"tags":[],"class_list":["post-1093","page","type-page","status-publish","hentry","category-forschung"],"_links":{"self":[{"href":"https:\/\/www.hsu-hh.de\/mechanik\/wp-json\/wp\/v2\/pages\/1093","targetHints":{"allow":["GET"]}}],"collection":[{"href":"https:\/\/www.hsu-hh.de\/mechanik\/wp-json\/wp\/v2\/pages"}],"about":[{"href":"https:\/\/www.hsu-hh.de\/mechanik\/wp-json\/wp\/v2\/types\/page"}],"author":[{"embeddable":true,"href":"https:\/\/www.hsu-hh.de\/mechanik\/wp-json\/wp\/v2\/users\/59"}],"replies":[{"embeddable":true,"href":"https:\/\/www.hsu-hh.de\/mechanik\/wp-json\/wp\/v2\/comments?post=1093"}],"version-history":[{"count":13,"href":"https:\/\/www.hsu-hh.de\/mechanik\/wp-json\/wp\/v2\/pages\/1093\/revisions"}],"predecessor-version":[{"id":1180,"href":"https:\/\/www.hsu-hh.de\/mechanik\/wp-json\/wp\/v2\/pages\/1093\/revisions\/1180"}],"wp:attachment":[{"href":"https:\/\/www.hsu-hh.de\/mechanik\/wp-json\/wp\/v2\/media?parent=1093"}],"wp:term":[{"taxonomy":"category","embeddable":true,"href":"https:\/\/www.hsu-hh.de\/mechanik\/wp-json\/wp\/v2\/categories?post=1093"},{"taxonomy":"post_tag","embeddable":true,"href":"https:\/\/www.hsu-hh.de\/mechanik\/wp-json\/wp\/v2\/tags?post=1093"}],"curies":[{"name":"wp","href":"https:\/\/api.w.org\/{rel}","templated":true}]}}