{"id":340,"date":"2018-05-15T11:08:06","date_gmt":"2018-05-15T09:08:06","guid":{"rendered":"https:\/\/www.hsu-hh.de\/mbm\/?page_id=340"},"modified":"2024-11-25T08:08:25","modified_gmt":"2024-11-25T07:08:25","slug":"lehre","status":"publish","type":"page","link":"https:\/\/www.hsu-hh.de\/mbm\/lehre","title":{"rendered":"Lehre"},"content":{"rendered":"\n<div class=\"wp-block-columns is-layout-flex wp-container-core-columns-is-layout-9d6595d7 wp-block-columns-is-layout-flex\">\n<div class=\"wp-block-column is-layout-flow wp-block-column-is-layout-flow\" style=\"flex-basis:100%\"><\/div>\n<\/div>\n\n\n<p><br \/><h3>Lehrveranstaltungen<\/h3><br \/>Informationen und Unterlagen zu den Lehrveranstaltungen der Professur werden im Lernmanagementsystem ILIAS bereitgestellt. Der Link f\u00fcr den direkten Beitritt zum jeweiligen <a href=\"https:\/\/ilias.hsu-hh.de\/login.php?target=&amp;client_id=unibw&amp;lang=de\" rel=\"noopener noreferrer\">ILIAS<\/a> Kurs wird am Anfang der Lehrveranstaltung per Email versendet.<\/p>\n<p>Portfolio der Lehrveranstaltungen:<\/p>\n<ul>\n<li>Mathematik I bis IV<\/li>\n<li>Wissenschaftliches Rechnen<\/li>\n<li>Numerik II<\/li>\n<li>Numerik partieller Differentialgleichungen I und II<\/li>\n<li>Calculus &amp; Linear Algebra 1 and 2<\/li>\n<li>Numerical Mathematics<\/li>\n<li>Advanced Numerical Mathematics<\/li>\n<li>Ingenieurwissenschaftliche Studienkompetenzen I<\/li>\n<\/ul>\n<p><\/p>\n<p><h3>Online-Vorkurse Mathematik<\/h3><br \/>Die Professur bietet j\u00e4hrlich ab dem 1. April Online-Vorkurse in Mathematik mit umfangreichen Materialen zur Repetition sowie \u00dcbungs- und Testaufgaben an. Die Vorkurse erm\u00f6glichen eine Auffrischung und Vertiefung von Kenntnissen der Schulmathematik und liefern eine ideale Vorbereitung auf das Studium in den Ingenieurwissenschaften.<\/p>\n<div class=\"col-xs-12 downloads-item\">\n<div class=\"row border-line\">\n<div class=\"thumbnail-area\"><img decoding=\"async\" class=\"download-image\" src=\"\/wp-content\/themes\/hsu\/img\/dummy\/downloads_dummy.png\" alt=\"\" \/><\/div>\n<div class=\"text-area\"><a href=\"https:\/\/www.hsu-hh.de\/mbm\/wp-content\/uploads\/sites\/700\/2024\/04\/Flyer_A6_Online-Vorkurs-Mathematik2024_GER.pdf\"><span class=\"download-text\">Vorkurs Mathematik<\/span><\/a><\/div>\n<div class=\"download-area\"><a class=\"download-link\" href=\"https:\/\/www.hsu-hh.de\/mbm\/wp-content\/uploads\/sites\/700\/2024\/04\/Flyer_A6_Online-Vorkurs-Mathematik2024_GER.pdf\"><span class=\"download-name\">pdf laden<\/span><span class=\"donwload-icon\"><img decoding=\"async\" class=\"download-icon\" src=\"\/wp-content\/themes\/hsu\/img\/icons\/download_icon.png\" alt=\"download icon\" \/><\/span><span class=\"download-size\">438 kB<\/span><\/a><\/div>\n<\/div>\n<\/div>\n<p><\/p>\n<p><h3>Studentische Arbeiten und Vertiefungspraktikum<\/h3><br \/>Studentische Arbeiten und Vertiefungspraktika werden auf Anfrage gerne vergeben.\u00a0 Die Themen der Abschlussarbeiten orientieren sich an Fragestellungen aus der aktuellen Forschung der Professur.<br \/><br \/><\/p>\n<h2>Lehrpreise<\/h2>\n<p><strong><abbr title=\"Professor\">Prof.<\/abbr> <abbr title=\"Doktor\">Dr.<\/abbr> Markus Bause and <abbr title=\"Doktor\">Dr.<\/abbr> Frank Gimbel honoured with the teaching award 2024 .<\/strong><\/p>\n\n\n<figure class=\"wp-block-image size-large is-resized\"><img loading=\"lazy\" decoding=\"async\" width=\"1024\" height=\"768\" src=\"https:\/\/www.hsu-hh.de\/mbm\/wp-content\/uploads\/sites\/700\/2024\/06\/IMG_6950-1024x768.jpg\" data-credit=\"Prof. Bause\" alt=\"\" class=\"wp-image-2381\" style=\"width:400px\" srcset=\"https:\/\/www.hsu-hh.de\/mbm\/wp-content\/uploads\/sites\/700\/2024\/06\/IMG_6950-1024x768.jpg 1024w, https:\/\/www.hsu-hh.de\/mbm\/wp-content\/uploads\/sites\/700\/2024\/06\/IMG_6950-300x225.jpg 300w, https:\/\/www.hsu-hh.de\/mbm\/wp-content\/uploads\/sites\/700\/2024\/06\/IMG_6950-768x576.jpg 768w, https:\/\/www.hsu-hh.de\/mbm\/wp-content\/uploads\/sites\/700\/2024\/06\/IMG_6950-1536x1152.jpg 1536w, https:\/\/www.hsu-hh.de\/mbm\/wp-content\/uploads\/sites\/700\/2024\/06\/IMG_6950-2048x1536.jpg 2048w, https:\/\/www.hsu-hh.de\/mbm\/wp-content\/uploads\/sites\/700\/2024\/06\/IMG_6950-1100x825.jpg 1100w\" sizes=\"auto, (max-width: 1024px) 100vw, 1024px\" \/><\/figure>\n\n\n\n<p><strong><abbr title=\"Professor\">Prof.<\/abbr> <abbr title=\"Doktor\">Dr.<\/abbr> Markus Bause honoured with the teaching award 2023 for professors.<\/strong><\/p>\n\n\n\n<figure class=\"wp-block-image size-large is-resized\"><img loading=\"lazy\" decoding=\"async\" width=\"1024\" height=\"870\" src=\"https:\/\/www.hsu-hh.de\/mbm\/wp-content\/uploads\/sites\/700\/2023\/06\/IMG_4224-scaled-e1687779193919-1024x870.jpg\" data-credit=\"Prof. Dr.-Ing. Markus Bause\" alt=\"\" class=\"wp-image-2227\" style=\"width:400px\" srcset=\"https:\/\/www.hsu-hh.de\/mbm\/wp-content\/uploads\/sites\/700\/2023\/06\/IMG_4224-scaled-e1687779193919-1024x870.jpg 1024w, https:\/\/www.hsu-hh.de\/mbm\/wp-content\/uploads\/sites\/700\/2023\/06\/IMG_4224-scaled-e1687779193919-300x255.jpg 300w, https:\/\/www.hsu-hh.de\/mbm\/wp-content\/uploads\/sites\/700\/2023\/06\/IMG_4224-scaled-e1687779193919-768x653.jpg 768w, https:\/\/www.hsu-hh.de\/mbm\/wp-content\/uploads\/sites\/700\/2023\/06\/IMG_4224-scaled-e1687779193919-1536x1306.jpg 1536w, https:\/\/www.hsu-hh.de\/mbm\/wp-content\/uploads\/sites\/700\/2023\/06\/IMG_4224-scaled-e1687779193919-1100x935.jpg 1100w, https:\/\/www.hsu-hh.de\/mbm\/wp-content\/uploads\/sites\/700\/2023\/06\/IMG_4224-scaled-e1687779193919.jpg 1920w\" sizes=\"auto, (max-width: 1024px) 100vw, 1024px\" \/><\/figure>\n\n\n\n<p><strong><abbr title=\"Professor\">Prof.<\/abbr> <abbr title=\"Doktor\">Dr.<\/abbr> Markus Bause honoured with the teaching award 2021 for professors.<\/strong><\/p>\n\n\n\n<figure class=\"wp-block-image size-large is-resized\"><img loading=\"lazy\" decoding=\"async\" width=\"1024\" height=\"768\" src=\"https:\/\/www.hsu-hh.de\/mbm\/wp-content\/uploads\/sites\/700\/2021\/07\/IMG_7654-1024x768.png\" data-credit=\"Prof. Dr. M. Bause\" alt=\"Lehrpreis 2021\" class=\"wp-image-1939\" style=\"width:400px\" srcset=\"https:\/\/www.hsu-hh.de\/mbm\/wp-content\/uploads\/sites\/700\/2021\/07\/IMG_7654-1024x768.png 1024w, https:\/\/www.hsu-hh.de\/mbm\/wp-content\/uploads\/sites\/700\/2021\/07\/IMG_7654-300x225.png 300w, https:\/\/www.hsu-hh.de\/mbm\/wp-content\/uploads\/sites\/700\/2021\/07\/IMG_7654-768x576.png 768w, https:\/\/www.hsu-hh.de\/mbm\/wp-content\/uploads\/sites\/700\/2021\/07\/IMG_7654-1100x825.png 1100w, https:\/\/www.hsu-hh.de\/mbm\/wp-content\/uploads\/sites\/700\/2021\/07\/IMG_7654.png 1280w\" sizes=\"auto, (max-width: 1024px) 100vw, 1024px\" \/><\/figure>\n\n\n\n<figure class=\"wp-block-image size-large is-resized\"><img loading=\"lazy\" decoding=\"async\" width=\"1024\" height=\"727\" src=\"https:\/\/www.hsu-hh.de\/mbm\/wp-content\/uploads\/sites\/700\/2021\/07\/Urkunde_Lehrpreis-1024x727.png\" data-credit=\"Prof. Dr. M. Bause\" alt=\"Certificate Teaching award 2021\" class=\"wp-image-1938\" style=\"width:400px\" srcset=\"https:\/\/www.hsu-hh.de\/mbm\/wp-content\/uploads\/sites\/700\/2021\/07\/Urkunde_Lehrpreis-1024x727.png 1024w, https:\/\/www.hsu-hh.de\/mbm\/wp-content\/uploads\/sites\/700\/2021\/07\/Urkunde_Lehrpreis-300x213.png 300w, https:\/\/www.hsu-hh.de\/mbm\/wp-content\/uploads\/sites\/700\/2021\/07\/Urkunde_Lehrpreis-768x546.png 768w, https:\/\/www.hsu-hh.de\/mbm\/wp-content\/uploads\/sites\/700\/2021\/07\/Urkunde_Lehrpreis-1536x1091.png 1536w, https:\/\/www.hsu-hh.de\/mbm\/wp-content\/uploads\/sites\/700\/2021\/07\/Urkunde_Lehrpreis-2048x1455.png 2048w, https:\/\/www.hsu-hh.de\/mbm\/wp-content\/uploads\/sites\/700\/2021\/07\/Urkunde_Lehrpreis-1100x781.png 1100w\" sizes=\"auto, (max-width: 1024px) 100vw, 1024px\" \/><\/figure>\n\n\n\n<p><strong><abbr title=\"Professor\">Prof.<\/abbr> <abbr title=\"Doktor\">Dr.<\/abbr> Markus Bause honoured with the teaching award 2019 for professors.<\/strong><\/p>\n\n\n\n<p>Foto folgt<\/p>\n\n\n\n<p><strong><abbr title=\"Professor\">Prof.<\/abbr> <abbr title=\"Doktor\">Dr.<\/abbr> Markus Bause honoured with the teaching award 2018 for professors.<\/strong><\/p>\n\n\n\n<figure class=\"wp-block-image size-large is-resized is-style-default\"><img loading=\"lazy\" decoding=\"async\" width=\"749\" height=\"1024\" src=\"https:\/\/www.hsu-hh.de\/mbm\/wp-content\/uploads\/sites\/700\/2018\/08\/IMG_1463-1-749x1024.jpg\" data-credit=\"Prof. M. Bause\" alt=\"Prof. Dr. Markus Bause honoured with the teaching award 2018 for professors!\" class=\"wp-image-1396\" style=\"width:400px\" srcset=\"https:\/\/www.hsu-hh.de\/mbm\/wp-content\/uploads\/sites\/700\/2018\/08\/IMG_1463-1-749x1024.jpg 749w, https:\/\/www.hsu-hh.de\/mbm\/wp-content\/uploads\/sites\/700\/2018\/08\/IMG_1463-1-220x300.jpg 220w, https:\/\/www.hsu-hh.de\/mbm\/wp-content\/uploads\/sites\/700\/2018\/08\/IMG_1463-1-768x1050.jpg 768w, https:\/\/www.hsu-hh.de\/mbm\/wp-content\/uploads\/sites\/700\/2018\/08\/IMG_1463-1.jpg 1926w\" sizes=\"auto, (max-width: 749px) 100vw, 749px\" \/><\/figure>\n","protected":false},"excerpt":{"rendered":"<p>Lehrveranstaltungen Informationen und Unterlagen zu den Lehrveranstaltungen der Professur werden im Lernmanagementsystem ILIAS bereitgestellt. Der Link f\u00fcr den direkten Beitritt zum jeweiligen ILIAS Kurs wird am Anfang der Lehrveranstaltung per [&hellip;]<\/p>\n","protected":false},"author":177,"featured_media":0,"parent":0,"menu_order":0,"comment_status":"closed","ping_status":"closed","template":"","meta":{"footnotes":""},"categories":[35],"tags":[103],"class_list":["post-340","page","type-page","status-publish","hentry","category-startseite","tag-start-lehre-de"],"_links":{"self":[{"href":"https:\/\/www.hsu-hh.de\/mbm\/wp-json\/wp\/v2\/pages\/340","targetHints":{"allow":["GET"]}}],"collection":[{"href":"https:\/\/www.hsu-hh.de\/mbm\/wp-json\/wp\/v2\/pages"}],"about":[{"href":"https:\/\/www.hsu-hh.de\/mbm\/wp-json\/wp\/v2\/types\/page"}],"author":[{"embeddable":true,"href":"https:\/\/www.hsu-hh.de\/mbm\/wp-json\/wp\/v2\/users\/177"}],"replies":[{"embeddable":true,"href":"https:\/\/www.hsu-hh.de\/mbm\/wp-json\/wp\/v2\/comments?post=340"}],"version-history":[{"count":79,"href":"https:\/\/www.hsu-hh.de\/mbm\/wp-json\/wp\/v2\/pages\/340\/revisions"}],"predecessor-version":[{"id":2553,"href":"https:\/\/www.hsu-hh.de\/mbm\/wp-json\/wp\/v2\/pages\/340\/revisions\/2553"}],"wp:attachment":[{"href":"https:\/\/www.hsu-hh.de\/mbm\/wp-json\/wp\/v2\/media?parent=340"}],"wp:term":[{"taxonomy":"category","embeddable":true,"href":"https:\/\/www.hsu-hh.de\/mbm\/wp-json\/wp\/v2\/categories?post=340"},{"taxonomy":"post_tag","embeddable":true,"href":"https:\/\/www.hsu-hh.de\/mbm\/wp-json\/wp\/v2\/tags?post=340"}],"curies":[{"name":"wp","href":"https:\/\/api.w.org\/{rel}","templated":true}]}}