{"id":115,"date":"2017-10-05T16:18:20","date_gmt":"2017-10-05T14:18:20","guid":{"rendered":"https:\/\/www.hsu-hh.de\/mbm\/?page_id=115"},"modified":"2022-11-01T11:58:08","modified_gmt":"2022-11-01T10:58:08","slug":"prof-dr-rer-nat-habil-markus-bause","status":"publish","type":"page","link":"https:\/\/www.hsu-hh.de\/mbm\/team\/prof-dr-rer-nat-habil-markus-bause","title":{"rendered":"Prof. Dr. rer. nat. habil. Markus Bause"},"content":{"rendered":"<div class=\"ansprechparter-container\">\n<div class=\"row ansprechpartner-item ansprechparter-header\">\n<div class=\"col-md-4 col-lg-3 col-xs-4 ansprechpartner-item floatright img-circle center-block\" style=\"margin-bottom: 30px\"><img loading=\"lazy\" decoding=\"async\" class=\"alignnone size-medium wp-image-117\" src=\"https:\/\/www.hsu-hh.de\/mbm\/wp-content\/uploads\/sites\/700\/2017\/10\/IDViIcQ8TpMwHsdE-200x300.jpg\" alt=\"Prof. Markus Bause\" width=\"200\" height=\"300\" srcset=\"https:\/\/www.hsu-hh.de\/mbm\/wp-content\/uploads\/sites\/700\/2017\/10\/IDViIcQ8TpMwHsdE-200x300.jpg 200w, https:\/\/www.hsu-hh.de\/mbm\/wp-content\/uploads\/sites\/700\/2017\/10\/IDViIcQ8TpMwHsdE-683x1024.jpg 683w, https:\/\/www.hsu-hh.de\/mbm\/wp-content\/uploads\/sites\/700\/2017\/10\/IDViIcQ8TpMwHsdE.jpg 709w\" sizes=\"auto, (max-width: 200px) 100vw, 200px\" \/><\/div>\n<div class=\"col-md-12 col-lg-3 col-xs-12 ansprechpartner-item kontakt floatright\" style=\"margin-bottom: 30px\">\n<div class=\"row\">\n<div class=\"col-xs-12 col-sm-6 col-lg-12\">\n<div class=\"row\">\n<div class=\"col-xs-12 col-lg-4 row-text bold\">Raum:<\/div>\n<div class=\"col-xs-12 col-lg-8 row-text\">1105<\/div>\n<\/div>\n<\/div>\n<div class=\"col-xs-12 col-sm-6 col-lg-12\">\n<div class=\"row\">\n<div class=\"col-xs-12 col-lg-4 row-text bold\">Telefon:<\/div>\n<div class=\"col-xs-12 col-lg-8 row-text\">+49-40-6541-2721<\/div>\n<\/div>\n<\/div>\n<div class=\"col-xs-12 col-sm-6 col-lg-12\">\n<div class=\"row\">\n<div class=\"col-xs-12 col-lg-4 row-text bold\">Fax:<\/div>\n<div class=\"col-xs-12 col-lg-8 row-text\">+49-40-6541-2690<\/div>\n<\/div>\n<\/div>\n<div class=\"col-xs-12 col-sm-6 col-lg-12\">\n<div class=\"row\">\n<div class=\"col-xs-12 col-md-12 row-text bold\">Email:<\/div>\n<div class=\"col-xs-12 col-md-12 row-text\">bause@hsu-hh.de<\/div>\n<\/div>\n<\/div>\n<\/div>\n<\/div>\n<div class=\"col-md-6 col-lg-3 col-xs-12 ansprechpartner-item anschrift floatright\">\n<div class=\"row-headline\">Besucheranschrift<\/div>\n<div class=\"row-text\">Helmut-Schmidt-Universit\u00e4t<\/div>\n<div class=\"row-text\">Geb\u00e4ude H1<\/div>\n<div class=\"row-text\">Holstenhofweg 85<\/div>\n<div class=\"row-text\">22043 Hamburg<\/div>\n<\/div>\n<div class=\"col-md-6 col-lg-3 col-xs-12 ansprechpartner-item anschrift floatright\">\n<div class=\"row-headline\">Postanschrift<\/div>\n<div class=\"row-text\">Helmut-Schmidt-Universit\u00e4t<\/div>\n<div class=\"row-text\">Fakult\u00e4t f\u00fcr Maschinenbau<\/div>\n<div class=\"row-text\">Numerische Mathematik<\/div>\n<div class=\"row-text\">Postfach 70 08 22<\/div>\n<div class=\"row-text\">22008 Hamburg<\/div>\n<\/div>\n<\/div>\n<\/div>\n","protected":false},"excerpt":{"rendered":"<p>Raum: 1105 Telefon: +49-40-6541-2721 Fax: +49-40-6541-2690 Email: bause@hsu-hh.de Besucheranschrift Helmut-Schmidt-Universit\u00e4t Geb\u00e4ude H1 Holstenhofweg 85 22043 Hamburg Postanschrift Helmut-Schmidt-Universit\u00e4t Fakult\u00e4t f\u00fcr Maschinenbau Numerische Mathematik Postfach 70 08 22 22008 Hamburg<\/p>\n","protected":false},"author":87,"featured_media":0,"parent":107,"menu_order":0,"comment_status":"closed","ping_status":"closed","template":"","meta":{"footnotes":""},"categories":[8],"tags":[138],"class_list":["post-115","page","type-page","status-publish","hentry","category-team","tag-team-bause"],"_links":{"self":[{"href":"https:\/\/www.hsu-hh.de\/mbm\/wp-json\/wp\/v2\/pages\/115","targetHints":{"allow":["GET"]}}],"collection":[{"href":"https:\/\/www.hsu-hh.de\/mbm\/wp-json\/wp\/v2\/pages"}],"about":[{"href":"https:\/\/www.hsu-hh.de\/mbm\/wp-json\/wp\/v2\/types\/page"}],"author":[{"embeddable":true,"href":"https:\/\/www.hsu-hh.de\/mbm\/wp-json\/wp\/v2\/users\/87"}],"replies":[{"embeddable":true,"href":"https:\/\/www.hsu-hh.de\/mbm\/wp-json\/wp\/v2\/comments?post=115"}],"version-history":[{"count":5,"href":"https:\/\/www.hsu-hh.de\/mbm\/wp-json\/wp\/v2\/pages\/115\/revisions"}],"predecessor-version":[{"id":2114,"href":"https:\/\/www.hsu-hh.de\/mbm\/wp-json\/wp\/v2\/pages\/115\/revisions\/2114"}],"up":[{"embeddable":true,"href":"https:\/\/www.hsu-hh.de\/mbm\/wp-json\/wp\/v2\/pages\/107"}],"wp:attachment":[{"href":"https:\/\/www.hsu-hh.de\/mbm\/wp-json\/wp\/v2\/media?parent=115"}],"wp:term":[{"taxonomy":"category","embeddable":true,"href":"https:\/\/www.hsu-hh.de\/mbm\/wp-json\/wp\/v2\/categories?post=115"},{"taxonomy":"post_tag","embeddable":true,"href":"https:\/\/www.hsu-hh.de\/mbm\/wp-json\/wp\/v2\/tags?post=115"}],"curies":[{"name":"wp","href":"https:\/\/api.w.org\/{rel}","templated":true}]}}