{"id":844,"date":"2023-03-08T14:30:03","date_gmt":"2023-03-08T13:30:03","guid":{"rendered":"https:\/\/mig.hsu-hh.de\/mb\/?page_id=464"},"modified":"2024-02-09T13:06:40","modified_gmt":"2024-02-09T12:06:40","slug":"professuren-der-fakultaet-entwurf","status":"publish","type":"page","link":"https:\/\/www.hsu-hh.de\/mb\/professuren-der-fakultaet-entwurf","title":{"rendered":"Professuren der Fakult\u00e4t [Entwurf]"},"content":{"rendered":"\n<hr class=\"wp-block-separator has-css-opacity\" \/>\n\n\n\n<p style=\"font-size:25px\"><strong>Maschinenbau<\/strong>:<\/p>\n\n\n\n<p><abbr title=\"Professor\">Prof.<\/abbr> <abbr title=\"Doktor\">Dr.<\/abbr> <abbr title=\"rerum\">rer.<\/abbr> nat. <abbr title=\"habilitatus\">habil.<\/abbr> Markus Bause &#8211; <a href=\"https:\/\/www.hsu-hh.de\/mbm\/\" data-type=\"URL\" data-id=\"https:\/\/www.hsu-hh.de\/mbm\/\">Professur f\u00fcr Numerische Mathematik<\/a><\/p>\n\n\n\n<p><abbr title=\"Professor\">Prof.<\/abbr> <abbr title=\"Doktor\">Dr.<\/abbr>&#8211;<abbr title=\"Ingenieur\">Ing.<\/abbr> <abbr title=\"habilitatus\">habil.<\/abbr> Michael Breuer &#8211; <a href=\"https:\/\/www.hsu-hh.de\/pfs\/\" data-type=\"URL\" data-id=\"https:\/\/www.hsu-hh.de\/pfs\/\">Professur f\u00fcr Str\u00f6mungsmechanik<\/a> <\/p>\n\n\n\n<p><abbr title=\"Professor\">Prof.<\/abbr> <abbr title=\"Doktor\">Dr.<\/abbr>&#8211;<abbr title=\"Ingenieur\">Ing.<\/abbr> NN &#8211; <a href=\"https:\/\/www.hsu-hh.de\/mtl\/\" data-type=\"URL\" data-id=\"https:\/\/www.hsu-hh.de\/mtl\/\">Professur f\u00fcr Maschinenelemente und Technische Logistik<\/a><\/p>\n\n\n\n<p><abbr title=\"Professor\">Prof.<\/abbr> <abbr title=\"Doktor\">Dr.<\/abbr> <abbr title=\"rerum\">rer.<\/abbr> nat. Thomas Carraro &#8211; <a href=\"https:\/\/www.hsu-hh.de\/am\/\" data-type=\"URL\" data-id=\"https:\/\/www.hsu-hh.de\/am\/\">Professur f\u00fcr Angewandte Mathematik<\/a><\/p>\n\n\n\n<p><abbr title=\"Professor\">Prof.<\/abbr> <abbr title=\"Doktor\">Dr.<\/abbr>&#8211;<abbr title=\"Ingenieur\">Ing.<\/abbr> Alexander Fay &#8211; <a href=\"https:\/\/www.hsu-hh.de\/aut\/\" data-type=\"URL\" data-id=\"https:\/\/www.hsu-hh.de\/aut\/\">Professur f\u00fcr Automatisierungstechnik<\/a><\/p>\n\n\n\n<p><abbr title=\"Professor\">Prof.<\/abbr> <abbr title=\"Doktor\">Dr.<\/abbr>&#8211;<abbr title=\"Ingenieur\">Ing.<\/abbr> Alice Kirchheim &#8211; <a href=\"https:\/\/www.hsu-hh.de\/log\/\" data-type=\"URL\" data-id=\"https:\/\/www.hsu-hh.de\/log\/\">Professur f\u00fcr Technologie von Logistiksystemen<\/a><\/p>\n\n\n\n<p><abbr title=\"Professor\">Prof.<\/abbr> <abbr title=\"Doktor\">Dr.<\/abbr>&#8211;<abbr title=\"Ingenieur\">Ing.<\/abbr> <abbr title=\"habilitatus\">habil.<\/abbr> Thomas Klassen &#8211; <a href=\"https:\/\/www.hsu-hh.de\/werkstoffkunde\/\" data-type=\"URL\" data-id=\"https:\/\/www.hsu-hh.de\/werkstoffkunde\/\">Professur f\u00fcr Werkstoffkunde<\/a><\/p>\n\n\n\n<p><abbr title=\"Professor\">Prof.<\/abbr> <abbr title=\"Doktor\">Dr.<\/abbr>&#8211;<abbr title=\"Ingenieur\">Ing.<\/abbr> Denis Kramer &#8211; <a href=\"https:\/\/www.hsu-hh.de\/cmd\/\" data-type=\"URL\" data-id=\"https:\/\/www.hsu-hh.de\/cmd\/\">Professur f\u00fcr Computational Material Design<\/a><\/p>\n\n\n\n<p><abbr title=\"Professor\">Prof.<\/abbr> <abbr title=\"Doktor\">Dr.<\/abbr>&#8211;<abbr title=\"Ingenieur\">Ing.<\/abbr> Rolf Lammering &#8211; <a href=\"https:\/\/www.hsu-hh.de\/mechanik\/\" data-type=\"URL\" data-id=\"https:\/\/www.hsu-hh.de\/mechanik\/\">Professur f\u00fcr Mechanik<\/a> <\/p>\n\n\n\n<p><abbr title=\"Professor\">Prof.<\/abbr> <abbr title=\"Doktor\">Dr.<\/abbr>&#8211;<abbr title=\"Ingenieur\">Ing.<\/abbr> Frank Mantwill &#8211; <a href=\"https:\/\/www.hsu-hh.de\/mrp\/\" data-type=\"URL\" data-id=\"https:\/\/www.hsu-hh.de\/mrp\/\">Professur f\u00fcr Maschinenelemente und Rechnergest\u00fctzte Produktentwicklung<\/a><\/p>\n\n\n\n<p><abbr title=\"Professor\">Prof.<\/abbr> <abbr title=\"Doktor\">Dr.<\/abbr>&#8211;<abbr title=\"Ingenieur\">Ing.<\/abbr> <abbr title=\"habilitatus\">habil.<\/abbr> Karsten Meier &#8211; <a href=\"https:\/\/www.hsu-hh.de\/thermodynamik\/\" data-type=\"URL\" data-id=\"https:\/\/www.hsu-hh.de\/thermodynamik\/\">Professur f\u00fcr Thermodynamik<\/a><\/p>\n\n\n\n<p><abbr title=\"Professor\">Prof.<\/abbr> <abbr title=\"Doktor\">Dr.<\/abbr>&#8211;<abbr title=\"Ingenieur\">Ing.<\/abbr> Martin Meywerk &#8211; <a href=\"https:\/\/www.hsu-hh.de\/ft\/\" data-type=\"URL\" data-id=\"https:\/\/www.hsu-hh.de\/ft\/\">Professur f\u00fcr Fahrzeugtechnik<\/a> <\/p>\n\n\n\n<p><abbr title=\"Professor\">Prof.<\/abbr> <abbr title=\"Doktor\">Dr.<\/abbr> <abbr title=\"rerum\">rer.<\/abbr> nat. <abbr title=\"habilitatus\">habil.<\/abbr> Philipp Neumann &#8211; <a href=\"https:\/\/www.hsu-hh.de\/hpc\/\" data-type=\"URL\" data-id=\"https:\/\/www.hsu-hh.de\/hpc\/\">Professur f\u00fcr High Performance Computing<\/a><\/p>\n\n\n\n<p><abbr title=\"Professor\">Prof.<\/abbr> <abbr title=\"Doktor\">Dr.<\/abbr>&#8211;<abbr title=\"Ingenieur\">Ing.<\/abbr> Bernd Niemeyer &#8211; <a href=\"https:\/\/www.hsu-hh.de\/separations\/\" data-type=\"URL\" data-id=\"https:\/\/www.hsu-hh.de\/separations\/\">Professur f\u00fcr Verfahrenstechnik, insbesondere Stofftrennung<\/a> <\/p>\n\n\n\n<p><abbr title=\"Professor\">Prof.<\/abbr> <abbr title=\"Doktor\">Dr.<\/abbr> <abbr title=\"rerum\">rer.<\/abbr> nat. Oliver Niggemann &#8211; <a href=\"https:\/\/www.hsu-hh.de\/imb\/\" data-type=\"URL\" data-id=\"https:\/\/www.hsu-hh.de\/imb\/\">Professur f\u00fcr Informatik im Maschinenbau<\/a><\/p>\n\n\n\n<p><abbr title=\"Professor\">Prof.<\/abbr> <abbr title=\"Doktor\">Dr.<\/abbr>&#8211;<abbr title=\"Ingenieur\">Ing.<\/abbr> Delf Sachau &#8211; <a href=\"https:\/\/www.hsu-hh.de\/mechatronik\/\" data-type=\"URL\" data-id=\"https:\/\/www.hsu-hh.de\/mechatronik\/\">Professur f\u00fcr Mechatronik<\/a> <\/p>\n\n\n\n<p><abbr title=\"Professor\">Prof.<\/abbr> <abbr title=\"Doktor\">Dr.<\/abbr>&#8211;<abbr title=\"Ingenieur\">Ing.<\/abbr> Markus Schatz &#8211; <a href=\"https:\/\/www.hsu-hh.de\/lsm\/\" data-type=\"URL\" data-id=\"https:\/\/www.hsu-hh.de\/lsm\/\">Professur f\u00fcr Str\u00f6mungsmaschinen in der Energietechnik<\/a><\/p>\n\n\n\n<p><abbr title=\"Professor\">Prof.<\/abbr> <abbr title=\"Doktor\">Dr.<\/abbr>&#8211;<abbr title=\"Ingenieur\">Ing.<\/abbr> Wolfgang Thiemann &#8211; <a href=\"https:\/\/www.hsu-hh.de\/ast\/\" data-type=\"URL\" data-id=\"https:\/\/www.hsu-hh.de\/ast\/\">Professur f\u00fcr Antriebssystemtechnik<\/a><\/p>\n\n\n\n<p><abbr title=\"Professor\">Prof.<\/abbr> <abbr title=\"Doktor\">Dr.<\/abbr>&#8211;<abbr title=\"Ingenieur\">Ing.<\/abbr> Jens-Peter Wulfsberg &#8211; <a href=\"https:\/\/www.hsu-hh.de\/laft\/\" data-type=\"URL\" data-id=\"https:\/\/www.hsu-hh.de\/laft\/\">Professur f\u00fcr Fertigungstechnik <\/a><\/p>\n\n\n\n<hr class=\"wp-block-separator has-css-opacity\" \/>\n\n\n\n<p style=\"font-size:25px\"><strong>Bauingenieurwesen:<\/strong><\/p>\n\n\n\n<p><abbr title=\"Professor\">Prof.<\/abbr> <abbr title=\"Doktor\">Dr.<\/abbr>&#8211;<abbr title=\"Ingenieur\">Ing.<\/abbr> Anozie Ebigbo &#8211; <a href=\"https:\/\/www.hsu-hh.de\/hmech\/\" data-type=\"URL\" data-id=\"https:\/\/www.hsu-hh.de\/hmech\/\">Professur f\u00fcr Hydromechanik<\/a><\/p>\n\n\n\n<p><abbr title=\"Professor\">Prof.<\/abbr> <abbr title=\"Doktor\">Dr.<\/abbr>&#8211;<abbr title=\"Ingenieur\">Ing.<\/abbr> Max G\u00fcndel &#8211; <a href=\"https:\/\/www.hsu-hh.de\/stahlbau\/\" data-type=\"URL\" data-id=\"https:\/\/www.hsu-hh.de\/stahlbau\/\">Professur f\u00fcr Stahlbau und Stahlwasserbau<\/a><\/p>\n\n\n\n<p><abbr title=\"Professor\">Prof.<\/abbr> <abbr title=\"Doktor\">Dr.<\/abbr>&#8211;<abbr title=\"Ingenieur\">Ing.<\/abbr> <abbr title=\"habilitatus\">habil.<\/abbr> Sascha Henke &#8211; <a href=\"https:\/\/www.hsu-hh.de\/geot\/\" data-type=\"URL\" data-id=\"https:\/\/www.hsu-hh.de\/geot\/\">Professur f\u00fcr Geotechnik<\/a> <\/p>\n\n\n\n<p><abbr title=\"Professor\">Prof.<\/abbr> <abbr title=\"Doktor\">Dr.<\/abbr>&#8211;<abbr title=\"Ingenieur\">Ing.<\/abbr> Silvia Ke\u00dfler &#8211;<a href=\"http:\/\/hsu-hh.de\/kwb\" rel='nofollow'> Professur f\u00fcr Konstruktionswerkstoffe und Bawerkserhaltung<\/a><\/p>\n\n\n\n<p><abbr title=\"Professor\">Prof.<\/abbr> <abbr title=\"Doktor\">Dr.<\/abbr>&#8211;<abbr title=\"Ingenieur\">Ing.<\/abbr> Duc Tung Nguyen &#8211; <a href=\"https:\/\/www.hsu-hh.de\/massivb\/\" data-type=\"URL\" data-id=\"https:\/\/www.hsu-hh.de\/massivb\/\">Professur f\u00fcr Massivbau<\/a><\/p>\n\n\n\n<p><abbr title=\"Professor\">Prof.<\/abbr> <abbr title=\"Doktor\">Dr.<\/abbr>&#8211;<abbr title=\"Ingenieur\">Ing.<\/abbr> <abbr title=\"habilitatus\">habil.<\/abbr> Mario Oertel &#8211; <a href=\"https:\/\/www.hsu-hh.de\/wasserbau\/\" data-type=\"URL\" data-id=\"https:\/\/www.hsu-hh.de\/wasserbau\/\">Professur f\u00fcr Wasserbau<\/a><\/p>\n\n\n\n<p><abbr title=\"Professor\">Prof.<\/abbr> <abbr title=\"Doktor\">Dr.<\/abbr>&#8211;<abbr title=\"Ingenieur\">Ing.<\/abbr> <abbr title=\"habilitatus\">habil.<\/abbr> Wolfgang Weber &#8211; <a href=\"https:\/\/www.hsu-hh.de\/statdyn\/\" data-type=\"URL\" data-id=\"https:\/\/www.hsu-hh.de\/statdyn\/\">Professur f\u00fcr Statik und Dynamik<\/a><\/p>\n\n\n\n<p><abbr title=\"Professor\">Prof.<\/abbr> <abbr title=\"Doktor\">Dr.<\/abbr> NN &#8211; <a href=\"https:\/\/www.hsu-hh.de\/mathematik\/\" data-type=\"URL\" data-id=\"https:\/\/www.hsu-hh.de\/mathematik\/\">Professur f\u00fcr Mathematik im Bauingenieurwesen<\/a><\/p>\n","protected":false},"excerpt":{"rendered":"<p>Maschinenbau: Prof. Dr. rer. nat. habil. Markus Bause &#8211; Professur f\u00fcr Numerische Mathematik Prof. Dr.&#8211;Ing. habil. Michael Breuer &#8211; Professur f\u00fcr Str\u00f6mungsmechanik Prof. Dr.&#8211;Ing. NN &#8211; Professur f\u00fcr Maschinenelemente und [&hellip;]<\/p>\n","protected":false},"author":3797,"featured_media":0,"parent":0,"menu_order":0,"comment_status":"closed","ping_status":"closed","template":"","meta":{"footnotes":""},"categories":[4],"tags":[],"class_list":["post-844","page","type-page","status-publish","hentry","category-forschung"],"_links":{"self":[{"href":"https:\/\/www.hsu-hh.de\/mb\/wp-json\/wp\/v2\/pages\/844","targetHints":{"allow":["GET"]}}],"collection":[{"href":"https:\/\/www.hsu-hh.de\/mb\/wp-json\/wp\/v2\/pages"}],"about":[{"href":"https:\/\/www.hsu-hh.de\/mb\/wp-json\/wp\/v2\/types\/page"}],"author":[{"embeddable":true,"href":"https:\/\/www.hsu-hh.de\/mb\/wp-json\/wp\/v2\/users\/3797"}],"replies":[{"embeddable":true,"href":"https:\/\/www.hsu-hh.de\/mb\/wp-json\/wp\/v2\/comments?post=844"}],"version-history":[{"count":4,"href":"https:\/\/www.hsu-hh.de\/mb\/wp-json\/wp\/v2\/pages\/844\/revisions"}],"predecessor-version":[{"id":848,"href":"https:\/\/www.hsu-hh.de\/mb\/wp-json\/wp\/v2\/pages\/844\/revisions\/848"}],"wp:attachment":[{"href":"https:\/\/www.hsu-hh.de\/mb\/wp-json\/wp\/v2\/media?parent=844"}],"wp:term":[{"taxonomy":"category","embeddable":true,"href":"https:\/\/www.hsu-hh.de\/mb\/wp-json\/wp\/v2\/categories?post=844"},{"taxonomy":"post_tag","embeddable":true,"href":"https:\/\/www.hsu-hh.de\/mb\/wp-json\/wp\/v2\/tags?post=844"}],"curies":[{"name":"wp","href":"https:\/\/api.w.org\/{rel}","templated":true}]}}