{"id":835,"date":"2021-12-17T15:40:46","date_gmt":"2021-12-17T14:40:46","guid":{"rendered":"https:\/\/mig.hsu-hh.de\/mb\/?page_id=399"},"modified":"2024-06-10T15:15:06","modified_gmt":"2024-06-10T13:15:06","slug":"forschungsschwerpunkte-der-fakultaet-fuer-maschinenbau-und-bauingenieurwesen","status":"publish","type":"page","link":"https:\/\/www.hsu-hh.de\/mb\/forschungsschwerpunkte-der-fakultaet-fuer-maschinenbau-und-bauingenieurwesen","title":{"rendered":"Forschungsschwerpunkte der Fakult\u00e4t f\u00fcr Maschinenbau und Bauingenieurwesen"},"content":{"rendered":"\n<p>Hier werden die Forschungsschwerpunkte der Fakult\u00e4t f\u00fcr Maschinenbau und Bauingenieurwesen dargestellt.<\/p>\n\n\n\n<p><\/p>\n\n\n\n<p>Im Rahmen von <a href=\"https:\/\/dtecbw.de\/home\/hsu-unibw-h\/\" rel='nofollow'>dtec.bw<\/a> wird an der Fakult\u00e4t f\u00fcr Maschinenbau und Bauingenieurwesen in den folgenden 3 Forschungsschwerpunkten mitgewirkt:<\/p>\n\n\n\n<ul class=\"wp-block-list\">\n<li><a href=\"https:\/\/dtecbw.de\/home\/forschung\/energie-und-digitalisierung\" rel='nofollow'>Energie und Digitalisierung<\/a><\/li>\n\n\n\n<li><a href=\"https:\/\/dtecbw.de\/home\/forschung\/kuenstliche-intelligenz-und-intelligente-physische-systeme-kiips\" rel='nofollow'>K\u00fcnstliche Intelligenz und intelligente physische Systeme (KIIPS)<\/a><\/li>\n\n\n\n<li><a href=\"https:\/\/dtecbw.de\/home\/forschung\/kompetenzen-fuer-die-digitale-arbeitswelt-kodia\" rel='nofollow'>Kompetenzen f\u00fcr die digitale Arbeitswelt (KoDiA)<\/a><\/li>\n<\/ul>\n","protected":false},"excerpt":{"rendered":"<p>Hier werden die Forschungsschwerpunkte der Fakult\u00e4t f\u00fcr Maschinenbau und Bauingenieurwesen dargestellt. Im Rahmen von dtec.bw wird an der Fakult\u00e4t f\u00fcr Maschinenbau und Bauingenieurwesen in den folgenden 3 Forschungsschwerpunkten mitgewirkt:<\/p>\n","protected":false},"author":2428,"featured_media":0,"parent":0,"menu_order":0,"comment_status":"closed","ping_status":"closed","template":"","meta":{"footnotes":""},"categories":[4],"tags":[],"class_list":["post-835","page","type-page","status-publish","hentry","category-forschung"],"_links":{"self":[{"href":"https:\/\/www.hsu-hh.de\/mb\/wp-json\/wp\/v2\/pages\/835","targetHints":{"allow":["GET"]}}],"collection":[{"href":"https:\/\/www.hsu-hh.de\/mb\/wp-json\/wp\/v2\/pages"}],"about":[{"href":"https:\/\/www.hsu-hh.de\/mb\/wp-json\/wp\/v2\/types\/page"}],"author":[{"embeddable":true,"href":"https:\/\/www.hsu-hh.de\/mb\/wp-json\/wp\/v2\/users\/2428"}],"replies":[{"embeddable":true,"href":"https:\/\/www.hsu-hh.de\/mb\/wp-json\/wp\/v2\/comments?post=835"}],"version-history":[{"count":8,"href":"https:\/\/www.hsu-hh.de\/mb\/wp-json\/wp\/v2\/pages\/835\/revisions"}],"predecessor-version":[{"id":932,"href":"https:\/\/www.hsu-hh.de\/mb\/wp-json\/wp\/v2\/pages\/835\/revisions\/932"}],"wp:attachment":[{"href":"https:\/\/www.hsu-hh.de\/mb\/wp-json\/wp\/v2\/media?parent=835"}],"wp:term":[{"taxonomy":"category","embeddable":true,"href":"https:\/\/www.hsu-hh.de\/mb\/wp-json\/wp\/v2\/categories?post=835"},{"taxonomy":"post_tag","embeddable":true,"href":"https:\/\/www.hsu-hh.de\/mb\/wp-json\/wp\/v2\/tags?post=835"}],"curies":[{"name":"wp","href":"https:\/\/api.w.org\/{rel}","templated":true}]}}