{"id":825,"date":"2021-12-17T14:31:30","date_gmt":"2021-12-17T13:31:30","guid":{"rendered":"https:\/\/mig.hsu-hh.de\/mb\/?page_id=387"},"modified":"2024-02-09T13:06:40","modified_gmt":"2024-02-09T12:06:40","slug":"institute-der-fakultaet-fuer-maschinenbau-und-bauingenieurwesen","status":"publish","type":"page","link":"https:\/\/www.hsu-hh.de\/mb\/institute-der-fakultaet-fuer-maschinenbau-und-bauingenieurwesen","title":{"rendered":"Institute der Fakult\u00e4t f\u00fcr Maschinenbau und Bauingenieurwesen"},"content":{"rendered":"\n<p>Hier werden k\u00fcnftig die Institute der Fakult\u00e4t f\u00fcr Maschinenbau und Bauingenieurwesen aufgelistet:<br><\/p>\n\n\n\n<p><a href=\"https:\/\/mig.hsu-hh.de\/mb\/institute-der-fakultaet-fuer-maschinenbau-und-bauingenieurwesen\/institut-fuer-ingenieurbau\" data-type=\"URL\" data-id=\"https:\/\/mig.hsu-hh.de\/mb\/institute-der-fakultaet-fuer-maschinenbau-und-bauingenieurwesen\/institut-fuer-ingenieurbau\" rel='nofollow'>Institut f\u00fcr Konstruktiven Ingenieurbau<\/a><\/p>\n","protected":false},"excerpt":{"rendered":"<p>Hier werden k\u00fcnftig die Institute der Fakult\u00e4t f\u00fcr Maschinenbau und Bauingenieurwesen aufgelistet: Institut f\u00fcr Konstruktiven Ingenieurbau<\/p>\n","protected":false},"author":2428,"featured_media":0,"parent":0,"menu_order":0,"comment_status":"closed","ping_status":"closed","template":"","meta":{"footnotes":""},"categories":[4],"tags":[],"class_list":["post-825","page","type-page","status-publish","hentry","category-forschung"],"_links":{"self":[{"href":"https:\/\/www.hsu-hh.de\/mb\/wp-json\/wp\/v2\/pages\/825","targetHints":{"allow":["GET"]}}],"collection":[{"href":"https:\/\/www.hsu-hh.de\/mb\/wp-json\/wp\/v2\/pages"}],"about":[{"href":"https:\/\/www.hsu-hh.de\/mb\/wp-json\/wp\/v2\/types\/page"}],"author":[{"embeddable":true,"href":"https:\/\/www.hsu-hh.de\/mb\/wp-json\/wp\/v2\/users\/2428"}],"replies":[{"embeddable":true,"href":"https:\/\/www.hsu-hh.de\/mb\/wp-json\/wp\/v2\/comments?post=825"}],"version-history":[{"count":4,"href":"https:\/\/www.hsu-hh.de\/mb\/wp-json\/wp\/v2\/pages\/825\/revisions"}],"predecessor-version":[{"id":829,"href":"https:\/\/www.hsu-hh.de\/mb\/wp-json\/wp\/v2\/pages\/825\/revisions\/829"}],"wp:attachment":[{"href":"https:\/\/www.hsu-hh.de\/mb\/wp-json\/wp\/v2\/media?parent=825"}],"wp:term":[{"taxonomy":"category","embeddable":true,"href":"https:\/\/www.hsu-hh.de\/mb\/wp-json\/wp\/v2\/categories?post=825"},{"taxonomy":"post_tag","embeddable":true,"href":"https:\/\/www.hsu-hh.de\/mb\/wp-json\/wp\/v2\/tags?post=825"}],"curies":[{"name":"wp","href":"https:\/\/api.w.org\/{rel}","templated":true}]}}