{"id":802,"date":"2017-07-03T15:52:08","date_gmt":"2017-07-03T13:52:08","guid":{"rendered":"https:\/\/mig.hsu-hh.de\/vorlage\/?page_id=73"},"modified":"2025-12-10T08:46:36","modified_gmt":"2025-12-10T07:46:36","slug":"startseite-2","status":"publish","type":"page","link":"https:\/\/www.hsu-hh.de\/mb\/","title":{"rendered":"Fakult\u00e4t f\u00fcr Maschinenbau und Bauingenieurwesen"},"content":{"rendered":"\n<div class=\"wp-block-columns is-layout-flex wp-container-core-columns-is-layout-9d6595d7 wp-block-columns-is-layout-flex\">\n<div class=\"wp-block-column is-layout-flow wp-block-column-is-layout-flow\">\n<div class=\"wp-block-columns is-layout-flex wp-container-core-columns-is-layout-9d6595d7 wp-block-columns-is-layout-flex\">\n<div class=\"wp-block-column is-layout-flow wp-block-column-is-layout-flow\">\n<figure class=\"wp-block-image size-medium is-resized is-style-rounded\"><img loading=\"lazy\" decoding=\"async\" width=\"300\" height=\"225\" src=\"https:\/\/www.hsu-hh.de\/mb\/wp-content\/uploads\/sites\/672\/2021\/11\/HSU-Schild-e1639841073771-300x225.jpg\" data-credit=\"HSU \/ M. Oertel\" alt=\"HSU Eingangs-Schild\" class=\"wp-image-739\" style=\"width:199px\" srcset=\"https:\/\/www.hsu-hh.de\/mb\/wp-content\/uploads\/sites\/672\/2021\/11\/HSU-Schild-e1639841073771-300x225.jpg 300w, https:\/\/www.hsu-hh.de\/mb\/wp-content\/uploads\/sites\/672\/2021\/11\/HSU-Schild-e1639841073771.jpg 500w\" sizes=\"auto, (max-width: 300px) 100vw, 300px\" \/><\/figure>\n\n\n\n<p><strong>Professuren<\/strong>:<\/p>\n\n\n\n<p class=\"has-text-align-left\"><a href=\"https:\/\/www.hsu-hh.de\/mb\/professuren-der-fakultaet-fuer-maschinenbau-und-bauingenieurwesen\" data-type=\"URL\" data-id=\"https:\/\/mig.hsu-hh.de\/mb\/professuren-der-fakultaet-fuer-maschinenbau-und-bauingenieurwesen\">Professuren der Fakult\u00e4t<\/a> <\/p>\n\n\n\n<p><\/p>\n<\/div>\n\n\n\n<div class=\"wp-block-column is-layout-flow wp-block-column-is-layout-flow\">\n<figure class=\"wp-block-image size-medium is-resized is-style-rounded\"><img loading=\"lazy\" decoding=\"async\" width=\"300\" height=\"225\" src=\"https:\/\/www.hsu-hh.de\/mb\/wp-content\/uploads\/sites\/672\/2023\/10\/labor_mechatronikangepasst-300x225.jpg\" data-credit=\"HSU \/ R. Scheiblich\" alt=\"HSU Labor Mechatronik schwingungstechnische Messung am Flugzeugrumpf\" class=\"wp-image-752\" style=\"width:199px\" srcset=\"https:\/\/www.hsu-hh.de\/mb\/wp-content\/uploads\/sites\/672\/2023\/10\/labor_mechatronikangepasst-300x225.jpg 300w, https:\/\/www.hsu-hh.de\/mb\/wp-content\/uploads\/sites\/672\/2023\/10\/labor_mechatronikangepasst-768x575.jpg 768w, https:\/\/www.hsu-hh.de\/mb\/wp-content\/uploads\/sites\/672\/2023\/10\/labor_mechatronikangepasst.jpg 960w\" sizes=\"auto, (max-width: 300px) 100vw, 300px\" \/><\/figure>\n\n\n\n<p><strong>Forschungsschwerpunkte &amp; Institute<\/strong>:<\/p>\n\n\n\n<p><a href=\"https:\/\/www.hsu-hh.de\/mb\/forschungsschwerpunkte-der-fakultaet-fuer-maschinenbau-und-bauingenieurwesen\" data-type=\"URL\" data-id=\"https:\/\/mig.hsu-hh.de\/mb\/forschungsschwerpunkte-der-fakultaet-fuer-maschinenbau-und-bauingenieurwesen\">Forschungsschwerpunkte<\/a><\/p>\n\n\n\n<p><a href=\"https:\/\/www.hsu-hh.de\/mb\/institute\" data-type=\"URL\" data-id=\"https:\/\/mig.hsu-hh.de\/mb\/institute-der-fakultaet-fuer-maschinenbau-und-bauingenieurwesen\">Institute<\/a><\/p>\n\n\n\n<p><\/p>\n<\/div>\n<\/div>\n<\/div>\n\n\n\n<div class=\"wp-block-column is-layout-flow wp-block-column-is-layout-flow\">\n<div class=\"wp-block-columns is-layout-flex wp-container-core-columns-is-layout-9d6595d7 wp-block-columns-is-layout-flex\">\n<div class=\"wp-block-column is-layout-flow wp-block-column-is-layout-flow\">\n<figure class=\"wp-block-image size-medium is-resized is-style-rounded\"><img loading=\"lazy\" decoding=\"async\" width=\"300\" height=\"225\" src=\"https:\/\/www.hsu-hh.de\/mb\/wp-content\/uploads\/sites\/672\/2022\/07\/kvalifik-5Q07sS54D0Q-unsplash-scaled-1-300x225.jpg\" data-credit=\"HSU\" alt=\"Studium\" class=\"wp-image-740\" style=\"width:199px;height:auto\" srcset=\"https:\/\/www.hsu-hh.de\/mb\/wp-content\/uploads\/sites\/672\/2022\/07\/kvalifik-5Q07sS54D0Q-unsplash-scaled-1-300x225.jpg 300w, https:\/\/www.hsu-hh.de\/mb\/wp-content\/uploads\/sites\/672\/2022\/07\/kvalifik-5Q07sS54D0Q-unsplash-scaled-1-1024x768.jpg 1024w, https:\/\/www.hsu-hh.de\/mb\/wp-content\/uploads\/sites\/672\/2022\/07\/kvalifik-5Q07sS54D0Q-unsplash-scaled-1-768x576.jpg 768w, https:\/\/www.hsu-hh.de\/mb\/wp-content\/uploads\/sites\/672\/2022\/07\/kvalifik-5Q07sS54D0Q-unsplash-scaled-1-1536x1152.jpg 1536w, https:\/\/www.hsu-hh.de\/mb\/wp-content\/uploads\/sites\/672\/2022\/07\/kvalifik-5Q07sS54D0Q-unsplash-scaled-1-2048x1536.jpg 2048w, https:\/\/www.hsu-hh.de\/mb\/wp-content\/uploads\/sites\/672\/2022\/07\/kvalifik-5Q07sS54D0Q-unsplash-scaled-1-1100x825.jpg 1100w\" sizes=\"auto, (max-width: 300px) 100vw, 300px\" \/><\/figure>\n\n\n\n<p><strong>Studieng\u00e4nge<\/strong>:<\/p>\n\n\n\n<p><a href=\"https:\/\/www.hsu-hh.de\/mb\/studium\">Bachelorstudieng\u00e4nge<\/a><\/p>\n\n\n\n<p><a href=\"https:\/\/www.hsu-hh.de\/mb\/studium\">Masterstudieng\u00e4nge<\/a><\/p>\n\n\n\n<p><a href=\"https:\/\/www.hsu-hh.de\/mb\/studium\">Informationen f\u00fcr Studieninteressierte<\/a><\/p>\n\n\n\n<p><a href=\"https:\/\/www.hsu-hh.de\/mb\/studium\">Studienpl\u00e4ne<\/a><\/p>\n\n\n\n<p><a href=\"https:\/\/www.hsu-hh.de\/mb\/studium\">Modulhandb\u00fccher<\/a><\/p>\n\n\n\n<p><a href=\"https:\/\/www.hsu-hh.de\/mb\/studium\">Ordnungen<\/a><\/p>\n\n\n\n<p><a href=\"https:\/\/www.hsu-hh.de\/mb\/studium#details-0-4\">Formulare<\/a><\/p>\n\n\n\n<p><\/p>\n<\/div>\n\n\n\n<div class=\"wp-block-column is-layout-flow wp-block-column-is-layout-flow\">\n<figure class=\"wp-block-image size-large is-resized is-style-rounded\"><img loading=\"lazy\" decoding=\"async\" width=\"1024\" height=\"764\" src=\"https:\/\/www.hsu-hh.de\/mb\/wp-content\/uploads\/sites\/672\/2024\/02\/H2angepasst-1024x764.jpg\" data-credit=\"HSU \/ R. Scheiblich\" alt=\"\" class=\"wp-image-963\" style=\"width:199px\" srcset=\"https:\/\/www.hsu-hh.de\/mb\/wp-content\/uploads\/sites\/672\/2024\/02\/H2angepasst-1024x764.jpg 1024w, https:\/\/www.hsu-hh.de\/mb\/wp-content\/uploads\/sites\/672\/2024\/02\/H2angepasst-300x224.jpg 300w, https:\/\/www.hsu-hh.de\/mb\/wp-content\/uploads\/sites\/672\/2024\/02\/H2angepasst-768x573.jpg 768w, https:\/\/www.hsu-hh.de\/mb\/wp-content\/uploads\/sites\/672\/2024\/02\/H2angepasst-1536x1147.jpg 1536w, https:\/\/www.hsu-hh.de\/mb\/wp-content\/uploads\/sites\/672\/2024\/02\/H2angepasst-1100x821.jpg 1100w, https:\/\/www.hsu-hh.de\/mb\/wp-content\/uploads\/sites\/672\/2024\/02\/H2angepasst.jpg 1716w\" sizes=\"auto, (max-width: 1024px) 100vw, 1024px\" \/><\/figure>\n\n\n\n<p><strong>Fakult\u00e4tsverwaltung<\/strong>:<\/p>\n\n\n\n<p><a href=\"https:\/\/www.hsu-hh.de\/mb\/kontakt\">Dekanat<\/a><\/p>\n\n\n\n<p><a href=\"https:\/\/www.hsu-hh.de\/fkvmb\/\" data-type=\"URL\" data-id=\"https:\/\/www.hsu-hh.de\/fkvmb\/\">Fakult\u00e4tsverwaltung<\/a><\/p>\n\n\n\n<p><a href=\"https:\/\/www.hsu-hh.de\/mb\/?page_id=685&amp;preview=true\">Promotion<\/a><\/p>\n\n\n\n<p><a href=\"https:\/\/www.hsu-hh.de\/mb\/informationen-des-staendigen-habilitationsausschusses-der-fakultaet-fuer-maschinenbau-und-bauingenieurwesen-zur-habilitationsordnung-und-zum-zulassungsprozedere\">Habilitation<\/a><\/p>\n<\/div>\n<\/div>\n<\/div>\n<\/div>\n\n\n\n<p><\/p>\n","protected":false},"excerpt":{"rendered":"<p>Professuren: Professuren der Fakult\u00e4t Forschungsschwerpunkte &amp; Institute: Forschungsschwerpunkte Institute Studieng\u00e4nge: Bachelorstudieng\u00e4nge Masterstudieng\u00e4nge Informationen f\u00fcr Studieninteressierte Studienpl\u00e4ne Modulhandb\u00fccher Ordnungen Formulare Fakult\u00e4tsverwaltung: Dekanat Fakult\u00e4tsverwaltung Promotion Habilitation<\/p>\n","protected":false},"author":2428,"featured_media":0,"parent":0,"menu_order":0,"comment_status":"closed","ping_status":"closed","template":"","meta":{"footnotes":""},"categories":[35],"tags":[],"class_list":["post-802","page","type-page","status-publish","hentry","category-startseite"],"_links":{"self":[{"href":"https:\/\/www.hsu-hh.de\/mb\/wp-json\/wp\/v2\/pages\/802","targetHints":{"allow":["GET"]}}],"collection":[{"href":"https:\/\/www.hsu-hh.de\/mb\/wp-json\/wp\/v2\/pages"}],"about":[{"href":"https:\/\/www.hsu-hh.de\/mb\/wp-json\/wp\/v2\/types\/page"}],"author":[{"embeddable":true,"href":"https:\/\/www.hsu-hh.de\/mb\/wp-json\/wp\/v2\/users\/2428"}],"replies":[{"embeddable":true,"href":"https:\/\/www.hsu-hh.de\/mb\/wp-json\/wp\/v2\/comments?post=802"}],"version-history":[{"count":33,"href":"https:\/\/www.hsu-hh.de\/mb\/wp-json\/wp\/v2\/pages\/802\/revisions"}],"predecessor-version":[{"id":1181,"href":"https:\/\/www.hsu-hh.de\/mb\/wp-json\/wp\/v2\/pages\/802\/revisions\/1181"}],"wp:attachment":[{"href":"https:\/\/www.hsu-hh.de\/mb\/wp-json\/wp\/v2\/media?parent=802"}],"wp:term":[{"taxonomy":"category","embeddable":true,"href":"https:\/\/www.hsu-hh.de\/mb\/wp-json\/wp\/v2\/categories?post=802"},{"taxonomy":"post_tag","embeddable":true,"href":"https:\/\/www.hsu-hh.de\/mb\/wp-json\/wp\/v2\/tags?post=802"}],"curies":[{"name":"wp","href":"https:\/\/api.w.org\/{rel}","templated":true}]}}